{"id":8110,"date":"2014-04-23T11:58:35","date_gmt":"2014-04-23T10:58:35","guid":{"rendered":"http:\/\/www.asperbio.com\/?page_id=8110"},"modified":"2019-08-27T11:36:26","modified_gmt":"2019-08-27T08:36:26","slug":"vitelliformne-maakuli-dustroofia","status":"publish","type":"page","link":"https:\/\/www.asperbio.com\/et\/asper-ophthalmics-testid\/vitelliformne-maakuli-dustroofia\/","title":{"rendered":"Vitelliformne maakuli d\u00fcstroofia"},"content":{"rendered":"<h2 style=\"padding-left: 5px;\"><span style=\"color: #f6a703;\">Vitelliformse maakuli d\u00fcstroofiaga seotud geenide sekveneerimine<\/span><\/h2>\n<div class=\"sm_post_content\" style=\"background: url('https:\/\/www.asperbio.com\/wp-content\/uploads\/t-oranz.png') repeat-y; padding-left: 40px;\">\n<table class=\"table no-border no-margin\" border=\"0\" cellspacing=\"0\" cellpadding=\"0\">\n<tbody>\n<tr>\n<td width=\"110\"><strong>Geenid:<\/strong><\/td>\n<td><em>BEST1<\/em>,<em>\u00a0<\/em><span style=\"font-family: inherit; font-size: inherit;\"><em>IMPG1,<\/em>\u00a0<\/span><em>PRPH2<\/em><\/td>\n<\/tr>\n<\/tbody>\n<\/table>\n<hr style=\"color: #f6a703; background-color: #f6a703; height: 2px; border: none; width: 100%;\" \/>\n<table class=\"table no-border no-margin\" border=\"0\" cellspacing=\"0\" cellpadding=\"0\">\n<tbody>\n<tr>\n<td width=\"110\"><strong>Metoodika:<\/strong><\/td>\n<td>Kodeeriva piirkonna sekveneerimine (NGS).<br \/>\nKoopiaarvu muutuste bioinformaatiline anal\u00fc\u00fcs (CNV). CNV leidude kinnitamine teise meetodiga toimub lisaanal\u00fc\u00fcsina, vastavalt hinnakirjale.<\/td>\n<\/tr>\n<\/tbody>\n<\/table>\n<hr style=\"color: #f6a703; background-color: #f6a703; height: 2px; border: none; width: 100%;\" \/>\n<table class=\"table no-border no-margin\" border=\"0\" cellspacing=\"0\" cellpadding=\"0\">\n<tbody>\n<tr>\n<td width=\"110\"><strong>Testi valmimisaeg:<\/strong><\/td>\n<td>6-9\u00a0n\u00e4dalat<\/td>\n<\/tr>\n<\/tbody>\n<\/table>\n<hr style=\"color: #f6a703; background-color: #f6a703; height: 2px; border: none; width: 100%;\" \/>\n<table class=\"table no-border no-margin\" border=\"0\" cellspacing=\"0\" cellpadding=\"0\">\n<tbody>\n<tr>\n<td width=\"110\"><strong>N\u00f5uded proovi-materjalile:<\/strong><\/td>\n<td>2-4 ml t\u00e4isverd antikoagulandiga EDTA (lilla korgiga katsuti)<\/p>\n<p>1\u00a0\u00b5g DNA-d elueerituna TE, AE puhvris v\u00f5i steriilses vees, kontsentratsiooniga 100-250 ng\/\u00b5l<br \/>\nDNA saata toatemperatuuril v\u00f5i k\u00fclmutatuna. A260\/A280 suhe peaks olema 1.8-2.0. DNA peab agaroosgeelis olema detekteeritav \u00fche tervikliku b\u00e4ndina.<\/td>\n<\/tr>\n<\/tbody>\n<\/table>\n<hr style=\"color: #f6a703; background-color: #f6a703; height: 2px; border: none; width: 100%;\" \/>\n<table class=\"table no-border no-margin\" border=\"0\" cellspacing=\"0\" cellpadding=\"0\">\n<tbody>\n<tr>\n<td width=\"110\"><strong>Tellimine:<\/strong><\/td>\n<td>Proovimaterjal saata koos <span style=\"color: #f6a703;\"><strong><a style=\"color: #f6a703;\" href=\"https:\/\/www.asperbio.com\/wp-content\/uploads\/Asper-Ophthalmics-saatekiri.doc\">saatekirjaga<\/a><\/strong><\/span> Asper Biogene laborisse<\/td>\n<\/tr>\n<\/tbody>\n<\/table>\n<hr style=\"color: #f6a703; background-color: #f6a703; height: 2px; border: none; width: 100%;\" \/>\n<\/div>\n<h2 style=\"padding-left: 5px;\"><span style=\"color: #f6a703;\">Deletsioonide\/duplikatsioonide anal\u00fc\u00fcs<\/span><\/h2>\n<div class=\"sm_post_content\" style=\"background: url('https:\/\/www.asperbio.com\/wp-content\/uploads\/t-oranz.png') repeat-y; padding-left: 40px;\">\n<table class=\"table no-border no-margin\" border=\"0\" cellspacing=\"0\" cellpadding=\"0\">\n<tbody>\n<tr>\n<td width=\"110\"><strong>Geenid:<\/strong><\/td>\n<td><em>BEST1, PRPH2<\/em><\/td>\n<\/tr>\n<\/tbody>\n<\/table>\n<hr style=\"color: #f6a703; background-color: #f6a703; height: 2px; border: none; width: 100%;\" \/>\n<table class=\"table no-border no-margin\" border=\"0\" cellspacing=\"0\" cellpadding=\"0\">\n<tbody>\n<tr>\n<td width=\"110\"><strong>Metoodika:<\/strong><\/td>\n<td>MLPA<\/td>\n<\/tr>\n<\/tbody>\n<\/table>\n<hr style=\"color: #f6a703; background-color: #f6a703; height: 2px; border: none; width: 100%;\" \/>\n<table class=\"table no-border no-margin\" border=\"0\" cellspacing=\"0\" cellpadding=\"0\">\n<tbody>\n<tr>\n<td width=\"110\"><strong>Testi valmimisaeg:<\/strong><\/td>\n<td>4-6 n\u00e4dalat<\/td>\n<\/tr>\n<\/tbody>\n<\/table>\n<hr style=\"color: #f6a703; background-color: #f6a703; height: 2px; border: none; width: 100%;\" \/>\n<table class=\"table no-border no-margin\" border=\"0\" cellspacing=\"0\" cellpadding=\"0\">\n<tbody>\n<tr>\n<td width=\"110\"><strong>N\u00f5uded proovi-materjalile:<\/strong><\/td>\n<td>2-4 ml t\u00e4isverd antikoagulandiga EDTA (lilla korgiga katsuti)<\/p>\n<p>1\u00a0\u00b5g DNA-d elueerituna TE, AE puhvris v\u00f5i steriilses vees, kontsentratsiooniga 100-250 ng\/\u00b5l<br \/>\nDNA saata toatemperatuuril v\u00f5i k\u00fclmutatuna. A260\/A280 suhe peaks olema 1.8-2.0. DNA peab agaroosgeelis olema detekteeritav \u00fche tervikliku b\u00e4ndina.<\/td>\n<\/tr>\n<\/tbody>\n<\/table>\n<hr style=\"color: #f6a703; background-color: #f6a703; height: 2px; border: none; width: 100%;\" \/>\n<table class=\"table no-border no-margin\" border=\"0\" cellspacing=\"0\" cellpadding=\"0\">\n<tbody>\n<tr>\n<td width=\"110\"><strong>Tellimine:<\/strong><\/td>\n<td>Proovimaterjal saata koos <span style=\"color: #f6a703;\"><strong><a style=\"color: #f6a703;\" href=\"https:\/\/www.asperbio.com\/wp-content\/uploads\/Asper-Ophthalmics-saatekiri.doc\">saatekirjaga<\/a><\/strong><\/span> Asper Biogene laborisse<\/td>\n<\/tr>\n<\/tbody>\n<\/table>\n<hr style=\"color: #f6a703; background-color: #f6a703; height: 2px; border: none; width: 100%;\" \/>\n<\/div>\n<h2 style=\"padding-left: 5px;\"><span style=\"color: #f6a703;\"><em>BEST1<\/em> geeni sekveneerimine<\/span><\/h2>\n<div class=\"sm_post_content\" style=\"background: url('https:\/\/www.asperbio.com\/wp-content\/uploads\/t-oranz.png') repeat-y; padding-left: 40px;\">\n<table class=\"table no-border no-margin\" border=\"0\" cellspacing=\"0\" cellpadding=\"0\">\n<tbody>\n<tr>\n<td width=\"110\"><strong>Geenid:<\/strong><\/td>\n<td><em>BEST1<\/em> (<em>VMD2<\/em>)<\/td>\n<\/tr>\n<\/tbody>\n<\/table>\n<hr style=\"color: #f6a703; background-color: #f6a703; height: 2px; border: none; width: 100%;\" \/>\n<table class=\"table no-border no-margin\" border=\"0\" cellspacing=\"0\" cellpadding=\"0\">\n<tbody>\n<tr>\n<td width=\"110\"><strong>Metoodika:<\/strong><\/td>\n<td>Sanger sekveneerimine<\/td>\n<\/tr>\n<\/tbody>\n<\/table>\n<hr style=\"color: #f6a703; background-color: #f6a703; height: 2px; border: none; width: 100%;\" \/>\n<table class=\"table no-border no-margin\" border=\"0\" cellspacing=\"0\" cellpadding=\"0\">\n<tbody>\n<tr>\n<td width=\"110\"><strong>Testi valmimisaeg:<\/strong><\/td>\n<td>2-4 n\u00e4dalat<\/td>\n<\/tr>\n<\/tbody>\n<\/table>\n<hr style=\"color: #f6a703; background-color: #f6a703; height: 2px; border: none; width: 100%;\" \/>\n<table class=\"table no-border no-margin\" border=\"0\" cellspacing=\"0\" cellpadding=\"0\">\n<tbody>\n<tr>\n<td width=\"110\"><strong>N\u00f5uded proovi-materjalile:<\/strong><\/td>\n<td>2-4 ml t\u00e4isverd antikoagulandiga EDTA (lilla korgiga katsuti)<\/p>\n<p>1 \u00b5g DNA-d elueerituna TE, AE puhvris v\u00f5i steriilses vees, kontsentratsiooniga 100-250 ng\/\u00b5l<br \/>\nDNA saata toatemperatuuril v\u00f5i k\u00fclmutatuna. A260\/A280 suhe peaks olema 1.8-2.0. DNA peab agaroosgeelis olema detekteeritav \u00fche tervikliku b\u00e4ndina.<\/td>\n<\/tr>\n<\/tbody>\n<\/table>\n<hr style=\"color: #f6a703; background-color: #f6a703; height: 2px; border: none; width: 100%;\" \/>\n<table class=\"table no-border no-margin\" border=\"0\" cellspacing=\"0\" cellpadding=\"0\">\n<tbody>\n<tr>\n<td width=\"110\"><strong>Tellimine:<\/strong><\/td>\n<td>Proovimaterjal saata koos <span style=\"color: #f6a500;\"><strong><a style=\"color: #f6a500;\" href=\"https:\/\/www.asperbio.com\/wp-content\/uploads\/Asper-Ophthalmics-saatekiri.doc\">saatekirjaga<\/a><\/strong><\/span> Asper Biogene laborisse<\/td>\n<\/tr>\n<\/tbody>\n<\/table>\n<hr style=\"color: #f6a703; background-color: #f6a703; height: 2px; border: none; width: 100%;\" \/>\n<\/div>\n<p><strong>N\u00e4idustused geenitesti tegemiseks:<\/strong><\/p>\n<ol>\n<li>Kliinilise diagnoosi kinnitamine<\/li>\n<li>Geneetiline n\u00f5ustamine<\/li>\n<li>S\u00fcnnieelne diagnostika, kui perekondlik mutatsioon on teada<\/li>\n<\/ol>\n<p><b>Vitelliformne maakuli d\u00fcstroofia<\/b> on p\u00e4rilik haigus, mida iseloomustab kollase pigmendi (lipofustsiini) kuhjumine reetina pigmentepiteelile. Pigmendi kuhjumise tulemusena halveneb tsentraalne n\u00e4gemine ja haiguse progresseerudes v\u00f5ib tekkida n\u00e4gemise kadu. Haigus avaldub tavaliselt lapseeas v\u00f5i m\u00f5nikord ka teismeeas. Vitelliformne maakuli d\u00fcstroofia p\u00e4randub autosoom-dominantsel teel.<\/p>","protected":false},"excerpt":{"rendered":"<p>Vitelliformse maakuli d\u00fcstroofiaga seotud geenide sekveneerimine Geenid: BEST1,\u00a0IMPG1,\u00a0PRPH2 Metoodika: Kodeeriva piirkonna sekveneerimine (NGS). Koopiaarvu muutuste bioinformaatiline anal\u00fc\u00fcs (CNV). CNV leidude kinnitamine teise meetodiga toimub lisaanal\u00fc\u00fcsina, vastavalt hinnakirjale. Testi valmimisaeg: 6-9\u00a0n\u00e4dalat N\u00f5uded proovi-materjalile: 2-4 ml t\u00e4isverd antikoagulandiga EDTA (lilla korgiga katsuti) 1\u00a0\u00b5g DNA-d elueerituna TE, AE puhvris v\u00f5i steriilses vees, kontsentratsiooniga 100-250 ng\/\u00b5l DNA saata toatemperatuuril [&hellip;]<\/p>\n","protected":false},"author":2,"featured_media":0,"parent":11406,"menu_order":12,"comment_status":"closed","ping_status":"closed","template":"","meta":{"_monsterinsights_skip_tracking":false,"_monsterinsights_sitenote_active":false,"_monsterinsights_sitenote_note":"","_monsterinsights_sitenote_category":0,"footnotes":""},"class_list":["post-8110","page","type-page","status-publish","hentry"],"aioseo_notices":[],"_links":{"self":[{"href":"https:\/\/www.asperbio.com\/et\/wp-json\/wp\/v2\/pages\/8110","targetHints":{"allow":["GET"]}}],"collection":[{"href":"https:\/\/www.asperbio.com\/et\/wp-json\/wp\/v2\/pages"}],"about":[{"href":"https:\/\/www.asperbio.com\/et\/wp-json\/wp\/v2\/types\/page"}],"author":[{"embeddable":true,"href":"https:\/\/www.asperbio.com\/et\/wp-json\/wp\/v2\/users\/2"}],"replies":[{"embeddable":true,"href":"https:\/\/www.asperbio.com\/et\/wp-json\/wp\/v2\/comments?post=8110"}],"version-history":[{"count":3,"href":"https:\/\/www.asperbio.com\/et\/wp-json\/wp\/v2\/pages\/8110\/revisions"}],"predecessor-version":[{"id":24437,"href":"https:\/\/www.asperbio.com\/et\/wp-json\/wp\/v2\/pages\/8110\/revisions\/24437"}],"up":[{"embeddable":true,"href":"https:\/\/www.asperbio.com\/et\/wp-json\/wp\/v2\/pages\/11406"}],"wp:attachment":[{"href":"https:\/\/www.asperbio.com\/et\/wp-json\/wp\/v2\/media?parent=8110"}],"curies":[{"name":"wp","href":"https:\/\/api.w.org\/{rel}","templated":true}]}}