{"id":7979,"date":"2014-04-16T11:58:13","date_gmt":"2014-04-16T10:58:13","guid":{"rendered":"http:\/\/www.asperbio.com\/?page_id=7979"},"modified":"2019-08-27T11:30:38","modified_gmt":"2019-08-27T08:30:38","slug":"kolvikeste-kepikeste-dustroofia","status":"publish","type":"page","link":"https:\/\/www.asperbio.com\/et\/asper-ophthalmics-testid\/kolvikeste-kepikeste-dustroofia\/","title":{"rendered":"Kolvikeste-kepikeste d\u00fcstroofia"},"content":{"rendered":"<h2 style=\"padding-left: 5px;\"><span style=\"color: #f6a703;\">Kolvikeste-kepikeste d\u00fcstroofiaga seotud geenide sekveneerimine<\/span><\/h2>\n<div class=\"sm_post_content\" style=\"background: url('https:\/\/www.asperbio.com\/wp-content\/uploads\/t-oranz.png') repeat-y; padding-left: 40px;\">\n<table class=\"table no-border no-margin\" border=\"0\" cellspacing=\"0\" cellpadding=\"0\">\n<tbody>\n<tr>\n<td width=\"110\"><strong>Geenid:<\/strong><\/td>\n<td><em>ABCA4, ADAM9, AIPL1, BEST1, CABP4, CACNA1F, CACNA2D4, CDHR1, CERKL, CNGB3, CNNM4, C8ORF37, CRX, GNAT2, GUCA1A, GUCY2D, KCNV2, PCYT1A, PDE6C, PDE6H, PITPNM3, POC1B, PROM1, PRPH2, RAB28, RAX2, RDH5, RGS9, RGS9BP, RIMS1, RPGR (v.a. ORF15), RPGRIP1, SEMA4A, TTLL5, UNC119<\/em><\/td>\n<\/tr>\n<\/tbody>\n<\/table>\n<hr style=\"color: #f6a703; background-color: #f6a703; height: 2px; border: none; width: 100%;\" \/>\n<table class=\"table no-border no-margin\" border=\"0\" cellspacing=\"0\" cellpadding=\"0\">\n<tbody>\n<tr>\n<td width=\"110\"><strong>Metoodika:<\/strong><\/td>\n<td>Kodeeriva piirkonna sekveneerimine (NGS).<br \/>\nKoopiaarvu muutuste bioinformaatiline anal\u00fc\u00fcs (CNV). CNV leidude kinnitamine teise meetodiga toimub lisaanal\u00fc\u00fcsina, vastavalt hinnakirjale.<\/td>\n<\/tr>\n<\/tbody>\n<\/table>\n<hr style=\"color: #f6a703; background-color: #f6a703; height: 2px; border: none; width: 100%;\" \/>\n<table class=\"table no-border no-margin\" border=\"0\" cellspacing=\"0\" cellpadding=\"0\">\n<tbody>\n<tr>\n<td width=\"110\"><strong>Testi valmimisaeg:<\/strong><\/td>\n<td>6-9 n\u00e4dalat<\/td>\n<\/tr>\n<\/tbody>\n<\/table>\n<hr style=\"color: #f6a703; background-color: #f6a703; height: 2px; border: none; width: 100%;\" \/>\n<table class=\"table no-border no-margin\" border=\"0\" cellspacing=\"0\" cellpadding=\"0\">\n<tbody>\n<tr>\n<td width=\"110\"><strong>N\u00f5uded proovi-materjalile:<\/strong><\/td>\n<td>2-4 ml t\u00e4isverd antikoagulandiga EDTA (lilla korgiga katsuti)<\/p>\n<p>1\u00a0\u00b5g DNA-d elueerituna TE, AE puhvris v\u00f5i steriilses vees, kontsentratsiooniga 100-250 ng\/\u00b5l<br \/>\nDNA saata toatemperatuuril v\u00f5i k\u00fclmutatuna. A260\/A280 suhe peaks olema 1.8-2.0. DNA peab agaroosgeelis olema detekteeritav \u00fche tervikliku b\u00e4ndina.<\/td>\n<\/tr>\n<\/tbody>\n<\/table>\n<hr style=\"color: #f6a703; background-color: #f6a703; height: 2px; border: none; width: 100%;\" \/>\n<table class=\"table no-border no-margin\" border=\"0\" cellspacing=\"0\" cellpadding=\"0\">\n<tbody>\n<tr>\n<td width=\"110\"><strong>Tellimine:<\/strong><\/td>\n<td>Proovimaterjal saata koos <span style=\"color: #f6a703;\"><strong><a style=\"color: #f6a703;\" href=\"https:\/\/www.asperbio.com\/wp-content\/uploads\/Asper-Ophthalmics-saatekiri.doc\">saatekirjaga<\/a><\/strong><\/span> Asper Biogene laborisse<\/td>\n<\/tr>\n<\/tbody>\n<\/table>\n<hr style=\"color: #f6a703; background-color: #f6a703; height: 2px; border: none; width: 100%;\" \/>\n<\/div>\n<p><strong>N\u00e4idustused geenitesti tegemiseks:<\/strong><\/p>\n<ol>\n<li>Kliinilise diagnoosi kinnitamine<\/li>\n<li>Kandluse m\u00e4\u00e4ramine<\/li>\n<li>Geneetiline n\u00f5ustamine<\/li>\n<li>Sporaadiliste haigusjuhtumite testimine<\/li>\n<\/ol>\n<p><strong>Kolvikeste-kepikeste d\u00fcstroofia<\/strong> on p\u00e4rilik reetina d\u00fcstroofia, mida iseloomustab kolvikeste ja kepikeste fotoretseptorite taandareng. Iseloomulikeks s\u00fcmptomiteks on v\u00e4rvitaju ja n\u00e4gemisteravuse halvenemine n\u00e4gemisv\u00e4lja keskosas. Haiguse s\u00fcvenedes kahaneb\u00a0 n\u00e4gemisteravus ka n\u00e4gemisv\u00e4lja perifeerses osas ning tekib progresseeruv kanapimedus. Haiguse levimus on 1 : 40 000.<\/p>\n<p>Kolvikeste-kepikeste d\u00fcstroofia v\u00f5ib esineda nii mittes\u00fcndroomse vormina, kui ka osana erinevatest s\u00fcndroomidest, n\u00e4iteks Bardet-Biedli s\u00fcndroomist. Mittes\u00fcndroomne vorm on geneetiliselt v\u00e4ga heterogeenne, haiguse p\u00e4randumine v\u00f5ib toimuda <strong>autosoom-dominantsel<\/strong>, <strong>autosoom-retsessiivsel<\/strong>\u00a0v\u00f5i <strong>X-liitelisel\u00a0teel<\/strong>.<\/p>","protected":false},"excerpt":{"rendered":"<p>Kolvikeste-kepikeste d\u00fcstroofiaga seotud geenide sekveneerimine Geenid: ABCA4, ADAM9, AIPL1, BEST1, CABP4, CACNA1F, CACNA2D4, CDHR1, CERKL, CNGB3, CNNM4, C8ORF37, CRX, GNAT2, GUCA1A, GUCY2D, KCNV2, PCYT1A, PDE6C, PDE6H, PITPNM3, POC1B, PROM1, PRPH2, RAB28, RAX2, RDH5, RGS9, RGS9BP, RIMS1, RPGR (v.a. ORF15), RPGRIP1, SEMA4A, TTLL5, UNC119 Metoodika: Kodeeriva piirkonna sekveneerimine (NGS). Koopiaarvu muutuste bioinformaatiline anal\u00fc\u00fcs (CNV). CNV leidude [&hellip;]<\/p>\n","protected":false},"author":2,"featured_media":0,"parent":11406,"menu_order":6,"comment_status":"closed","ping_status":"closed","template":"","meta":{"_monsterinsights_skip_tracking":false,"_monsterinsights_sitenote_active":false,"_monsterinsights_sitenote_note":"","_monsterinsights_sitenote_category":0,"footnotes":""},"class_list":["post-7979","page","type-page","status-publish","hentry"],"aioseo_notices":[],"_links":{"self":[{"href":"https:\/\/www.asperbio.com\/et\/wp-json\/wp\/v2\/pages\/7979","targetHints":{"allow":["GET"]}}],"collection":[{"href":"https:\/\/www.asperbio.com\/et\/wp-json\/wp\/v2\/pages"}],"about":[{"href":"https:\/\/www.asperbio.com\/et\/wp-json\/wp\/v2\/types\/page"}],"author":[{"embeddable":true,"href":"https:\/\/www.asperbio.com\/et\/wp-json\/wp\/v2\/users\/2"}],"replies":[{"embeddable":true,"href":"https:\/\/www.asperbio.com\/et\/wp-json\/wp\/v2\/comments?post=7979"}],"version-history":[{"count":3,"href":"https:\/\/www.asperbio.com\/et\/wp-json\/wp\/v2\/pages\/7979\/revisions"}],"predecessor-version":[{"id":24426,"href":"https:\/\/www.asperbio.com\/et\/wp-json\/wp\/v2\/pages\/7979\/revisions\/24426"}],"up":[{"embeddable":true,"href":"https:\/\/www.asperbio.com\/et\/wp-json\/wp\/v2\/pages\/11406"}],"wp:attachment":[{"href":"https:\/\/www.asperbio.com\/et\/wp-json\/wp\/v2\/media?parent=7979"}],"curies":[{"name":"wp","href":"https:\/\/api.w.org\/{rel}","templated":true}]}}