{"id":29444,"date":"2025-06-03T23:41:59","date_gmt":"2025-06-03T20:41:59","guid":{"rendered":"https:\/\/www.asperbio.com\/?page_id=29444"},"modified":"2025-06-03T23:45:32","modified_gmt":"2025-06-03T20:45:32","slug":"homotsusteiini-ainevahetus","status":"publish","type":"page","link":"https:\/\/www.asperbio.com\/et\/asper-metabolic-disorders-testid\/homotsusteiini-ainevahetus\/","title":{"rendered":"Homots\u00fcsteiini ainevahetus"},"content":{"rendered":"<h2 style=\"padding-left: 5px;\"><span style=\"color: #37ac57;\"><b><span lang=\"FR\">Homots\u00fcsteiini ainevahetus &#8211; MTHFR geeni variantide 677C&gt;T ja 1298A&gt;C m\u00e4\u00e4ramine.<\/span><\/b><\/span><\/h2>\n<div class=\"sm_post_content\" style=\"background: url('http:\/\/www.asperbio.com\/wp-content\/uploads\/Asper-Metabolic-Disorders_3.png') repeat-y; padding-left: 40px;\">\n<table class=\"table no-border no-margin\" border=\"0\" cellspacing=\"0\" cellpadding=\"0\">\n<tbody>\n<tr>\n<td width=\"110\"><strong>Geen:<\/strong><\/td>\n<td>MTHFR<\/td>\n<\/tr>\n<\/tbody>\n<\/table>\n<hr style=\"color: #37ac57; background-color: #37ac57; height: 2px; border: none; width: 100%;\" \/>\n<table class=\"table no-border no-margin\" border=\"0\" cellspacing=\"0\" cellpadding=\"0\">\n<tbody>\n<tr>\n<td width=\"110\"><strong>Metoodika:<\/strong><\/td>\n<td>Sanger sekveneerimine<\/td>\n<\/tr>\n<\/tbody>\n<\/table>\n<hr style=\"color: #37ac57; background-color: #37ac57; height: 2px; border: none; width: 100%;\" \/>\n<table class=\"table no-border no-margin\" border=\"0\" cellspacing=\"0\" cellpadding=\"0\">\n<tbody>\n<tr>\n<td width=\"110\"><strong>Testi valmimisaeg:<\/strong><\/td>\n<td>2-4 n\u00e4dalat<\/td>\n<\/tr>\n<\/tbody>\n<\/table>\n<hr style=\"color: #37ac57; background-color: #37ac57; height: 2px; border: none; width: 100%;\" \/>\n<table class=\"table no-border no-margin\" border=\"0\" cellspacing=\"0\" cellpadding=\"0\">\n<tbody>\n<tr>\n<td width=\"110\"><strong>N\u00f5uded proovi-materjalile:<\/strong><\/td>\n<td>2-4 ml t\u00e4isverd antikoagulandiga EDTA (lilla korgiga katsuti)<\/p>\n<p>300 ng DNA-d elueerituna TE, AE puhvris v\u00f5i steriilses vees, kontsentratsiooniga 100-250 ng\/\u00b5l<br \/>\nDNA saata toatemperatuuril v\u00f5i k\u00fclmutatuna. A260\/A280 suhe peaks olema 1.8-2.0. DNA peab agaroosgeelis pikkusmarkeri juuresolekul olema detekteeritav \u00fche tervikliku b\u00e4ndina.<\/td>\n<\/tr>\n<\/tbody>\n<\/table>\n<hr style=\"color: #37ac57; background-color: #37ac57; height: 2px; border: none; width: 100%;\" \/>\n<table class=\"table no-border no-margin\" border=\"0\" cellspacing=\"0\" cellpadding=\"0\">\n<tbody>\n<tr>\n<td width=\"110\"><strong>Tellimine:<\/strong><\/td>\n<td>Proovimaterjal saata koos <span style=\"color: #37ac57;\"><strong><a style=\"color: #37ac57;\" href=\"https:\/\/www.asperbio.com\/wp-content\/uploads\/Asper-Metabolic-Disorders-saatekiri.doc\">saatekirjaga<\/a><\/strong><\/span> Asper Biogene laborisse<\/td>\n<\/tr>\n<\/tbody>\n<\/table>\n<hr style=\"color: #37ac57; background-color: #37ac57; height: 2px; border: none; width: 100%;\" \/>\n<\/div>","protected":false},"excerpt":{"rendered":"<p>Homots\u00fcsteiini ainevahetus &#8211; MTHFR geeni variantide 677C&gt;T ja 1298A&gt;C m\u00e4\u00e4ramine. Geen: MTHFR Metoodika: Sanger sekveneerimine Testi valmimisaeg: 2-4 n\u00e4dalat N\u00f5uded proovi-materjalile: 2-4 ml t\u00e4isverd antikoagulandiga EDTA (lilla korgiga katsuti) 300 ng DNA-d elueerituna TE, AE puhvris v\u00f5i steriilses vees, kontsentratsiooniga 100-250 ng\/\u00b5l DNA saata toatemperatuuril v\u00f5i k\u00fclmutatuna. A260\/A280 suhe peaks olema 1.8-2.0. DNA peab agaroosgeelis [&hellip;]<\/p>\n","protected":false},"author":11,"featured_media":0,"parent":20741,"menu_order":0,"comment_status":"closed","ping_status":"closed","template":"","meta":{"_monsterinsights_skip_tracking":false,"_monsterinsights_sitenote_active":false,"_monsterinsights_sitenote_note":"","_monsterinsights_sitenote_category":0,"footnotes":""},"class_list":["post-29444","page","type-page","status-publish","hentry"],"aioseo_notices":[],"_links":{"self":[{"href":"https:\/\/www.asperbio.com\/et\/wp-json\/wp\/v2\/pages\/29444","targetHints":{"allow":["GET"]}}],"collection":[{"href":"https:\/\/www.asperbio.com\/et\/wp-json\/wp\/v2\/pages"}],"about":[{"href":"https:\/\/www.asperbio.com\/et\/wp-json\/wp\/v2\/types\/page"}],"author":[{"embeddable":true,"href":"https:\/\/www.asperbio.com\/et\/wp-json\/wp\/v2\/users\/11"}],"replies":[{"embeddable":true,"href":"https:\/\/www.asperbio.com\/et\/wp-json\/wp\/v2\/comments?post=29444"}],"version-history":[{"count":2,"href":"https:\/\/www.asperbio.com\/et\/wp-json\/wp\/v2\/pages\/29444\/revisions"}],"predecessor-version":[{"id":29448,"href":"https:\/\/www.asperbio.com\/et\/wp-json\/wp\/v2\/pages\/29444\/revisions\/29448"}],"up":[{"embeddable":true,"href":"https:\/\/www.asperbio.com\/et\/wp-json\/wp\/v2\/pages\/20741"}],"wp:attachment":[{"href":"https:\/\/www.asperbio.com\/et\/wp-json\/wp\/v2\/media?parent=29444"}],"curies":[{"name":"wp","href":"https:\/\/api.w.org\/{rel}","templated":true}]}}