{"id":29336,"date":"2024-11-17T19:01:24","date_gmt":"2024-11-17T17:01:24","guid":{"rendered":"https:\/\/www.asperbio.com\/?page_id=29336"},"modified":"2025-12-14T22:20:47","modified_gmt":"2025-12-14T20:20:47","slug":"laktoositalumatus","status":"publish","type":"page","link":"https:\/\/www.asperbio.com\/et\/asper-metabolic-disorders-testid\/laktoositalumatus\/","title":{"rendered":"H\u00fcpolaktaasia"},"content":{"rendered":"<h2 style=\"padding-left: 5px;\"><span style=\"color: #37ac57;\">H\u00fcpolaktaasia &#8211; Laktoositalumatuse p\u00e4riliku eelsoodumusega seotud geenide sekveneerimine<\/span><\/h2>\n<div class=\"sm_post_content\" style=\"background: url('http:\/\/www.asperbio.com\/wp-content\/uploads\/Asper-Metabolic-Disorders_3.png') repeat-y; padding-left: 40px;\">\n<table class=\"table no-border no-margin\" border=\"0\" cellspacing=\"0\" cellpadding=\"0\">\n<tbody>\n<tr>\n<td width=\"110\"><strong>Geen:<\/strong><\/td>\n<td>LCT geeni pol\u00fcmorfismi 13910C&gt;T m\u00e4\u00e4ramine<\/td>\n<\/tr>\n<\/tbody>\n<\/table>\n<hr style=\"color: #37ac57; background-color: #37ac57; height: 2px; border: none; width: 100%;\" \/>\n<table class=\"table no-border no-margin\" border=\"0\" cellspacing=\"0\" cellpadding=\"0\">\n<tbody>\n<tr>\n<td width=\"110\"><strong>Metoodika:<\/strong><\/td>\n<td>Sanger sekveneerimine<\/td>\n<\/tr>\n<\/tbody>\n<\/table>\n<hr style=\"color: #37ac57; background-color: #37ac57; height: 2px; border: none; width: 100%;\" \/>\n<table class=\"table no-border no-margin\" border=\"0\" cellspacing=\"0\" cellpadding=\"0\">\n<tbody>\n<tr>\n<td width=\"110\"><strong>Testi valmimisaeg:<\/strong><\/td>\n<td>1-2 n\u00e4dalat<\/td>\n<\/tr>\n<\/tbody>\n<\/table>\n<hr style=\"color: #37ac57; background-color: #37ac57; height: 2px; border: none; width: 100%;\" \/>\n<table class=\"table no-border no-margin\" border=\"0\" cellspacing=\"0\" cellpadding=\"0\">\n<tbody>\n<tr>\n<td width=\"110\"><strong>N\u00f5uded proovi-materjalile:<\/strong><\/td>\n<td>Steriilne p\u00f5sekaape proov vatitikuga.<\/p>\n<p>2-4 ml t\u00e4isverd antikoagulandiga EDTA (lilla korgiga katsuti).<\/p>\n<p>1 \u00b5g DNA-d elueerituna TE, AE puhvris v\u00f5i steriilses vees, kontsentratsiooniga 100-250 ng\/\u00b5l<br \/>\nDNA saata toatemperatuuril v\u00f5i k\u00fclmutatuna. A260\/A280 suhe peaks olema 1.8-2.0. DNA peab agaroosgeelis pikkusmarkeri juuresolekul olema detekteeritav \u00fche tervikliku b\u00e4ndina.<\/td>\n<\/tr>\n<\/tbody>\n<\/table>\n<hr style=\"color: #37ac57; background-color: #37ac57; height: 2px; border: none; width: 100%;\" \/>\n<table class=\"table no-border no-margin\" border=\"0\" cellspacing=\"0\" cellpadding=\"0\">\n<tbody>\n<tr>\n<td width=\"110\"><strong>Tellimine:<\/strong><\/td>\n<td>Proovimaterjal saata koos <span style=\"color: #37ac57;\"><strong><a style=\"color: #37ac57;\" href=\"https:\/\/www.asperbio.com\/wp-content\/uploads\/Asper-Metabolic-Disorders-saatekiri.doc\">saatekirjaga<\/a><\/strong><\/span> Asper Biogene laborisse<\/td>\n<\/tr>\n<\/tbody>\n<\/table>\n<hr style=\"color: #37ac57; background-color: #37ac57; height: 2px; border: none; width: 100%;\" \/>\n<\/div>","protected":false},"excerpt":{"rendered":"<p>H\u00fcpolaktaasia &#8211; Laktoositalumatuse p\u00e4riliku eelsoodumusega seotud geenide sekveneerimine Geen: LCT geeni pol\u00fcmorfismi 13910C&gt;T m\u00e4\u00e4ramine Metoodika: Sanger sekveneerimine Testi valmimisaeg: 1-2 n\u00e4dalat N\u00f5uded proovi-materjalile: Steriilne p\u00f5sekaape proov vatitikuga. 2-4 ml t\u00e4isverd antikoagulandiga EDTA (lilla korgiga katsuti). 1 \u00b5g DNA-d elueerituna TE, AE puhvris v\u00f5i steriilses vees, kontsentratsiooniga 100-250 ng\/\u00b5l DNA saata toatemperatuuril v\u00f5i k\u00fclmutatuna. A260\/A280 suhe [&hellip;]<\/p>\n","protected":false},"author":11,"featured_media":0,"parent":20741,"menu_order":0,"comment_status":"closed","ping_status":"closed","template":"","meta":{"_monsterinsights_skip_tracking":false,"_monsterinsights_sitenote_active":false,"_monsterinsights_sitenote_note":"","_monsterinsights_sitenote_category":0,"footnotes":""},"class_list":["post-29336","page","type-page","status-publish","hentry"],"aioseo_notices":[],"_links":{"self":[{"href":"https:\/\/www.asperbio.com\/et\/wp-json\/wp\/v2\/pages\/29336","targetHints":{"allow":["GET"]}}],"collection":[{"href":"https:\/\/www.asperbio.com\/et\/wp-json\/wp\/v2\/pages"}],"about":[{"href":"https:\/\/www.asperbio.com\/et\/wp-json\/wp\/v2\/types\/page"}],"author":[{"embeddable":true,"href":"https:\/\/www.asperbio.com\/et\/wp-json\/wp\/v2\/users\/11"}],"replies":[{"embeddable":true,"href":"https:\/\/www.asperbio.com\/et\/wp-json\/wp\/v2\/comments?post=29336"}],"version-history":[{"count":3,"href":"https:\/\/www.asperbio.com\/et\/wp-json\/wp\/v2\/pages\/29336\/revisions"}],"predecessor-version":[{"id":29492,"href":"https:\/\/www.asperbio.com\/et\/wp-json\/wp\/v2\/pages\/29336\/revisions\/29492"}],"up":[{"embeddable":true,"href":"https:\/\/www.asperbio.com\/et\/wp-json\/wp\/v2\/pages\/20741"}],"wp:attachment":[{"href":"https:\/\/www.asperbio.com\/et\/wp-json\/wp\/v2\/media?parent=29336"}],"curies":[{"name":"wp","href":"https:\/\/api.w.org\/{rel}","templated":true}]}}