{"id":29086,"date":"2023-12-14T01:40:32","date_gmt":"2023-12-13T23:40:32","guid":{"rendered":"https:\/\/www.asperbio.com\/?page_id=29086"},"modified":"2023-12-14T13:05:13","modified_gmt":"2023-12-14T11:05:13","slug":"veebilehe-teavitus","status":"publish","type":"page","link":"https:\/\/www.asperbio.com\/et\/veebilehe-teavitus\/","title":{"rendered":"K\u00fcberr\u00fcnde teavitus"},"content":{"rendered":"<p>Asper Biogene O\u00dc veebilehe teavitus 14.12.2023<\/p>\n<p>&nbsp;<\/p>\n<p>Meie s\u00fcsteemi vastu tehtud k\u00fcberr\u00fcnde tagaj\u00e4rjel on osade meie patsientide isikuandmed, sh terviseandmed, saanud teatavaks selleks \u00f5igustamata isikule. Politsei ja Prokuratuur on k\u00fcberr\u00fcnde asjus alustanud kriminaalmenetlust. Andmekaitse Inspektsioon on juhtunust teadlik ja viib l\u00e4bi j\u00e4relevalvemenetlust. K\u00fcberr\u00fcnne, andmeleke on peatatud ja infos\u00fcsteemide kaitsemeetmeid on tugevdatud.<\/p>\n<p>Oleme alustanud juhtunust puudutatud patsientidele, kelle kontaktid on meil olemas, eraldi personaalsete teavituste saatmisega. <strong>Kui olete selle teate saanud<\/strong> ja soovite teavet, millised Teie andmed t\u00e4psemalt lekkinud on, saatke palun digitaalselt allkirjastatud taotlus aadressile <strong>&#x61;&#x6e;&#x64;&#x6d;&#x65;&#x73;&#x70;&#x65;&#x74;&#x73;&#x69;&#x61;&#x6c;&#x69;&#x73;&#x74;&#x40;<span class=\"oe_displaynone\">null<\/span>&#x61;&#x73;&#x70;&#x65;&#x72;&#x62;&#x69;&#x6f;&#x2e;&#x63;&#x6f;&#x6d;<\/strong>. Vastused saadame taotlejale kr\u00fcpteeritult. Palume arvestada, et t\u00e4psete andmete saamine v\u00f5ib v\u00f5tta aega. Vastame Teie taotlusele esimesel v\u00f5imalusel, kuid mitte hiljem kui \u00fche kuu jooksul.<\/p>\n<p>Kuiv\u00f5rd on teadmata, millised plaanid k\u00fcberr\u00fcnnaku korraldajal saadud isikuandmetega on, palume olla erakordselt t\u00e4helepanelikud Teile saadetud e-kirjade sisu osas, kus saatjaks on tervishoiuasutus v\u00f5i seda j\u00e4ljendav kolmas isik ja kirja sisu puudutab Teie terviseandmeid. Enne, kui olete t\u00e4iesti veendunud, et saatjaks on t\u00f5esti p\u00e4ris tervishoiuteenuse osutaja, kellega Teil on ravisuhe, \u00e4rge klikkige \u00fchelgi veebilingil ega avage kirja manuseid. Arvestage, et reeglina ei saada Teie arst anal\u00fc\u00fcsitulemusi e-kirja teel, vaid need on tutvumiseks terviseportaal.ee keskkonnas.<\/p>\n<p>Kui saate v\u00e4ljapressiva sisuga p\u00f6\u00f6rdumisi, sh k\u00f5nesid, v\u00f5tke esimesel v\u00f5imalusel \u00fchendust politseiga ja j\u00e4rgige politseilt saadud juhiseid.<\/p>\n<p>&nbsp;<\/p>\n<p>Asper Biogene telefonil 53317295 saab infot t\u00f6\u00f6p\u00e4evadel 9.00 \u2013 17.00.<\/p>\n<p><span style=\"color: #000000;\">Taotluse vormi andmete p\u00e4rimiseks leiate <a href=\"https:\/\/www.asperbio.com\/wp-content\/uploads\/Taotlus-lekkinud-andmete-valjastamiseks.docx\">siit<\/a>.<\/span><\/p>","protected":false},"excerpt":{"rendered":"<p>Asper Biogene O\u00dc veebilehe teavitus 14.12.2023 &nbsp; Meie s\u00fcsteemi vastu tehtud k\u00fcberr\u00fcnde tagaj\u00e4rjel on osade meie patsientide isikuandmed, sh terviseandmed, saanud teatavaks selleks \u00f5igustamata isikule. Politsei ja Prokuratuur on k\u00fcberr\u00fcnde asjus alustanud kriminaalmenetlust. Andmekaitse Inspektsioon on juhtunust teadlik ja viib l\u00e4bi j\u00e4relevalvemenetlust. K\u00fcberr\u00fcnne, andmeleke on peatatud ja infos\u00fcsteemide kaitsemeetmeid on tugevdatud. Oleme alustanud juhtunust puudutatud [&hellip;]<\/p>\n","protected":false},"author":11,"featured_media":0,"parent":0,"menu_order":0,"comment_status":"closed","ping_status":"closed","template":"","meta":{"_monsterinsights_skip_tracking":false,"_monsterinsights_sitenote_active":false,"_monsterinsights_sitenote_note":"","_monsterinsights_sitenote_category":0,"footnotes":""},"class_list":["post-29086","page","type-page","status-publish","hentry"],"aioseo_notices":[],"_links":{"self":[{"href":"https:\/\/www.asperbio.com\/et\/wp-json\/wp\/v2\/pages\/29086","targetHints":{"allow":["GET"]}}],"collection":[{"href":"https:\/\/www.asperbio.com\/et\/wp-json\/wp\/v2\/pages"}],"about":[{"href":"https:\/\/www.asperbio.com\/et\/wp-json\/wp\/v2\/types\/page"}],"author":[{"embeddable":true,"href":"https:\/\/www.asperbio.com\/et\/wp-json\/wp\/v2\/users\/11"}],"replies":[{"embeddable":true,"href":"https:\/\/www.asperbio.com\/et\/wp-json\/wp\/v2\/comments?post=29086"}],"version-history":[{"count":3,"href":"https:\/\/www.asperbio.com\/et\/wp-json\/wp\/v2\/pages\/29086\/revisions"}],"predecessor-version":[{"id":29092,"href":"https:\/\/www.asperbio.com\/et\/wp-json\/wp\/v2\/pages\/29086\/revisions\/29092"}],"wp:attachment":[{"href":"https:\/\/www.asperbio.com\/et\/wp-json\/wp\/v2\/media?parent=29086"}],"curies":[{"name":"wp","href":"https:\/\/api.w.org\/{rel}","templated":true}]}}