{"id":28797,"date":"2023-04-16T00:19:43","date_gmt":"2023-04-15T21:19:43","guid":{"rendered":"https:\/\/www.asperbio.com\/?page_id=28797"},"modified":"2023-09-28T00:11:54","modified_gmt":"2023-09-27T21:11:54","slug":"perekondliku-mutatsiooni-maaramine","status":"publish","type":"page","link":"https:\/\/www.asperbio.com\/et\/asper-immunogenetics-testid\/perekondliku-mutatsiooni-maaramine\/","title":{"rendered":"Perekondliku mutatsiooni m\u00e4\u00e4ramine"},"content":{"rendered":"<h2 style=\"padding-left: 5px;\"><span style=\"color: #a2c4e8;\"><b>Perekondliku mutatsiooni m\u00e4\u00e4ramine<\/b><\/span><\/h2>\n<div class=\"sm_post_content\" style=\"background: url('https:\/\/www.asperbio.com\/wp-content\/uploads\/Paternity-01.png') repeat-y; padding-left: 40px;\">\n<table class=\"table no-border no-margin\" style=\"width: 20.3094%;\" border=\"0\" cellspacing=\"0\" cellpadding=\"0\">\n<tbody>\n<tr>\n<td style=\"width: 58.6387%;\" width=\"110\"><strong>Testi valmimisaeg:<\/strong><\/td>\n<td style=\"width: 40.8377%;\">1-4 n\u00e4dalat<\/td>\n<\/tr>\n<\/tbody>\n<\/table>\n<hr style=\"color: #a2c4e8; background-color: #a2c4e8; height: 2px; border: none; width: 100%;\" \/>\n<table class=\"table no-border no-margin\" border=\"0\" cellspacing=\"0\" cellpadding=\"0\">\n<tbody>\n<tr>\n<td width=\"110\"><strong>N\u00f5uded proovi-<br \/>\nmaterjalile:<\/strong><\/td>\n<td>2-4 ml t\u00e4isverd antikoagulandiga EDTA (lilla korgiga katsuti)300 ng DNA-d elueerituna TE, AE puhvris v\u00f5i steriilses vees, kontsentratsiooniga 100-250 ng\/\u00b5l<br \/>\nDNA saata toatemperatuuril v\u00f5i k\u00fclmutatuna. A260\/A280 suhe peaks olema 1.8-2.0. DNA peab agaroosgeelis pikkusmarkeri juuresolekul olema detekteeritav \u00fche tervikliku b\u00e4ndina.<\/td>\n<\/tr>\n<\/tbody>\n<\/table>\n<hr style=\"color: #a2c4e8; background-color: #a2c4e8; height: 2px; border: none; width: 100%;\" \/>\n<table class=\"table no-border no-margin\" border=\"0\" cellspacing=\"0\" cellpadding=\"0\">\n<tbody>\n<tr>\n<td width=\"110\"><strong>Tellimine:<\/strong><\/td>\n<td>Proovimaterjal saata koos <span style=\"color: #a2c4e8;\"><strong><a style=\"color: #a2c4e8;\" href=\"https:\/\/www.asperbio.com\/wp-content\/uploads\/Immunogeneetika_portfelli_saatekiri_20032023.docx\">saatekirjaga<\/a><\/strong><\/span> Asper Biogene laborisse<\/td>\n<\/tr>\n<\/tbody>\n<\/table>\n<hr style=\"color: #a2c4e8; background-color: #a2c4e8; height: 2px; border: none; width: 100%;\" \/>\n<\/div>","protected":false},"excerpt":{"rendered":"<p>Perekondliku mutatsiooni m\u00e4\u00e4ramine Testi valmimisaeg: 1-4 n\u00e4dalat N\u00f5uded proovi- materjalile: 2-4 ml t\u00e4isverd antikoagulandiga EDTA (lilla korgiga katsuti)300 ng DNA-d elueerituna TE, AE puhvris v\u00f5i steriilses vees, kontsentratsiooniga 100-250 ng\/\u00b5l DNA saata toatemperatuuril v\u00f5i k\u00fclmutatuna. A260\/A280 suhe peaks olema 1.8-2.0. DNA peab agaroosgeelis pikkusmarkeri juuresolekul olema detekteeritav \u00fche tervikliku b\u00e4ndina. Tellimine: Proovimaterjal saata koos saatekirjaga [&hellip;]<\/p>\n","protected":false},"author":11,"featured_media":0,"parent":28734,"menu_order":0,"comment_status":"closed","ping_status":"closed","template":"","meta":{"_monsterinsights_skip_tracking":false,"_monsterinsights_sitenote_active":false,"_monsterinsights_sitenote_note":"","_monsterinsights_sitenote_category":0,"footnotes":""},"class_list":["post-28797","page","type-page","status-publish","hentry"],"aioseo_notices":[],"_links":{"self":[{"href":"https:\/\/www.asperbio.com\/et\/wp-json\/wp\/v2\/pages\/28797","targetHints":{"allow":["GET"]}}],"collection":[{"href":"https:\/\/www.asperbio.com\/et\/wp-json\/wp\/v2\/pages"}],"about":[{"href":"https:\/\/www.asperbio.com\/et\/wp-json\/wp\/v2\/types\/page"}],"author":[{"embeddable":true,"href":"https:\/\/www.asperbio.com\/et\/wp-json\/wp\/v2\/users\/11"}],"replies":[{"embeddable":true,"href":"https:\/\/www.asperbio.com\/et\/wp-json\/wp\/v2\/comments?post=28797"}],"version-history":[{"count":3,"href":"https:\/\/www.asperbio.com\/et\/wp-json\/wp\/v2\/pages\/28797\/revisions"}],"predecessor-version":[{"id":29079,"href":"https:\/\/www.asperbio.com\/et\/wp-json\/wp\/v2\/pages\/28797\/revisions\/29079"}],"up":[{"embeddable":true,"href":"https:\/\/www.asperbio.com\/et\/wp-json\/wp\/v2\/pages\/28734"}],"wp:attachment":[{"href":"https:\/\/www.asperbio.com\/et\/wp-json\/wp\/v2\/media?parent=28797"}],"curies":[{"name":"wp","href":"https:\/\/api.w.org\/{rel}","templated":true}]}}