{"id":28782,"date":"2023-04-16T00:00:28","date_gmt":"2023-04-15T21:00:28","guid":{"rendered":"https:\/\/www.asperbio.com\/?page_id=28782"},"modified":"2023-09-28T00:05:12","modified_gmt":"2023-09-27T21:05:12","slug":"primaarse-tsiliaarse-duskineesiaga-seotud-geenide-paneelanaluus","status":"publish","type":"page","link":"https:\/\/www.asperbio.com\/et\/asper-immunogenetics-testid\/primaarse-tsiliaarse-duskineesiaga-seotud-geenide-paneelanaluus\/","title":{"rendered":"Primaarse tsiliaarse d\u00fcskineesiaga seotud geenide paneelanal\u00fc\u00fcs"},"content":{"rendered":"<h2 style=\"padding-left: 5px; text-align: left;\"><span style=\"color: #a2c4e8;\">Primaarse tsiliaarse d\u00fcskineesiaga seotud geenide paneelanal\u00fc\u00fcs<br \/>\n<\/span><\/h2>\n<div class=\"sm_post_content\" style=\"background: url('https:\/\/www.asperbio.com\/wp-content\/uploads\/Paternity-01.png') repeat-y; padding-left: 40px;\">\n<table class=\"table no-border no-margin\" border=\"0\" cellspacing=\"0\" cellpadding=\"0\">\n<tbody>\n<tr>\n<td width=\"110\"><strong>Geen:<\/strong><\/td>\n<td><em>CCDC39, CCDC40, CCDC65, CCDC103, CCNO, CFAP298, DNAAF1, DNAAF2, DNAAF3, DNAAF4, DNAAF5,<br \/>\nDNAAF6, DNAAF11 (LRRC6), DNAH1, DNAH5, DNAH8, DNAH11, DNAI1, DNAI2, DNAJB13, DNAL1, DRD1, GAS8, HYDIN, MCIDAS, NME8, OFD1, ODAD1 (CCDC114), ODAD2 (ARMC4), ODAD3 (CCDC151), ODAD4 (TTC25), RPGR, RSPH1, RSPH3, RSPH4A, RSPH9, SPAG1, STK36, ZMYND10<\/em><\/td>\n<\/tr>\n<\/tbody>\n<\/table>\n<hr style=\"color: #a2c4e8; background-color: #a2c4e8; height: 2px; border: none; width: 100%;\" \/>\n<table class=\"table no-border no-margin\" border=\"0\" cellspacing=\"0\" cellpadding=\"0\">\n<tbody>\n<tr>\n<td width=\"110\"><strong>Metoodika:<\/strong><\/td>\n<td>Kodeeriva piirkonna sekveneerimine (NGS).<br \/>\nKoopiaarvu muutuste bioinformaatiline anal\u00fc\u00fcs (CNV). CNV leidude kinnitamine teise meetodiga toimub lisaanal\u00fc\u00fcsina, vastavalt hinnakirjale.<\/td>\n<\/tr>\n<\/tbody>\n<\/table>\n<hr style=\"color: #a2c4e8; background-color: #a2c4e8; height: 2px; border: none; width: 100%;\" \/>\n<table class=\"table no-border no-margin\" border=\"0\" cellspacing=\"0\" cellpadding=\"0\">\n<tbody>\n<tr>\n<td width=\"110\"><strong>Testi valmimisaeg:<\/strong><\/td>\n<td>6-9 n\u00e4dalat<\/td>\n<\/tr>\n<\/tbody>\n<\/table>\n<hr style=\"color: #a2c4e8; background-color: #a2c4e8; height: 2px; border: none; width: 100%;\" \/>\n<table class=\"table no-border no-margin\" border=\"0\" cellspacing=\"0\" cellpadding=\"0\">\n<tbody>\n<tr>\n<td width=\"110\"><strong>N\u00f5uded proovi-materjalile:<\/strong><\/td>\n<td>2-4 ml t\u00e4isverd antikoagulandiga EDTA (lilla korgiga katsuti)<\/p>\n<p>1 \u00b5g DNA-d elueerituna TE, AE puhvris v\u00f5i steriilses vees, kontsentratsiooniga 100-250 ng\/\u00b5l<br \/>\nDNA saata toatemperatuuril v\u00f5i k\u00fclmutatuna. A260\/A280 suhe peaks olema 1.8-2.0. DNA peab agaroosgeelis pikkusmarkeri juuresolekul olema detekteeritav \u00fche tervikliku b\u00e4ndina.<\/td>\n<\/tr>\n<\/tbody>\n<\/table>\n<hr style=\"color: #a2c4e8; background-color: #a2c4e8; height: 2px; border: none; width: 100%;\" \/>\n<table class=\"table no-border no-margin\" border=\"0\" cellspacing=\"0\" cellpadding=\"0\">\n<tbody>\n<tr>\n<td width=\"110\"><strong>Tellimine:<\/strong><\/td>\n<td>Proovimaterjal saata koos <span style=\"color: #a2c4e8;\"><strong><a style=\"color: #a2c4e8;\" href=\"https:\/\/www.asperbio.com\/wp-content\/uploads\/Immunogeneetika_portfelli_saatekiri_20032023.docx\">saatekirjaga<\/a><\/strong><\/span> Asper Biogene laborisse<\/td>\n<\/tr>\n<\/tbody>\n<\/table>\n<hr style=\"color: #a2c4e8; background-color: #a2c4e8; height: 2px; border: none; width: 100%;\" \/>\n<\/div>\n<p style=\"text-align: justify;\">","protected":false},"excerpt":{"rendered":"<p>Primaarse tsiliaarse d\u00fcskineesiaga seotud geenide paneelanal\u00fc\u00fcs Geen: CCDC39, CCDC40, CCDC65, CCDC103, CCNO, CFAP298, DNAAF1, DNAAF2, DNAAF3, DNAAF4, DNAAF5, DNAAF6, DNAAF11 (LRRC6), DNAH1, DNAH5, DNAH8, DNAH11, DNAI1, DNAI2, DNAJB13, DNAL1, DRD1, GAS8, HYDIN, MCIDAS, NME8, OFD1, ODAD1 (CCDC114), ODAD2 (ARMC4), ODAD3 (CCDC151), ODAD4 (TTC25), RPGR, RSPH1, RSPH3, RSPH4A, RSPH9, SPAG1, STK36, ZMYND10 Metoodika: Kodeeriva piirkonna sekveneerimine [&hellip;]<\/p>\n","protected":false},"author":11,"featured_media":0,"parent":28734,"menu_order":0,"comment_status":"closed","ping_status":"closed","template":"","meta":{"_monsterinsights_skip_tracking":false,"_monsterinsights_sitenote_active":false,"_monsterinsights_sitenote_note":"","_monsterinsights_sitenote_category":0,"footnotes":""},"class_list":["post-28782","page","type-page","status-publish","hentry"],"aioseo_notices":[],"_links":{"self":[{"href":"https:\/\/www.asperbio.com\/et\/wp-json\/wp\/v2\/pages\/28782","targetHints":{"allow":["GET"]}}],"collection":[{"href":"https:\/\/www.asperbio.com\/et\/wp-json\/wp\/v2\/pages"}],"about":[{"href":"https:\/\/www.asperbio.com\/et\/wp-json\/wp\/v2\/types\/page"}],"author":[{"embeddable":true,"href":"https:\/\/www.asperbio.com\/et\/wp-json\/wp\/v2\/users\/11"}],"replies":[{"embeddable":true,"href":"https:\/\/www.asperbio.com\/et\/wp-json\/wp\/v2\/comments?post=28782"}],"version-history":[{"count":2,"href":"https:\/\/www.asperbio.com\/et\/wp-json\/wp\/v2\/pages\/28782\/revisions"}],"predecessor-version":[{"id":28823,"href":"https:\/\/www.asperbio.com\/et\/wp-json\/wp\/v2\/pages\/28782\/revisions\/28823"}],"up":[{"embeddable":true,"href":"https:\/\/www.asperbio.com\/et\/wp-json\/wp\/v2\/pages\/28734"}],"wp:attachment":[{"href":"https:\/\/www.asperbio.com\/et\/wp-json\/wp\/v2\/media?parent=28782"}],"curies":[{"name":"wp","href":"https:\/\/api.w.org\/{rel}","templated":true}]}}