{"id":28778,"date":"2023-04-15T23:55:29","date_gmt":"2023-04-15T20:55:29","guid":{"rendered":"https:\/\/www.asperbio.com\/?page_id=28778"},"modified":"2023-04-15T23:55:29","modified_gmt":"2023-04-15T20:55:29","slug":"komplemendi-defitsiit-valja-arvatud-hae","status":"publish","type":"page","link":"https:\/\/www.asperbio.com\/et\/asper-immunogenetics-testid\/komplemendi-defitsiit-valja-arvatud-hae\/","title":{"rendered":"Komplemendi defitsiit (v\u00e4lja arvatud HAE)"},"content":{"rendered":"<h2 style=\"padding-left: 5px; text-align: left;\"><span style=\"color: #a2c4e8;\">Komplemendi defitsiit (v\u00e4lja arvatud HAE)<br \/>\n<\/span><\/h2>\n<div class=\"sm_post_content\" style=\"background: url('https:\/\/www.asperbio.com\/wp-content\/uploads\/Paternity-01.png') repeat-y; padding-left: 40px;\">\n<table class=\"table no-border no-margin\" border=\"0\" cellspacing=\"0\" cellpadding=\"0\">\n<tbody>\n<tr>\n<td width=\"110\"><strong>Geen:<\/strong><\/td>\n<td><em>CD46, CD55, CD59, CFB, CFD, CFH, CFHR1, CFHR2, CFHR3, CFHR4, CFHR5, CFI, CFP, C1QA, C1QB, C1QC, C1R, C1S, C2, C3, C4A, C4B, C5, C6, C7, C8A, C8B, C8G, C9, FCN3, MASP2, SERPING1, THBD<\/em><\/td>\n<\/tr>\n<\/tbody>\n<\/table>\n<hr style=\"color: #a2c4e8; background-color: #a2c4e8; height: 2px; border: none; width: 100%;\" \/>\n<table class=\"table no-border no-margin\" border=\"0\" cellspacing=\"0\" cellpadding=\"0\">\n<tbody>\n<tr>\n<td width=\"110\"><strong>Metoodika:<\/strong><\/td>\n<td><span style=\"color: #ff0000;\">Kodeeriva piirkonna sekveneerimine (NGS).<\/span><br \/>\n<span style=\"color: #ff0000;\">Koopiaarvu muutuste bioinformaatiline anal\u00fc\u00fcs (CNV). CNV leidude kinnitamine teise meetodiga toimub lisaanal\u00fc\u00fcsina, vastavalt hinnakirjale.<\/span><\/td>\n<\/tr>\n<\/tbody>\n<\/table>\n<hr style=\"color: #a2c4e8; background-color: #a2c4e8; height: 2px; border: none; width: 100%;\" \/>\n<table class=\"table no-border no-margin\" border=\"0\" cellspacing=\"0\" cellpadding=\"0\">\n<tbody>\n<tr>\n<td width=\"110\"><strong>Testi valmimisaeg:<\/strong><\/td>\n<td><span style=\"color: #ff0000;\">6-9 n\u00e4dalat<\/span><\/td>\n<\/tr>\n<\/tbody>\n<\/table>\n<hr style=\"color: #a2c4e8; background-color: #a2c4e8; height: 2px; border: none; width: 100%;\" \/>\n<table class=\"table no-border no-margin\" border=\"0\" cellspacing=\"0\" cellpadding=\"0\">\n<tbody>\n<tr>\n<td width=\"110\"><strong>N\u00f5uded proovi-materjalile:<\/strong><\/td>\n<td><span style=\"color: #ff0000;\">2-4 ml t\u00e4isverd antikoagulandiga EDTA (lilla korgiga katsuti)<\/span><\/p>\n<p><span style=\"color: #ff0000;\">1 \u00b5g DNA-d elueerituna TE, AE puhvris v\u00f5i steriilses vees, kontsentratsiooniga 100-250 ng\/\u00b5l<\/span><br \/>\n<span style=\"color: #ff0000;\">DNA saata toatemperatuuril v\u00f5i k\u00fclmutatuna. A260\/A280 suhe peaks olema 1.8-2.0. DNA peab agaroosgeelis pikkusmarkeri juuresolekul olema detekteeritav \u00fche tervikliku b\u00e4ndina.<\/span><\/td>\n<\/tr>\n<\/tbody>\n<\/table>\n<hr style=\"color: #a2c4e8; background-color: #a2c4e8; height: 2px; border: none; width: 100%;\" \/>\n<table class=\"table no-border no-margin\" border=\"0\" cellspacing=\"0\" cellpadding=\"0\">\n<tbody>\n<tr>\n<td width=\"110\"><strong>Tellimine:<\/strong><\/td>\n<td>Proovimaterjal saata koos <span style=\"color: #a2c4e8;\"><strong><a style=\"color: #a2c4e8;\" href=\"https:\/\/www.asperbio.com\/wp-content\/uploads\/Immunogeneetika_portfelli_saatekiri_20032023.docx\">saatekirjaga<\/a><\/strong><\/span> Asper Biogene laborisse<\/td>\n<\/tr>\n<\/tbody>\n<\/table>\n<hr style=\"color: #a2c4e8; background-color: #a2c4e8; height: 2px; border: none; width: 100%;\" \/>\n<\/div>\n<p><span style=\"color: #ff0000;\"><strong>N\u00e4idustused geneetiliseks testimiseks<\/strong>:<\/span><\/p>\n<p><span style=\"color: #ff0000;\">1. Kliinilise diagnoosi kinnitamine<\/span><br \/>\n<span style=\"color: #ff0000;\">2. Ehlers-Danlos s\u00fcndroomi erinevate vormide ja teiste geneetiliselt\/fenot\u00fc\u00fcpiliselt seotud haiguste diferentsiaaldiagnostika<\/span><br \/>\n<span style=\"color: #ff0000;\">3. Prenataalne diagnostika teadaoleva perekondliku mutatsiooni suhtes<\/span><br \/>\n<span style=\"color: #ff0000;\">4. Geneetiline n\u00f5ustamine<\/span><\/p>\n<p style=\"text-align: justify;\"><span style=\"color: #ff0000;\"><strong>Ehlers-Danlos s\u00fcndroom<\/strong> (EDS) h\u00f5lmab gruppi haruldasi sidekoe haigusi, mille puhul on haigusest haaratud nahk, luud, veresooned, aga ka teised organid ja koed.\u00a0Spetsiifilised s\u00fcmptomid s\u00f5ltuvad EDS t\u00fc\u00fcbist, enamike haigusvormide puhul esineb ebatavaliselt suur liigeste liikuvus. Paljudel EDS-ga patsientidel on pehme, velvetjas nahk, mis on v\u00e4ga veniv ja \u00f5rn. Veresoontega seotud vorm p\u00f5hjustab veritsemist, s\u00fcdameklapi vorm tekitab t\u00f5siseid s\u00fcdameklapi probleeme, k\u00fcfoskolioosiga patsientidel areneb tugev selja kumerus.<\/span><\/p>\n<p style=\"text-align: justify;\"><span style=\"color: #ff0000;\">Testiga on kaetud haiguse eri vormide geneetilised p\u00f5hjused ja suur osa geneetiliselt\/fenot\u00fc\u00fcpiliselt seotud haigusi.<\/span><\/p>\n<p style=\"text-align: justify;\"><span style=\"color: #ff0000;\">S\u00f5ltuvalt EDS vormist v\u00f5ib haigus p\u00e4randuda autosoom-dominantsel v\u00f5i autosoom-retsessiivsel teel.<\/span><\/p>\n<p style=\"text-align: justify;\"><span style=\"color: #ff0000;\">EDS k\u00f5ikide vormide esinemissageduseks \u00fcldpopulatsioonis on hinnatud 1:2500-5000. Sagedasemad on h\u00fcpermobiilne ja klassikaline vorm, esinemissagedusega vastavalt 1:5000-20000 ja 1:20000-40000. Teised vormid on v\u00e4ga haruldased.<\/span><\/p>","protected":false},"excerpt":{"rendered":"<p>Komplemendi defitsiit (v\u00e4lja arvatud HAE) Geen: CD46, CD55, CD59, CFB, CFD, CFH, CFHR1, CFHR2, CFHR3, CFHR4, CFHR5, CFI, CFP, C1QA, C1QB, C1QC, C1R, C1S, C2, C3, C4A, C4B, C5, C6, C7, C8A, C8B, C8G, C9, FCN3, MASP2, SERPING1, THBD Metoodika: Kodeeriva piirkonna sekveneerimine (NGS). Koopiaarvu muutuste bioinformaatiline anal\u00fc\u00fcs (CNV). CNV leidude kinnitamine teise meetodiga toimub [&hellip;]<\/p>\n","protected":false},"author":11,"featured_media":0,"parent":28734,"menu_order":0,"comment_status":"closed","ping_status":"closed","template":"","meta":{"_monsterinsights_skip_tracking":false,"_monsterinsights_sitenote_active":false,"_monsterinsights_sitenote_note":"","_monsterinsights_sitenote_category":0,"footnotes":""},"class_list":["post-28778","page","type-page","status-publish","hentry"],"aioseo_notices":[],"_links":{"self":[{"href":"https:\/\/www.asperbio.com\/et\/wp-json\/wp\/v2\/pages\/28778","targetHints":{"allow":["GET"]}}],"collection":[{"href":"https:\/\/www.asperbio.com\/et\/wp-json\/wp\/v2\/pages"}],"about":[{"href":"https:\/\/www.asperbio.com\/et\/wp-json\/wp\/v2\/types\/page"}],"author":[{"embeddable":true,"href":"https:\/\/www.asperbio.com\/et\/wp-json\/wp\/v2\/users\/11"}],"replies":[{"embeddable":true,"href":"https:\/\/www.asperbio.com\/et\/wp-json\/wp\/v2\/comments?post=28778"}],"version-history":[{"count":1,"href":"https:\/\/www.asperbio.com\/et\/wp-json\/wp\/v2\/pages\/28778\/revisions"}],"predecessor-version":[{"id":28779,"href":"https:\/\/www.asperbio.com\/et\/wp-json\/wp\/v2\/pages\/28778\/revisions\/28779"}],"up":[{"embeddable":true,"href":"https:\/\/www.asperbio.com\/et\/wp-json\/wp\/v2\/pages\/28734"}],"wp:attachment":[{"href":"https:\/\/www.asperbio.com\/et\/wp-json\/wp\/v2\/media?parent=28778"}],"curies":[{"name":"wp","href":"https:\/\/api.w.org\/{rel}","templated":true}]}}