{"id":28734,"date":"2023-04-15T17:50:04","date_gmt":"2023-04-15T14:50:04","guid":{"rendered":"https:\/\/www.asperbio.com\/?page_id=28734"},"modified":"2023-09-25T09:20:48","modified_gmt":"2023-09-25T06:20:48","slug":"asper-immunogenetics-testid","status":"publish","type":"page","link":"https:\/\/www.asperbio.com\/et\/asper-immunogenetics-testid\/","title":{"rendered":"Asper Immunogenetics testid"},"content":{"rendered":"<h1 style=\"padding-left: 5px;\"><span style=\"color: #a2c4e8;\">Asper Immunogenetics<\/span><\/h1>\n<div class=\"sm_post_content\" style=\"background: url('https:\/\/www.asperbio.com\/wp-content\/uploads\/Paternity-01.png') repeat-y; padding-left: 40px;\">\n<h4><strong> <a title=\"Antikehade puudulikkus\" href=\"https:\/\/www.asperbio.com\/et\/asper-immunogenetics-testid\/antikehade-puudulikkusega-a-ja-hupogammaglobulineemiaga-seotud-geenide-paneel\/\">Antikehade puudulikkus (a- ja h\u00fcpogammaglobulineemia)<\/a> UUENDATUD<\/strong><br \/>\n<strong> <a title=\"Autoimmuunsuse ja l\u00fcmfoproliferatsioon\" href=\"https:\/\/www.asperbio.com\/et\/asper-immunogenetics-testid\/autoimmuunsuse-ja-lumfoproliferatsiooniga-seotud-geenide-paneel\/\">Autoimmuunsus ja l\u00fcmfoproliferatsioon<\/a><\/strong><br \/>\n<strong> <a title=\"H\u00fcper IgE s\u00fcndroomid\" href=\"https:\/\/www.asperbio.com\/et\/asper-immunogenetics-testid\/huper-ige-sundroomidega-seotud-geenide-paneel\/\">H\u00fcper-IgE-s\u00fcndroom<\/a><\/strong><br \/>\n<strong> <a title=\"Kombineeritud imuunpuudulikkus\" href=\"https:\/\/www.asperbio.com\/et\/asper-immunogenetics-testid\/kombineeritud-imuunpuudulikkusega-seotud-geenide-paneel\/\">Kombineeritud immuunpuudulikkus UUENDATUD<\/a><\/strong><br \/>\n<strong> <a title=\"Krooniline granulomatoost\u00f5bi\" href=\"https:\/\/www.asperbio.com\/et\/asper-immunogenetics-testid\/krooniline-granulomatoostobi\/\">Krooniline granulomatoost\u00f5bi<\/a><\/strong><br \/>\n<strong> <a title=\"Primaarse tsiliaarse d\u00fcskineesiaga seotud geenide paneelanal\u00fc\u00fcs\" href=\"https:\/\/www.asperbio.com\/et\/asper-immunogenetics-testid\/primaarse-tsiliaarse-duskineesiaga-seotud-geenide-paneelanaluus\/\">Primaarne tsiliaarne d\u00fcskinees<\/a><\/strong><br \/>\n<strong> <a title=\"P\u00e4riliku angio\u00f6deemiga (HAE) seotud geenide paneel\" href=\"https:\/\/www.asperbio.com\/et\/asper-immunogenetics-testid\/pariliku-angioodeemiga-hae-seotud-geenide-paneel\/\">P\u00e4rilik angio\u00f6deem (HAE)<\/a><\/strong><br \/>\n<strong> <a title=\"P\u00e4rilikud autoinflamatoorsed seisundid\" href=\"https:\/\/www.asperbio.com\/et\/asper-immunogenetics-testid\/parilikud-autoinflamatoorsed-seisundid\/\">P\u00e4rilikud autoinflamatoorsed seisundid<\/a><\/strong><br \/>\n<strong> <a title=\"P\u00e4rilik vastuv\u00f5tlikkus m\u00fckobakteriaalsetele haigustele\" href=\"https:\/\/www.asperbio.com\/et\/asper-immunogenetics-testid\/parilik-vastuvotlikkus-mukobakteriaalsetele-haigustele\/\">P\u00e4rilik vastuv\u00f5tlikkus m\u00fckobakteriaalsetele haigustele<\/a><\/strong><br \/>\n<strong> <a title=\"P\u00e4rilik vastuv\u00f5tlikkus seeninfektsioonidele\/kandidoosile\" href=\"https:\/\/www.asperbio.com\/et\/asper-immunogenetics-testid\/parilik-vastuvotlikkus-seeninfektsioonidele-kandidoosile\/\">P\u00e4rilik vastuv\u00f5tlikkus seeninfektsioonidele\/kandidoosile<\/a><\/strong><br \/>\n<strong> <a title=\"P\u00e4rilik vastuv\u00f5tlikkus viirushaigustele (sealhulgas herpesinfektsioonidele)\" href=\"https:\/\/www.asperbio.com\/et\/asper-immunogenetics-testid\/parilik-vastuvotlikkus-viirushaigustele-sealhulgas-herpesinfektsioonidele\/\">P\u00e4rilik vastuv\u00f5tlikkus viirushaigustele (sealhulgas herpesinfektsioonidele)<\/a><\/strong><br \/>\n<strong> <a title=\"Eksoomi sekveneerimine\" href=\"https:\/\/www.asperbio.com\/et\/asper-immunogenetics-testid\/eksoomi-sekveneerimine\/\">Eksoomi sekveneerimine<\/a><\/strong><br \/>\n<strong> <a title=\"Perekondliku mutatsiooni m\u00e4\u00e4ramine\" href=\"https:\/\/www.asperbio.com\/et\/asper-immunogenetics-testid\/perekondliku-mutatsiooni-maaramine\/\">Perekondliku mutatsiooni m\u00e4\u00e4ramine<\/a><\/strong><\/h4>\n<\/div>","protected":false},"excerpt":{"rendered":"<p>Asper Immunogenetics Antikehade puudulikkus (a- ja h\u00fcpogammaglobulineemia) UUENDATUD Autoimmuunsus ja l\u00fcmfoproliferatsioon H\u00fcper-IgE-s\u00fcndroom Kombineeritud immuunpuudulikkus UUENDATUD Krooniline granulomatoost\u00f5bi Primaarne tsiliaarne d\u00fcskinees P\u00e4rilik angio\u00f6deem (HAE) P\u00e4rilikud autoinflamatoorsed seisundid P\u00e4rilik vastuv\u00f5tlikkus m\u00fckobakteriaalsetele haigustele P\u00e4rilik vastuv\u00f5tlikkus seeninfektsioonidele\/kandidoosile P\u00e4rilik vastuv\u00f5tlikkus viirushaigustele (sealhulgas herpesinfektsioonidele) Eksoomi sekveneerimine Perekondliku mutatsiooni m\u00e4\u00e4ramine<\/p>\n","protected":false},"author":11,"featured_media":0,"parent":0,"menu_order":0,"comment_status":"closed","ping_status":"closed","template":"","meta":{"_monsterinsights_skip_tracking":false,"_monsterinsights_sitenote_active":false,"_monsterinsights_sitenote_note":"","_monsterinsights_sitenote_category":0,"footnotes":""},"class_list":["post-28734","page","type-page","status-publish","hentry"],"aioseo_notices":[],"_links":{"self":[{"href":"https:\/\/www.asperbio.com\/et\/wp-json\/wp\/v2\/pages\/28734","targetHints":{"allow":["GET"]}}],"collection":[{"href":"https:\/\/www.asperbio.com\/et\/wp-json\/wp\/v2\/pages"}],"about":[{"href":"https:\/\/www.asperbio.com\/et\/wp-json\/wp\/v2\/types\/page"}],"author":[{"embeddable":true,"href":"https:\/\/www.asperbio.com\/et\/wp-json\/wp\/v2\/users\/11"}],"replies":[{"embeddable":true,"href":"https:\/\/www.asperbio.com\/et\/wp-json\/wp\/v2\/comments?post=28734"}],"version-history":[{"count":3,"href":"https:\/\/www.asperbio.com\/et\/wp-json\/wp\/v2\/pages\/28734\/revisions"}],"predecessor-version":[{"id":29069,"href":"https:\/\/www.asperbio.com\/et\/wp-json\/wp\/v2\/pages\/28734\/revisions\/29069"}],"wp:attachment":[{"href":"https:\/\/www.asperbio.com\/et\/wp-json\/wp\/v2\/media?parent=28734"}],"curies":[{"name":"wp","href":"https:\/\/api.w.org\/{rel}","templated":true}]}}