{"id":28649,"date":"2023-01-09T12:35:29","date_gmt":"2023-01-09T10:35:29","guid":{"rendered":"https:\/\/www.asperbio.com\/?page_id=28649"},"modified":"2024-06-27T13:00:58","modified_gmt":"2024-06-27T10:00:58","slug":"koostooprojektid","status":"publish","type":"page","link":"https:\/\/www.asperbio.com\/et\/koostooprojektid\/","title":{"rendered":"Koost\u00f6\u00f6projektid"},"content":{"rendered":"<h2><span style=\"font-size: 12pt;\">Koost\u00f6\u00f6projektid<\/span><\/h2>\n<p>Koost\u00f6\u00f6- ja arendusprojektid on ettev\u00f5tte igap\u00e4evase t\u00f6\u00f6 osaks.<img loading=\"lazy\" decoding=\"async\" class=\"size-medium wp-image-29255 alignright\" src=\"https:\/\/www.asperbio.com\/wp-content\/uploads\/kaks-logo-est_vertical-blue_white-7-140x300.webp\" alt=\"\" width=\"140\" height=\"300\" \/><\/p>\n<p>&nbsp;<\/p>\n<p><strong>AB teekaart (DEP.1.01.24- 0088)<\/strong><\/p>\n<ul>\n<li>Asper Biogene k\u00fcberturvalisuse teekaardi koostamist perioodil 1.04-31.05.2024 kaasrahastas Euroopa K\u00fcberkompetentsikeskus oma liikmetega.<\/li>\n<\/ul>\n<p>&nbsp;<\/p>\n<p>&nbsp;<\/p>\n<p>&nbsp;<\/p>\n<p>&nbsp;<\/p>\n<p><strong>EU48695 projekt CCHT<br \/>\n<\/strong><\/p>\n<p>Perioodil 1.12.2020 kuni 31.12.2023 osales Asper Biogene kahes alamprojektis:<\/p>\n<ul>\n<li>Rakendusuuringus, kus eesm\u00e4rgiks on genoomika testidel p\u00f5hinevate personaalmeditsiini lahenduste v\u00e4ljat\u00f6\u00f6tamine komplekshaiguste (metaboolsed haigused, kardiovaskulaarhaigused, infertiilsus, jt) ennetuseks ja raviks.<\/li>\n<li>Tootearendusprojektis, mille eesm\u00e4rgiks on personaalmeditsiini genoomika rakendustele sobivaimate kommertslahenduste leidmine.<\/li>\n<li>T\u00f6id tehti Ettev\u00f5tluse Arendamise Sihtasutuse ja Euroopa Liit Euroopa Regionaalarengu Fondi toel.<\/li>\n<\/ul>\n<p><img loading=\"lazy\" decoding=\"async\" class=\"alignright wp-image-26353 size-medium\" src=\"https:\/\/www.asperbio.com\/wp-content\/uploads\/EAS_SF_RGB_EST_small-300x83.png\" alt=\"\" width=\"300\" height=\"83\" srcset=\"https:\/\/www.asperbio.com\/wp-content\/uploads\/EAS_SF_RGB_EST_small-300x83.png 300w, https:\/\/www.asperbio.com\/wp-content\/uploads\/EAS_SF_RGB_EST_small.png 400w\" sizes=\"auto, (max-width: 300px) 100vw, 300px\" \/><\/p>","protected":false},"excerpt":{"rendered":"<p>Koost\u00f6\u00f6projektid Koost\u00f6\u00f6- ja arendusprojektid on ettev\u00f5tte igap\u00e4evase t\u00f6\u00f6 osaks. &nbsp; AB teekaart (DEP.1.01.24- 0088) Asper Biogene k\u00fcberturvalisuse teekaardi koostamist perioodil 1.04-31.05.2024 kaasrahastas Euroopa K\u00fcberkompetentsikeskus oma liikmetega. &nbsp; &nbsp; &nbsp; &nbsp; EU48695 projekt CCHT Perioodil 1.12.2020 kuni 31.12.2023 osales Asper Biogene kahes alamprojektis: Rakendusuuringus, kus eesm\u00e4rgiks on genoomika testidel p\u00f5hinevate personaalmeditsiini lahenduste v\u00e4ljat\u00f6\u00f6tamine komplekshaiguste (metaboolsed haigused, [&hellip;]<\/p>\n","protected":false},"author":9,"featured_media":0,"parent":0,"menu_order":0,"comment_status":"closed","ping_status":"closed","template":"","meta":{"_monsterinsights_skip_tracking":false,"_monsterinsights_sitenote_active":false,"_monsterinsights_sitenote_note":"","_monsterinsights_sitenote_category":0,"footnotes":""},"class_list":["post-28649","page","type-page","status-publish","hentry"],"aioseo_notices":[],"_links":{"self":[{"href":"https:\/\/www.asperbio.com\/et\/wp-json\/wp\/v2\/pages\/28649","targetHints":{"allow":["GET"]}}],"collection":[{"href":"https:\/\/www.asperbio.com\/et\/wp-json\/wp\/v2\/pages"}],"about":[{"href":"https:\/\/www.asperbio.com\/et\/wp-json\/wp\/v2\/types\/page"}],"author":[{"embeddable":true,"href":"https:\/\/www.asperbio.com\/et\/wp-json\/wp\/v2\/users\/9"}],"replies":[{"embeddable":true,"href":"https:\/\/www.asperbio.com\/et\/wp-json\/wp\/v2\/comments?post=28649"}],"version-history":[{"count":3,"href":"https:\/\/www.asperbio.com\/et\/wp-json\/wp\/v2\/pages\/28649\/revisions"}],"predecessor-version":[{"id":29260,"href":"https:\/\/www.asperbio.com\/et\/wp-json\/wp\/v2\/pages\/28649\/revisions\/29260"}],"wp:attachment":[{"href":"https:\/\/www.asperbio.com\/et\/wp-json\/wp\/v2\/media?parent=28649"}],"curies":[{"name":"wp","href":"https:\/\/api.w.org\/{rel}","templated":true}]}}