{"id":28585,"date":"2023-01-06T00:37:17","date_gmt":"2023-01-05T22:37:17","guid":{"rendered":"https:\/\/www.asperbio.com\/?page_id=28585"},"modified":"2023-01-06T00:38:03","modified_gmt":"2023-01-05T22:38:03","slug":"bardet-biedli-mckusick-kaufmani-borjeson-forssman-lehmanni-ja-alstromi-sundroom-ning-albrighti-parilik-osteodustroofia","status":"publish","type":"page","link":"https:\/\/www.asperbio.com\/et\/asper-dysmorphology-testid\/bardet-biedli\/","title":{"rendered":"Bardet-Biedli-, McKusick-Kaufmani-, Borjeson-Forssman-Lehmanni- ja Alstromi s\u00fcndroom ning Albrighti p\u00e4rilik osteod\u00fcstroofia"},"content":{"rendered":"<h2><span style=\"color: #8399a7;\">Bardet-Biedli-, McKusick-Kaufmani-, Borjeson-Forssman-Lehmanni-, Alstr\u00f6mi s\u00fcndroomiga ja Albrighti p\u00e4riliku osteod\u00fcstroofiaga\u00a0seotud geenide sekveneerimine<\/span><\/h2>\n<div class=\"sm_post_content\" style=\"background: url('https:\/\/www.asperbio.com\/wp-content\/uploads\/Asper-Dysmorphology_01.png') repeat-y; padding-left: 40px;\">\n<table class=\"table no-border no-margin\" border=\"0\" cellspacing=\"0\" cellpadding=\"0\">\n<tbody>\n<tr>\n<td width=\"110\"><strong>Geenid:<\/strong><\/td>\n<td><em>ALMS1 (v.a. ekson 8), ARL6, BBIP1, BBS1, BBS2, BBS4, BBS5, BBS7, BBS9,\u00a0BBS10, BBS12, CCDC28B, CEP290, GNAS, IFT27, IFT172, LZTFL1, MKKS,\u00a0MKS1, PHF6, SDCCAG8, TMEM67, TRIM32, TTC8, WDPCP<\/em><\/td>\n<\/tr>\n<\/tbody>\n<\/table>\n<hr style=\"color: #8399a7; background-color: #8399a7; height: 2px; border: none; width: 100%;\" \/>\n<table class=\"table no-border no-margin\" border=\"0\" cellspacing=\"0\" cellpadding=\"0\">\n<tbody>\n<tr>\n<td width=\"110\"><strong>Metoodika:<\/strong><\/td>\n<td>Kodeeriva piirkonna sekveneerimine (NGS).<br \/>\nKoopiaarvu muutuste bioinformaatiline anal\u00fc\u00fcs (CNV). CNV leidude kinnitamine teise meetodiga toimub lisaanal\u00fc\u00fcsina, vastavalt hinnakirjale.<\/td>\n<\/tr>\n<\/tbody>\n<\/table>\n<hr style=\"color: #8399a7; background-color: #8399a7; height: 2px; border: none; width: 100%;\" \/>\n<table class=\"table no-border no-margin\" border=\"0\" cellspacing=\"0\" cellpadding=\"0\">\n<tbody>\n<tr>\n<td width=\"110\"><strong>Testi valmimisaeg:<\/strong><\/td>\n<td>6-9 n\u00e4dalat<\/td>\n<\/tr>\n<\/tbody>\n<\/table>\n<hr style=\"color: #8399a7; background-color: #8399a7; height: 2px; border: none; width: 100%;\" \/>\n<table class=\"table no-border no-margin\" border=\"0\" cellspacing=\"0\" cellpadding=\"0\">\n<tbody>\n<tr>\n<td width=\"110\"><strong>N\u00f5uded proovi-materjalile:<\/strong><\/td>\n<td>2-4 ml t\u00e4isverd antikoagulandiga EDTA (lilla korgiga katsuti)<\/p>\n<p>1\u00a0\u00b5g DNA-d elueerituna TE, AE puhvris v\u00f5i steriilses vees, kontsentratsiooniga 100-250 ng\/\u00b5l<br \/>\nDNA saata toatemperatuuril v\u00f5i k\u00fclmutatuna. A260\/A280 suhe peaks olema 1.8-2.0. DNA peab agaroosgeelis olema detekteeritav \u00fche tervikliku b\u00e4ndina.<\/td>\n<\/tr>\n<\/tbody>\n<\/table>\n<hr style=\"color: #8399a7; background-color: #8399a7; height: 2px; border: none; width: 100%;\" \/>\n<table class=\"table no-border no-margin\" border=\"0\" cellspacing=\"0\" cellpadding=\"0\">\n<tbody>\n<tr>\n<td width=\"110\"><strong>Tellimine:<\/strong><\/td>\n<td>Proovimaterjal saata koos <span style=\"color: #8399a7;\"><strong><a style=\"color: #8399a7;\" href=\"https:\/\/www.asperbio.com\/wp-content\/uploads\/Asper-Dysmorphology-saatekiri.doc\">saatekirjaga<\/a><\/strong><\/span> Asper Biogene laborisse<\/td>\n<\/tr>\n<\/tbody>\n<\/table>\n<hr style=\"color: #8399a7; background-color: #8399a7; height: 2px; border: none; width: 100%;\" \/>\n<\/div>\n<p><strong>N\u00e4idustused geenitesti tegemiseks:<\/strong><\/p>\n<ol>\n<li style=\"list-style-type: none;\">\n<ol>\n<li>Kliinilise diagnoosi kinnitamine<\/li>\n<li>Kandluse m\u00e4\u00e4ramine<\/li>\n<li>Geneetiline n\u00f5ustamine<\/li>\n<li>S\u00fcnnieelne diagnostika, kui perekondlik mutatsioon on teada<\/li>\n<\/ol>\n<\/li>\n<\/ol>","protected":false},"excerpt":{"rendered":"<p>Bardet-Biedli-, McKusick-Kaufmani-, Borjeson-Forssman-Lehmanni-, Alstr\u00f6mi s\u00fcndroomiga ja Albrighti p\u00e4riliku osteod\u00fcstroofiaga\u00a0seotud geenide sekveneerimine Geenid: ALMS1 (v.a. ekson 8), ARL6, BBIP1, BBS1, BBS2, BBS4, BBS5, BBS7, BBS9,\u00a0BBS10, BBS12, CCDC28B, CEP290, GNAS, IFT27, IFT172, LZTFL1, MKKS,\u00a0MKS1, PHF6, SDCCAG8, TMEM67, TRIM32, TTC8, WDPCP Metoodika: Kodeeriva piirkonna sekveneerimine (NGS). Koopiaarvu muutuste bioinformaatiline anal\u00fc\u00fcs (CNV). CNV leidude kinnitamine teise meetodiga toimub lisaanal\u00fc\u00fcsina, [&hellip;]<\/p>\n","protected":false},"author":11,"featured_media":0,"parent":19236,"menu_order":0,"comment_status":"closed","ping_status":"closed","template":"","meta":{"_monsterinsights_skip_tracking":false,"_monsterinsights_sitenote_active":false,"_monsterinsights_sitenote_note":"","_monsterinsights_sitenote_category":0,"footnotes":""},"class_list":["post-28585","page","type-page","status-publish","hentry"],"aioseo_notices":[],"_links":{"self":[{"href":"https:\/\/www.asperbio.com\/et\/wp-json\/wp\/v2\/pages\/28585","targetHints":{"allow":["GET"]}}],"collection":[{"href":"https:\/\/www.asperbio.com\/et\/wp-json\/wp\/v2\/pages"}],"about":[{"href":"https:\/\/www.asperbio.com\/et\/wp-json\/wp\/v2\/types\/page"}],"author":[{"embeddable":true,"href":"https:\/\/www.asperbio.com\/et\/wp-json\/wp\/v2\/users\/11"}],"replies":[{"embeddable":true,"href":"https:\/\/www.asperbio.com\/et\/wp-json\/wp\/v2\/comments?post=28585"}],"version-history":[{"count":1,"href":"https:\/\/www.asperbio.com\/et\/wp-json\/wp\/v2\/pages\/28585\/revisions"}],"predecessor-version":[{"id":28587,"href":"https:\/\/www.asperbio.com\/et\/wp-json\/wp\/v2\/pages\/28585\/revisions\/28587"}],"up":[{"embeddable":true,"href":"https:\/\/www.asperbio.com\/et\/wp-json\/wp\/v2\/pages\/19236"}],"wp:attachment":[{"href":"https:\/\/www.asperbio.com\/et\/wp-json\/wp\/v2\/media?parent=28585"}],"curies":[{"name":"wp","href":"https:\/\/api.w.org\/{rel}","templated":true}]}}