{"id":28379,"date":"2023-01-04T19:06:45","date_gmt":"2023-01-04T17:06:45","guid":{"rendered":"https:\/\/www.asperbio.com\/?page_id=28379"},"modified":"2023-01-09T12:25:56","modified_gmt":"2023-01-09T10:25:56","slug":"okulofarungeaalne-lihasdustroofia-opmd","status":"publish","type":"page","link":"https:\/\/www.asperbio.com\/et\/asper-neurogenetics-testid\/okulofarungeaalne-lihasdustroofia\/","title":{"rendered":"Okulofar\u00fcngeaalne lihasd\u00fcstroofia"},"content":{"rendered":"<h2 style=\"padding-left: 5px;\"><span style=\"color: #dcc900;\">Okulofar\u00fcngeaalne lihasd\u00fcstroofia<br \/>\n<\/span><\/h2>\n<div class=\"sm_post_content\" style=\"background: url('https:\/\/www.asperbio.com\/wp-content\/uploads\/Neuro-01.png') repeat-y; padding-left: 40px;\">\n<table class=\"table no-border no-margin\" border=\"0\" cellspacing=\"0\" cellpadding=\"0\">\n<tbody>\n<tr>\n<td width=\"110\"><strong>Geenid:<\/strong><\/td>\n<td>OPMD (PABPN1)<\/td>\n<\/tr>\n<\/tbody>\n<\/table>\n<hr style=\"color: #dcc900; background-color: #dcc900; height: 2px; border: none; width: 100%;\" \/>\n<table class=\"table no-border no-margin\" border=\"0\" cellspacing=\"0\" cellpadding=\"0\">\n<tbody>\n<tr>\n<td width=\"110\"><strong>Metoodika:<\/strong><\/td>\n<td>Sanger sekveneerimine<\/td>\n<\/tr>\n<\/tbody>\n<\/table>\n<hr style=\"color: #dcc900; background-color: #dcc900; height: 2px; border: none; width: 100%;\" \/>\n<table class=\"table no-border no-margin\" border=\"0\" cellspacing=\"0\" cellpadding=\"0\">\n<tbody>\n<tr>\n<td width=\"110\"><strong>Testi valmimisaeg:<\/strong><\/td>\n<td>2-4 n\u00e4dalat<\/td>\n<\/tr>\n<\/tbody>\n<\/table>\n<hr style=\"color: #dcc900; background-color: #dcc900; height: 2px; border: none; width: 100%;\" \/>\n<table class=\"table no-border no-margin\" border=\"0\" cellspacing=\"0\" cellpadding=\"0\">\n<tbody>\n<tr>\n<td width=\"110\"><strong>N\u00f5uded proovi-materjalile:<\/strong><\/td>\n<td>2-4 ml t\u00e4isverd antikoagulandiga EDTA (lilla korgiga katsuti)<\/p>\n<p>1 \u00b5g DNA-d elueerituna TE, AE puhvris v\u00f5i steriilses vees, kontsentratsiooniga 100-250 ng\/\u00b5l<br \/>\nDNA saata toatemperatuuril v\u00f5i k\u00fclmutatuna. A260\/A280 suhe peaks olema 1.8-2.0. DNA peab agaroosgeelis pikkusmarkeri juuresolekul olema detekteeritav \u00fche tervikliku b\u00e4ndina.<\/td>\n<\/tr>\n<\/tbody>\n<\/table>\n<hr style=\"color: #dcc900; background-color: #dcc900; height: 2px; border: none; width: 100%;\" \/>\n<table class=\"table no-border no-margin\" border=\"0\" cellspacing=\"0\" cellpadding=\"0\">\n<tbody>\n<tr>\n<td width=\"110\"><strong>Tellimine:<\/strong><\/td>\n<td>Proovimaterjal saata koos <span style=\"color: #dcc900;\"><strong><a style=\"color: #dcc900;\" href=\"https:\/\/www.asperbio.com\/wp-content\/uploads\/Asper-Neurogenetics-saatekiri-1.doc\">saatekirjaga<\/a><\/strong><\/span> Asper Biogene laborisse<\/td>\n<\/tr>\n<\/tbody>\n<\/table>\n<hr style=\"color: #dcc900; background-color: #dcc900; height: 2px; border: none; width: 100%;\" \/>\n<\/div>\n<p><strong>N\u00e4idustused geenitesti tegemiseks:<\/strong><\/p>\n<ol>\n<li>Kliinilise diagnoosi kinnitamine<\/li>\n<li>Patsiendi pereliikmete testimine<\/li>\n<li>Geneetiline n\u00f5ustamine<\/li>\n<\/ol>\n<p><strong>\u00a0<\/strong><\/p>\n<p>Okulofar\u00fcngeaalne d\u00fcstroofia on tavaliselt autosoomne dominantne alles t\u00e4iskasvanueas algav haigus (s\u00fcmptomid kirjeldatud p\u00e4rast 40. eluaastat). On kirjeldatud ka selle haiguse autosoomset retsessiivset t\u00fc\u00fcpi. Haigus algab ajavahemikus neljandast kuuenda eluk\u00fcmnendini, v\u00e4ljendudes ptoosina (\u00fclemise silmalau allavaje), mis haiguse algstaadiumis v\u00f5ib olla as\u00fcmmeetriline. Lisandub neelamish\u00e4ire (d\u00fcsfaagia) ja kujuneb m\u00f5ningane n\u00e4olihaste n\u00f5rkus. OPMD histoloogiliseks tunnuseks on unikaalsete tuumasiseste filamentide kuhjumine skeletilihaskiududesse (Tome et al., 1995). OPMD-d on kirjeldatud \u00fclemaailmselt erinevates etnilistes r\u00fchmades.<\/p>","protected":false},"excerpt":{"rendered":"<p>Okulofar\u00fcngeaalne lihasd\u00fcstroofia Geenid: OPMD (PABPN1) Metoodika: Sanger sekveneerimine Testi valmimisaeg: 2-4 n\u00e4dalat N\u00f5uded proovi-materjalile: 2-4 ml t\u00e4isverd antikoagulandiga EDTA (lilla korgiga katsuti) 1 \u00b5g DNA-d elueerituna TE, AE puhvris v\u00f5i steriilses vees, kontsentratsiooniga 100-250 ng\/\u00b5l DNA saata toatemperatuuril v\u00f5i k\u00fclmutatuna. A260\/A280 suhe peaks olema 1.8-2.0. DNA peab agaroosgeelis pikkusmarkeri juuresolekul olema detekteeritav \u00fche tervikliku b\u00e4ndina. [&hellip;]<\/p>\n","protected":false},"author":11,"featured_media":0,"parent":14761,"menu_order":0,"comment_status":"closed","ping_status":"closed","template":"","meta":{"_monsterinsights_skip_tracking":false,"_monsterinsights_sitenote_active":false,"_monsterinsights_sitenote_note":"","_monsterinsights_sitenote_category":0,"footnotes":""},"class_list":["post-28379","page","type-page","status-publish","hentry"],"aioseo_notices":[],"_links":{"self":[{"href":"https:\/\/www.asperbio.com\/et\/wp-json\/wp\/v2\/pages\/28379","targetHints":{"allow":["GET"]}}],"collection":[{"href":"https:\/\/www.asperbio.com\/et\/wp-json\/wp\/v2\/pages"}],"about":[{"href":"https:\/\/www.asperbio.com\/et\/wp-json\/wp\/v2\/types\/page"}],"author":[{"embeddable":true,"href":"https:\/\/www.asperbio.com\/et\/wp-json\/wp\/v2\/users\/11"}],"replies":[{"embeddable":true,"href":"https:\/\/www.asperbio.com\/et\/wp-json\/wp\/v2\/comments?post=28379"}],"version-history":[{"count":2,"href":"https:\/\/www.asperbio.com\/et\/wp-json\/wp\/v2\/pages\/28379\/revisions"}],"predecessor-version":[{"id":28647,"href":"https:\/\/www.asperbio.com\/et\/wp-json\/wp\/v2\/pages\/28379\/revisions\/28647"}],"up":[{"embeddable":true,"href":"https:\/\/www.asperbio.com\/et\/wp-json\/wp\/v2\/pages\/14761"}],"wp:attachment":[{"href":"https:\/\/www.asperbio.com\/et\/wp-json\/wp\/v2\/media?parent=28379"}],"curies":[{"name":"wp","href":"https:\/\/api.w.org\/{rel}","templated":true}]}}