{"id":27376,"date":"2021-04-14T15:46:27","date_gmt":"2021-04-14T12:46:27","guid":{"rendered":"https:\/\/www.asperbio.com\/?page_id=27376"},"modified":"2021-04-14T15:52:35","modified_gmt":"2021-04-14T12:52:35","slug":"kontratseptiivid-hormoonasendusravi-pgx","status":"publish","type":"page","link":"https:\/\/www.asperbio.com\/et\/asper-pharmacogenetics\/kontratseptiivid-hormoonasendusravi-pgx\/","title":{"rendered":"Kontratseptiivid + hormoonasendusravi PGx"},"content":{"rendered":"<h2 style=\"padding-left: 5px;\"><span style=\"color: #00a898;\">Kontratseptiivid + hormoonasendusravi PGx<\/span><\/h2>\n<div class=\"sm_post_content\" style=\"background: url('https:\/\/www.asperbio.com\/wp-content\/uploads\/Asper-Pharmacogenetics-01.png') repeat-y; padding-left: 40px;\">\n<table class=\"table no-border no-margin\" border=\"0\" cellspacing=\"0\" cellpadding=\"0\">\n<tbody>\n<tr>\n<td width=\"110\"><strong>Geen:<\/strong><\/td>\n<td><em>F2, F5<\/em><\/td>\n<\/tr>\n<\/tbody>\n<\/table>\n<hr style=\"color: #00a898; background-color: #00a898; height: 2px; border: none; width: 100%;\" \/>\n<table class=\"table no-border no-margin\" border=\"0\" cellspacing=\"0\" cellpadding=\"0\">\n<tbody>\n<tr>\n<td width=\"110\"><strong>Metoodika:<\/strong><\/td>\n<td>RFLP<\/td>\n<\/tr>\n<\/tbody>\n<\/table>\n<hr style=\"color: #00a898; background-color: #00a898; height: 2px; border: none; width: 100%;\" \/>\n<table class=\"table no-border no-margin\" border=\"0\" cellspacing=\"0\" cellpadding=\"0\">\n<tbody>\n<tr>\n<td width=\"110\"><strong>Marker:<\/strong><\/td>\n<td>2 (<em>F2<\/em> 20210G&gt;A,<em> F5<\/em> 1691G&gt;A)<\/td>\n<\/tr>\n<\/tbody>\n<\/table>\n<hr style=\"color: #00a898; background-color: #00a898; height: 2px; border: none; width: 100%;\" \/>\n<table class=\"table no-border no-margin\" border=\"0\" cellspacing=\"0\" cellpadding=\"0\">\n<tbody>\n<tr>\n<td width=\"110\"><strong>Testi valmimisaeg:<\/strong><\/td>\n<td>2-4 n\u00e4dalat<\/td>\n<\/tr>\n<\/tbody>\n<\/table>\n<hr style=\"color: #00a898; background-color: #00a898; height: 2px; border: none; width: 100%;\" \/>\n<table class=\"table no-border no-margin\" border=\"0\" cellspacing=\"0\" cellpadding=\"0\">\n<tbody>\n<tr>\n<td width=\"110\"><strong>N\u00f5uded proovi-materjalile:<\/strong><\/td>\n<td>2-4 ml t\u00e4isverd antikoagulandiga EDTA (lilla korgiga katsuti)<\/p>\n<p>300 ng\u00a0DNA-d elueerituna TE, AE puhvris v\u00f5i steriilses vees, kontsentratsiooniga 100-250 ng\/\u00b5l<br \/>\nDNA saata toatemperatuuril v\u00f5i k\u00fclmutatuna. A260\/A280 suhe peaks olema 1.8-2.0. DNA peab agaroosgeelis pikkusmarkeri juuresolekul olema detekteeritav \u00fche tervikliku b\u00e4ndina.<\/td>\n<\/tr>\n<\/tbody>\n<\/table>\n<hr style=\"color: #00a898; background-color: #00a898; height: 2px; border: none; width: 100%;\" \/>\n<table class=\"table no-border no-margin\" border=\"0\" cellspacing=\"0\" cellpadding=\"0\">\n<tbody>\n<tr>\n<td width=\"110\"><strong>Tellimine:<\/strong><\/td>\n<td>Proovimaterjal saata koos <span style=\"color: #00a898;\"><strong><a style=\"color: #00a898;\" href=\"https:\/\/www.asperbio.com\/wp-content\/uploads\/Asper-Pharmacogenetics-saatekiri.docx\">saatekirjaga<\/a><\/strong><\/span> Asper Biogene laborisse<\/td>\n<\/tr>\n<\/tbody>\n<\/table>\n<hr style=\"color: #00a898; background-color: #00a898; height: 2px; border: none; width: 100%;\" \/>\n<\/div>\n<p><strong>N\u00e4idustused geenitesti tegemiseks:<\/strong><\/p>\n<ol>\n<li>Esmane v\u00f5i korduv venoosne trombemboolia (VTE) anamneesis, eriti naistel, kellel on VTE esinenud raseduse ajal v\u00f5i \u00f6strogeeni sisaldavaid kontratseptiive kasutades<\/li>\n<li>Esmane VTE tamoksifeeni v\u00f5i teisi SERM-e tarvitades<\/li>\n<li>VTE esinemine \u00fcle 50-aastastel ilma tromboosi esilekutsuva riskifaktorita<\/li>\n<li>Korduv VTE pereanamneesis<\/li>\n<li>Riskigruppi kuuluvate naissoost pereliikmete testimine<\/li>\n<li>Geneetiline konsultatsioon<\/li>\n<\/ol>\n<p><strong>Venoosne trombemboolia<\/strong> v\u00e4ljendub t\u00e4iskasvanutel k\u00f5ige sagedamini <strong>s\u00fcvaveeni tromboosi<\/strong> ja <strong>kopsuarteri trombembooliana<\/strong>. S\u00fcvaveeni tromboos on sagedaseim VTE avaldumisviis, enamasti tekib jalgades. Harvematel juhtudel v\u00f5ib tromboos esineda ka teistes keha piirkondades.<\/p>\n<p><strong>F5<\/strong> ja <strong>F2 trombofiilia<\/strong> p\u00e4randuvad autosoom-dominantselt. \u00dclalmainitud geenivariantide heteros\u00fcgootsus suurendab tromboosiriski, homos\u00fcgootidel on tromboosirisk k\u00f5rgem kui heteros\u00fcgootidel.<\/p>\n<p>Trombofiilia kliiniline v\u00e4ljendus s\u00f5ltub perekonna anamneesist, geneetilistest muutustest, omandatud trombofiilsetest h\u00e4iretest ja kaudsetest riskifaktoritest. Kaudseteks riskifaktoriteks on rasedus, tsentraalveeni kateeter, reisimine, kombineeritud suukaudsed kontratseptiivid (KSK) ja muud kombineeritud kontratseptiivid, suukaudne hormoonasendusravi, selektiivsed \u00f6strogeeni retseptori modulaatorid (SERM-id), rasvumine, jala trauma, k\u00f5rgem iga jne.<\/p>\n<p>F5 Leideni trombofiilia on k\u00f5ige sagedasem p\u00e4riliku trombofiilia vorm. Leideni\u00a0mutatsiooni\u00a0suhtes\u00a0heteros\u00fcgootseid inimesi on USA ja Euroopa populatsioonis 3-8%. F2\u00a020210G&gt;A heteros\u00fcgoote on USA ja Euroopa populatsioonis 1,7-3%. Sagedus varieerub populatsiooniti. K\u00f5ige rohkem on heteros\u00fcgoote Euroopas.<\/p>\n<p>F5 Leideni\u00a0 ja F2\u00a020210G&gt;A mutatsioonide suhtes\u00a0heteros\u00fcgootsed naised, kelle pereanamneesis esineb VTE, peaksid v\u00e4ltima <strong>\u00f6strogeeni sisaldavaid kontratseptiive<\/strong> ja <strong>hormoonasendusravi<\/strong>. Nende geenivariantide suhtes homos\u00fcgootsed naised peaksid v\u00e4ltima \u00fclalmainitud preparaatide kasutamist vaatamata sellele, kas neil on perekonnas VTE-d esinenud v\u00f5i mitte.<\/p>\n<p>F5 Leideni\u00a0\u00a0ja F2\u00a020210G&gt;A mutatsioonide suhtes\u00a0heteros\u00fcgootsetel as\u00fcmptomaatilistel naistel on soovitav valida muu alternatiivne rasestumisvastane ja menopausi s\u00fcmptomite kontrolli all hoidmise meetod. Need, kes valivad KSK-d, peaksid v\u00e4ltima kolmanda generatsiooni preparaate. T\u00f5siste menopausi s\u00fcmptomite leevendamiseks hormoonasendusravi kasutamisel on neil soovitav v\u00e4ltida suukaudseid ravimeid.<\/p>","protected":false},"excerpt":{"rendered":"<p>Kontratseptiivid + hormoonasendusravi PGx Geen: F2, F5 Metoodika: RFLP Marker: 2 (F2 20210G&gt;A, F5 1691G&gt;A) Testi valmimisaeg: 2-4 n\u00e4dalat N\u00f5uded proovi-materjalile: 2-4 ml t\u00e4isverd antikoagulandiga EDTA (lilla korgiga katsuti) 300 ng\u00a0DNA-d elueerituna TE, AE puhvris v\u00f5i steriilses vees, kontsentratsiooniga 100-250 ng\/\u00b5l DNA saata toatemperatuuril v\u00f5i k\u00fclmutatuna. A260\/A280 suhe peaks olema 1.8-2.0. DNA peab agaroosgeelis pikkusmarkeri [&hellip;]<\/p>\n","protected":false},"author":2,"featured_media":0,"parent":27285,"menu_order":0,"comment_status":"closed","ping_status":"closed","template":"","meta":{"_monsterinsights_skip_tracking":false,"_monsterinsights_sitenote_active":false,"_monsterinsights_sitenote_note":"","_monsterinsights_sitenote_category":0,"footnotes":""},"class_list":["post-27376","page","type-page","status-publish","hentry"],"aioseo_notices":[],"_links":{"self":[{"href":"https:\/\/www.asperbio.com\/et\/wp-json\/wp\/v2\/pages\/27376","targetHints":{"allow":["GET"]}}],"collection":[{"href":"https:\/\/www.asperbio.com\/et\/wp-json\/wp\/v2\/pages"}],"about":[{"href":"https:\/\/www.asperbio.com\/et\/wp-json\/wp\/v2\/types\/page"}],"author":[{"embeddable":true,"href":"https:\/\/www.asperbio.com\/et\/wp-json\/wp\/v2\/users\/2"}],"replies":[{"embeddable":true,"href":"https:\/\/www.asperbio.com\/et\/wp-json\/wp\/v2\/comments?post=27376"}],"version-history":[{"count":3,"href":"https:\/\/www.asperbio.com\/et\/wp-json\/wp\/v2\/pages\/27376\/revisions"}],"predecessor-version":[{"id":27380,"href":"https:\/\/www.asperbio.com\/et\/wp-json\/wp\/v2\/pages\/27376\/revisions\/27380"}],"up":[{"embeddable":true,"href":"https:\/\/www.asperbio.com\/et\/wp-json\/wp\/v2\/pages\/27285"}],"wp:attachment":[{"href":"https:\/\/www.asperbio.com\/et\/wp-json\/wp\/v2\/media?parent=27376"}],"curies":[{"name":"wp","href":"https:\/\/api.w.org\/{rel}","templated":true}]}}