{"id":27285,"date":"2021-03-25T12:17:41","date_gmt":"2021-03-25T10:17:41","guid":{"rendered":"https:\/\/www.asperbio.com\/?page_id=27285"},"modified":"2021-04-14T15:54:56","modified_gmt":"2021-04-14T12:54:56","slug":"asper-pharmacogenetics","status":"publish","type":"page","link":"https:\/\/www.asperbio.com\/et\/asper-pharmacogenetics\/","title":{"rendered":"Asper Pharmacogenetics"},"content":{"rendered":"<h1 style=\"padding-left: 5px;\"><span style=\"color: #00a898;\">Asper Pharmacogenetics<\/span><\/h1>\n<div class=\"sm_post_content\" style=\"background: url('https:\/\/www.asperbio.com\/wp-content\/uploads\/Asper-Pharmacogenetics-01.png') repeat-y; padding-left: 40px;\">\n<h4><strong> <a title=\"Aminogl\u00fckosiididest tingitud kurtus\" href=\"https:\/\/www.asperbio.com\/et\/asper-pharmacogenetics\/aminoglukosiididest-tingitud-kurtuse-mutatsioonanaluus\/\">Aminogl\u00fckosiididest tingitud kurtus<\/a><\/strong><br \/>\n<strong> <a title=\"Antidepressandid PGx\" href=\"https:\/\/www.asperbio.com\/et\/asper-pharmacogenetics\/antidepressandid-pgx\/\">Antidepressandid PGx<\/a><\/strong><br \/>\n<strong> <a title=\"Kontratseptiivid + hormoonasendusravi PGx\" href=\"https:\/\/www.asperbio.com\/et\/asper-pharmacogenetics\/kontratseptiivid-hormoonasendusravi-pgx\/\">Kontratseptiivid + hormoonasendusravi PGx<\/a><\/strong><br \/>\n<strong> <a title=\"Pahaloomuline h\u00fcpertermia\" href=\"https:\/\/www.asperbio.com\/et\/asper-pharmacogenetics\/pahaloomulise-hupertermiaga-seotud-geenide-sekveneerimine\/\">Pahaloomuline h\u00fcpertermia<\/a><\/strong><br \/>\n<strong> <a title=\"Statiin-seoseline m\u00fcopaatia\" href=\"https:\/\/www.asperbio.com\/et\/asper-pharmacogenetics\/statiin-seoselise-muopaatiaga-seotud-mutatsioonanaluus\/\">Statiin-seoseline m\u00fcopaatia<\/a><\/strong><\/h4>\n<\/div>\n<p><b>Asper Pharmacogenetics<\/b> on valik geeniteste, mille fookuseks on geenide ja ravimite omavahelise m\u00f5ju hindamine. Valikus olevad testid annavad informatsiooni nii <strong>ravimite metabolismi<\/strong> kui ka v\u00f5imalike <strong>k\u00f5rvaltoimete tekkeriski<\/strong> kohta.<\/p>\n<p>Viimastel aastatel on l\u00e4bi viidud ulatuslikke uuringuid geenide ja ravimite vastastikuse m\u00f5ju hindamiseks. Uuringud on n\u00e4idanud geneetilisel informatsioonil p\u00f5hineva ravi kasvavat osat\u00e4htsust ja selle laiemat kasutamist personaalmeditsiinis.<\/p>\n<p>Teades ravimite metabolismi m\u00f5jutavaid geneetilisi faktoreid ja rakendades <strong>genot\u00fc\u00fcbist l\u00e4htuvat ravimite m\u00e4\u00e4ramist<\/strong>, aitab see suurendada ravimite efektiivsust kui ka v\u00e4ltida ohtlikke k\u00f5rvaltoimeid.<\/p>\n<p>&nbsp;<\/p>","protected":false},"excerpt":{"rendered":"<p>Asper Pharmacogenetics Aminogl\u00fckosiididest tingitud kurtus Antidepressandid PGx Kontratseptiivid + hormoonasendusravi PGx Pahaloomuline h\u00fcpertermia Statiin-seoseline m\u00fcopaatia Asper Pharmacogenetics on valik geeniteste, mille fookuseks on geenide ja ravimite omavahelise m\u00f5ju hindamine. Valikus olevad testid annavad informatsiooni nii ravimite metabolismi kui ka v\u00f5imalike k\u00f5rvaltoimete tekkeriski kohta. Viimastel aastatel on l\u00e4bi viidud ulatuslikke uuringuid geenide ja ravimite vastastikuse m\u00f5ju [&hellip;]<\/p>\n","protected":false},"author":2,"featured_media":0,"parent":0,"menu_order":0,"comment_status":"closed","ping_status":"closed","template":"","meta":{"_monsterinsights_skip_tracking":false,"_monsterinsights_sitenote_active":false,"_monsterinsights_sitenote_note":"","_monsterinsights_sitenote_category":0,"footnotes":""},"class_list":["post-27285","page","type-page","status-publish","hentry"],"aioseo_notices":[],"_links":{"self":[{"href":"https:\/\/www.asperbio.com\/et\/wp-json\/wp\/v2\/pages\/27285","targetHints":{"allow":["GET"]}}],"collection":[{"href":"https:\/\/www.asperbio.com\/et\/wp-json\/wp\/v2\/pages"}],"about":[{"href":"https:\/\/www.asperbio.com\/et\/wp-json\/wp\/v2\/types\/page"}],"author":[{"embeddable":true,"href":"https:\/\/www.asperbio.com\/et\/wp-json\/wp\/v2\/users\/2"}],"replies":[{"embeddable":true,"href":"https:\/\/www.asperbio.com\/et\/wp-json\/wp\/v2\/comments?post=27285"}],"version-history":[{"count":3,"href":"https:\/\/www.asperbio.com\/et\/wp-json\/wp\/v2\/pages\/27285\/revisions"}],"predecessor-version":[{"id":27381,"href":"https:\/\/www.asperbio.com\/et\/wp-json\/wp\/v2\/pages\/27285\/revisions\/27381"}],"wp:attachment":[{"href":"https:\/\/www.asperbio.com\/et\/wp-json\/wp\/v2\/media?parent=27285"}],"curies":[{"name":"wp","href":"https:\/\/api.w.org\/{rel}","templated":true}]}}