{"id":26233,"date":"2020-10-05T15:43:46","date_gmt":"2020-10-05T12:43:46","guid":{"rendered":"https:\/\/www.asperbio.com\/?page_id=26233"},"modified":"2022-03-25T10:50:03","modified_gmt":"2022-03-25T08:50:03","slug":"kongenitaalse-lihasdustroofiaga-seotud-geenide-sekveneerimine","status":"publish","type":"page","link":"https:\/\/www.asperbio.com\/et\/asper-neurogenetics-testid\/kaasasundinud-lihasdustroofiaga-seotud-geenide-sekveneerimine\/","title":{"rendered":"Kaasas\u00fcndinud lihasd\u00fcstroofiaga seotud geenide sekveneerimine"},"content":{"rendered":"<h2 style=\"padding-left: 5px;\"><span style=\"color: #dcc900;\">Kaasas\u00fcndinud lihasd\u00fcstroofiaga seotud<br \/>\ngeenide sekveneerimine<\/span><\/h2>\n<div class=\"sm_post_content\" style=\"background: url('https:\/\/www.asperbio.com\/wp-content\/uploads\/Neuro-01.png') repeat-y; padding-left: 40px;\">\n<table class=\"table no-border no-margin\" border=\"0\" cellspacing=\"0\" cellpadding=\"0\">\n<tbody>\n<tr>\n<td width=\"110\"><strong>Geenid:<\/strong><\/td>\n<td><em>B3GALNT2, B4GAT1, CHKB, COL12A1, COL6A1, COL6A2, COL6A3, CRPPA, DAG1, DMD, DPM1, DPM2, DPM3, EMD, FKRP, FKTN, GMPPB, ITGA7, LAMA2, LARGE1, LMNA, POMGNT1, POMGNT2, POMK, POMT1, POMT2, RXYLT1, SELENON, TCAP<\/em><\/td>\n<\/tr>\n<\/tbody>\n<\/table>\n<hr style=\"color: #dcc900; background-color: #dcc900; height: 2px; border: none; width: 100%;\" \/>\n<table class=\"table no-border no-margin\" border=\"0\" cellspacing=\"0\" cellpadding=\"0\">\n<tbody>\n<tr>\n<td width=\"110\"><strong>Mittekodeeriv ala:<\/strong><\/td>\n<td><strong><a style=\"color: #dcc900;\" title=\"Kaasas\u00fcndinud lihasd\u00fcstroofia paneeli mittekodeerivad geneetilised variandid\" href=\"https:\/\/www.asperbio.com\/et\/asper-neurogenetics-testid\/kaasas\u00fcndinud-lihasdustroofiaga-seotud-geenide-sekveneerimine\/kaasas\u00fcndinud-lihasdustroofia-paneeli-mittekodeerivad-geneetilised-variandid\/\">Mittekodeerivad geneetilised variandid<\/a><\/strong><\/td>\n<\/tr>\n<\/tbody>\n<\/table>\n<hr style=\"color: #dcc900; background-color: #dcc900; height: 2px; border: none; width: 100%;\" \/>\n<table class=\"table no-border no-margin\" border=\"0\" cellspacing=\"0\" cellpadding=\"0\">\n<tbody>\n<tr>\n<td width=\"110\"><strong>Metoodika:<\/strong><\/td>\n<td>Kodeeriva piirkonna sekveneerimine (NGS).<br \/>\nKoopiaarvu muutuste bioinformaatiline anal\u00fc\u00fcs (CNV). CNV leidude kinnitamine teise meetodiga toimub lisaanal\u00fc\u00fcsina, vastavalt hinnakirjale.<\/td>\n<\/tr>\n<\/tbody>\n<\/table>\n<hr style=\"color: #dcc900; background-color: #dcc900; height: 2px; border: none; width: 100%;\" \/>\n<table class=\"table no-border no-margin\" border=\"0\" cellspacing=\"0\" cellpadding=\"0\">\n<tbody>\n<tr>\n<td width=\"110\"><strong>Testi valmimisaeg:<\/strong><\/td>\n<td>6-9 n\u00e4dalat<\/td>\n<\/tr>\n<\/tbody>\n<\/table>\n<hr style=\"color: #dcc900; background-color: #dcc900; height: 2px; border: none; width: 100%;\" \/>\n<table class=\"table no-border no-margin\" border=\"0\" cellspacing=\"0\" cellpadding=\"0\">\n<tbody>\n<tr>\n<td width=\"110\"><strong>N\u00f5uded proovi-<br \/>\nmaterjalile:<\/strong><\/td>\n<td>2-4 ml t\u00e4isverd antikoagulandiga EDTA (lilla korgiga katsuti)<\/p>\n<p>1 \u00b5g DNA-d elueerituna TE, AE puhvris v\u00f5i steriilses vees, kontsentratsiooniga 100-250 ng\/\u00b5l<br \/>\nA260\/A280 suhe peaks olema 1.8-2.0. DNA peab agaroosgeelis pikkusmarkeri juuresolekul olema detekteeritav \u00fche tervikliku b\u00e4ndina.<\/td>\n<\/tr>\n<\/tbody>\n<\/table>\n<hr style=\"color: #dcc900; background-color: #dcc900; height: 2px; border: none; width: 100%;\" \/>\n<table class=\"table no-border no-margin\" border=\"0\" cellspacing=\"0\" cellpadding=\"0\">\n<tbody>\n<tr>\n<td width=\"110\"><strong>Tellimine:<\/strong><\/td>\n<td>Proovimaterjal saata koos <span style=\"color: #dcc900;\"><strong><a style=\"color: #dcc900;\" href=\"https:\/\/www.asperbio.com\/wp-content\/uploads\/Asper-Neurogenetics-saatekiri-1.doc\">saatekirjaga<\/a><\/strong><\/span> Asper Biogene laborisse<\/td>\n<\/tr>\n<\/tbody>\n<\/table>\n<hr style=\"color: #dcc900; background-color: #dcc900; height: 2px; border: none; width: 100%;\" \/>\n<\/div>","protected":false},"excerpt":{"rendered":"<p>Kaasas\u00fcndinud lihasd\u00fcstroofiaga seotud geenide sekveneerimine Geenid: B3GALNT2, B4GAT1, CHKB, COL12A1, COL6A1, COL6A2, COL6A3, CRPPA, DAG1, DMD, DPM1, DPM2, DPM3, EMD, FKRP, FKTN, GMPPB, ITGA7, LAMA2, LARGE1, LMNA, POMGNT1, POMGNT2, POMK, POMT1, POMT2, RXYLT1, SELENON, TCAP Mittekodeeriv ala: Mittekodeerivad geneetilised variandid Metoodika: Kodeeriva piirkonna sekveneerimine (NGS). Koopiaarvu muutuste bioinformaatiline anal\u00fc\u00fcs (CNV). CNV leidude kinnitamine teise meetodiga [&hellip;]<\/p>\n","protected":false},"author":2,"featured_media":0,"parent":14761,"menu_order":0,"comment_status":"closed","ping_status":"closed","template":"","meta":{"_monsterinsights_skip_tracking":false,"_monsterinsights_sitenote_active":false,"_monsterinsights_sitenote_note":"","_monsterinsights_sitenote_category":0,"footnotes":""},"class_list":["post-26233","page","type-page","status-publish","hentry"],"aioseo_notices":[],"_links":{"self":[{"href":"https:\/\/www.asperbio.com\/et\/wp-json\/wp\/v2\/pages\/26233","targetHints":{"allow":["GET"]}}],"collection":[{"href":"https:\/\/www.asperbio.com\/et\/wp-json\/wp\/v2\/pages"}],"about":[{"href":"https:\/\/www.asperbio.com\/et\/wp-json\/wp\/v2\/types\/page"}],"author":[{"embeddable":true,"href":"https:\/\/www.asperbio.com\/et\/wp-json\/wp\/v2\/users\/2"}],"replies":[{"embeddable":true,"href":"https:\/\/www.asperbio.com\/et\/wp-json\/wp\/v2\/comments?post=26233"}],"version-history":[{"count":3,"href":"https:\/\/www.asperbio.com\/et\/wp-json\/wp\/v2\/pages\/26233\/revisions"}],"predecessor-version":[{"id":28191,"href":"https:\/\/www.asperbio.com\/et\/wp-json\/wp\/v2\/pages\/26233\/revisions\/28191"}],"up":[{"embeddable":true,"href":"https:\/\/www.asperbio.com\/et\/wp-json\/wp\/v2\/pages\/14761"}],"wp:attachment":[{"href":"https:\/\/www.asperbio.com\/et\/wp-json\/wp\/v2\/media?parent=26233"}],"curies":[{"name":"wp","href":"https:\/\/api.w.org\/{rel}","templated":true}]}}