{"id":26178,"date":"2020-10-02T11:47:31","date_gmt":"2020-10-02T08:47:31","guid":{"rendered":"https:\/\/www.asperbio.com\/?page_id=26178"},"modified":"2020-10-02T12:00:41","modified_gmt":"2020-10-02T09:00:41","slug":"cornelia-de-lange-sundroomiga-seotud-geenide-sekveneerimine","status":"publish","type":"page","link":"https:\/\/www.asperbio.com\/et\/asper-dysmorphology-testid\/cornelia-de-lange-sundroomiga-seotud-geenide-sekveneerimine\/","title":{"rendered":"Cornelia de Lange s\u00fcndroomiga seotud geenide sekveneerimine\u00a0"},"content":{"rendered":"<h2 style=\"padding-left: 5px;\"><span style=\"color: #8399a7;\">Cornelia de Lange s\u00fcndroomiga<br \/>\nseotud geenide sekveneerimine\u00a0<\/span><\/h2>\n<div class=\"sm_post_content\" style=\"background: url('https:\/\/www.asperbio.com\/wp-content\/uploads\/Asper-Dysmorphology_01.png') repeat-y; padding-left: 40px;\">\n<table class=\"table no-border no-margin\" border=\"0\" cellspacing=\"0\" cellpadding=\"0\">\n<tbody>\n<tr>\n<td width=\"110\"><strong>Geenid:<\/strong><\/td>\n<td><em>AFF4, ANKRD11, HDAC8, KMT2A, NIPBL, RAD21, SMC3, SMC1A, TAF6<\/em><\/td>\n<\/tr>\n<\/tbody>\n<\/table>\n<hr style=\"color: #8399a7; background-color: #8399a7; height: 2px; border: none; width: 100%;\" \/>\n<table class=\"table no-border no-margin\" border=\"0\" cellspacing=\"0\" cellpadding=\"0\">\n<tbody>\n<tr>\n<td width=\"110\"><strong>Mittekodeeriv ala:<\/strong><\/td>\n<td><strong><a style=\"color: #8399a7;\" title=\"Cornelia de Lange s\u00fcndroomi paneeli mittekodeerivad geneetilised variandid\" href=\"https:\/\/www.asperbio.com\/et\/asper-dysmorphology-testid\/cornelia-de-lange-sundroomiga-seotud-geenide-sekveneerimine\/cornelia-de-lange-sundroomi-paneeli-mittekodeerivad-geneetilised-variandid\/\">Mittekodeerivad geneetilised variandid<\/a><\/strong><\/td>\n<\/tr>\n<\/tbody>\n<\/table>\n<hr style=\"color: #8399a7; background-color: #8399a7; height: 2px; border: none; width: 100%;\" \/>\n<table class=\"table no-border no-margin\" border=\"0\" cellspacing=\"0\" cellpadding=\"0\">\n<tbody>\n<tr>\n<td width=\"110\"><strong>Metoodika:<\/strong><\/td>\n<td>Kodeeriva piirkonna sekveneerimine (NGS).<br \/>\nKoopiaarvu muutuste bioinformaatiline anal\u00fc\u00fcs (CNV). CNV leidude kinnitamine teise meetodiga toimub lisaanal\u00fc\u00fcsina, vastavalt hinnakirjale.<\/td>\n<\/tr>\n<\/tbody>\n<\/table>\n<hr style=\"color: #8399a7; background-color: #8399a7; height: 2px; border: none; width: 100%;\" \/>\n<table class=\"table no-border no-margin\" border=\"0\" cellspacing=\"0\" cellpadding=\"0\">\n<tbody>\n<tr>\n<td width=\"110\"><strong>Testi valmimisaeg:<\/strong><\/td>\n<td>6-9 n\u00e4dalat<\/td>\n<\/tr>\n<\/tbody>\n<\/table>\n<hr style=\"color: #8399a7; background-color: #8399a7; height: 2px; border: none; width: 100%;\" \/>\n<table class=\"table no-border no-margin\" border=\"0\" cellspacing=\"0\" cellpadding=\"0\">\n<tbody>\n<tr>\n<td width=\"110\"><strong>N\u00f5uded proovi-<br \/>\nmaterjalile:<\/strong><\/td>\n<td>2-4 ml t\u00e4isverd antikoagulandiga EDTA (lilla korgiga katsuti)<\/p>\n<p>1\u00a0\u00b5g\u00a0DNA-d elueerituna TE, AE puhvris v\u00f5i steriilses vees, kontsentratsiooniga 100-250 ng\/\u00b5l<br \/>\nDNA saata toatemperatuuril v\u00f5i k\u00fclmutatuna. A260\/A280 suhe peaks olema 1.8-2.0. DNA peab agaroosgeelis olema detekteeritav \u00fche tervikliku b\u00e4ndina.<\/td>\n<\/tr>\n<\/tbody>\n<\/table>\n<hr style=\"color: #8399a7; background-color: #8399a7; height: 2px; border: none; width: 100%;\" \/>\n<table class=\"table no-border no-margin\" border=\"0\" cellspacing=\"0\" cellpadding=\"0\">\n<tbody>\n<tr>\n<td width=\"110\"><strong>Tellimine:<\/strong><\/td>\n<td>Proovimaterjal saata koos <strong><span style=\"color: #8399a7;\"><a style=\"color: #8399a7;\" href=\"https:\/\/www.asperbio.com\/wp-content\/uploads\/Asper-Dysmorphology-saatekiri.doc\" target=\"_blank\" rel=\"noopener noreferrer\">saatekirjaga<\/a><\/span><\/strong> Asper Biogene laborisse<\/td>\n<\/tr>\n<\/tbody>\n<\/table>\n<hr style=\"color: #8399a7; background-color: #8399a7; height: 2px; border: none; width: 100%;\" \/>\n<\/div>\n<h2 style=\"padding-left: 5px;\"><span style=\"color: #8399a7;\">Deletsioonide\/duplikatsioonide anal\u00fc\u00fcs<\/span><\/h2>\n<div class=\"sm_post_content\" style=\"background: url('https:\/\/www.asperbio.com\/wp-content\/uploads\/Asper-Dysmorphology_01.png') repeat-y; padding-left: 40px;\">\n<table class=\"table no-border no-margin\" border=\"0\" cellspacing=\"0\" cellpadding=\"0\">\n<tbody>\n<tr>\n<td width=\"110\"><strong>Geenid:<\/strong><\/td>\n<td><em>NIPBL<\/em><\/td>\n<\/tr>\n<\/tbody>\n<\/table>\n<hr style=\"color: #8399a7; background-color: #8399a7; height: 2px; border: none; width: 100%;\" \/>\n<table class=\"table no-border no-margin\" border=\"0\" cellspacing=\"0\" cellpadding=\"0\">\n<tbody>\n<tr>\n<td width=\"110\"><strong>Metoodika:<\/strong><\/td>\n<td>MLPA<\/td>\n<\/tr>\n<\/tbody>\n<\/table>\n<hr style=\"color: #8399a7; background-color: #8399a7; height: 2px; border: none; width: 100%;\" \/>\n<table class=\"table no-border no-margin\" border=\"0\" cellspacing=\"0\" cellpadding=\"0\">\n<tbody>\n<tr>\n<td width=\"110\"><strong>Testi valmimisaeg:<\/strong><\/td>\n<td>4-6 n\u00e4dalat<\/td>\n<\/tr>\n<\/tbody>\n<\/table>\n<hr style=\"color: #8399a7; background-color: #8399a7; height: 2px; border: none; width: 100%;\" \/>\n<table class=\"table no-border no-margin\" border=\"0\" cellspacing=\"0\" cellpadding=\"0\">\n<tbody>\n<tr>\n<td width=\"110\"><strong>N\u00f5uded proovi-<br \/>\nmaterjalile:<\/strong><\/td>\n<td>2-4 ml t\u00e4isverd antikoagulandiga EDTA (lilla korgiga katsuti)<\/p>\n<p>1\u00a0\u00b5g\u00a0DNA-d elueerituna TE, AE puhvris v\u00f5i steriilses vees, kontsentratsiooniga 100-250 ng\/\u00b5l<br \/>\nDNA saata toatemperatuuril v\u00f5i k\u00fclmutatuna. A260\/A280 suhe peaks olema 1.8-2.0. DNA peab agaroosgeelis olema detekteeritav \u00fche tervikliku b\u00e4ndina.<\/td>\n<\/tr>\n<\/tbody>\n<\/table>\n<hr style=\"color: #8399a7; background-color: #8399a7; height: 2px; border: none; width: 100%;\" \/>\n<table class=\"table no-border no-margin\" border=\"0\" cellspacing=\"0\" cellpadding=\"0\">\n<tbody>\n<tr>\n<td width=\"110\"><strong>Tellimine:<\/strong><\/td>\n<td>Proovimaterjal saata koos <strong><span style=\"color: #8399a7;\"><a style=\"color: #8399a7;\" href=\"https:\/\/www.asperbio.com\/wp-content\/uploads\/Asper-Dysmorphology-saatekiri.doc\" target=\"_blank\" rel=\"noopener noreferrer\">saatekirjaga<\/a><\/span><\/strong> Asper Biogene laborisse<\/td>\n<\/tr>\n<\/tbody>\n<\/table>\n<hr style=\"color: #8399a7; background-color: #8399a7; height: 2px; border: none; width: 100%;\" \/>\n<\/div>\n<p><strong>N\u00e4idustused geenitesti tegemiseks:<\/strong><\/p>\n<ol>\n<li>Kliinilise diagnoosi kinnitamine<\/li>\n<li>Kandluse m\u00e4\u00e4ramine perekonna naisliinis<\/li>\n<li>S\u00fcnnieelne diagnostika, kui perekondlik mutatsioon on teada<\/li>\n<li>Geneetiline n\u00f5ustamine<\/li>\n<\/ol>\n<p><strong>Cornelia\u00a0de\u00a0Lange s\u00fcndroomile\u00a0(CdLS)<\/strong> on omased iseloomulikud n\u00e4ojooned, kasvupeetus, arengupeetus, hirsutism ja j\u00e4semete anomaaliad. N\u00e4ojoontele on omased kokkukasvanud\u00a0kaarjad kulmud, pikad ripsmed, v\u00e4ike \u00fclespidi p\u00f6\u00f6rdunud nina ja\u00a0\u00f5hukesed\u00a0allapoole p\u00f6\u00f6rdunud huuled, suurte vahedega v\u00e4ikesed hambad ja\u00a0mikrotsefaalia.<\/p>\n<p>T\u00e4iendavalt v\u00f5ib esineda s\u00fcdamerike, seedetrakti h\u00e4ired, kuulmislangus, m\u00fcoopia, krambihood,\u00a0suulael\u00f5he, kr\u00fcptorhism v\u00f5i h\u00fcpoplastilised genitaalid.<\/p>\n<p>Haiguse klassikalise vormi esinemissagedus on hinnanguliselt 1 : 50 000. Cornelia de Lange s\u00fcndroom esineb\u00a0autosoom-dominantse\u00a0v\u00f5i\u00a0X-liitelisena.<\/p>","protected":false},"excerpt":{"rendered":"<p>Cornelia de Lange s\u00fcndroomiga seotud geenide sekveneerimine\u00a0 Geenid: AFF4, ANKRD11, HDAC8, KMT2A, NIPBL, RAD21, SMC3, SMC1A, TAF6 Mittekodeeriv ala: Mittekodeerivad geneetilised variandid Metoodika: Kodeeriva piirkonna sekveneerimine (NGS). Koopiaarvu muutuste bioinformaatiline anal\u00fc\u00fcs (CNV). CNV leidude kinnitamine teise meetodiga toimub lisaanal\u00fc\u00fcsina, vastavalt hinnakirjale. Testi valmimisaeg: 6-9 n\u00e4dalat N\u00f5uded proovi- materjalile: 2-4 ml t\u00e4isverd antikoagulandiga EDTA (lilla korgiga [&hellip;]<\/p>\n","protected":false},"author":2,"featured_media":0,"parent":19236,"menu_order":0,"comment_status":"closed","ping_status":"closed","template":"","meta":{"_monsterinsights_skip_tracking":false,"_monsterinsights_sitenote_active":false,"_monsterinsights_sitenote_note":"","_monsterinsights_sitenote_category":0,"footnotes":""},"class_list":["post-26178","page","type-page","status-publish","hentry"],"aioseo_notices":[],"_links":{"self":[{"href":"https:\/\/www.asperbio.com\/et\/wp-json\/wp\/v2\/pages\/26178","targetHints":{"allow":["GET"]}}],"collection":[{"href":"https:\/\/www.asperbio.com\/et\/wp-json\/wp\/v2\/pages"}],"about":[{"href":"https:\/\/www.asperbio.com\/et\/wp-json\/wp\/v2\/types\/page"}],"author":[{"embeddable":true,"href":"https:\/\/www.asperbio.com\/et\/wp-json\/wp\/v2\/users\/2"}],"replies":[{"embeddable":true,"href":"https:\/\/www.asperbio.com\/et\/wp-json\/wp\/v2\/comments?post=26178"}],"version-history":[{"count":3,"href":"https:\/\/www.asperbio.com\/et\/wp-json\/wp\/v2\/pages\/26178\/revisions"}],"predecessor-version":[{"id":26192,"href":"https:\/\/www.asperbio.com\/et\/wp-json\/wp\/v2\/pages\/26178\/revisions\/26192"}],"up":[{"embeddable":true,"href":"https:\/\/www.asperbio.com\/et\/wp-json\/wp\/v2\/pages\/19236"}],"wp:attachment":[{"href":"https:\/\/www.asperbio.com\/et\/wp-json\/wp\/v2\/media?parent=26178"}],"curies":[{"name":"wp","href":"https:\/\/api.w.org\/{rel}","templated":true}]}}