{"id":24725,"date":"2019-10-17T14:01:10","date_gmt":"2019-10-17T11:01:10","guid":{"rendered":"https:\/\/www.asperbio.com\/?page_id=24725"},"modified":"2019-10-17T14:01:43","modified_gmt":"2019-10-17T11:01:43","slug":"glukosuulimise-kaasasundinud-defektidega-seotud-geenide-sekveneerimine","status":"publish","type":"page","link":"https:\/\/www.asperbio.com\/et\/asper-metabolic-disorders-testid\/glukosuulimise-kaasasundinud-defektidega-seotud-geenide-sekveneerimine\/","title":{"rendered":"Gl\u00fckos\u00fc\u00fclimise kaasas\u00fcndinud defektidega seotud geenide sekveneerimine"},"content":{"rendered":"<h2 style=\"padding-left: 5px;\"><span style=\"color: #37ac57;\">Gl\u00fckos\u00fc\u00fclimise kaasas\u00fcndinud defektidega seotud geenide sekveneerimine<\/span><\/h2>\n<div class=\"sm_post_content\" style=\"background: url('http:\/\/www.asperbio.com\/wp-content\/uploads\/Asper-Metabolic-Disorders_3.png') repeat-y; padding-left: 40px;\">\n<table class=\"table no-border no-margin\" border=\"0\" cellspacing=\"0\" cellpadding=\"0\">\n<tbody>\n<tr>\n<td width=\"110\"><strong>Geen:<\/strong><\/td>\n<td><i>ALG1, ALG11, ALG12, ALG13, ALG2, ALG3, ALG6, ALG8, ALG9, ATP6V0A2, B4GALT1, B3GLCT, COG1, COG2, COG4, COG5, COG6, COG7, COG8, DDOST, DHDDS, DOLK, DPAGT1, DPM1, DPM2, DPM3, GMPPA, GNE, MAGT1, MAN1B1, MGAT2, MOGS, MPDU1, MPI, NGLY1, PGM1, PGM3, PMM2, RFT1, SEC23B, SLC35A1, SLC35A2, SLC35C1, SRD5A3, SSR4, STT3A, STT3B, TMEM165, TUSC3<\/i><\/td>\n<\/tr>\n<\/tbody>\n<\/table>\n<hr style=\"color: #37ac57; background-color: #37ac57; height: 2px; border: none; width: 100%;\" \/>\n<table class=\"table no-border no-margin\" border=\"0\" cellspacing=\"0\" cellpadding=\"0\">\n<tbody>\n<tr>\n<td width=\"110\"><strong>Metoodika:<\/strong><\/td>\n<td>Kodeeriva piirkonna sekveneerimine (NGS).<br \/>\nKoopiaarvu muutuste bioinformaatiline anal\u00fc\u00fcs (CNV). CNV leidude kinnitamine teise meetodiga toimub lisaanal\u00fc\u00fcsina, vastavalt hinnakirjale.<\/td>\n<\/tr>\n<\/tbody>\n<\/table>\n<hr style=\"color: #37ac57; background-color: #37ac57; height: 2px; border: none; width: 100%;\" \/>\n<table class=\"table no-border no-margin\" border=\"0\" cellspacing=\"0\" cellpadding=\"0\">\n<tbody>\n<tr>\n<td width=\"110\"><strong>Testi valmimisaeg:<\/strong><\/td>\n<td>6-9 n\u00e4dalat<\/td>\n<\/tr>\n<\/tbody>\n<\/table>\n<hr style=\"color: #37ac57; background-color: #37ac57; height: 2px; border: none; width: 100%;\" \/>\n<table class=\"table no-border no-margin\" border=\"0\" cellspacing=\"0\" cellpadding=\"0\">\n<tbody>\n<tr>\n<td width=\"110\"><strong>N\u00f5uded proovi-materjalile:<\/strong><\/td>\n<td>2-4 ml t\u00e4isverd antikoagulandiga EDTA (lilla korgiga katsuti)<\/p>\n<p>1 \u00b5g DNA-d elueerituna TE, AE puhvris v\u00f5i steriilses vees, kontsentratsiooniga 100-250 ng\/\u00b5l<br \/>\nDNA saata toatemperatuuril v\u00f5i k\u00fclmutatuna. A260\/A280 suhe peaks olema 1.8-2.0. DNA peab agaroosgeelis pikkusmarkeri juuresolekul olema detekteeritav \u00fche tervikliku b\u00e4ndina.<\/td>\n<\/tr>\n<\/tbody>\n<\/table>\n<hr style=\"color: #37ac57; background-color: #37ac57; height: 2px; border: none; width: 100%;\" \/>\n<table class=\"table no-border no-margin\" border=\"0\" cellspacing=\"0\" cellpadding=\"0\">\n<tbody>\n<tr>\n<td width=\"110\"><strong>Tellimine:<\/strong><\/td>\n<td>Proovimaterjal saata koos <span style=\"color: #37ac57;\"><strong><a style=\"color: #37ac57;\" href=\"https:\/\/www.asperbio.com\/wp-content\/uploads\/Asper-Metabolic-Disorders-saatekiri.doc\">saatekirjaga<\/a><\/strong><\/span> Asper Biogene laborisse<\/td>\n<\/tr>\n<\/tbody>\n<\/table>\n<hr style=\"color: #37ac57; background-color: #37ac57; height: 2px; border: none; width: 100%;\" \/>\n<\/div>","protected":false},"excerpt":{"rendered":"<p>Gl\u00fckos\u00fc\u00fclimise kaasas\u00fcndinud defektidega seotud geenide sekveneerimine Geen: ALG1, ALG11, ALG12, ALG13, ALG2, ALG3, ALG6, ALG8, ALG9, ATP6V0A2, B4GALT1, B3GLCT, COG1, COG2, COG4, COG5, COG6, COG7, COG8, DDOST, DHDDS, DOLK, DPAGT1, DPM1, DPM2, DPM3, GMPPA, GNE, MAGT1, MAN1B1, MGAT2, MOGS, MPDU1, MPI, NGLY1, PGM1, PGM3, PMM2, RFT1, SEC23B, SLC35A1, SLC35A2, SLC35C1, SRD5A3, SSR4, STT3A, STT3B, TMEM165, [&hellip;]<\/p>\n","protected":false},"author":2,"featured_media":0,"parent":20741,"menu_order":0,"comment_status":"closed","ping_status":"closed","template":"","meta":{"_monsterinsights_skip_tracking":false,"_monsterinsights_sitenote_active":false,"_monsterinsights_sitenote_note":"","_monsterinsights_sitenote_category":0,"footnotes":""},"class_list":["post-24725","page","type-page","status-publish","hentry"],"aioseo_notices":[],"_links":{"self":[{"href":"https:\/\/www.asperbio.com\/et\/wp-json\/wp\/v2\/pages\/24725","targetHints":{"allow":["GET"]}}],"collection":[{"href":"https:\/\/www.asperbio.com\/et\/wp-json\/wp\/v2\/pages"}],"about":[{"href":"https:\/\/www.asperbio.com\/et\/wp-json\/wp\/v2\/types\/page"}],"author":[{"embeddable":true,"href":"https:\/\/www.asperbio.com\/et\/wp-json\/wp\/v2\/users\/2"}],"replies":[{"embeddable":true,"href":"https:\/\/www.asperbio.com\/et\/wp-json\/wp\/v2\/comments?post=24725"}],"version-history":[{"count":2,"href":"https:\/\/www.asperbio.com\/et\/wp-json\/wp\/v2\/pages\/24725\/revisions"}],"predecessor-version":[{"id":24727,"href":"https:\/\/www.asperbio.com\/et\/wp-json\/wp\/v2\/pages\/24725\/revisions\/24727"}],"up":[{"embeddable":true,"href":"https:\/\/www.asperbio.com\/et\/wp-json\/wp\/v2\/pages\/20741"}],"wp:attachment":[{"href":"https:\/\/www.asperbio.com\/et\/wp-json\/wp\/v2\/media?parent=24725"}],"curies":[{"name":"wp","href":"https:\/\/api.w.org\/{rel}","templated":true}]}}