{"id":24354,"date":"2019-08-22T14:37:08","date_gmt":"2019-08-22T11:37:08","guid":{"rendered":"https:\/\/www.asperbio.com\/?page_id=24354"},"modified":"2023-08-31T12:48:40","modified_gmt":"2023-08-31T09:48:40","slug":"asper-nephrology-testid","status":"publish","type":"page","link":"https:\/\/www.asperbio.com\/et\/asper-nephrology-testid\/","title":{"rendered":"Asper Nephrology testid"},"content":{"rendered":"<h1 style=\"padding-left: 5px;\"><span style=\"color: #766068;\">Asper Nephrology<\/span><\/h1>\n<div class=\"sm_post_content\" style=\"background: url('https:\/\/www.asperbio.com\/wp-content\/uploads\/Asper-Nephrology-01.png') repeat-y; padding-left: 40px;\">\n<h4><strong> <a title=\"Bardet-Biedli s\u00fcndroom\" href=\"https:\/\/www.asperbio.com\/et\/asper-nephrology-testid\/bardet-biedli-sundroomiga-seotud-geenide-sekveneerimine\/\">Bardet- Biedli s\u00fcndroom<\/a><\/strong><br \/>\n<strong> <a title=\"Bartteri s\u00fcndroom\" href=\"https:\/\/www.asperbio.com\/et\/asper-nephrology-testid\/bartteri-sundroomiga-seotud-geenide-sekveneerimine\/\">Bartteri s\u00fcndroom<\/a><\/strong><br \/>\n<strong> <a title=\"Branchio-oto-renaalne s\u00fcndroom\" href=\"https:\/\/www.asperbio.com\/et\/asper-nephrology-testid\/branchio-oto-renaalse-sundroomiga-seotud-geenide-sekveneerimine\/\">Branchio-oto-renaalne s\u00fcndroom<\/a><\/strong><br \/>\n<strong> <a title=\"Hemol\u00fc\u00fctilis-ureemiline s\u00fcndroom\" href=\"https:\/\/www.asperbio.com\/et\/asper-nephrology-testid\/hemoluutilis-ureemilise-sundroomiga-seotud-geenide-sekveneerimine\/\">Hemol\u00fc\u00fctilis-ureemiline s\u00fcndroom<\/a><\/strong><br \/>\n<strong> <a title=\"H\u00fcpomagneseemia\" href=\"https:\/\/www.asperbio.com\/et\/asper-nephrology-testid\/hupomagneseemiaga-seotud-geenide-sekveneerimine\/\">H\u00fcpomagneseemia<\/a> <\/strong><br \/>\n<strong> <a title=\"Medullaarne ts\u00fcstneer\" href=\"https:\/\/www.asperbio.com\/et\/asper-nephrology-testid\/medullaarse-tsustneeruga-seotud-geenide-sekveneerimine\/\">Medullaarne ts\u00fcstneer<\/a><\/strong><br \/>\n<strong> <a title=\"Nefrootiline s\u00fcndroom\" href=\"https:\/\/www.asperbio.com\/et\/asper-nephrology-testid\/nefrootilise-sundroomiga-seotud-geenide-sekveneerimine\/\">Nefrootiline s\u00fcndroom<\/a><\/strong><br \/>\n<strong> <a title=\"Pol\u00fcts\u00fcstneer\" href=\"https:\/\/www.asperbio.com\/et\/asper-nephrology-testid\/polutsustneeruga-seotud-geenide-sekveneerimine\/\">Pol\u00fcts\u00fcstneer<\/a><\/strong><br \/>\n<strong> <a title=\"Primaarne tsiliaarne d\u00fcskineesia\" href=\"https:\/\/www.asperbio.com\/et\/asper-nephrology-testid\/primaarse-tsiliaarse-duskineesiaga-seotud-geenide-sekveneerimine\/\">Primaarne tsiliaarne d\u00fcskineesia<\/a><\/strong><br \/>\n<strong> <a title=\"Senior-Loken s\u00fcndroom\" href=\"https:\/\/www.asperbio.com\/et\/asper-nephrology-testid\/senior-loken-sundroomiga-seotud-geenide-sekveneerimine\/\">Senior-Loken s\u00fcndroom<\/a><\/strong><br \/>\n<strong> <a title=\"Tsiliopaatiad\" href=\"https:\/\/www.asperbio.com\/et\/asper-nephrology-testid\/tsiliopaatiatega-seotud-geenide-sekveneerimine\/\">Tsiliopaatiad<\/a><\/strong><br \/>\n<strong> <a title=\"Eksoomi sekveneerimine\" href=\"https:\/\/www.asperbio.com\/et\/asper-nephrology-testid\/eksoomi-sekveneerimine\/\">Eksoomi sekveneerimine<\/a><\/strong><\/h4>\n<\/div>\n<p><strong>Asper Nephrology<\/strong> testide valik sisaldab geenipaneele <strong>p\u00e4rilike neeruhaiguste<\/strong> diagnoosimiseks, v\u00f5imaldades testida nii monogeenseid haigusi nagu pol\u00fcts\u00fcstneer kui ka komplekshaigusi.<\/p>\n<p>Laiendamaks diferentsiaaldiagnostika v\u00f5imalusi kasutame neeruhaiguste geneetiliste p\u00f5hjuste kindakstegemiseks teise p\u00f5lvkonna sekveneerimise metoodikat. Testimine h\u00f5lmab ka sekveneerimistulemustel p\u00f5hinevat koopiaarvu muutuste anal\u00fc\u00fcsi. Patogeensed\/t\u00f5en\u00e4oliselt patogeensed muutused kinnitatakse teise meetodiga.<\/p>\n<p>Haiguste geneetiliste p\u00f5hjuste v\u00e4ljaselgitamine on oluline geneetiliseks konsulteerimiseks, riski ja prognoosi hindamiseks ning prenataalses v\u00f5i preimplantatiivses diagnostikas.<\/p>","protected":false},"excerpt":{"rendered":"<p>Asper Nephrology Bardet- Biedli s\u00fcndroom Bartteri s\u00fcndroom Branchio-oto-renaalne s\u00fcndroom Hemol\u00fc\u00fctilis-ureemiline s\u00fcndroom H\u00fcpomagneseemia Medullaarne ts\u00fcstneer Nefrootiline s\u00fcndroom Pol\u00fcts\u00fcstneer Primaarne tsiliaarne d\u00fcskineesia Senior-Loken s\u00fcndroom Tsiliopaatiad Eksoomi sekveneerimine Asper Nephrology testide valik sisaldab geenipaneele p\u00e4rilike neeruhaiguste diagnoosimiseks, v\u00f5imaldades testida nii monogeenseid haigusi nagu pol\u00fcts\u00fcstneer kui ka komplekshaigusi. Laiendamaks diferentsiaaldiagnostika v\u00f5imalusi kasutame neeruhaiguste geneetiliste p\u00f5hjuste kindakstegemiseks teise p\u00f5lvkonna sekveneerimise [&hellip;]<\/p>\n","protected":false},"author":2,"featured_media":0,"parent":0,"menu_order":0,"comment_status":"closed","ping_status":"closed","template":"","meta":{"_monsterinsights_skip_tracking":false,"_monsterinsights_sitenote_active":false,"_monsterinsights_sitenote_note":"","_monsterinsights_sitenote_category":0,"footnotes":""},"class_list":["post-24354","page","type-page","status-publish","hentry"],"aioseo_notices":[],"_links":{"self":[{"href":"https:\/\/www.asperbio.com\/et\/wp-json\/wp\/v2\/pages\/24354","targetHints":{"allow":["GET"]}}],"collection":[{"href":"https:\/\/www.asperbio.com\/et\/wp-json\/wp\/v2\/pages"}],"about":[{"href":"https:\/\/www.asperbio.com\/et\/wp-json\/wp\/v2\/types\/page"}],"author":[{"embeddable":true,"href":"https:\/\/www.asperbio.com\/et\/wp-json\/wp\/v2\/users\/2"}],"replies":[{"embeddable":true,"href":"https:\/\/www.asperbio.com\/et\/wp-json\/wp\/v2\/comments?post=24354"}],"version-history":[{"count":3,"href":"https:\/\/www.asperbio.com\/et\/wp-json\/wp\/v2\/pages\/24354\/revisions"}],"predecessor-version":[{"id":29032,"href":"https:\/\/www.asperbio.com\/et\/wp-json\/wp\/v2\/pages\/24354\/revisions\/29032"}],"wp:attachment":[{"href":"https:\/\/www.asperbio.com\/et\/wp-json\/wp\/v2\/media?parent=24354"}],"curies":[{"name":"wp","href":"https:\/\/api.w.org\/{rel}","templated":true}]}}