{"id":23515,"date":"2019-02-01T11:49:03","date_gmt":"2019-02-01T09:49:03","guid":{"rendered":"https:\/\/www.asperbio.com\/?page_id=23515"},"modified":"2024-03-26T16:05:44","modified_gmt":"2024-03-26T14:05:44","slug":"geneetiline-testimine-asper-biogenes","status":"publish","type":"page","link":"https:\/\/www.asperbio.com\/et\/geneetiline-testimine-asper-biogenes\/","title":{"rendered":"Geneetiline testimine"},"content":{"rendered":"<h1>Geneetiline testimine Asper Biogene&#8217;s<\/h1>\n<p>Geneetilise testimise teostamisel Asper Biogene\u2019s j\u00e4rgitakse tunnustatud kvaliteedistandardeid, mida t\u00f5endavad ettev\u00f5ttele v\u00e4ljastatud\u00a0<strong>ISO 9001:2015 <\/strong>sertifikaat\u00a0ning <b>ISO 15189:2012 <\/b>akrediteerimistunnistus. K\u00f5rgetasemelise testimise tagamiseks osaletakse regulaarselt rahvusvahelistes kvaliteedi kontrolli v\u00f5rdluskatsetes.<span class=\"Apple-converted-space\">\u00a0<\/span><\/p>\n<h3>\u00dcksikute mutatsioonide anal\u00fc\u00fcs<\/h3>\n<p>Perekondlike ja\/v\u00f5i teadaolevate \u00fcksikute mutatsioonide anal\u00fc\u00fcs.<\/p>\n<h3>Geenide sekveneerimine<\/h3>\n<p>Geenide kodeerivate piirkondade sekveneerimine.<\/p>\n<h3>Valitud regioonide sekveneerimine<\/h3>\n<p>Valitud regioonide sekveneerimine h\u00f5lmab sagedasemate muutuste anal\u00fc\u00fcsi haigusseoselistes geenides.<span class=\"Apple-converted-space\">\u00a0<\/span><\/p>\n<h3>Deletsioonide\/duplikatsioonide anal\u00fc\u00fcs<\/h3>\n<p>Testide valikus olevate geenide deletsioonide\/duplikatsioonide anal\u00fc\u00fcs<\/p>\n<h3><a href=\"https:\/\/www.asperbio.com\/et\/geenitestid\/\">Geenipaneelide sekveneerimine<\/a><\/h3>\n<p>Testimismen\u00fc\u00fc sisaldab mitmekesist valikut hoolikalt koostatud teise p\u00f5lvkonna sekveneerimise (<i>next generation sequencing<\/i>) abil anal\u00fc\u00fcsitavaid geenipaneele (NGS paneele). Meie kliiniliselt olulised,\u00a0valideeritud ja uusimal informatsioonil p\u00f5hinevad geenipaneelid katavad \u00e4ra olulisemad meditsiinivaldkonnad nagu onkoloogia, neuroloogia, kardioloogia jne.<\/p>\n<p>NGS paneelide anal\u00fc\u00fcs h\u00f5lmab geenide kodeerivate piirkondade ja nendega k\u00fclgnevate introonsete alade sekveneerimist ning koopiaarvu muutuste bioinformaatilist anal\u00fc\u00fcsi (CNV). Patogeensed ja t\u00f5en\u00e4oliselt patogeensed leiud kinnitatakse Sangeri sekveneerimisega.<span class=\"Apple-converted-space\">\u00a0<\/span>CNV leidude kinnitamine teise meetodiga toimub lisaanal\u00fc\u00fcsina, vastavalt hinnakirjale.<\/p>\n<p>Uuendame olemasolevaid geenipaneele pidevalt ja loome uusi, vastavalt uuele teaduslikule informatsioonile ja klientide vajadustele.<\/p>\n<h3>Kohandatavad geenipaneelid<\/h3>\n<p>Lisaks valikus olevatele testidele arendame kliendi spetsiifilistele vajadustele vastavaid teste ja teenuseid.<span class=\"Apple-converted-space\">\u00a0<\/span><\/p>\n<p>Olemasolevad NGS paneelid on kergesti kohandatavad vastavalt patsientide n\u00e4idustustele ja testimisvajadustele. Vajadusel k\u00fcsige lisainformatsiooni NGS paneelide kohandamise ja lisaanal\u00fc\u00fcside kohta <a href=\"mailto:info[at]sperbio.com\">info[at]asperbio.com<\/a> v\u00f5i telefonil 7307295.<span class=\"Apple-converted-space\">\u00a0<\/span><\/p>\n<h3>Kogu eksoomi sekveneerimine<\/h3>\n<p><b>Kogu eksoomi <\/b>(<i>whole exome sequencing <\/i>(WES))\u00a0<b><\/b>anal\u00fc\u00fcsi abil sekveneeritakse umbes 20\u00a0000 inimese genoomis leiduva geeni kodeerivad piirkonnad ning nendega k\u00fclgnevad introonsed alad. Kuigi kodeerivad piirkonnad moodustavad vaid 1-2% kogu inimese genoomist, sisaldavad need ligi 85% teadaolevatest haigust p\u00f5hjustavatest mutatsioonidest.<span class=\"Apple-converted-space\"> Fenot\u00fc\u00fcbi\/diagnoosiga seonduvad patogeensed v\u00f5i t\u00f5en\u00e4oliselt patogeensed leiud kinnitatakse Sangeri sekveneerimisega.<\/span><\/p>\n<p>WES anal\u00fc\u00fcs h\u00f5lmab ka koopiaarvu muutuste bioinformaatilist anal\u00fc\u00fcsi (CNV). CNV leidude kinnitamine teise meetodiga toimub lisaanal\u00fc\u00fcsina, vastavalt hinnakirjale.<\/p>\n<p>WES tuvastab t\u00f5husalt mendeliaalsete haiguste haruldasi haigusseoselisi variante. WES anal\u00fc\u00fcs on abiks keeruliste komplekssete seisundite diagnoosimisel, eriti juhtudel kui traditsioonilised anal\u00fc\u00fcsimeetodid ei ole andnud tulemust.<span class=\"Apple-converted-space\">\u00a0<\/span><\/p>\n<p>WES anal\u00fc\u00fcs on soovitatav teostada <strong>kolme<\/strong><b>\u00a0eksoomi sekveneerimisena ehk\u00a0<\/b>perekonna<b> <\/b>liikmete<b>\u00a0trio WES anal\u00fc\u00fcsina\u00a0<\/b>(tavaliselt haige laps ja vanemad) haigust p\u00f5hjustavate mutatsioonide kiiremaks ja t\u00e4psemaks tuvastamiseks ja p\u00e4randumisviisi kindlakstegemiseks. Patsiendi fenot\u00fc\u00fcbi\/haigusega seotud muutustele lisaks raporteeritakse ka juhuslikud leiud j\u00e4rgides ACMG (<a href=\"http:\/\/www.nature.com\/gim\/journal\/v15\/n7\/full\/gim201373a.html\"><i>American College of Medical Genetics and Genomics<\/i><\/a>) soovitusi.<\/p>\n<h3>Tulemuste raporteerimine<\/h3>\n<p>Meie tulemuste raport sisaldab \u00fcksikasjalikku informatsiooni tuvastatud variantide kohta, sh bioinformaatilist anal\u00fc\u00fcsi, bioloogilist interpretatsiooni, kliinilist t\u00f5lgendust ja soovitusi edasisteks anal\u00fc\u00fcsideks. Harvaesinevad ja teadaolevad patogeensed variandid klassifitseeritakse ja hinnatakse vastavalt ACMG-AMP (<a href=\"https:\/\/www.nature.com\/articles\/gim201530\">American College of Medical Genetics and Genomics and the Association for Molecular Pathology<\/a>) juhistele. Patogeensed ja t\u00f5en\u00e4oliselt patogeensed leiud kinnitatakse Sangeri sekveneerimisega.<span class=\"Apple-converted-space\">\u00a0<\/span><\/p>\n<p>&nbsp;<\/p>\n<p>&nbsp;<\/p>","protected":false},"excerpt":{"rendered":"<p>Geneetiline testimine Asper Biogene&#8217;s Geneetilise testimise teostamisel Asper Biogene\u2019s j\u00e4rgitakse tunnustatud kvaliteedistandardeid, mida t\u00f5endavad ettev\u00f5ttele v\u00e4ljastatud\u00a0ISO 9001:2015 sertifikaat\u00a0ning ISO 15189:2012 akrediteerimistunnistus. K\u00f5rgetasemelise testimise tagamiseks osaletakse regulaarselt rahvusvahelistes kvaliteedi kontrolli v\u00f5rdluskatsetes.\u00a0 \u00dcksikute mutatsioonide anal\u00fc\u00fcs Perekondlike ja\/v\u00f5i teadaolevate \u00fcksikute mutatsioonide anal\u00fc\u00fcs. Geenide sekveneerimine Geenide kodeerivate piirkondade sekveneerimine. Valitud regioonide sekveneerimine Valitud regioonide sekveneerimine h\u00f5lmab sagedasemate muutuste anal\u00fc\u00fcsi [&hellip;]<\/p>\n","protected":false},"author":2,"featured_media":0,"parent":0,"menu_order":4,"comment_status":"closed","ping_status":"closed","template":"","meta":{"_monsterinsights_skip_tracking":false,"_monsterinsights_sitenote_active":false,"_monsterinsights_sitenote_note":"","_monsterinsights_sitenote_category":0,"footnotes":""},"class_list":["post-23515","page","type-page","status-publish","hentry"],"aioseo_notices":[],"_links":{"self":[{"href":"https:\/\/www.asperbio.com\/et\/wp-json\/wp\/v2\/pages\/23515","targetHints":{"allow":["GET"]}}],"collection":[{"href":"https:\/\/www.asperbio.com\/et\/wp-json\/wp\/v2\/pages"}],"about":[{"href":"https:\/\/www.asperbio.com\/et\/wp-json\/wp\/v2\/types\/page"}],"author":[{"embeddable":true,"href":"https:\/\/www.asperbio.com\/et\/wp-json\/wp\/v2\/users\/2"}],"replies":[{"embeddable":true,"href":"https:\/\/www.asperbio.com\/et\/wp-json\/wp\/v2\/comments?post=23515"}],"version-history":[{"count":3,"href":"https:\/\/www.asperbio.com\/et\/wp-json\/wp\/v2\/pages\/23515\/revisions"}],"predecessor-version":[{"id":29159,"href":"https:\/\/www.asperbio.com\/et\/wp-json\/wp\/v2\/pages\/23515\/revisions\/29159"}],"wp:attachment":[{"href":"https:\/\/www.asperbio.com\/et\/wp-json\/wp\/v2\/media?parent=23515"}],"curies":[{"name":"wp","href":"https:\/\/api.w.org\/{rel}","templated":true}]}}