{"id":23458,"date":"2019-01-14T16:42:53","date_gmt":"2019-01-14T14:42:53","guid":{"rendered":"https:\/\/www.asperbio.com\/?page_id=23458"},"modified":"2020-11-20T15:11:51","modified_gmt":"2020-11-20T13:11:51","slug":"waardenburgi-sundroomiga-seotud-geenide-sekveneerimine","status":"publish","type":"page","link":"https:\/\/www.asperbio.com\/et\/asper-dermatology-testid\/waardenburgi-sundroomiga-seotud-geenide-sekveneerimine\/","title":{"rendered":"Waardenburgi s\u00fcndroomiga seotud geenide sekveneerimine"},"content":{"rendered":"<h2 style=\"padding-left: 5px;\"><span style=\"color: #6859a2;\">Waardenburgi s\u00fcndroomiga<br \/>\nseotud geenide sekveneerimine<\/span><\/h2>\n<div class=\"sm_post_content\" style=\"background: url('https:\/\/www.asperbio.com\/wp-content\/uploads\/Asper-Dermatology-01.png') repeat-y; padding-left: 40px;\">\n<table class=\"table no-border no-margin\" border=\"0\" cellspacing=\"0\" cellpadding=\"0\">\n<tbody>\n<tr>\n<td width=\"110\"><strong>Geenid:<\/strong><\/td>\n<td><em>EDN3, EDNRB, MITF, PAX3, SNAI2, SOX10, TYR<\/em><\/td>\n<\/tr>\n<\/tbody>\n<\/table>\n<hr style=\"color: #6859a2; background-color: #6859a2; height: 2px; border: none; width: 100%;\" \/>\n<table class=\"table no-border no-margin\" border=\"0\" cellspacing=\"0\" cellpadding=\"0\">\n<tbody>\n<tr>\n<td width=\"110\"><strong>Metoodika:<\/strong><\/td>\n<td>Kodeeriva piirkonna sekveneerimine (NGS).<br \/>\nKoopiaarvu muutuste bioinformaatiline anal\u00fc\u00fcs (CNV). CNV leidude kinnitamine teise meetodiga toimub lisaanal\u00fc\u00fcsina, vastavalt hinnakirjale.<\/td>\n<\/tr>\n<\/tbody>\n<\/table>\n<hr style=\"color: #6859a2; background-color: #6859a2; height: 2px; border: none; width: 100%;\" \/>\n<table class=\"table no-border no-margin\" border=\"0\" cellspacing=\"0\" cellpadding=\"0\">\n<tbody>\n<tr>\n<td width=\"110\"><strong>Testi valmimisaeg:<\/strong><\/td>\n<td>6-9 n\u00e4dalat<\/td>\n<\/tr>\n<\/tbody>\n<\/table>\n<hr style=\"color: #6859a2; background-color: #6859a2; height: 2px; border: none; width: 100%;\" \/>\n<table class=\"table no-border no-margin\" border=\"0\" cellspacing=\"0\" cellpadding=\"0\">\n<tbody>\n<tr>\n<td width=\"110\"><strong>N\u00f5uded proovi-materjalile:<\/strong><\/td>\n<td>2-4 ml t\u00e4isverd antikoagulandiga EDTA (lilla korgiga katsuti)<\/p>\n<p>1 \u00b5g DNA-d elueerituna TE, AE puhvris v\u00f5i steriilses vees, kontsentratsiooniga 100-250 ng\/\u00b5l<br \/>\nDNA saata toatemperatuuril v\u00f5i k\u00fclmutatuna. A260\/A280 suhe peaks olema 1.8-2.0. DNA peab agaroosgeelis olema detekteeritav \u00fche tervikliku b\u00e4ndina.<\/td>\n<\/tr>\n<\/tbody>\n<\/table>\n<hr style=\"color: #6859a2; background-color: #6859a2; height: 2px; border: none; width: 100%;\" \/>\n<table class=\"table no-border no-margin\" border=\"0\" cellspacing=\"0\" cellpadding=\"0\">\n<tbody>\n<tr>\n<td width=\"110\"><strong>Tellimine:<\/strong><\/td>\n<td>Proovimaterjal saata koos <a href=\"https:\/\/www.asperbio.com\/wp-content\/uploads\/Asper-Dermatology-saatekiri.doc\"><span style=\"color: #6859a2;\"><strong>saatekirjaga<\/strong><\/span><\/a> Asper Biogene laborisse<\/td>\n<\/tr>\n<\/tbody>\n<\/table>\n<hr style=\"color: #6859a2; background-color: #6859a2; height: 2px; border: none; width: 100%;\" \/>\n<\/div>\n<h2 style=\"padding-left: 5px;\"><span style=\"color: #6859a2;\">Deletsioonide\/duplikatsioonide anal\u00fc\u00fcs<\/span><\/h2>\n<div class=\"sm_post_content\" style=\"background: url('https:\/\/www.asperbio.com\/wp-content\/uploads\/Asper-Dermatology-01.png') repeat-y; padding-left: 40px;\">\n<table class=\"table no-border no-margin\" border=\"0\" cellspacing=\"0\" cellpadding=\"0\">\n<tbody>\n<tr>\n<td width=\"110\"><strong>Geenid:<\/strong><\/td>\n<td><em>MITF, PAX3, SOX10<\/em><\/td>\n<\/tr>\n<\/tbody>\n<\/table>\n<hr style=\"color: #6859a2; background-color: #6859a2; height: 2px; border: none; width: 100%;\" \/>\n<table class=\"table no-border no-margin\" border=\"0\" cellspacing=\"0\" cellpadding=\"0\">\n<tbody>\n<tr>\n<td width=\"110\"><strong>Metoodika:<\/strong><\/td>\n<td>MLPA<\/td>\n<\/tr>\n<\/tbody>\n<\/table>\n<hr style=\"color: #6859a2; background-color: #6859a2; height: 2px; border: none; width: 100%;\" \/>\n<table class=\"table no-border no-margin\" border=\"0\" cellspacing=\"0\" cellpadding=\"0\">\n<tbody>\n<tr>\n<td width=\"110\"><strong>Testi valmimisaeg:<\/strong><\/td>\n<td>4-6 n\u00e4dalat<\/td>\n<\/tr>\n<\/tbody>\n<\/table>\n<hr style=\"color: #6859a2; background-color: #6859a2; height: 2px; border: none; width: 100%;\" \/>\n<table class=\"table no-border no-margin\" border=\"0\" cellspacing=\"0\" cellpadding=\"0\">\n<tbody>\n<tr>\n<td width=\"110\"><strong>N\u00f5uded proovi-materjalile:<\/strong><\/td>\n<td>2-4 ml t\u00e4isverd antikoagulandiga EDTA (lilla korgiga katsuti)<\/p>\n<p>1 \u00b5g DNA-d elueerituna TE, AE puhvris v\u00f5i steriilses vees, kontsentratsiooniga 100-250 ng\/\u00b5l<br \/>\nDNA saata toatemperatuuril v\u00f5i k\u00fclmutatuna. A260\/A280 suhe peaks olema 1.8-2.0. DNA peab agaroosgeelis olema detekteeritav \u00fche tervikliku b\u00e4ndina.<\/td>\n<\/tr>\n<\/tbody>\n<\/table>\n<hr style=\"color: #6859a2; background-color: #6859a2; height: 2px; border: none; width: 100%;\" \/>\n<table class=\"table no-border no-margin\" border=\"0\" cellspacing=\"0\" cellpadding=\"0\">\n<tbody>\n<tr>\n<td width=\"110\"><strong>Tellimine:<\/strong><\/td>\n<td>Proovimaterjal saata koos <a href=\"https:\/\/www.asperbio.com\/wp-content\/uploads\/Asper-Dermatology-saatekiri.doc\"><span style=\"color: #6859a2;\"><strong>saatekirjaga<\/strong><\/span><\/a> Asper Biogene laborisse<\/td>\n<\/tr>\n<\/tbody>\n<\/table>\n<hr style=\"color: #6859a2; background-color: #6859a2; height: 2px; border: none; width: 100%;\" \/>\n<\/div>\n<p><strong>N\u00e4idustused geenitesti tegemiseks:<\/strong><\/p>\n<ol>\n<li>Kliinilise diagnoosi kinnitamine<\/li>\n<li>Kandluse m\u00e4\u00e4ramine<\/li>\n<li>Geneetiline n\u00f5ustamine<\/li>\n<\/ol>","protected":false},"excerpt":{"rendered":"<p>Waardenburgi s\u00fcndroomiga seotud geenide sekveneerimine Geenid: EDN3, EDNRB, MITF, PAX3, SNAI2, SOX10, TYR Metoodika: Kodeeriva piirkonna sekveneerimine (NGS). Koopiaarvu muutuste bioinformaatiline anal\u00fc\u00fcs (CNV). CNV leidude kinnitamine teise meetodiga toimub lisaanal\u00fc\u00fcsina, vastavalt hinnakirjale. Testi valmimisaeg: 6-9 n\u00e4dalat N\u00f5uded proovi-materjalile: 2-4 ml t\u00e4isverd antikoagulandiga EDTA (lilla korgiga katsuti) 1 \u00b5g DNA-d elueerituna TE, AE puhvris v\u00f5i steriilses [&hellip;]<\/p>\n","protected":false},"author":2,"featured_media":0,"parent":23406,"menu_order":0,"comment_status":"closed","ping_status":"closed","template":"","meta":{"_monsterinsights_skip_tracking":false,"_monsterinsights_sitenote_active":false,"_monsterinsights_sitenote_note":"","_monsterinsights_sitenote_category":0,"footnotes":""},"class_list":["post-23458","page","type-page","status-publish","hentry"],"aioseo_notices":[],"_links":{"self":[{"href":"https:\/\/www.asperbio.com\/et\/wp-json\/wp\/v2\/pages\/23458","targetHints":{"allow":["GET"]}}],"collection":[{"href":"https:\/\/www.asperbio.com\/et\/wp-json\/wp\/v2\/pages"}],"about":[{"href":"https:\/\/www.asperbio.com\/et\/wp-json\/wp\/v2\/types\/page"}],"author":[{"embeddable":true,"href":"https:\/\/www.asperbio.com\/et\/wp-json\/wp\/v2\/users\/2"}],"replies":[{"embeddable":true,"href":"https:\/\/www.asperbio.com\/et\/wp-json\/wp\/v2\/comments?post=23458"}],"version-history":[{"count":3,"href":"https:\/\/www.asperbio.com\/et\/wp-json\/wp\/v2\/pages\/23458\/revisions"}],"predecessor-version":[{"id":26690,"href":"https:\/\/www.asperbio.com\/et\/wp-json\/wp\/v2\/pages\/23458\/revisions\/26690"}],"up":[{"embeddable":true,"href":"https:\/\/www.asperbio.com\/et\/wp-json\/wp\/v2\/pages\/23406"}],"wp:attachment":[{"href":"https:\/\/www.asperbio.com\/et\/wp-json\/wp\/v2\/media?parent=23458"}],"curies":[{"name":"wp","href":"https:\/\/api.w.org\/{rel}","templated":true}]}}