{"id":23440,"date":"2019-01-14T15:57:49","date_gmt":"2019-01-14T13:57:49","guid":{"rendered":"https:\/\/www.asperbio.com\/?page_id=23440"},"modified":"2021-10-12T12:14:49","modified_gmt":"2021-10-12T09:14:49","slug":"neurofibromatoosiga-seotud-geenide-sekveneerimine","status":"publish","type":"page","link":"https:\/\/www.asperbio.com\/et\/asper-dermatology-testid\/neurofibromatoosiga-seotud-geenide-sekveneerimine\/","title":{"rendered":"Neurofibromatoosiga seotud geenide sekveneerimine"},"content":{"rendered":"<h2 style=\"padding-left: 5px;\"><span style=\"color: #6859a2;\">Neurofibromatoosiga seotud geenide sekveneerimine<\/span><\/h2>\n<div class=\"sm_post_content\" style=\"background: url('https:\/\/www.asperbio.com\/wp-content\/uploads\/Asper-Dermatology-01.png') repeat-y; padding-left: 40px;\">\n<table class=\"table no-border no-margin\" border=\"0\" cellspacing=\"0\" cellpadding=\"0\">\n<tbody>\n<tr>\n<td width=\"110\"><strong>Geen:<\/strong><\/td>\n<td><em>CCND1, LZTR1, NF1, NF2, SMARCB1, SPRED1, TSC1, TSC2, VHL<\/em><\/td>\n<\/tr>\n<\/tbody>\n<\/table>\n<hr style=\"color: #6859a2; background-color: #6859a2; height: 2px; border: none; width: 100%;\" \/>\n<table class=\"table no-border no-margin\" border=\"0\" cellspacing=\"0\" cellpadding=\"0\">\n<tbody>\n<tr>\n<td width=\"110\"><strong>Metoodika:<\/strong><\/td>\n<td>Kodeeriva piirkonna sekveneerimine (NGS).<br \/>\nKoopiaarvu muutuste bioinformaatiline anal\u00fc\u00fcs (CNV). CNV leidude kinnitamine teise meetodiga toimub lisaanal\u00fc\u00fcsina, vastavalt hinnakirjale.<\/td>\n<\/tr>\n<\/tbody>\n<\/table>\n<hr style=\"color: #6859a2; background-color: #6859a2; height: 2px; border: none; width: 100%;\" \/>\n<table class=\"table no-border no-margin\" border=\"0\" cellspacing=\"0\" cellpadding=\"0\">\n<tbody>\n<tr>\n<td width=\"110\"><strong>Testi valmimisaeg:<\/strong><\/td>\n<td>6-9 n\u00e4dalat<\/td>\n<\/tr>\n<\/tbody>\n<\/table>\n<hr style=\"color: #6859a2; background-color: #6859a2; height: 2px; border: none; width: 100%;\" \/>\n<table class=\"table no-border no-margin\" border=\"0\" cellspacing=\"0\" cellpadding=\"0\">\n<tbody>\n<tr>\n<td width=\"110\"><strong>N\u00f5uded proovi-materjalile:<\/strong><\/td>\n<td>2-4 ml t\u00e4isverd antikoagulandiga EDTA (lilla korgiga katsuti)<\/p>\n<p>1 \u00b5g DNA-d elueerituna TE, AE puhvris v\u00f5i steriilses vees, kontsentratsiooniga 100-250 ng\/\u00b5l<br \/>\nDNA saata toatemperatuuril v\u00f5i k\u00fclmutatuna. A260\/A280 suhe peaks olema 1.8-2.0. DNA peab agaroosgeelis pikkusmarkeri juuresolekul olema detekteeritav \u00fche tervikliku b\u00e4ndina.<\/td>\n<\/tr>\n<\/tbody>\n<\/table>\n<hr style=\"color: #6859a2; background-color: #6859a2; height: 2px; border: none; width: 100%;\" \/>\n<table class=\"table no-border no-margin\" border=\"0\" cellspacing=\"0\" cellpadding=\"0\">\n<tbody>\n<tr>\n<td width=\"110\"><strong>Tellimine:<\/strong><\/td>\n<td>Proovimaterjal saata koos <span style=\"color: #6859a2;\"><strong><a style=\"color: #6859a2;\" href=\"https:\/\/www.asperbio.com\/wp-content\/uploads\/Asper-Dermatology-saatekiri.doc\">saatekirjaga<\/a><\/strong><\/span> Asper Biogene laborisse<\/td>\n<\/tr>\n<\/tbody>\n<\/table>\n<hr style=\"color: #6859a2; background-color: #6859a2; height: 2px; border: none; width: 100%;\" \/>\n<\/div>\n<p><strong>N\u00e4idustused geneetiliseks testimiseks<\/strong>:<br \/>\n1. Kliinilise diagnoosi kinnitamine<br \/>\n2. Neurofibromatoosi vormide ja teiste geneetiliselt\/fenot\u00fc\u00fcpiliselt seotud haiguste diferentsiaaldiagnostika<br \/>\n3. Prenataalne diagnostika teadaoleva perekondliku muutuse korral<br \/>\n4. Geneetiline konsultatsioon<\/p>\n<p><strong>Neurofibromatoosi<\/strong> (NF) all tuntakse gruppi neurokutaanseid s\u00fcndroome, millele on iseloomulik kasvajate esinemine n\u00e4rvis\u00fcsteemis ja nahal. Kasvajad haaravad pigem n\u00e4rvis\u00fcsteemi tugikoe rakke kui neuroneid. Eristatakse kolme t\u00fc\u00fcpi NF-i:<br \/>\n1) <strong>NF1<\/strong> \u2013 naha muutused (caf\u00e9-au-lait laigud, tedret\u00e4hnid kaenlaalustes ja kubemes), luude deformatsioonid, n\u00e4gemiselundkonna glioomid, kasvajad n\u00e4rvikoes v\u00f5i naha all. S\u00fcmptomid avalduvad s\u00fcnnihetkel.<br \/>\n2) <strong>NF2<\/strong> \u2013 akustilised neuroomid, kuulmislangus, tinnitus, tasakaaluh\u00e4ire, pea- ja\/v\u00f5i seljaaju kasvajad, kataraktid noores eas, sekundaarsed ja bilateraalsed vestibulaarsed \u0161vannomatoosid, esineda v\u00f5ivad ka caf\u00e9-au-lait laigud. Haigus algab tavaliselt 10-aastaselt.<br \/>\n3) <strong>\u0160vannomatoos<\/strong> \u2013 mitmete \u0161vannoomide (n\u00e4rvis\u00fcsteemi healoomulised kasvajad) ja harvem ka meningioomide esinemine. S\u00f5ltuvalt \u0161vannoomide arvust, asukohast ja suurusest v\u00f5ivad s\u00fcmptomid varieeruda. V\u00f5ib esineda kroonilist valu, tuimust, kihelust ja\/v\u00f5i s\u00f5rmede ja varvaste n\u00f5rkust. Tavaliselt avalduvad s\u00fcmptomid 25.-30. eluaastal.<br \/>\nNF t\u00fc\u00fcpe eristatakse tavaliselt kliinilise pildi, r\u00f6ntgen\u00fclesv\u00f5tte ja biopsia tulemuste alusel.<\/p>\n<p>Testiga on kaetud teadaolevate NF p\u00e4rilike vormide ja teiste NF s\u00fcmptomitega haiguste geneetilised p\u00f5hjused. Hetkel on osad haigusseoselised geenid veel tuvastamata.<\/p>\n<p>K\u00f5ik kolm NF t\u00fc\u00fcpi v\u00f5ivad p\u00e4randuda <strong>autosoom-dominantsel<\/strong> teel. Ligikaudu 50% NF1 ja NF2 patsientidel leitakse de novo mutatsioon, pooltel patsientidel on tegemist p\u00e4riliku mutatsiooniga. NF1 ja NF2 haigusseoselise mutatsiooni esinemise korral avaldub haigus 100% juhtudel, s\u00fcmptomid v\u00f5ivad varieeruda. Erinevalt enamikest teistest autosoom-dominantsest haigustest, hakkab kasvaja arenema kui <em>NF1<\/em> v\u00f5i <em>NF2<\/em> geeni m\u00f5lemas alleelis on muutus. Somaatiline muutus <em>NF1<\/em> v\u00f5i <em>NF2<\/em> geenis v\u00f5ib tekkida elu jooksul n\u00e4rvis\u00fcsteemi rakkudes.<\/p>\n<p>\u0160vannomatoosi p\u00e4rilikud vormid moodustavad 15% k\u00f5ikidest juhtudest, varieeruvad suuresti s\u00fcmptomite ulatuse poolest ja avalduvad poole v\u00e4hemal m\u00e4\u00e4ral kui NF1 ja NF2 .<\/p>\n<p>NF1 moodustab u 96% k\u00f5ikidest haigusjuhtudest, sagedus \u00fclemaailmselt on 1:3000. NF2 moodustab u 3% juhtudest, sagedusega 1:25000 kuni 1:40000. \u0160vannomatoos on haruldasim haigusvorm ja esineb sagedusega 1:69000.<\/p>","protected":false},"excerpt":{"rendered":"<p>Neurofibromatoosiga seotud geenide sekveneerimine Geen: CCND1, LZTR1, NF1, NF2, SMARCB1, SPRED1, TSC1, TSC2, VHL Metoodika: Kodeeriva piirkonna sekveneerimine (NGS). Koopiaarvu muutuste bioinformaatiline anal\u00fc\u00fcs (CNV). CNV leidude kinnitamine teise meetodiga toimub lisaanal\u00fc\u00fcsina, vastavalt hinnakirjale. Testi valmimisaeg: 6-9 n\u00e4dalat N\u00f5uded proovi-materjalile: 2-4 ml t\u00e4isverd antikoagulandiga EDTA (lilla korgiga katsuti) 1 \u00b5g DNA-d elueerituna TE, AE puhvris v\u00f5i [&hellip;]<\/p>\n","protected":false},"author":2,"featured_media":0,"parent":23406,"menu_order":0,"comment_status":"closed","ping_status":"closed","template":"","meta":{"_monsterinsights_skip_tracking":false,"_monsterinsights_sitenote_active":false,"_monsterinsights_sitenote_note":"","_monsterinsights_sitenote_category":0,"footnotes":""},"class_list":["post-23440","page","type-page","status-publish","hentry"],"aioseo_notices":[],"_links":{"self":[{"href":"https:\/\/www.asperbio.com\/et\/wp-json\/wp\/v2\/pages\/23440","targetHints":{"allow":["GET"]}}],"collection":[{"href":"https:\/\/www.asperbio.com\/et\/wp-json\/wp\/v2\/pages"}],"about":[{"href":"https:\/\/www.asperbio.com\/et\/wp-json\/wp\/v2\/types\/page"}],"author":[{"embeddable":true,"href":"https:\/\/www.asperbio.com\/et\/wp-json\/wp\/v2\/users\/2"}],"replies":[{"embeddable":true,"href":"https:\/\/www.asperbio.com\/et\/wp-json\/wp\/v2\/comments?post=23440"}],"version-history":[{"count":3,"href":"https:\/\/www.asperbio.com\/et\/wp-json\/wp\/v2\/pages\/23440\/revisions"}],"predecessor-version":[{"id":27939,"href":"https:\/\/www.asperbio.com\/et\/wp-json\/wp\/v2\/pages\/23440\/revisions\/27939"}],"up":[{"embeddable":true,"href":"https:\/\/www.asperbio.com\/et\/wp-json\/wp\/v2\/pages\/23406"}],"wp:attachment":[{"href":"https:\/\/www.asperbio.com\/et\/wp-json\/wp\/v2\/media?parent=23440"}],"curies":[{"name":"wp","href":"https:\/\/api.w.org\/{rel}","templated":true}]}}