{"id":23406,"date":"2019-01-14T14:26:43","date_gmt":"2019-01-14T12:26:43","guid":{"rendered":"https:\/\/www.asperbio.com\/?page_id=23406"},"modified":"2023-05-24T18:49:26","modified_gmt":"2023-05-24T15:49:26","slug":"asper-dermatology-testid","status":"publish","type":"page","link":"https:\/\/www.asperbio.com\/et\/asper-dermatology-testid\/","title":{"rendered":"Asper Dermatology testid"},"content":{"rendered":"<h1 style=\"padding-left: 5px;\"><span style=\"color: #6859a2;\">Asper Dermatology<\/span><\/h1>\n<div class=\"sm_post_content\" style=\"background: url('https:\/\/www.asperbio.com\/wp-content\/uploads\/Asper-Dermatology-01.png') repeat-y; padding-left: 40px;\">\n<h4><strong> <a title=\"Bulloosne epidermol\u00fc\u00fcs\" href=\"https:\/\/www.asperbio.com\/et\/asper-dermatology-testid\/bulloosse-epidermoluusiga-seotud-geenide-sekveneerimine\/\">Bulloosne epidermol\u00fc\u00fcs<\/a><\/strong><br \/>\n<strong> <a title=\"Ehlers-Danlos s\u00fcndroom\" href=\"https:\/\/www.asperbio.com\/et\/asper-dermatology-testid\/ehlers-danlos-sundroomiga-seotud-geenide-sekveneerimine\/\">Ehlers-Danlos s\u00fcndroom<\/a><\/strong><br \/>\n<strong> <a title=\"Hermansky-Pudlaki s\u00fcndroom\" href=\"https:\/\/www.asperbio.com\/et\/asper-dermatology-testid\/hermansky-pudlaki-sundroomiga-seotud-geenide-sekveneerimine\/\">Hermansky-Pudlaki s\u00fcndroom<\/a><\/strong><br \/>\n<strong> <a title=\"H\u00fcpotrihhoos\" href=\"https:\/\/www.asperbio.com\/et\/asper-dermatology-testid\/hupotrihhoosiga-seotud-geenide-sekveneerimine\/\">H\u00fcpotrihhoos<\/a><\/strong><br \/>\n<strong> <a title=\"Iht\u00fcoos\" href=\"https:\/\/www.asperbio.com\/et\/asper-dermatology-testid\/ihtuoosiga-seotud-geenide-sekveneerimine\/\">Iht\u00fcoos<\/a><\/strong><br \/>\n<strong> <a title=\"Melanoom\" href=\"https:\/\/www.asperbio.com\/et\/asper-dermatology-testid\/melanoomiga-seotud-geenide-sekveneerimine\/\">Melanoom<\/a><\/strong><br \/>\n<strong> <a title=\"Nahal\u00f5tvus\" href=\"https:\/\/www.asperbio.com\/et\/asper-dermatology-testid\/nahalotvusega-seotud-geenide-sekveneerimine\/\">Nahal\u00f5tvus<\/a> <\/strong><br \/>\n<strong> <a title=\"Neurofibromatoos\" href=\"https:\/\/www.asperbio.com\/et\/asper-dermatology-testid\/neurofibromatoosiga-seotud-geenide-sekveneerimine\/\">Neurofibromatoos<\/a><\/strong> <strong>UUENDATUD<\/strong><br \/>\n<strong> <a title=\"Okulokutaanne albinism\" href=\"https:\/\/www.asperbio.com\/et\/asper-dermatology-testid\/okulokutaanse-albinismiga-okulaarse-albinismiga-hermansky-pudlaki-sundroomiga-chediak-higashi-sundroomiga-seotud-geenide-sekveneerimine\/\">Okulokutaanne albinism<\/a><\/strong><br \/>\n<strong> <a title=\"Palmoplantaarne keratodermia\" href=\"https:\/\/www.asperbio.com\/et\/asper-dermatology-testid\/palmoplantaarse-keratodermiaga-seotud-geenide-sekveneerimine\/\">Palmoplantaarne keratodermia<\/a><\/strong><br \/>\n<strong> <a title=\"Waardenburgi s\u00fcndroom\" href=\"https:\/\/www.asperbio.com\/et\/asper-dermatology-testid\/waardenburgi-sundroomiga-seotud-geenide-sekveneerimine\/\">Waardenburgi s\u00fcndroom<\/a><\/strong><br \/>\n<strong> <a title=\"Eksoomi sekveneerimine\" href=\"https:\/\/www.asperbio.com\/et\/asper-dermatology-testid\/eksoomi-sekveneerimine\/\">Eksoomi sekveneerimine<\/a><\/strong><\/h4>\n<\/div>\n<p><b>Asper Dermatology<\/b> on nahaga seotud haiguste diagnostikas kasutatav geneetiliste testide portfell. Valikus olevad testid on seotud haigustega, mis p\u00f5hjustavad kasvajate moodustumist, pigmentatsiooni erisusi ning nahaprobleeme. Portfellis sisalduvad ka testid, mis v\u00f5imaldavad heterogeensete fenot\u00fc\u00fcpidega haiguste diferentsiaaldiagnostikat.<span class=\"Apple-converted-space\">\u00a0<\/span><\/p>\n<p>Teise p\u00f5lvkonna sekveneerimise tehnoloogia tuvastab \u00fcheaegselt mitmeid muutusi paljudes erinevates geenides. Selline l\u00e4henemine on abiks<span class=\"Apple-converted-space\">\u00a0 <\/span>diagnoosi kinnitamisel, andes patsientidele ja nende perekondadele v\u00e4\u00e4rtuslikku informatsiooni haiguse olemuse, m\u00f5ju ja p\u00e4randumise kohta.<\/p>","protected":false},"excerpt":{"rendered":"<p>Asper Dermatology Bulloosne epidermol\u00fc\u00fcs Ehlers-Danlos s\u00fcndroom Hermansky-Pudlaki s\u00fcndroom H\u00fcpotrihhoos Iht\u00fcoos Melanoom Nahal\u00f5tvus Neurofibromatoos UUENDATUD Okulokutaanne albinism Palmoplantaarne keratodermia Waardenburgi s\u00fcndroom Eksoomi sekveneerimine Asper Dermatology on nahaga seotud haiguste diagnostikas kasutatav geneetiliste testide portfell. Valikus olevad testid on seotud haigustega, mis p\u00f5hjustavad kasvajate moodustumist, pigmentatsiooni erisusi ning nahaprobleeme. Portfellis sisalduvad ka testid, mis v\u00f5imaldavad heterogeensete fenot\u00fc\u00fcpidega [&hellip;]<\/p>\n","protected":false},"author":2,"featured_media":0,"parent":0,"menu_order":0,"comment_status":"closed","ping_status":"closed","template":"","meta":{"_monsterinsights_skip_tracking":false,"_monsterinsights_sitenote_active":false,"_monsterinsights_sitenote_note":"","_monsterinsights_sitenote_category":0,"footnotes":""},"class_list":["post-23406","page","type-page","status-publish","hentry"],"aioseo_notices":[],"_links":{"self":[{"href":"https:\/\/www.asperbio.com\/et\/wp-json\/wp\/v2\/pages\/23406","targetHints":{"allow":["GET"]}}],"collection":[{"href":"https:\/\/www.asperbio.com\/et\/wp-json\/wp\/v2\/pages"}],"about":[{"href":"https:\/\/www.asperbio.com\/et\/wp-json\/wp\/v2\/types\/page"}],"author":[{"embeddable":true,"href":"https:\/\/www.asperbio.com\/et\/wp-json\/wp\/v2\/users\/2"}],"replies":[{"embeddable":true,"href":"https:\/\/www.asperbio.com\/et\/wp-json\/wp\/v2\/comments?post=23406"}],"version-history":[{"count":3,"href":"https:\/\/www.asperbio.com\/et\/wp-json\/wp\/v2\/pages\/23406\/revisions"}],"predecessor-version":[{"id":28889,"href":"https:\/\/www.asperbio.com\/et\/wp-json\/wp\/v2\/pages\/23406\/revisions\/28889"}],"wp:attachment":[{"href":"https:\/\/www.asperbio.com\/et\/wp-json\/wp\/v2\/media?parent=23406"}],"curies":[{"name":"wp","href":"https:\/\/api.w.org\/{rel}","templated":true}]}}