{"id":23095,"date":"2018-12-12T16:11:31","date_gmt":"2018-12-12T14:11:31","guid":{"rendered":"https:\/\/www.asperbio.com\/?page_id=23095"},"modified":"2020-11-17T14:44:59","modified_gmt":"2020-11-17T12:44:59","slug":"ebataiusliku-luutekkega-seotud-geenide-sekveneerimine","status":"publish","type":"page","link":"https:\/\/www.asperbio.com\/et\/asper-dysmorphology-testid\/ebataiusliku-luutekkega-seotud-geenide-sekveneerimine\/","title":{"rendered":"Ebat\u00e4iusliku luutekkega seotud geenide sekveneerimine"},"content":{"rendered":"<h2 style=\"padding-left: 5px;\"><span style=\"color: #8399a7;\">Ebat\u00e4iusliku luutekkega (<em>Osteogenesis Imperfecta<\/em>) seotud geenide sekveneerimine<\/span><\/h2>\n<div class=\"sm_post_content\" style=\"background: url('https:\/\/www.asperbio.com\/wp-content\/uploads\/Asper-Dysmorphology_01.png') repeat-y; padding-left: 40px;\">\n<table class=\"table no-border no-margin\" border=\"0\" cellspacing=\"0\" cellpadding=\"0\">\n<tbody>\n<tr>\n<td width=\"110\"><strong>Geenid:<\/strong><\/td>\n<td><em>ALPL, ANO5, BMP1, CA2, CLCN7, COL1A1, COL1A2, CREB3L1, CRTAP, CTSK, DSPP, FGFR3, FKBP10, GORAB, IFITM5, KDELR2, LRP5, MBTPS2, MESD, NOTCH2, OSTM1, P3H1, P4HB, PLEKHM1, PLOD2, PLS3, PPIB, SEC24D, SERPINF1, SERPINH1, SLC26A2, SNX10, SOX9, SP7, SPARC, TCIRG1, TENT5A, TMEM38B, TNFRSF11A, TNFSF11, WNT1<\/em><\/td>\n<\/tr>\n<\/tbody>\n<\/table>\n<hr style=\"color: #8399a7; background-color: #8399a7; height: 2px; border: none; width: 100%;\" \/>\n<table class=\"table no-border no-margin\" border=\"0\" cellspacing=\"0\" cellpadding=\"0\">\n<tbody>\n<tr>\n<td width=\"110\"><strong>Metoodika:<\/strong><\/td>\n<td>Kodeeriva piirkonna sekveneerimine (NGS).<br \/>\nKoopiaarvu muutuste bioinformaatiline anal\u00fc\u00fcs (CNV). CNV leidude kinnitamine teise meetodiga toimub lisaanal\u00fc\u00fcsina, vastavalt hinnakirjale.<\/td>\n<\/tr>\n<\/tbody>\n<\/table>\n<hr style=\"color: #8399a7; background-color: #8399a7; height: 2px; border: none; width: 100%;\" \/>\n<table class=\"table no-border no-margin\" border=\"0\" cellspacing=\"0\" cellpadding=\"0\">\n<tbody>\n<tr>\n<td width=\"110\"><strong>Testi valmimisaeg:<\/strong><\/td>\n<td>6-9 n\u00e4dalat<\/td>\n<\/tr>\n<\/tbody>\n<\/table>\n<hr style=\"color: #8399a7; background-color: #8399a7; height: 2px; border: none; width: 100%;\" \/>\n<table class=\"table no-border no-margin\" border=\"0\" cellspacing=\"0\" cellpadding=\"0\">\n<tbody>\n<tr>\n<td width=\"110\"><strong>N\u00f5uded proovi-<br \/>\nmaterjalile:<\/strong><\/td>\n<td>2-4 ml t\u00e4isverd antikoagulandiga EDTA (lilla korgiga katsuti)<\/p>\n<p>1\u00a0\u00b5g\u00a0DNA-d elueerituna TE, AE puhvris v\u00f5i steriilses vees, kontsentratsiooniga 100-250 ng\/\u00b5l<br \/>\nDNA saata toatemperatuuril v\u00f5i k\u00fclmutatuna. A260\/A280 suhe peaks olema 1.8-2.0. DNA peab agaroosgeelis olema detekteeritav \u00fche tervikliku b\u00e4ndina.<\/td>\n<\/tr>\n<\/tbody>\n<\/table>\n<hr style=\"color: #8399a7; background-color: #8399a7; height: 2px; border: none; width: 100%;\" \/>\n<table class=\"table no-border no-margin\" border=\"0\" cellspacing=\"0\" cellpadding=\"0\">\n<tbody>\n<tr>\n<td width=\"110\"><strong>Tellimine:<\/strong><\/td>\n<td>Proovimaterjal saata koos <strong><span style=\"color: #8399a7;\"><a style=\"color: #8399a7;\" href=\"https:\/\/www.asperbio.com\/wp-content\/uploads\/Asper-Dysmorphology-saatekiri.doc\" target=\"_blank\" rel=\"noopener noreferrer\">saatekirjaga<\/a><\/span><\/strong> Asper Biogene laborisse<\/td>\n<\/tr>\n<\/tbody>\n<\/table>\n<hr style=\"color: #8399a7; background-color: #8399a7; height: 2px; border: none; width: 100%;\" \/>\n<\/div>","protected":false},"excerpt":{"rendered":"<p>Ebat\u00e4iusliku luutekkega (Osteogenesis Imperfecta) seotud geenide sekveneerimine Geenid: ALPL, ANO5, BMP1, CA2, CLCN7, COL1A1, COL1A2, CREB3L1, CRTAP, CTSK, DSPP, FGFR3, FKBP10, GORAB, IFITM5, KDELR2, LRP5, MBTPS2, MESD, NOTCH2, OSTM1, P3H1, P4HB, PLEKHM1, PLOD2, PLS3, PPIB, SEC24D, SERPINF1, SERPINH1, SLC26A2, SNX10, SOX9, SP7, SPARC, TCIRG1, TENT5A, TMEM38B, TNFRSF11A, TNFSF11, WNT1 Metoodika: Kodeeriva piirkonna sekveneerimine (NGS). Koopiaarvu [&hellip;]<\/p>\n","protected":false},"author":2,"featured_media":0,"parent":19236,"menu_order":0,"comment_status":"closed","ping_status":"closed","template":"","meta":{"_monsterinsights_skip_tracking":false,"_monsterinsights_sitenote_active":false,"_monsterinsights_sitenote_note":"","_monsterinsights_sitenote_category":0,"footnotes":""},"class_list":["post-23095","page","type-page","status-publish","hentry"],"aioseo_notices":[],"_links":{"self":[{"href":"https:\/\/www.asperbio.com\/et\/wp-json\/wp\/v2\/pages\/23095","targetHints":{"allow":["GET"]}}],"collection":[{"href":"https:\/\/www.asperbio.com\/et\/wp-json\/wp\/v2\/pages"}],"about":[{"href":"https:\/\/www.asperbio.com\/et\/wp-json\/wp\/v2\/types\/page"}],"author":[{"embeddable":true,"href":"https:\/\/www.asperbio.com\/et\/wp-json\/wp\/v2\/users\/2"}],"replies":[{"embeddable":true,"href":"https:\/\/www.asperbio.com\/et\/wp-json\/wp\/v2\/comments?post=23095"}],"version-history":[{"count":3,"href":"https:\/\/www.asperbio.com\/et\/wp-json\/wp\/v2\/pages\/23095\/revisions"}],"predecessor-version":[{"id":26551,"href":"https:\/\/www.asperbio.com\/et\/wp-json\/wp\/v2\/pages\/23095\/revisions\/26551"}],"up":[{"embeddable":true,"href":"https:\/\/www.asperbio.com\/et\/wp-json\/wp\/v2\/pages\/19236"}],"wp:attachment":[{"href":"https:\/\/www.asperbio.com\/et\/wp-json\/wp\/v2\/media?parent=23095"}],"curies":[{"name":"wp","href":"https:\/\/api.w.org\/{rel}","templated":true}]}}