{"id":23082,"date":"2018-12-12T13:37:49","date_gmt":"2018-12-12T11:37:49","guid":{"rendered":"https:\/\/www.asperbio.com\/?page_id=23082"},"modified":"2019-08-27T13:39:53","modified_gmt":"2019-08-27T10:39:53","slug":"primaarse-tsiliaarse-duskineesiaga-seotud-geenide-sekveneerimine","status":"publish","type":"page","link":"https:\/\/www.asperbio.com\/et\/asper-reprogenetics-testid-2\/primaarse-tsiliaarse-duskineesiaga-seotud-geenide-sekveneerimine\/","title":{"rendered":"Primaarse tsiliaarse d\u00fcskineesiaga seotud geenide sekveneerimine"},"content":{"rendered":"<h2 style=\"padding-left: 5px;\"><span style=\"color: #e63458;\">Primaarse tsiliaarse d\u00fcskineesiaga seotud geenide sekveneerimine<\/span><\/h2>\n<div class=\"sm_post_content\" style=\"background: url('https:\/\/www.asperbio.com\/wp-content\/uploads\/t-roosa.png') repeat-y; padding-left: 40px;\">\n<table class=\"table no-border no-margin\" border=\"0\" cellspacing=\"0\" cellpadding=\"0\">\n<tbody>\n<tr>\n<td width=\"110\"><strong>Geenid:<\/strong><\/td>\n<td><em>ARMC4, CCDC103, CCDC114, CCDC151, CCDC39, CCDC40, CCDC65, CCNO, CENPF, CFAP298, DNAAF1, DNAAF2, DNAAF3, DNAAF4, DNAAF5, DNAH1, DNAH11, DNAH5, DNAH8, DNAI1, DNAI2, DNAL1, DRC1, GAS8, LRRC6, MCIDAS, NME8, PIH1D3, RPGR, RSPH1, RSPH3, RSPH4A, RSPH9, SPAG1, ZMYND10<\/em><\/td>\n<\/tr>\n<\/tbody>\n<\/table>\n<hr style=\"color: #e63458; background-color: #e63458; height: 2px; border: none; width: 100%;\" \/>\n<table class=\"table no-border no-margin\" border=\"0\" cellspacing=\"0\" cellpadding=\"0\">\n<tbody>\n<tr>\n<td width=\"110\"><strong>Metoodika:<\/strong><\/td>\n<td>Kodeeriva piirkonna sekveneerimine (NGS).<br \/>\nKoopiaarvu muutuste bioinformaatiline anal\u00fc\u00fcs (CNV). CNV leidude kinnitamine teise meetodiga toimub lisaanal\u00fc\u00fcsina, vastavalt hinnakirjale.<\/td>\n<\/tr>\n<\/tbody>\n<\/table>\n<hr style=\"color: #e63458; background-color: #e63458; height: 2px; border: none; width: 100%;\" \/>\n<table class=\"table no-border no-margin\" border=\"0\" cellspacing=\"0\" cellpadding=\"0\">\n<tbody>\n<tr>\n<td width=\"110\"><strong>Testi valmimisaeg:<\/strong><\/td>\n<td>6-9\u00a0n\u00e4dalat<\/td>\n<\/tr>\n<\/tbody>\n<\/table>\n<hr style=\"color: #e63458; background-color: #e63458; height: 2px; border: none; width: 100%;\" \/>\n<table class=\"table no-border no-margin\" border=\"0\" cellspacing=\"0\" cellpadding=\"0\">\n<tbody>\n<tr>\n<td width=\"110\"><strong>N\u00f5uded proovi-materjalile:<\/strong><\/td>\n<td>2-4 ml t\u00e4isverd antikoagulandiga EDTA (lilla korgiga katsuti)<\/p>\n<p>1\u00b5g DNA-d elueerituna TE, AE puhvris v\u00f5i steriilses vees, kontsentratsiooniga 100-250 ng\/\u00b5l<br \/>\nDNA saata toatemperatuuril v\u00f5i k\u00fclmutatuna. A260\/A280 suhe peaks olema 1.8-2.0. DNA peab agaroosgeelis olema detekteeritav \u00fche tervikliku b\u00e4ndina.<\/td>\n<\/tr>\n<\/tbody>\n<\/table>\n<hr style=\"color: #e63458; background-color: #e63458; height: 2px; border: none; width: 100%;\" \/>\n<table class=\"table no-border no-margin\" border=\"0\" cellspacing=\"0\" cellpadding=\"0\">\n<tbody>\n<tr>\n<td width=\"110\"><strong>Tellimine:<\/strong><\/td>\n<td>Proovimaterjal saata koos <a href=\"https:\/\/www.asperbio.com\/wp-content\/uploads\/Asper-Reprogenetics-saatekiri.doc\"><span style=\"color: #e63458;\"><strong>saatekirjaga<\/strong><\/span><\/a> Asper Biogene laborisse<\/td>\n<\/tr>\n<\/tbody>\n<\/table>\n<hr style=\"color: #e63458; background-color: #e63458; height: 2px; border: none; width: 100%;\" \/>\n<\/div>\n<p>&nbsp;<\/p>","protected":false},"excerpt":{"rendered":"<p>Primaarse tsiliaarse d\u00fcskineesiaga seotud geenide sekveneerimine Geenid: ARMC4, CCDC103, CCDC114, CCDC151, CCDC39, CCDC40, CCDC65, CCNO, CENPF, CFAP298, DNAAF1, DNAAF2, DNAAF3, DNAAF4, DNAAF5, DNAH1, DNAH11, DNAH5, DNAH8, DNAI1, DNAI2, DNAL1, DRC1, GAS8, LRRC6, MCIDAS, NME8, PIH1D3, RPGR, RSPH1, RSPH3, RSPH4A, RSPH9, SPAG1, ZMYND10 Metoodika: Kodeeriva piirkonna sekveneerimine (NGS). Koopiaarvu muutuste bioinformaatiline anal\u00fc\u00fcs (CNV). CNV leidude kinnitamine [&hellip;]<\/p>\n","protected":false},"author":2,"featured_media":0,"parent":11436,"menu_order":0,"comment_status":"closed","ping_status":"closed","template":"","meta":{"_monsterinsights_skip_tracking":false,"_monsterinsights_sitenote_active":false,"_monsterinsights_sitenote_note":"","_monsterinsights_sitenote_category":0,"footnotes":""},"class_list":["post-23082","page","type-page","status-publish","hentry"],"aioseo_notices":[],"_links":{"self":[{"href":"https:\/\/www.asperbio.com\/et\/wp-json\/wp\/v2\/pages\/23082","targetHints":{"allow":["GET"]}}],"collection":[{"href":"https:\/\/www.asperbio.com\/et\/wp-json\/wp\/v2\/pages"}],"about":[{"href":"https:\/\/www.asperbio.com\/et\/wp-json\/wp\/v2\/types\/page"}],"author":[{"embeddable":true,"href":"https:\/\/www.asperbio.com\/et\/wp-json\/wp\/v2\/users\/2"}],"replies":[{"embeddable":true,"href":"https:\/\/www.asperbio.com\/et\/wp-json\/wp\/v2\/comments?post=23082"}],"version-history":[{"count":2,"href":"https:\/\/www.asperbio.com\/et\/wp-json\/wp\/v2\/pages\/23082\/revisions"}],"predecessor-version":[{"id":24443,"href":"https:\/\/www.asperbio.com\/et\/wp-json\/wp\/v2\/pages\/23082\/revisions\/24443"}],"up":[{"embeddable":true,"href":"https:\/\/www.asperbio.com\/et\/wp-json\/wp\/v2\/pages\/11436"}],"wp:attachment":[{"href":"https:\/\/www.asperbio.com\/et\/wp-json\/wp\/v2\/media?parent=23082"}],"curies":[{"name":"wp","href":"https:\/\/api.w.org\/{rel}","templated":true}]}}