{"id":20741,"date":"2017-10-30T11:42:03","date_gmt":"2017-10-30T09:42:03","guid":{"rendered":"http:\/\/www.asperbio.com\/?page_id=20741"},"modified":"2025-12-14T22:22:45","modified_gmt":"2025-12-14T20:22:45","slug":"asper-metabolic-disorders-testid","status":"publish","type":"page","link":"https:\/\/www.asperbio.com\/et\/asper-metabolic-disorders-testid\/","title":{"rendered":"Asper Metabolic Disorders testid"},"content":{"rendered":"<h1 style=\"padding-left: 5px;\"><span style=\"color: #37ac57;\">Asper Metabolic Disorders<\/span><\/h1>\n<div class=\"sm_post_content\" style=\"background: url('https:\/\/www.asperbio.com\/wp-content\/uploads\/Asper-Metabolic-Disorders_3.png') repeat-y; padding-left: 40px;\">\n<h4><a title=\"Galaktoseemia\" href=\"https:\/\/www.asperbio.com\/et\/asper-metabolic-disorders-testid\/galaktoseemia\/\"><strong> Galaktoseemia<\/strong><\/a> <strong>UUS<\/strong><br \/>\n<a title=\"Gilberti s\u00fcndroom\" href=\"https:\/\/www.asperbio.com\/et\/asper-metabolic-disorders-testid\/gilberti-sundroom\/\"><strong> Gilberti s\u00fcndroom<\/strong><\/a><br \/>\n<a title=\"Glutaaratsiduuria, t\u00fc\u00fcp I ja II\" href=\"https:\/\/www.asperbio.com\/et\/asper-metabolic-disorders-testid\/glutaaratsiduuria-tuup-i-ja-ii\/\"><strong> Glutaaratsiduuria, t\u00fc\u00fcp I ja II<\/strong><\/a><br \/>\n<a title=\"Gl\u00fckogeeni salvestust\u00f5bi\" href=\"https:\/\/www.asperbio.com\/et\/asper-metabolic-disorders-testid\/glukogeeni-salvestustobi\/\"><strong>Gl\u00fckogeeni salvestust\u00f5bi<\/strong><\/a><br \/>\n<a title=\"Gl\u00fckos\u00fc\u00fclimise kaasas\u00fcndinud defektid\" href=\"https:\/\/www.asperbio.com\/et\/asper-metabolic-disorders-testid\/glukosuulimise-kaasasundinud-defektidega-seotud-geenide-sekveneerimine\/\"><strong>Gl\u00fckos\u00fc\u00fclimise kaasas\u00fcndinud defektid<\/strong><\/a><br \/>\n<a title=\"Hemokromatoos\" href=\"https:\/\/www.asperbio.com\/et\/asper-metabolic-disorders-testid\/hemokromatoos\/\"><strong>Hemokromatoos<\/strong><\/a><br \/>\n<a title=\"Homots\u00fcsteiini ainevahetus\" href=\"https:\/\/www.asperbio.com\/et\/asper-metabolic-disorders-testid\/homotsusteiini-ainevahetus\/\"><strong>Homots\u00fcsteiini ainevahetus<\/strong><\/a> <strong>UUS<\/strong><br \/>\n<a title=\"Laktoositalumatus\" href=\"https:\/\/www.asperbio.com\/et\/asper-metabolic-disorders-testid\/laktoositalumatus\/\"><strong>H\u00fcpolaktaasia<\/strong><\/a>\u00a0<strong>UUS<\/strong><br \/>\n<a title=\"L\u00fcsosomaalne ladestushaigus\" href=\"https:\/\/www.asperbio.com\/et\/asper-metabolic-disorders-testid\/lusosomaalne-ladestushaigus\/\"><strong> L\u00fcsosomaalne ladestushaigus<\/strong><\/a><br \/>\n<a title=\"Metaboolne m\u00fcopaatia ja rabdom\u00fcol\u00fc\u00fcs\" href=\"https:\/\/www.asperbio.com\/et\/asper-metabolic-disorders-testid\/metaboolne-muopaatia-ja-rabdomuoluus\/\"><strong> Metaboolne m\u00fcopaatia ja rabdom\u00fcol\u00fc\u00fcs<\/strong><\/a> UUENDATUD<br \/>\n<a title=\"Met\u00fc\u00fclmalonaat atsiduuria ja homots\u00fcstinuuria\" href=\"https:\/\/www.asperbio.com\/et\/asper-metabolic-disorders-testid\/metuulmalonaatatsiduuria-ja-homotsustinuuria\/\"><strong> Met\u00fc\u00fclmalonaatatsiduuria ja homots\u00fcstinuuria<\/strong><\/a><br \/>\n<a title=\"Mitokondriaalsed haigused\" href=\"https:\/\/www.asperbio.com\/et\/asper-metabolic-disorders-testid\/mitokondriaalsed-haigused\/\"><strong> Mitokondriaalsed haigused<\/strong><\/a><br \/>\n<a title=\"Mukopol\u00fcsahharidoos\" href=\"https:\/\/www.asperbio.com\/et\/asper-metabolic-disorders-testid\/mukopolusahharidoos\/\"><strong> Mukopol\u00fcsahharidoos <\/strong><\/a><br \/>\n<a title=\"Porf\u00fc\u00fcria\" href=\"https:\/\/www.asperbio.com\/et\/asper-metabolic-disorders-testid\/porfuuria\/\"><strong> Porf\u00fc\u00fcria<\/strong><\/a><br \/>\n<a title=\"P\u00e4rilik pankreatiit\" href=\"https:\/\/www.asperbio.com\/et\/asper-metabolic-disorders-testid\/parilik-pankreatiit\/\"><strong> P\u00e4rilik pankreatiit<\/strong><\/a> <strong>UUS<\/strong><br \/>\n<a title=\"Rasvhapete oks\u00fcdatsiooni h\u00e4ired\" href=\"https:\/\/www.asperbio.com\/et\/asper-metabolic-disorders-testid\/rasvhapete-oksudatsiooni-haired\/\"><strong> Rasvhapete oks\u00fcdatsiooni h\u00e4ired<\/strong><\/a><br \/>\n<a title=\"Smith-Lemli-Opitz s\u00fcndroom\" href=\"https:\/\/www.asperbio.com\/et\/asper-metabolic-disorders-testid\/smith-lemli-opitz-sundroom\/\"><strong> Smith-Lemli-Opitz s\u00fcndroom<\/strong><\/a><br \/>\n<a title=\"Tsitrullineemia, t\u00fc\u00fcp I\" href=\"https:\/\/www.asperbio.com\/et\/asper-metabolic-disorders-testid\/tsitrullineemia-tuup-i-ja-ii\/\"><strong> Tsitrullineemia, t\u00fc\u00fcp I ja II<\/strong><\/a><br \/>\n<a title=\"Ts\u00f6liaakia\" href=\"https:\/\/www.asperbio.com\/et\/asper-metabolic-disorders-testid\/tsoliaakia\/\"><strong> Ts\u00f6liaakia<\/strong><\/a> <strong>UUS<\/strong><br \/>\n<a title=\"Uurea ts\u00fckli defektid\" href=\"https:\/\/www.asperbio.com\/et\/asper-metabolic-disorders-testid\/uurea-tsukli-haired\/\"><strong> Uurea ts\u00fckli h\u00e4ired<\/strong><\/a><br \/>\n<a title=\"\u00dclipika ahelaga acyl-CoA deh\u00fcdrogenaasi puudulikkus (VLCAD)\" href=\"https:\/\/www.asperbio.com\/et\/asper-metabolic-disorders-testid\/ulipika-ahelaga-acyl-coa-dehudrogenaasi-puudulikkus-vlcad\/\"><strong> \u00dclipika ahelaga acyl-CoA deh\u00fcdrogenaasi puudulikkus (VLCAD)<\/strong><\/a><br \/>\n<a title=\"Eksoomi sekveneerimine\" href=\"https:\/\/www.asperbio.com\/et\/asper-metabolic-disorders-testid\/eksoomi-sekveneerimine\/\"><strong>Eksoomi sekveneerimine<\/strong><\/a><\/h4>\n<\/div>\n<p>Asper Metabolic Disorders testide men\u00fc\u00fc koosneb <strong>metaboolsete haiguste<\/strong> geneetilistest testidest. Metaboolsed haigused on komplekssete haiguste grupp, mille s\u00fcmptomite t\u00f5sidus v\u00f5ib olla v\u00e4ga varieeruv. Sagedasemateks s\u00fcmptomiteks on neuroloogilised muutused, organite suurenemine ja vaimse arengu h\u00e4ired. Enamasti on need haigused autosoom-retsessiivse p\u00e4randumismustriga, aga v\u00f5ib esineda ka X-liiteline p\u00e4randumine.<\/p>\n<p>Testide valikus on nii \u00fche geeni sekveneerimist h\u00f5lmavaid teste kui ka mitmetest geenidest koosnevaid geenipaneele. Muuhulgas on esindatud <strong>gl\u00fckogeeni salvestust\u00f5ve<\/strong>, <strong>l\u00fcsosomaalsete ladestushaiguste<\/strong>, <strong>rasvhapete oks\u00fcdatsioonih\u00e4irete<\/strong> ja <strong>uurea ts\u00fckli h\u00e4irete<\/strong> geneetilised testid.<\/p>\n<p>Kinnitav geneetiline testimine v\u00f5imaldab rakendada efektiivseid raviv\u00f5imalusi, geneetilist konsulteerimist ja pereliikmete haigestumisriski hindamist.<\/p>","protected":false},"excerpt":{"rendered":"<p>Asper Metabolic Disorders Galaktoseemia UUS Gilberti s\u00fcndroom Glutaaratsiduuria, t\u00fc\u00fcp I ja II Gl\u00fckogeeni salvestust\u00f5bi Gl\u00fckos\u00fc\u00fclimise kaasas\u00fcndinud defektid Hemokromatoos Homots\u00fcsteiini ainevahetus UUS H\u00fcpolaktaasia\u00a0UUS L\u00fcsosomaalne ladestushaigus Metaboolne m\u00fcopaatia ja rabdom\u00fcol\u00fc\u00fcs UUENDATUD Met\u00fc\u00fclmalonaatatsiduuria ja homots\u00fcstinuuria Mitokondriaalsed haigused Mukopol\u00fcsahharidoos Porf\u00fc\u00fcria P\u00e4rilik pankreatiit UUS Rasvhapete oks\u00fcdatsiooni h\u00e4ired Smith-Lemli-Opitz s\u00fcndroom Tsitrullineemia, t\u00fc\u00fcp I ja II Ts\u00f6liaakia UUS Uurea ts\u00fckli h\u00e4ired \u00dclipika [&hellip;]<\/p>\n","protected":false},"author":2,"featured_media":0,"parent":0,"menu_order":0,"comment_status":"closed","ping_status":"closed","template":"","meta":{"_monsterinsights_skip_tracking":false,"_monsterinsights_sitenote_active":false,"_monsterinsights_sitenote_note":"","_monsterinsights_sitenote_category":0,"footnotes":""},"class_list":["post-20741","page","type-page","status-publish","hentry"],"aioseo_notices":[],"_links":{"self":[{"href":"https:\/\/www.asperbio.com\/et\/wp-json\/wp\/v2\/pages\/20741","targetHints":{"allow":["GET"]}}],"collection":[{"href":"https:\/\/www.asperbio.com\/et\/wp-json\/wp\/v2\/pages"}],"about":[{"href":"https:\/\/www.asperbio.com\/et\/wp-json\/wp\/v2\/types\/page"}],"author":[{"embeddable":true,"href":"https:\/\/www.asperbio.com\/et\/wp-json\/wp\/v2\/users\/2"}],"replies":[{"embeddable":true,"href":"https:\/\/www.asperbio.com\/et\/wp-json\/wp\/v2\/comments?post=20741"}],"version-history":[{"count":3,"href":"https:\/\/www.asperbio.com\/et\/wp-json\/wp\/v2\/pages\/20741\/revisions"}],"predecessor-version":[{"id":29494,"href":"https:\/\/www.asperbio.com\/et\/wp-json\/wp\/v2\/pages\/20741\/revisions\/29494"}],"wp:attachment":[{"href":"https:\/\/www.asperbio.com\/et\/wp-json\/wp\/v2\/media?parent=20741"}],"curies":[{"name":"wp","href":"https:\/\/api.w.org\/{rel}","templated":true}]}}