{"id":20621,"date":"2017-10-16T08:48:31","date_gmt":"2017-10-16T05:48:31","guid":{"rendered":"http:\/\/www.asperbio.com\/?page_id=20621"},"modified":"2020-06-01T11:34:44","modified_gmt":"2020-06-01T08:34:44","slug":"huperlipoproteineemia-tuup-iii","status":"publish","type":"page","link":"https:\/\/www.asperbio.com\/et\/asper-cardiogenetics-testid\/huperlipoproteineemia-tuup-iii\/","title":{"rendered":"H\u00fcperlipoproteineemia,  t\u00fc\u00fcp III"},"content":{"rendered":"<h2 style=\"padding-left: 5px;\"><span style=\"color: #a34c95;\">T\u00fc\u00fcp III h\u00fcperlipoproteineemiaga<br \/>\nseotud mutatsioonanal\u00fc\u00fcs<\/span><\/h2>\n<div class=\"sm_post_content\" style=\"background: url('https:\/\/www.asperbio.com\/wp-content\/uploads\/Cardio-01.png') repeat-y; padding-left: 40px;\">\n<table class=\"table no-border no-margin\" border=\"0\" cellspacing=\"0\" cellpadding=\"0\">\n<tbody>\n<tr>\n<td width=\"110\"><strong>Geen:<\/strong><\/td>\n<td><i>APOE<\/i><\/td>\n<\/tr>\n<\/tbody>\n<\/table>\n<hr style=\"color: #a34c95; background-color: #a34c95; height: 2px; border: none; width: 100%;\" \/>\n<table class=\"table no-border no-margin\" border=\"0\" cellspacing=\"0\" cellpadding=\"0\">\n<tbody>\n<tr>\n<td width=\"110\"><strong>Metoodika:<\/strong><\/td>\n<td>Kodeeriva piirkonna sekveneerimine (Sanger)<\/td>\n<\/tr>\n<\/tbody>\n<\/table>\n<hr style=\"color: #a34c95; background-color: #a34c95; height: 2px; border: none; width: 100%;\" \/>\n<table class=\"table no-border no-margin\" border=\"0\" cellspacing=\"0\" cellpadding=\"0\">\n<tbody>\n<tr>\n<td width=\"110\"><strong>Marker:<\/strong><\/td>\n<td>2<\/td>\n<\/tr>\n<\/tbody>\n<\/table>\n<hr style=\"color: #a34c95; background-color: #a34c95; height: 2px; border: none; width: 100%;\" \/>\n<table class=\"table no-border no-margin\" border=\"0\" cellspacing=\"0\" cellpadding=\"0\">\n<tbody>\n<tr>\n<td width=\"110\"><strong>Testi valmimisaeg:<\/strong><\/td>\n<td>2-4 n\u00e4dalat<\/td>\n<\/tr>\n<\/tbody>\n<\/table>\n<hr style=\"color: #a34c95; background-color: #a34c95; height: 2px; border: none; width: 100%;\" \/>\n<table class=\"table no-border no-margin\" border=\"0\" cellspacing=\"0\" cellpadding=\"0\">\n<tbody>\n<tr>\n<td width=\"110\"><strong>N\u00f5uded proovi-materjalile:<\/strong><\/td>\n<td>2-4 ml t\u00e4isverd antikoagulandiga EDTA (lilla korgiga katsuti)<\/p>\n<p>200 ng\u00a0DNA-d elueerituna TE, AE puhvris v\u00f5i steriilses vees, kontsentratsiooniga 100-250 ng\/\u00b5l<br \/>\nDNA saata toatemperatuuril v\u00f5i k\u00fclmutatuna. A260\/A280 suhe peaks olema 1.8-2.0. DNA peab agaroosgeelis pikkusmarkeri juuresolekul olema detekteeritav \u00fche tervikliku b\u00e4ndina.<\/td>\n<\/tr>\n<\/tbody>\n<\/table>\n<hr style=\"color: #a34c95; background-color: #a34c95; height: 2px; border: none; width: 100%;\" \/>\n<table class=\"table no-border no-margin\" border=\"0\" cellspacing=\"0\" cellpadding=\"0\">\n<tbody>\n<tr>\n<td width=\"110\"><strong>Tellimine:<\/strong><\/td>\n<td>Proovimaterjal saata koos <span style=\"color: #a34c95;\"><strong><a style=\"color: #a34c95;\" href=\"https:\/\/www.asperbio.com\/wp-content\/uploads\/Asper-Cardiogenetics-saatekiri.doc\">saatekirjaga<\/a><\/strong><\/span> Asper Biogene laborisse<\/td>\n<\/tr>\n<\/tbody>\n<\/table>\n<hr style=\"color: #a34c95; background-color: #a34c95; height: 2px; border: none; width: 100%;\" \/>\n<\/div>\n<p><strong>N\u00e4idustused geenitesti tegemiseks<\/strong>:<br \/>\n1. Kliinilise diagnoosi kinnitamine<br \/>\n2. Noores eas koronaararteri haiguse esinemine patsiendil v\u00f5i pereliikmel<br \/>\n3. Kandluse m\u00e4\u00e4ramine\u00a0teadaoleva mutatsiooni suhtes<br \/>\n4. Iseloomulike s\u00fcmptomite, nagu ksantoomid, esinemine<br \/>\n5. Geneetiline n\u00f5ustamine<\/p>\n<p><strong>T\u00fc\u00fcp III h\u00fcperlipoproteineemiale<\/strong> on iseloomulik h\u00fcperlipideemia, mis on p\u00f5hjustatud trigl\u00fctseriidide rikaste <strong>lipoproteiinide<\/strong>, nagu <strong>k\u00fclomikronid<\/strong> ja <strong>v\u00e4ga v\u00e4ikese tihedusega lipoproteiinid<\/strong>, j\u00e4\u00e4kide kuhjumisest. Nende j\u00e4\u00e4kide k\u00f5rge tase soodustab lipiidide ladestumist tuberoossete ksantoomidena, ateroskleroosi, varajasi koronaararterite haigusi ja varajast m\u00fcokardiinfarkti.<\/p>\n<p>T\u00fc\u00fcp III h\u00fcperlipoproteineemia on seotud homos\u00fcgootsete, liitheteros\u00fcgootsete v\u00f5i heteros\u00fcgootsete mutatsioonidega <strong>APOE geenis<\/strong>. Haiguse kujunemise eelduseks on tavaliselt ka keskkonnast tingitud v\u00f5i lisanduvad geneetilised faktorid. Trigl\u00fctseriidide rikaste lipoproteiinide j\u00e4\u00e4kide kuhjumist esineb ca 1:5000 inimese kohta, geenidefekt avaldub u 1% elanikkonnast.<\/p>","protected":false},"excerpt":{"rendered":"<p>T\u00fc\u00fcp III h\u00fcperlipoproteineemiaga seotud mutatsioonanal\u00fc\u00fcs Geen: APOE Metoodika: Kodeeriva piirkonna sekveneerimine (Sanger) Marker: 2 Testi valmimisaeg: 2-4 n\u00e4dalat N\u00f5uded proovi-materjalile: 2-4 ml t\u00e4isverd antikoagulandiga EDTA (lilla korgiga katsuti) 200 ng\u00a0DNA-d elueerituna TE, AE puhvris v\u00f5i steriilses vees, kontsentratsiooniga 100-250 ng\/\u00b5l DNA saata toatemperatuuril v\u00f5i k\u00fclmutatuna. A260\/A280 suhe peaks olema 1.8-2.0. DNA peab agaroosgeelis pikkusmarkeri juuresolekul [&hellip;]<\/p>\n","protected":false},"author":2,"featured_media":0,"parent":14537,"menu_order":0,"comment_status":"closed","ping_status":"closed","template":"","meta":{"_monsterinsights_skip_tracking":false,"_monsterinsights_sitenote_active":false,"_monsterinsights_sitenote_note":"","_monsterinsights_sitenote_category":0,"footnotes":""},"class_list":["post-20621","page","type-page","status-publish","hentry"],"aioseo_notices":[],"_links":{"self":[{"href":"https:\/\/www.asperbio.com\/et\/wp-json\/wp\/v2\/pages\/20621","targetHints":{"allow":["GET"]}}],"collection":[{"href":"https:\/\/www.asperbio.com\/et\/wp-json\/wp\/v2\/pages"}],"about":[{"href":"https:\/\/www.asperbio.com\/et\/wp-json\/wp\/v2\/types\/page"}],"author":[{"embeddable":true,"href":"https:\/\/www.asperbio.com\/et\/wp-json\/wp\/v2\/users\/2"}],"replies":[{"embeddable":true,"href":"https:\/\/www.asperbio.com\/et\/wp-json\/wp\/v2\/comments?post=20621"}],"version-history":[{"count":3,"href":"https:\/\/www.asperbio.com\/et\/wp-json\/wp\/v2\/pages\/20621\/revisions"}],"predecessor-version":[{"id":25870,"href":"https:\/\/www.asperbio.com\/et\/wp-json\/wp\/v2\/pages\/20621\/revisions\/25870"}],"up":[{"embeddable":true,"href":"https:\/\/www.asperbio.com\/et\/wp-json\/wp\/v2\/pages\/14537"}],"wp:attachment":[{"href":"https:\/\/www.asperbio.com\/et\/wp-json\/wp\/v2\/media?parent=20621"}],"curies":[{"name":"wp","href":"https:\/\/api.w.org\/{rel}","templated":true}]}}