{"id":20617,"date":"2017-10-13T16:52:04","date_gmt":"2017-10-13T13:52:04","guid":{"rendered":"http:\/\/www.asperbio.com\/?page_id=20617"},"modified":"2020-04-03T14:56:49","modified_gmt":"2020-04-03T11:56:49","slug":"perekondlik-lipoproteiini-lipaasi-vaegus","status":"publish","type":"page","link":"https:\/\/www.asperbio.com\/et\/asper-cardiogenetics-testid\/perekondlik-lipoproteiini-lipaasi-vaegus\/","title":{"rendered":"Perekondlik lipoproteiini lipaasi vaegus"},"content":{"rendered":"<h2 style=\"padding-left: 5px;\"><span style=\"color: #a34c95;\">Perekondlik lipoproteiini lipaasi vaegusega seotud <i>LPL<\/i>\u00a0geeni sekveneerimine<\/span><\/h2>\n<div class=\"sm_post_content\" style=\"background: url('https:\/\/www.asperbio.com\/wp-content\/uploads\/Cardio-01.png') repeat-y; padding-left: 40px;\">\n<table class=\"table no-border no-margin\" border=\"0\" cellspacing=\"0\" cellpadding=\"0\">\n<tbody>\n<tr>\n<td width=\"110\"><strong>Geenid:<\/strong><\/td>\n<td><i>LPL<\/i><\/td>\n<\/tr>\n<\/tbody>\n<\/table>\n<hr style=\"color: #e63458; background-color: #a34c95; height: 2px; border: none; width: 100%;\" \/>\n<table class=\"table no-border no-margin\" border=\"0\" cellspacing=\"0\" cellpadding=\"0\">\n<tbody>\n<tr>\n<td width=\"110\"><strong>Metoodika:<\/strong><\/td>\n<td>Kodeeriva piirkonna sekveneerimine (Sanger)<\/td>\n<\/tr>\n<\/tbody>\n<\/table>\n<hr style=\"color: #e63458; background-color: #a34c95; height: 2px; border: none; width: 100%;\" \/>\n<table class=\"table no-border no-margin\" border=\"0\" cellspacing=\"0\" cellpadding=\"0\">\n<tbody>\n<tr>\n<td width=\"110\"><strong>Testi valmimisaeg:<\/strong><\/td>\n<td>2-4 n\u00e4dalat<\/td>\n<\/tr>\n<\/tbody>\n<\/table>\n<hr style=\"color: #e63458; background-color: #a34c95; height: 2px; border: none; width: 100%;\" \/>\n<table class=\"table no-border no-margin\" border=\"0\" cellspacing=\"0\" cellpadding=\"0\">\n<tbody>\n<tr>\n<td width=\"110\"><strong>N\u00f5uded proovi-materjalile:<\/strong><\/td>\n<td>2-4 ml t\u00e4isverd antikoagulandiga EDTA (lilla korgiga katsuti)<\/p>\n<p>1 \u00b5g DNA-d elueerituna TE, AE puhvris v\u00f5i steriilses vees, kontsentratsiooniga 100-250 ng\/\u00b5l<br \/>\nDNA saata toatemperatuuril v\u00f5i k\u00fclmutatuna. A260\/A280 suhe peaks olema 1.8-2.0. DNA peab agaroosgeelis pikkusmarkeri juuresolekul olema detekteeritav \u00fche tervikliku b\u00e4ndina.<\/td>\n<\/tr>\n<\/tbody>\n<\/table>\n<hr style=\"color: #e63458; background-color: #a34c95; height: 2px; border: none; width: 100%;\" \/>\n<table class=\"table no-border no-margin\" border=\"0\" cellspacing=\"0\" cellpadding=\"0\">\n<tbody>\n<tr>\n<td width=\"110\"><strong>Tellimine:<\/strong><\/td>\n<td>Proovimaterjal saata koos <span style=\"color: #a34c95;\"><strong><a style=\"color: #a34c95;\" href=\"https:\/\/www.asperbio.com\/wp-content\/uploads\/Asper-Cardiogenetics-saatekiri.doc\">saatekirjaga<\/a><\/strong><\/span> Asper Biogene laborisse<\/td>\n<\/tr>\n<\/tbody>\n<\/table>\n<hr style=\"color: #e63458; background-color: #a34c95; height: 2px; border: none; width: 100%;\" \/>\n<\/div>\n<h2 style=\"padding-left: 5px;\"><span style=\"color: #a34c95;\"><i>LPL<\/i>\u00a0geeni deletsioonide\/duplikatsioonide anal\u00fc\u00fcs<\/span><\/h2>\n<div class=\"sm_post_content\" style=\"background: url('https:\/\/www.asperbio.com\/wp-content\/uploads\/Cardio-01.png') repeat-y; padding-left: 40px;\">\n<table class=\"table no-border no-margin\" border=\"0\" cellspacing=\"0\" cellpadding=\"0\">\n<tbody>\n<tr>\n<td width=\"110\"><strong>Geenid:<\/strong><\/td>\n<td><i>LPL<\/i><\/td>\n<\/tr>\n<\/tbody>\n<\/table>\n<hr style=\"color: #e63458; background-color: #a34c95; height: 2px; border: none; width: 100%;\" \/>\n<table class=\"table no-border no-margin\" border=\"0\" cellspacing=\"0\" cellpadding=\"0\">\n<tbody>\n<tr>\n<td width=\"110\"><strong>Metoodika:<\/strong><\/td>\n<td>MLPA<\/td>\n<\/tr>\n<\/tbody>\n<\/table>\n<hr style=\"color: #e63458; background-color: #a34c95; height: 2px; border: none; width: 100%;\" \/>\n<table class=\"table no-border no-margin\" border=\"0\" cellspacing=\"0\" cellpadding=\"0\">\n<tbody>\n<tr>\n<td width=\"110\"><strong>Testi valmimisaeg:<\/strong><\/td>\n<td>4-6 n\u00e4dalat<\/td>\n<\/tr>\n<\/tbody>\n<\/table>\n<hr style=\"color: #e63458; background-color: #a34c95; height: 2px; border: none; width: 100%;\" \/>\n<table class=\"table no-border no-margin\" border=\"0\" cellspacing=\"0\" cellpadding=\"0\">\n<tbody>\n<tr>\n<td width=\"110\"><strong>N\u00f5uded proovi-materjalile:<\/strong><\/td>\n<td>2-4 ml t\u00e4isverd antikoagulandiga EDTA (lilla korgiga katsuti)<\/p>\n<p>1 \u00b5g DNA-d elueerituna TE, AE puhvris v\u00f5i steriilses vees, kontsentratsiooniga 100-250 ng\/\u00b5l<br \/>\nDNA saata toatemperatuuril v\u00f5i k\u00fclmutatuna. A260\/A280 suhe peaks olema 1.8-2.0. DNA peab agaroosgeelis pikkusmarkeri juuresolekul olema detekteeritav \u00fche tervikliku b\u00e4ndina.<\/td>\n<\/tr>\n<\/tbody>\n<\/table>\n<hr style=\"color: #e63458; background-color: #a34c95; height: 2px; border: none; width: 100%;\" \/>\n<table class=\"table no-border no-margin\" border=\"0\" cellspacing=\"0\" cellpadding=\"0\">\n<tbody>\n<tr>\n<td width=\"110\"><strong>Tellimine:<\/strong><\/td>\n<td>Proovimaterjal saata koos <span style=\"color: #a34c95;\"><strong><a style=\"color: #a34c95;\" href=\"https:\/\/www.asperbio.com\/wp-content\/uploads\/Asper-Cardiogenetics-saatekiri.doc\">saatekirjaga<\/a><\/strong><\/span> Asper Biogene laborisse<\/td>\n<\/tr>\n<\/tbody>\n<\/table>\n<hr style=\"color: #e63458; background-color: #a34c95; height: 2px; border: none; width: 100%;\" \/>\n<\/div>\n<p><strong>N\u00e4idustused geneetiliseks testimiseks<\/strong>:<\/p>\n<p>1. Kliinilise diagnoosi kinnitamine<br \/>\n2. Diferentsiaaldiagnostika<br \/>\n3. Patsiendi pereliikmete testimine<br \/>\n4. Geneetiline n\u00f5ustamine<\/p>\n<p style=\"text-align: justify;\"><strong>Perekondlikule lipoproteiini lipaasi vaegusele<\/strong> on iseloomulik tugev h\u00fcpertrigl\u00fctserideemia, mis v\u00f5ib esineda koos k\u00f5huvalu, korduva \u00e4geda pankreatiidi, naha ksantoomide ja hepatosplenomegaaliaga. S\u00fcmptomid avalduvad tavaliselt lapseeas.<\/p>\n<p style=\"text-align: justify;\">Perekondlik lipoproteiini lipaasi vaegus p\u00e4randub autosoom-retsessiivsel teel. Haiguse p\u00f5hjuseks on mutatsioonid <em>LPL<\/em> geenis.<\/p>\n<p style=\"text-align: justify;\">Tegemist on haruldase haigusega, esinemissagedusega on 1:1000000.<\/p>","protected":false},"excerpt":{"rendered":"<p>Perekondlik lipoproteiini lipaasi vaegusega seotud LPL\u00a0geeni sekveneerimine Geenid: LPL Metoodika: Kodeeriva piirkonna sekveneerimine (Sanger) Testi valmimisaeg: 2-4 n\u00e4dalat N\u00f5uded proovi-materjalile: 2-4 ml t\u00e4isverd antikoagulandiga EDTA (lilla korgiga katsuti) 1 \u00b5g DNA-d elueerituna TE, AE puhvris v\u00f5i steriilses vees, kontsentratsiooniga 100-250 ng\/\u00b5l DNA saata toatemperatuuril v\u00f5i k\u00fclmutatuna. A260\/A280 suhe peaks olema 1.8-2.0. DNA peab agaroosgeelis pikkusmarkeri [&hellip;]<\/p>\n","protected":false},"author":2,"featured_media":0,"parent":14537,"menu_order":0,"comment_status":"closed","ping_status":"closed","template":"","meta":{"_monsterinsights_skip_tracking":false,"_monsterinsights_sitenote_active":false,"_monsterinsights_sitenote_note":"","_monsterinsights_sitenote_category":0,"footnotes":""},"class_list":["post-20617","page","type-page","status-publish","hentry"],"aioseo_notices":[],"_links":{"self":[{"href":"https:\/\/www.asperbio.com\/et\/wp-json\/wp\/v2\/pages\/20617","targetHints":{"allow":["GET"]}}],"collection":[{"href":"https:\/\/www.asperbio.com\/et\/wp-json\/wp\/v2\/pages"}],"about":[{"href":"https:\/\/www.asperbio.com\/et\/wp-json\/wp\/v2\/types\/page"}],"author":[{"embeddable":true,"href":"https:\/\/www.asperbio.com\/et\/wp-json\/wp\/v2\/users\/2"}],"replies":[{"embeddable":true,"href":"https:\/\/www.asperbio.com\/et\/wp-json\/wp\/v2\/comments?post=20617"}],"version-history":[{"count":3,"href":"https:\/\/www.asperbio.com\/et\/wp-json\/wp\/v2\/pages\/20617\/revisions"}],"predecessor-version":[{"id":25557,"href":"https:\/\/www.asperbio.com\/et\/wp-json\/wp\/v2\/pages\/20617\/revisions\/25557"}],"up":[{"embeddable":true,"href":"https:\/\/www.asperbio.com\/et\/wp-json\/wp\/v2\/pages\/14537"}],"wp:attachment":[{"href":"https:\/\/www.asperbio.com\/et\/wp-json\/wp\/v2\/media?parent=20617"}],"curies":[{"name":"wp","href":"https:\/\/api.w.org\/{rel}","templated":true}]}}