{"id":20461,"date":"2017-08-29T13:50:11","date_gmt":"2017-08-29T10:50:11","guid":{"rendered":"http:\/\/www.asperbio.com\/?page_id=20461"},"modified":"2022-03-25T10:36:17","modified_gmt":"2022-03-25T08:36:17","slug":"autismi-spektri-hairetega-seotud-geenide-sekveneerimine","status":"publish","type":"page","link":"https:\/\/www.asperbio.com\/et\/asper-neurogenetics-testid\/autismi-spektri-hairetega-seotud-geenide-sekveneerimine\/","title":{"rendered":"Autismi spektri h\u00e4iretega seotud geenide sekveneerimine"},"content":{"rendered":"<h2 style=\"padding-left: 5px;\"><span style=\"color: #dcc900;\">Autismi spektri h\u00e4iretega seotud geenide sekveneerimine<\/span><\/h2>\n<div class=\"sm_post_content\" style=\"background: url('https:\/\/www.asperbio.com\/wp-content\/uploads\/Neuro-01.png') repeat-y; padding-left: 40px;\">\n<table class=\"table no-border no-margin\" border=\"0\" cellspacing=\"0\" cellpadding=\"0\">\n<tbody>\n<tr>\n<td width=\"110\"><strong>Geenid<br \/>\n(kodeeriv<br \/>\nala):<\/strong><\/td>\n<td><em>ADNP, ADSL, ANKRD11, ARX, AVPR1A, BCL11A, BRAF, CACNA1C, CC2D1A, CDKL5, CHD2, CHD7, CNOT3, CNTN6, CNTNAP2, COL4A3BP, C12ORF4, CREBBP, CSNK2A1, DHCR7, EHMT1, EN2, FBXO11, FOXG1, FOXP1, FOXP2, GABRB3, HDAC8, HOXA1, HPRT1, KMT5B, MAGEL2, MBOAT7, MECP2, MED12, MID1, NHS, NIPBL, NLGN3, NLGN4X, NRXN1, NSD1, NTNG1, OXTR, PCDH19, PDE8B, POGZ, PTCHD1, PTEN, PTPN11, PQBP1, RAD21, RAI1, RELN, RPL10, SCN1A, SCN2A, SETD2, SHANK2, SHANK3, SLC6A4, SLC6A8, SLC9A9, SMC3, SMC1A, SNAP25, TBL1XR1, TBR1, TCF4, TCF20, TRIP12, TSC1, TSC2, UBE3A, VPS13B, WASF1, ZEB2<\/em><\/td>\n<\/tr>\n<\/tbody>\n<\/table>\n<hr style=\"color: #dcc900; background-color: #dcc900; height: 2px; border: none; width: 100%;\" \/>\n<table class=\"table no-border no-margin\" border=\"0\" cellspacing=\"0\" cellpadding=\"0\">\n<tbody>\n<tr>\n<td width=\"110\"><strong>Mittekodeeriv ala:<\/strong><\/td>\n<td><strong><a style=\"color: #dcc900;\" title=\"Autismi spektri h\u00e4irete mittekodeerivad geneetilised variandid\" href=\"https:\/\/www.asperbio.com\/et\/asper-neurogenetics-testid\/autismi-spektri-hairetega-seotud-geenide-sekveneerimine\/autismi-spektri-hairete-paneeli-mittekodeerivad-geneetilised-variandid\/\">Mittekodeerivad geneetilised variandid<\/a><\/strong><\/td>\n<\/tr>\n<\/tbody>\n<\/table>\n<hr style=\"color: #dcc900; background-color: #dcc900; height: 2px; border: none; width: 100%;\" \/>\n<table class=\"table no-border no-margin\" border=\"0\" cellspacing=\"0\" cellpadding=\"0\">\n<tbody>\n<tr>\n<td width=\"110\"><strong>Metoodika:<\/strong><\/td>\n<td>Kodeeriva piirkonna sekveneerimine (NGS).<br \/>\nKoopiaarvu muutuste bioinformaatiline anal\u00fc\u00fcs (CNV). CNV leidude kinnitamine teise meetodiga toimub lisaanal\u00fc\u00fcsina, vastavalt hinnakirjale.<\/td>\n<\/tr>\n<\/tbody>\n<\/table>\n<hr style=\"color: #dcc900; background-color: #dcc900; height: 2px; border: none; width: 100%;\" \/>\n<table class=\"table no-border no-margin\" border=\"0\" cellspacing=\"0\" cellpadding=\"0\">\n<tbody>\n<tr>\n<td width=\"110\"><strong>Testi valmimisaeg:<\/strong><\/td>\n<td>6-9 n\u00e4dalat<\/td>\n<\/tr>\n<\/tbody>\n<\/table>\n<hr style=\"color: #dcc900; background-color: #dcc900; height: 2px; border: none; width: 100%;\" \/>\n<table class=\"table no-border no-margin\" border=\"0\" cellspacing=\"0\" cellpadding=\"0\">\n<tbody>\n<tr>\n<td width=\"110\"><strong>N\u00f5uded proovi-<br \/>\nmaterjalile:<\/strong><\/td>\n<td>2-4 ml t\u00e4isverd antikoagulandiga EDTA (lilla korgiga katsuti)<\/p>\n<p>1 \u00b5g DNA-d elueerituna TE, AE puhvris v\u00f5i steriilses vees, kontsentratsiooniga 100-250 ng\/\u00b5l<br \/>\nA260\/A280 suhe peaks olema 1.8-2.0. DNA peab agaroosgeelis pikkusmarkeri juuresolekul olema detekteeritav \u00fche tervikliku b\u00e4ndina.<\/td>\n<\/tr>\n<\/tbody>\n<\/table>\n<hr style=\"color: #dcc900; background-color: #dcc900; height: 2px; border: none; width: 100%;\" \/>\n<table class=\"table no-border no-margin\" border=\"0\" cellspacing=\"0\" cellpadding=\"0\">\n<tbody>\n<tr>\n<td width=\"110\"><strong>Tellimine:<\/strong><\/td>\n<td>Proovimaterjal saata koos <span style=\"color: #dcc900;\"><strong><a style=\"color: #dcc900;\" href=\"https:\/\/www.asperbio.com\/wp-content\/uploads\/Asper-Neurogenetics-saatekiri-1.doc\">saatekirjaga<\/a><\/strong><\/span> Asper Biogene laborisse<\/td>\n<\/tr>\n<\/tbody>\n<\/table>\n<hr style=\"color: #dcc900; background-color: #dcc900; height: 2px; border: none; width: 100%;\" \/>\n<\/div>","protected":false},"excerpt":{"rendered":"<p>Autismi spektri h\u00e4iretega seotud geenide sekveneerimine Geenid (kodeeriv ala): ADNP, ADSL, ANKRD11, ARX, AVPR1A, BCL11A, BRAF, CACNA1C, CC2D1A, CDKL5, CHD2, CHD7, CNOT3, CNTN6, CNTNAP2, COL4A3BP, C12ORF4, CREBBP, CSNK2A1, DHCR7, EHMT1, EN2, FBXO11, FOXG1, FOXP1, FOXP2, GABRB3, HDAC8, HOXA1, HPRT1, KMT5B, MAGEL2, MBOAT7, MECP2, MED12, MID1, NHS, NIPBL, NLGN3, NLGN4X, NRXN1, NSD1, NTNG1, OXTR, PCDH19, PDE8B, [&hellip;]<\/p>\n","protected":false},"author":2,"featured_media":0,"parent":14761,"menu_order":0,"comment_status":"closed","ping_status":"closed","template":"","meta":{"_monsterinsights_skip_tracking":false,"_monsterinsights_sitenote_active":false,"_monsterinsights_sitenote_note":"","_monsterinsights_sitenote_category":0,"footnotes":""},"class_list":["post-20461","page","type-page","status-publish","hentry"],"aioseo_notices":[],"_links":{"self":[{"href":"https:\/\/www.asperbio.com\/et\/wp-json\/wp\/v2\/pages\/20461","targetHints":{"allow":["GET"]}}],"collection":[{"href":"https:\/\/www.asperbio.com\/et\/wp-json\/wp\/v2\/pages"}],"about":[{"href":"https:\/\/www.asperbio.com\/et\/wp-json\/wp\/v2\/types\/page"}],"author":[{"embeddable":true,"href":"https:\/\/www.asperbio.com\/et\/wp-json\/wp\/v2\/users\/2"}],"replies":[{"embeddable":true,"href":"https:\/\/www.asperbio.com\/et\/wp-json\/wp\/v2\/comments?post=20461"}],"version-history":[{"count":3,"href":"https:\/\/www.asperbio.com\/et\/wp-json\/wp\/v2\/pages\/20461\/revisions"}],"predecessor-version":[{"id":28180,"href":"https:\/\/www.asperbio.com\/et\/wp-json\/wp\/v2\/pages\/20461\/revisions\/28180"}],"up":[{"embeddable":true,"href":"https:\/\/www.asperbio.com\/et\/wp-json\/wp\/v2\/pages\/14761"}],"wp:attachment":[{"href":"https:\/\/www.asperbio.com\/et\/wp-json\/wp\/v2\/media?parent=20461"}],"curies":[{"name":"wp","href":"https:\/\/api.w.org\/{rel}","templated":true}]}}