{"id":20391,"date":"2017-08-23T16:02:39","date_gmt":"2017-08-23T13:02:39","guid":{"rendered":"http:\/\/www.asperbio.com\/?page_id=20391"},"modified":"2026-01-23T12:33:04","modified_gmt":"2026-01-23T10:33:04","slug":"asper-endocrinology-testid","status":"publish","type":"page","link":"https:\/\/www.asperbio.com\/et\/asper-endocrinology-testid\/","title":{"rendered":"Asper Endocrinology testid"},"content":{"rendered":"<h1><span style=\"color: #ca98c5;\">Asper Endocrinology\u00a0<\/span><\/h1>\n<div class=\"sm_post_content\" style=\"background: url('https:\/\/www.asperbio.com\/wp-content\/uploads\/Endocrinology-riba-3.png') repeat-y; padding-left: 40px;\">\n<h4><a title=\"Androgeeni resistentsuse s\u00fcndroom\" href=\"https:\/\/www.asperbio.com\/et\/asper-endocrinology-testid\/androgeeni-resistentsuse-sundroomiga-seotud-ar-geeni-sekveneerimine\/\"><strong> Androgeeni resistentsuse s\u00fcndroom<\/strong><\/a><br \/>\n<a title=\"H\u00fcperinsulinism\" href=\"https:\/\/www.asperbio.com\/et\/asper-endocrinology-testid\/huperinsulinismiga-seotud-geenide-sekveneerimine\/\"><strong>H\u00fcperinsulinism<\/strong><\/a><br \/>\n<a title=\"H\u00fcpofosfataasia\" href=\"https:\/\/www.asperbio.com\/et\/asper-endocrinology-testid\/hupofosfataasia\/\"><strong>H\u00fcpofosfataasia<\/strong><\/a><br \/>\n<a title=\"H\u00fcpot\u00fcreoidism ja t\u00fcreoidhormooni resistentsus\" href=\"https:\/\/www.asperbio.com\/et\/asper-endocrinology-testid\/hupotureoidismi-ja-tureoidhormooni-resistentsusega-seotud-geenide-sekveneerimine\/\"><strong>H\u00fcpot\u00fcreoidism ja t\u00fcreoidhormooni resistentsus<\/strong><\/a><br \/>\n<a title=\"Kaasas\u00fcndinud adrenogenitaalne h\u00fcperplaasia\" href=\"https:\/\/www.asperbio.com\/et\/asper-endocrinology-testid\/kaasasundinud-adrenogenitaalne-huperplaasia\/\"><strong>Kaasas\u00fcndinud adrenogenitaalne h\u00fcperplaasia<\/strong><\/a><br \/>\n<a title=\"Kallmanni s\u00fcndroom\" href=\"https:\/\/www.asperbio.com\/et\/asper-endocrinology-testid\/kallmanni-sundroomiga-seotud-geenide-sekveneerimine\/\"><strong> Kallmanni s\u00fcndroom<\/strong><\/a><br \/>\n<a title=\"Kilpn\u00e4\u00e4rme d\u00fcshormogenees\" href=\"https:\/\/www.asperbio.com\/et\/asper-endocrinology-testid\/kilpnaarme-dushormogeneesiga-seotud-geenide-sekveneerimine\/\"><strong> Kilpn\u00e4\u00e4rme d\u00fcshormogenees<\/strong><\/a><br \/>\n<a title=\"Kombineeritud h\u00fcpof\u00fc\u00fcsihormoonide puudulikkus\" href=\"https:\/\/www.asperbio.com\/et\/asper-endocrinology-testid\/kombineeritud-hupofuusihormoonide-puudulikkusega-seotud-geenide-sekveneerimine\/\"><strong>Kombineeritud h\u00fcpof\u00fc\u00fcsihormoonide puudulikkus<\/strong><\/a><br \/>\n<a title=\"Mitmik endokriinneuplaasiate s\u00fcndroom\" href=\"https:\/\/www.asperbio.com\/et\/asper-endocrinology-testid\/mitmikendokriinsete-neoplaasiate-sundroom\/\"><strong>Mitmikendokriinsete neoplaasiate s\u00fcndroom<\/strong><\/a><br \/>\n<a title=\"MODY diabeet\" href=\"https:\/\/www.asperbio.com\/et\/asper-endocrinology-testid\/mody-diabeediga-seotud-geenide-sekveneerimine\/\"><strong> MODY diabeet<\/strong><\/a><br \/>\n<a title=\"Perekondlik h\u00fcpokaltsiuuriline h\u00fcperkaltseemia\" href=\"https:\/\/www.asperbio.com\/et\/asper-endocrinology-testid\/perekondliku-hupokaltsiuurilise-huperkaltseemiaga-seotud-casr-geeni-sekveneerimine\/\"><strong>Perekondlik h\u00fcpokaltsiuuriline h\u00fcperkaltseemia<\/strong><\/a><br \/>\n<a title=\"Eksoomi sekveneerimine\" href=\"https:\/\/www.asperbio.com\/et\/asper-endocrinology-testid\/eksoomi-sekveneerimine\/\"><strong>Eksoomi sekveneerimine<\/strong><\/a><\/h4>\n<\/div>\n<p>Asper Endocrinology portfell sisaldab p\u00e4rilike <strong>endokrinoloogiliste haiguste<\/strong> diagnoosimist h\u00f5lbustavaid geeniteste.<\/p>\n<p>Endokrinoloogia valdkonnas on j\u00e4rjest enam hakatud kasutama molekulaardiagnostikat, kuna geneetilistel teguritel on oluline roll endokriinhaiguste patogeneesis.<\/p>\n<p>Geneetilist testimist saab kasutada mitte ainult monogeensete haiguste diagnostikas, uute anal\u00fc\u00fcsimeetodite rakendamine, nagu teise p\u00f5lvkonna sekveneerimine, on loonud v\u00f5imaluse ka komplekshaiguste diagnoosimiseks. Lisaks endokriinhaiguste p\u00f5hjuste tuvastamisele molekulaarsel tasemel, saab geneetiline testimine abiks olla ravi valikul ja l\u00e4hisugulaste haigusriski kindlaks tegemisel.<\/p>","protected":false},"excerpt":{"rendered":"<p>Asper Endocrinology\u00a0 Androgeeni resistentsuse s\u00fcndroom H\u00fcperinsulinism H\u00fcpofosfataasia H\u00fcpot\u00fcreoidism ja t\u00fcreoidhormooni resistentsus Kaasas\u00fcndinud adrenogenitaalne h\u00fcperplaasia Kallmanni s\u00fcndroom Kilpn\u00e4\u00e4rme d\u00fcshormogenees Kombineeritud h\u00fcpof\u00fc\u00fcsihormoonide puudulikkus Mitmikendokriinsete neoplaasiate s\u00fcndroom MODY diabeet Perekondlik h\u00fcpokaltsiuuriline h\u00fcperkaltseemia Eksoomi sekveneerimine Asper Endocrinology portfell sisaldab p\u00e4rilike endokrinoloogiliste haiguste diagnoosimist h\u00f5lbustavaid geeniteste. Endokrinoloogia valdkonnas on j\u00e4rjest enam hakatud kasutama molekulaardiagnostikat, kuna geneetilistel teguritel on oluline roll [&hellip;]<\/p>\n","protected":false},"author":2,"featured_media":0,"parent":0,"menu_order":0,"comment_status":"closed","ping_status":"closed","template":"","meta":{"_monsterinsights_skip_tracking":false,"_monsterinsights_sitenote_active":false,"_monsterinsights_sitenote_note":"","_monsterinsights_sitenote_category":0,"footnotes":""},"class_list":["post-20391","page","type-page","status-publish","hentry"],"aioseo_notices":[],"_links":{"self":[{"href":"https:\/\/www.asperbio.com\/et\/wp-json\/wp\/v2\/pages\/20391","targetHints":{"allow":["GET"]}}],"collection":[{"href":"https:\/\/www.asperbio.com\/et\/wp-json\/wp\/v2\/pages"}],"about":[{"href":"https:\/\/www.asperbio.com\/et\/wp-json\/wp\/v2\/types\/page"}],"author":[{"embeddable":true,"href":"https:\/\/www.asperbio.com\/et\/wp-json\/wp\/v2\/users\/2"}],"replies":[{"embeddable":true,"href":"https:\/\/www.asperbio.com\/et\/wp-json\/wp\/v2\/comments?post=20391"}],"version-history":[{"count":3,"href":"https:\/\/www.asperbio.com\/et\/wp-json\/wp\/v2\/pages\/20391\/revisions"}],"predecessor-version":[{"id":29514,"href":"https:\/\/www.asperbio.com\/et\/wp-json\/wp\/v2\/pages\/20391\/revisions\/29514"}],"wp:attachment":[{"href":"https:\/\/www.asperbio.com\/et\/wp-json\/wp\/v2\/media?parent=20391"}],"curies":[{"name":"wp","href":"https:\/\/api.w.org\/{rel}","templated":true}]}}