{"id":20326,"date":"2017-08-03T15:58:18","date_gmt":"2017-08-03T12:58:18","guid":{"rendered":"http:\/\/www.asperbio.com\/?page_id=20326"},"modified":"2024-03-24T12:47:30","modified_gmt":"2024-03-24T10:47:30","slug":"ettevottest","status":"publish","type":"page","link":"https:\/\/www.asperbio.com\/et\/asper-biogene\/ettevottest\/","title":{"rendered":"Ettev\u00f5ttest"},"content":{"rendered":"<p><strong>Asper Biogene<\/strong> on geneetilise testimisega tegelev ettev\u00f5te, mille peamine fookus on p\u00e4rilike haiguste testimisel ja geenitestide arendusel.<\/p>\n<p>Meie testide valik on \u00fcks laialdasemaid geneetilise diagnostika valdkonnas. <strong>Asper\u00a0Ophthalmics<\/strong> on maailma \u00fcks silmapaistvamaid p\u00e4rilike silmahaiguste testide valikuid. T\u00e4naseks on lisandunud teised testimise valdkonnad nagu <strong>onkoloogia, neuroloogia, kardioloogia, hematoloogia, farmakogeneetika<\/strong> jne. Kuna meie eesm\u00e4rgiks on pakkuda paindlikku ja kliendis\u00f5bralikku teenust, siis on meie kliendid alati oodatud k\u00fcsima personaalseid teste ja lahendusi.<\/p>\n<p>Meie teenuste kvaliteet on tagatud <strong>ISO 15189:2012 <\/strong>ja\u00a0<strong>ISO 9001:2015<\/strong>\u00a0sertifikaatidega.\u00a0\u00a0Geenianal\u00fc\u00fcsi teostamise kvaliteedi hoidmiseks ja parendamiseks osaletakse\u00a0<i>European Molecular Genetics Quality Network<\/i>\u00a0(<i>EMQN<\/i>) v\u00e4lise kvaliteedi hindamise skeemides.<\/p>\n<p>Meie klientideks on maailmas tuntud teadusasutused ja \u00fclikoolid, meditsiinikeskused ja kliinikud kokku 40 erinevast riigist ning ka paljud rahvusvahelised biotehnoloogia ettev\u00f5tted. Koost\u00f6\u00f6d tehakse patsiente \u00fchendavate organisatsioonidega. Eestis teeme tihedat koost\u00f6\u00f6d erinevate meditsiiniasutuste ja meditsiinigeneetikutega.<\/p>\n<p>Oma pikaajalise kogemuse ja innovaatilise l\u00e4henemise poolest oleme tuntud ja hinnatud koost\u00f6\u00f6partner rahvusvahelistes teadusprojektides. Seni on osaletud 14 erinevas Euroopa Liidu 6. ja 7. raamprogrammi poolt finantseeritavas projektis, mille uuringuvaldkonnad on haaranud nii silmahaiguste, p\u00e4riliku kolorektaalv\u00e4hi, kardiovaskulaarhaiguste, farmakogeneetika jm temaatikat. Meie teaduspartnerite hulka kuuluvad paljud mainekad \u00fclikoolid ja teadusasutused, n\u00e4iteks Columbia \u00dclikool ja Stanfordi \u00dclikool Ameerika \u00dchendriikides, Radboud \u00dclikooli Nijmegeni Meditsiini Keskus Hollandis ja Londoni \u00dclikooli Kolled\u017ei Oftalmoloogia Instituut Suurbritannias jt.<\/p>","protected":false},"excerpt":{"rendered":"<p>Asper Biogene on geneetilise testimisega tegelev ettev\u00f5te, mille peamine fookus on p\u00e4rilike haiguste testimisel ja geenitestide arendusel. Meie testide valik on \u00fcks laialdasemaid geneetilise diagnostika valdkonnas. Asper\u00a0Ophthalmics on maailma \u00fcks silmapaistvamaid p\u00e4rilike silmahaiguste testide valikuid. T\u00e4naseks on lisandunud teised testimise valdkonnad nagu onkoloogia, neuroloogia, kardioloogia, hematoloogia, farmakogeneetika jne. Kuna meie eesm\u00e4rgiks on pakkuda paindlikku ja [&hellip;]<\/p>\n","protected":false},"author":2,"featured_media":0,"parent":17754,"menu_order":1,"comment_status":"closed","ping_status":"closed","template":"","meta":{"_monsterinsights_skip_tracking":false,"_monsterinsights_sitenote_active":false,"_monsterinsights_sitenote_note":"","_monsterinsights_sitenote_category":0,"footnotes":""},"class_list":["post-20326","page","type-page","status-publish","hentry"],"aioseo_notices":[],"_links":{"self":[{"href":"https:\/\/www.asperbio.com\/et\/wp-json\/wp\/v2\/pages\/20326","targetHints":{"allow":["GET"]}}],"collection":[{"href":"https:\/\/www.asperbio.com\/et\/wp-json\/wp\/v2\/pages"}],"about":[{"href":"https:\/\/www.asperbio.com\/et\/wp-json\/wp\/v2\/types\/page"}],"author":[{"embeddable":true,"href":"https:\/\/www.asperbio.com\/et\/wp-json\/wp\/v2\/users\/2"}],"replies":[{"embeddable":true,"href":"https:\/\/www.asperbio.com\/et\/wp-json\/wp\/v2\/comments?post=20326"}],"version-history":[{"count":3,"href":"https:\/\/www.asperbio.com\/et\/wp-json\/wp\/v2\/pages\/20326\/revisions"}],"predecessor-version":[{"id":29114,"href":"https:\/\/www.asperbio.com\/et\/wp-json\/wp\/v2\/pages\/20326\/revisions\/29114"}],"up":[{"embeddable":true,"href":"https:\/\/www.asperbio.com\/et\/wp-json\/wp\/v2\/pages\/17754"}],"wp:attachment":[{"href":"https:\/\/www.asperbio.com\/et\/wp-json\/wp\/v2\/media?parent=20326"}],"curies":[{"name":"wp","href":"https:\/\/api.w.org\/{rel}","templated":true}]}}