{"id":19310,"date":"2017-03-30T10:48:27","date_gmt":"2017-03-30T09:48:27","guid":{"rendered":"http:\/\/www.asperbio.com\/?page_id=19310"},"modified":"2017-08-01T10:44:19","modified_gmt":"2017-08-01T07:44:19","slug":"loote-rakkude-kontaminatsioon-ema-materjaliga","status":"publish","type":"page","link":"https:\/\/www.asperbio.com\/et\/asper-reprogenetics-testid-2\/loote-rakkude-kontaminatsioon-ema-materjaliga\/","title":{"rendered":"Loote rakkude kontaminatsioon ema materjaliga"},"content":{"rendered":"<h2 style=\"padding-left: 5px;\"><span style=\"color: #e63458;\">Loote rakkude kontaminatsioon ema materjaliga<\/span><\/h2>\n<div class=\"sm_post_content\" style=\"background: url('https:\/\/www.asperbio.com\/wp-content\/uploads\/t-roosa.png') repeat-y; padding-left: 40px;\">\n<table class=\"table no-border no-margin\" border=\"0\" cellspacing=\"0\" cellpadding=\"0\">\n<tbody>\n<tr>\n<td width=\"110\"><strong>Test:<\/strong><\/td>\n<td>Loote rakkude kontaminatsioon ema materjaliga<\/td>\n<\/tr>\n<\/tbody>\n<\/table>\n<hr style=\"color: #e63458; background-color: #e63458; height: 2px; border: none; width: 100%;\" \/>\n<table class=\"table no-border no-margin\" border=\"0\" cellspacing=\"0\" cellpadding=\"0\">\n<tbody>\n<tr>\n<td width=\"110\"><strong>Metoodika:<\/strong><\/td>\n<td>Fragmentanal\u00fc\u00fcs<\/td>\n<\/tr>\n<\/tbody>\n<\/table>\n<hr style=\"color: #e63458; background-color: #e63458; height: 2px; border: none; width: 100%;\" \/>\n<table class=\"table no-border no-margin\" border=\"0\" cellspacing=\"0\" cellpadding=\"0\">\n<tbody>\n<tr>\n<td width=\"110\"><strong>Testi valmimisaeg:<\/strong><\/td>\n<td>1 n\u00e4dal<\/td>\n<\/tr>\n<\/tbody>\n<\/table>\n<hr style=\"color: #e63458; background-color: #e63458; height: 2px; border: none; width: 100%;\" \/>\n<table class=\"table no-border no-margin\" border=\"0\" cellspacing=\"0\" cellpadding=\"0\">\n<tbody>\n<tr>\n<td width=\"110\"><strong>N\u00f5uded proovi-<br \/>\nmaterjalile:<\/strong><\/td>\n<td>Emalt 2-4 ml t\u00e4isverd K2E\/K3E katsutis (lilla kork)<\/p>\n<p>Ema verest eraldatud 30-50 ng\u00a0DNA-d elueerituna TE, AE puhvris v\u00f5i steriilses vees, kontsentratsiooniga 100-250 ng\/\u00b5l<\/p>\n<p>Loote koorioni- v\u00f5i amnionirakkudest eraldatud 30-50 ng\u00a0DNA-d elueerituna TE, AE puhvris v\u00f5i steriilses vees, kontsentratsiooniga 100-250 ng\/\u00b5l<\/p>\n<p>A260\/A280 soovitav suhe on 1.8-2.0. DNA proov peab DNA pikkusmarkeri juuresolekul agaroosgeelis olema detekteeritav \u00fche tervikliku b\u00e4ndina.<\/td>\n<\/tr>\n<\/tbody>\n<\/table>\n<hr style=\"color: #e63458; background-color: #e63458; height: 2px; border: none; width: 100%;\" \/>\n<table class=\"table no-border no-margin\" border=\"0\" cellspacing=\"0\" cellpadding=\"0\">\n<tbody>\n<tr>\n<td width=\"110\"><strong>Tellimine:<\/strong><\/td>\n<td>Proovimaterjalid saata koos <a href=\"https:\/\/www.asperbio.com\/wp-content\/uploads\/Asper-Reprogenetics-saatekiri.doc\"><span style=\"color: #e63458;\"><strong>saatekirjaga<\/strong><\/span><\/a> Asper Biogene laborisse<\/td>\n<\/tr>\n<\/tbody>\n<\/table>\n<hr style=\"color: #e63458; background-color: #e63458; height: 2px; border: none; width: 100%;\" \/>\n<\/div>","protected":false},"excerpt":{"rendered":"<p>Loote rakkude kontaminatsioon ema materjaliga Test: Loote rakkude kontaminatsioon ema materjaliga Metoodika: Fragmentanal\u00fc\u00fcs Testi valmimisaeg: 1 n\u00e4dal N\u00f5uded proovi- materjalile: Emalt 2-4 ml t\u00e4isverd K2E\/K3E katsutis (lilla kork) Ema verest eraldatud 30-50 ng\u00a0DNA-d elueerituna TE, AE puhvris v\u00f5i steriilses vees, kontsentratsiooniga 100-250 ng\/\u00b5l Loote koorioni- v\u00f5i amnionirakkudest eraldatud 30-50 ng\u00a0DNA-d elueerituna TE, AE puhvris v\u00f5i [&hellip;]<\/p>\n","protected":false},"author":2,"featured_media":0,"parent":11436,"menu_order":0,"comment_status":"closed","ping_status":"closed","template":"","meta":{"_monsterinsights_skip_tracking":false,"_monsterinsights_sitenote_active":false,"_monsterinsights_sitenote_note":"","_monsterinsights_sitenote_category":0,"footnotes":""},"class_list":["post-19310","page","type-page","status-publish","hentry"],"aioseo_notices":[],"_links":{"self":[{"href":"https:\/\/www.asperbio.com\/et\/wp-json\/wp\/v2\/pages\/19310","targetHints":{"allow":["GET"]}}],"collection":[{"href":"https:\/\/www.asperbio.com\/et\/wp-json\/wp\/v2\/pages"}],"about":[{"href":"https:\/\/www.asperbio.com\/et\/wp-json\/wp\/v2\/types\/page"}],"author":[{"embeddable":true,"href":"https:\/\/www.asperbio.com\/et\/wp-json\/wp\/v2\/users\/2"}],"replies":[{"embeddable":true,"href":"https:\/\/www.asperbio.com\/et\/wp-json\/wp\/v2\/comments?post=19310"}],"version-history":[{"count":2,"href":"https:\/\/www.asperbio.com\/et\/wp-json\/wp\/v2\/pages\/19310\/revisions"}],"predecessor-version":[{"id":20132,"href":"https:\/\/www.asperbio.com\/et\/wp-json\/wp\/v2\/pages\/19310\/revisions\/20132"}],"up":[{"embeddable":true,"href":"https:\/\/www.asperbio.com\/et\/wp-json\/wp\/v2\/pages\/11436"}],"wp:attachment":[{"href":"https:\/\/www.asperbio.com\/et\/wp-json\/wp\/v2\/media?parent=19310"}],"curies":[{"name":"wp","href":"https:\/\/api.w.org\/{rel}","templated":true}]}}