{"id":19254,"date":"2017-03-27T13:52:52","date_gmt":"2017-03-27T12:52:52","guid":{"rendered":"http:\/\/www.asperbio.com\/?page_id=19254"},"modified":"2017-08-25T14:16:40","modified_gmt":"2017-08-25T11:16:40","slug":"smith-lemli-opitzi-sundroom","status":"publish","type":"page","link":"https:\/\/www.asperbio.com\/et\/asper-dysmorphology-testid\/smith-lemli-opitzi-sundroom\/","title":{"rendered":"Smith-Lemli-Opitzi s\u00fcndroom"},"content":{"rendered":"<h2 style=\"padding-left: 5px;\"><span style=\"color: #8399a7;\">Smith-Lemli-Opitzi s\u00fcndroomiga seotud <em>DHCR7<\/em> geeni sekveneerimine<\/span><\/h2>\n<div class=\"sm_post_content\" style=\"background: url('https:\/\/www.asperbio.com\/wp-content\/uploads\/Asper-Dysmorphology_01.png') repeat-y; padding-left: 40px;\">\n<table class=\"table no-border no-margin\" border=\"0\" cellspacing=\"0\" cellpadding=\"0\">\n<tbody>\n<tr>\n<td width=\"110\"><strong>Geenid:<\/strong><\/td>\n<td><em>DHCR7<\/em><\/td>\n<\/tr>\n<\/tbody>\n<\/table>\n<hr style=\"color: #8399a7; background-color: #8399a7; height: 2px; border: none; width: 100%;\" \/>\n<table class=\"table no-border no-margin\" border=\"0\" cellspacing=\"0\" cellpadding=\"0\">\n<tbody>\n<tr>\n<td width=\"110\"><strong>Metoodika:<\/strong><\/td>\n<td>Kodeeriva piirkonna sekveneerimine (Sanger)<\/td>\n<\/tr>\n<\/tbody>\n<\/table>\n<hr style=\"color: #8399a7; background-color: #8399a7; height: 2px; border: none; width: 100%;\" \/>\n<table class=\"table no-border no-margin\" border=\"0\" cellspacing=\"0\" cellpadding=\"0\">\n<tbody>\n<tr>\n<td width=\"110\"><strong>Testi valmimisaeg:<\/strong><\/td>\n<td>2-4 n\u00e4dalat<\/td>\n<\/tr>\n<\/tbody>\n<\/table>\n<hr style=\"color: #8399a7; background-color: #8399a7; height: 2px; border: none; width: 100%;\" \/>\n<table class=\"table no-border no-margin\" border=\"0\" cellspacing=\"0\" cellpadding=\"0\">\n<tbody>\n<tr>\n<td width=\"110\"><strong>N\u00f5uded proovi-<br \/>\nmaterjalile:<\/strong><\/td>\n<td>2-4 ml t\u00e4isverd antikoagulandiga EDTA (lilla korgiga katsuti)<\/p>\n<p>1\u00a0\u00b5g\u00a0DNA-d elueerituna TE, AE puhvris v\u00f5i steriilses vees, kontsentratsiooniga 100-250 ng\/\u00b5l<br \/>\nDNA saata toatemperatuuril v\u00f5i k\u00fclmutatuna. A260\/A280 suhe peaks olema 1.8-2.0. DNA peab agaroosgeelis olema detekteeritav \u00fche tervikliku b\u00e4ndina.<\/td>\n<\/tr>\n<\/tbody>\n<\/table>\n<hr style=\"color: #8399a7; background-color: #8399a7; height: 2px; border: none; width: 100%;\" \/>\n<table class=\"table no-border no-margin\" border=\"0\" cellspacing=\"0\" cellpadding=\"0\">\n<tbody>\n<tr>\n<td width=\"110\"><strong>Tellimine:<\/strong><\/td>\n<td>Proovimaterjal saata koos <strong><span style=\"color: #8399a7;\"><a style=\"color: #8399a7;\" href=\"https:\/\/www.asperbio.com\/wp-content\/uploads\/Asper-Dysmorphology-saatekiri.doc\" target=\"_blank\" rel=\"noopener\">saatekirjaga<\/a><\/span><\/strong> Asper Biogene laborisse<\/td>\n<\/tr>\n<\/tbody>\n<\/table>\n<hr style=\"color: #8399a7; background-color: #8399a7; height: 2px; border: none; width: 100%;\" \/>\n<\/div>","protected":false},"excerpt":{"rendered":"<p>Smith-Lemli-Opitzi s\u00fcndroomiga seotud DHCR7 geeni sekveneerimine Geenid: DHCR7 Metoodika: Kodeeriva piirkonna sekveneerimine (Sanger) Testi valmimisaeg: 2-4 n\u00e4dalat N\u00f5uded proovi- materjalile: 2-4 ml t\u00e4isverd antikoagulandiga EDTA (lilla korgiga katsuti) 1\u00a0\u00b5g\u00a0DNA-d elueerituna TE, AE puhvris v\u00f5i steriilses vees, kontsentratsiooniga 100-250 ng\/\u00b5l DNA saata toatemperatuuril v\u00f5i k\u00fclmutatuna. A260\/A280 suhe peaks olema 1.8-2.0. DNA peab agaroosgeelis olema detekteeritav \u00fche [&hellip;]<\/p>\n","protected":false},"author":2,"featured_media":0,"parent":19236,"menu_order":0,"comment_status":"closed","ping_status":"closed","template":"","meta":{"_monsterinsights_skip_tracking":false,"_monsterinsights_sitenote_active":false,"_monsterinsights_sitenote_note":"","_monsterinsights_sitenote_category":0,"footnotes":""},"class_list":["post-19254","page","type-page","status-publish","hentry"],"aioseo_notices":[],"_links":{"self":[{"href":"https:\/\/www.asperbio.com\/et\/wp-json\/wp\/v2\/pages\/19254","targetHints":{"allow":["GET"]}}],"collection":[{"href":"https:\/\/www.asperbio.com\/et\/wp-json\/wp\/v2\/pages"}],"about":[{"href":"https:\/\/www.asperbio.com\/et\/wp-json\/wp\/v2\/types\/page"}],"author":[{"embeddable":true,"href":"https:\/\/www.asperbio.com\/et\/wp-json\/wp\/v2\/users\/2"}],"replies":[{"embeddable":true,"href":"https:\/\/www.asperbio.com\/et\/wp-json\/wp\/v2\/comments?post=19254"}],"version-history":[{"count":3,"href":"https:\/\/www.asperbio.com\/et\/wp-json\/wp\/v2\/pages\/19254\/revisions"}],"predecessor-version":[{"id":20440,"href":"https:\/\/www.asperbio.com\/et\/wp-json\/wp\/v2\/pages\/19254\/revisions\/20440"}],"up":[{"embeddable":true,"href":"https:\/\/www.asperbio.com\/et\/wp-json\/wp\/v2\/pages\/19236"}],"wp:attachment":[{"href":"https:\/\/www.asperbio.com\/et\/wp-json\/wp\/v2\/media?parent=19254"}],"curies":[{"name":"wp","href":"https:\/\/api.w.org\/{rel}","templated":true}]}}