{"id":19236,"date":"2017-03-27T13:18:53","date_gmt":"2017-03-27T12:18:53","guid":{"rendered":"http:\/\/www.asperbio.com\/?page_id=19236"},"modified":"2023-08-30T17:10:19","modified_gmt":"2023-08-30T14:10:19","slug":"asper-dysmorphology-testid","status":"publish","type":"page","link":"https:\/\/www.asperbio.com\/et\/asper-dysmorphology-testid\/","title":{"rendered":"Asper Dysmorphology testid"},"content":{"rendered":"<h1 style=\"padding-left: 5px;\"><span style=\"color: #8399a7;\">Asper Dysmorphology<\/span><\/h1>\n<div class=\"sm_post_content\" style=\"background: url('https:\/\/www.asperbio.com\/wp-content\/uploads\/Asper-Dysmorphology_01.png') repeat-y; padding-left: 40px;\">\n<h4><a title=\"Aju malformatsioonid\" href=\"https:\/\/www.asperbio.com\/et\/asper-dysmorphology-testid\/aju-anomaaliad\/\"><strong>Aju malformatsioonid<\/strong><\/a> UUENDATUD<br \/>\n<strong> <a title=\"Bardet-Biedli, McKusick-Kaufmani, Borjeson-Forssman-Lehmanni ja Alstromi s\u00fcndroom ning Albrighti p\u00e4rilik osteod\u00fcstroofia\" href=\"https:\/\/www.asperbio.com\/et\/asper-dysmorphology-testid\/bardet-biedli\/\">Bardet-Biedli, McKusick-Kaufmani, Borjeson-Forssman-Lehmanni ja Alstromi s\u00fcndroom ning Albrighti p\u00e4rilik osteod\u00fcstroofia<\/a><\/strong><br \/>\n<a title=\"Cornelia de Lange s\u00fcndroom\" href=\"https:\/\/www.asperbio.com\/et\/asper-dysmorphology-testid\/cornelia-de-lange-sundroomiga-seotud-geenide-sekveneerimine\/\"><strong>Cornelia de Lange s\u00fcndroom<\/strong><\/a><br \/>\n<a title=\"Ebat\u00e4iuslik luuteke\" href=\"https:\/\/www.asperbio.com\/et\/asper-dysmorphology-testid\/ebataiusliku-luutekkega-seotud-geenide-sekveneerimine\/\"><strong>Ebat\u00e4iuslik luuteke<\/strong><\/a><br \/>\n<a title=\"Ehlers-Danlos s\u00fcndroom\" href=\"https:\/\/www.asperbio.com\/et\/asper-dysmorphology-testid\/28575-2\/\"><strong>Ehlers-Danlos s\u00fcndroom<\/strong><\/a><br \/>\n<a title=\"Frazeri s\u00fcndroom\" href=\"https:\/\/www.asperbio.com\/et\/asper-dysmorphology-testid\/frazeri-sundroomiga-seotud-geenide-sekveneerimine\/\"><strong>Frazeri s\u00fcndroom<\/strong><\/a><br \/>\n<a title=\"Jouberti s\u00fcndroom\" href=\"https:\/\/www.asperbio.com\/et\/asper-dysmorphology-testid\/jouberti-sundroom\/\"><strong>Jouberti s\u00fcndroom<\/strong><\/a><br \/>\n<a title=\"Kranios\u00fcnostoos\" href=\"https:\/\/www.asperbio.com\/et\/asper-dysmorphology-testid\/kraniosunostoos\/\"><strong>Kranios\u00fcnostoos<\/strong><\/a><br \/>\n<a title=\"Mikrotsefaalia\" href=\"https:\/\/www.asperbio.com\/et\/asper-dysmorphology-testid\/mikrotsefaalia\/\"><strong> Mikrotsefaalia<\/strong><\/a><br \/>\n<a title=\"Noonani spektri haigused\/Rasopaatiad\" href=\"https:\/\/www.asperbio.com\/et\/asper-dysmorphology-testid\/noonani-sundroom\/\"><strong> Noonani spektri haigused\/Rasopaatiad<\/strong><\/a><br \/>\n<a title=\"Skeleti d\u00fcsplaasia\" href=\"https:\/\/www.asperbio.com\/et\/asper-dysmorphology-testid\/skeleti-dusplaasia\/\"><strong> Skeleti d\u00fcsplaasia<\/strong><\/a><br \/>\n<a title=\"Skeleti d\u00fcsplaasiatega seotud tsiliopaatiad\" href=\"https:\/\/www.asperbio.com\/et\/asper-dysmorphology-testid\/skeleti-dusplaasiatega-seotud-tsiliopaatiad\/\"><strong> Skeleti d\u00fcsplaasiatega seotud tsiliopaatiad<\/strong><\/a><br \/>\n<a title=\"Smith-Lemli-Opitzi s\u00fcndroom\" href=\"https:\/\/www.asperbio.com\/et\/asper-dysmorphology-testid\/smith-lemli-opitzi-sundroom\/\"><strong> Smith-Lemli-Opitzi s\u00fcndroom<\/strong><\/a><br \/>\n<a title=\"Eksoomi sekveneerimine\" href=\"https:\/\/www.asperbio.com\/et\/asper-dysmorphology-testid\/eksoomi-sekveneerimine\/\"><strong> Eksoomi sekveneerimine<\/strong><\/a><\/h4>\n<\/div>\n<p><strong>Asper Dysmorphology<\/strong> portfellis sisalduvad testid kaasas\u00fcndinud anomaaliate m\u00e4\u00e4ramiseks. Sellisteks anomaaliateks v\u00f5ivad olla <strong>kaasas\u00fcndinud malformatsioonid<\/strong> ja <strong>d\u00fcsplaasiad<\/strong>, sageli koos motoorika ja kognitiivsete arenguh\u00e4iretega. Kaasas\u00fcndinud malformatsioonid v\u00f5ivad varieeruda isoleeritud kergematest muutustest kuni raskete kaasas\u00fcndinud anomaaliateni ja\/v\u00f5i olla osaks spetsiifilisest s\u00fcndroomist.<\/p>\n<p>Kuna kaasas\u00fcndinud malformatsioonide ja nendega seotud s\u00fcndroomide t\u00e4pne diagnostika on keeruline, siis muutuste tuvastamine molekulaargeneetilisel tasemel aitab diagnoosimist kergendada ja annab ka informatsiooni seisundi edasise prognoosi kohta.<\/p>\n<p>Asper Dysmorphology geenipaneelid on p\u00f5hjalikud ja sisaldavad laialdast valikut erinevate fenot\u00fc\u00fcpide ja haiguste vormidega seotud geenidest. Valikus on geenipaneelid tuvastamaks geneetilisi muutusi<strong> kolju- ja n\u00e4oluude v\u00e4\u00e4rarendite<\/strong>, <strong>kasvuh\u00e4irete<\/strong>\u00a0ja <strong>organspetsiifiliste haiguste<\/strong> korral ning ka mitmeid organs\u00fcsteeme haaravate malformatsioonide korral.<\/p>","protected":false},"excerpt":{"rendered":"<p>Asper Dysmorphology Aju malformatsioonid UUENDATUD Bardet-Biedli, McKusick-Kaufmani, Borjeson-Forssman-Lehmanni ja Alstromi s\u00fcndroom ning Albrighti p\u00e4rilik osteod\u00fcstroofia Cornelia de Lange s\u00fcndroom Ebat\u00e4iuslik luuteke Ehlers-Danlos s\u00fcndroom Frazeri s\u00fcndroom Jouberti s\u00fcndroom Kranios\u00fcnostoos Mikrotsefaalia Noonani spektri haigused\/Rasopaatiad Skeleti d\u00fcsplaasia Skeleti d\u00fcsplaasiatega seotud tsiliopaatiad Smith-Lemli-Opitzi s\u00fcndroom Eksoomi sekveneerimine Asper Dysmorphology portfellis sisalduvad testid kaasas\u00fcndinud anomaaliate m\u00e4\u00e4ramiseks. Sellisteks anomaaliateks v\u00f5ivad olla kaasas\u00fcndinud [&hellip;]<\/p>\n","protected":false},"author":2,"featured_media":0,"parent":0,"menu_order":0,"comment_status":"closed","ping_status":"closed","template":"","meta":{"_monsterinsights_skip_tracking":false,"_monsterinsights_sitenote_active":false,"_monsterinsights_sitenote_note":"","_monsterinsights_sitenote_category":0,"footnotes":""},"class_list":["post-19236","page","type-page","status-publish","hentry"],"aioseo_notices":[],"_links":{"self":[{"href":"https:\/\/www.asperbio.com\/et\/wp-json\/wp\/v2\/pages\/19236","targetHints":{"allow":["GET"]}}],"collection":[{"href":"https:\/\/www.asperbio.com\/et\/wp-json\/wp\/v2\/pages"}],"about":[{"href":"https:\/\/www.asperbio.com\/et\/wp-json\/wp\/v2\/types\/page"}],"author":[{"embeddable":true,"href":"https:\/\/www.asperbio.com\/et\/wp-json\/wp\/v2\/users\/2"}],"replies":[{"embeddable":true,"href":"https:\/\/www.asperbio.com\/et\/wp-json\/wp\/v2\/comments?post=19236"}],"version-history":[{"count":3,"href":"https:\/\/www.asperbio.com\/et\/wp-json\/wp\/v2\/pages\/19236\/revisions"}],"predecessor-version":[{"id":29009,"href":"https:\/\/www.asperbio.com\/et\/wp-json\/wp\/v2\/pages\/19236\/revisions\/29009"}],"wp:attachment":[{"href":"https:\/\/www.asperbio.com\/et\/wp-json\/wp\/v2\/media?parent=19236"}],"curies":[{"name":"wp","href":"https:\/\/api.w.org\/{rel}","templated":true}]}}