{"id":19217,"date":"2017-03-27T10:21:14","date_gmt":"2017-03-27T09:21:14","guid":{"rendered":"http:\/\/www.asperbio.com\/?page_id=19217"},"modified":"2023-09-22T17:49:20","modified_gmt":"2023-09-22T14:49:20","slug":"asper-hematology-testid","status":"publish","type":"page","link":"https:\/\/www.asperbio.com\/et\/asper-hematology-testid\/","title":{"rendered":"Asper Hematology testid"},"content":{"rendered":"<h1 style=\"padding-left: 5px;\"><span style=\"color: #ec6697;\">Asper Hematology<\/span><\/h1>\n<div class=\"sm_post_content\" style=\"background: url('https:\/\/www.asperbio.com\/wp-content\/uploads\/Asper-Hematology_01.png') repeat-y; padding-left: 40px;\">\n<h4><a title=\"Alfa talasseemia\" href=\"https:\/\/www.asperbio.com\/et\/asper-hematology-testid\/alfa-talasseemia\/\"><strong> Alfa talasseemia<\/strong><\/a><br \/>\n<a title=\"Beeta talasseemia\" href=\"https:\/\/www.asperbio.com\/et\/asper-hematology-testid\/beeta-talasseemia\/\"><strong> Beeta talasseemia<\/strong><\/a><br \/>\n<a title=\"Fanconi aneemia\" href=\"https:\/\/www.asperbio.com\/et\/asper-hematology-testid\/fanconi-aneemia\/\"><strong> Fanconi aneemia<\/strong><\/a><br \/>\n<a title=\"Koagulatsiooni h\u00e4ired\" href=\"https:\/\/www.asperbio.com\/et\/asper-hematology-testid\/koagulatsiooni-hairetega-seotud-geenide-sekveneerimine\/\"><strong>Koagulatsiooni h\u00e4ired<\/strong><\/a><br \/>\n<a title=\"Neutropeenia\" href=\"https:\/\/www.asperbio.com\/et\/asper-hematology-testid\/neutropeeniaga-seotud-geenide-sekveneerimine\/\"><strong>Neutropeenia<\/strong><\/a><br \/>\n<a title=\"P\u00e4rilik sideroblastiline aneemia\" href=\"https:\/\/www.asperbio.com\/et\/asper-hematology-testid\/parilik-sideroblastiline-aneemia\/\"><strong>P\u00e4rilik sideroblastiline aneemia<\/strong><\/a><br \/>\n<a title=\"Trombots\u00fctopeenia\" href=\"https:\/\/www.asperbio.com\/et\/asper-hematology-testid\/trombotsutopeenia\/\"><strong>Trombots\u00fctopeenia<\/strong><\/a><br \/>\n<a title=\"Eksoomi sekveneerimine\" href=\"https:\/\/www.asperbio.com\/et\/asper-hematology-testid\/eksoomi-sekveneerimine\/\"><strong> Eksoomi sekveneerimine<\/strong><\/a><\/h4>\n<\/div>\n<p><strong>Asper Hematology<\/strong> testid aitavad parandada erinevate vereloomehaiguste diagnoosimise ja k\u00e4sitlemise v\u00f5imalusi. Valikus on testid <strong>hemoglobinopaatiate<\/strong>,<strong> aneemiate<\/strong>,\u00a0<strong>kasvajate<\/strong>\u00a0ja <strong>koagulatsiooni h\u00e4iretega<\/strong> seotud geenide anal\u00fc\u00fcsiks.<\/p>\n<p>Testimise v\u00f5imalused ei ole piiratud allpool oleva nimekirjaga. Vastavalt vajadusele kohandame olemasolevaid teste ja paneme kokku uusi geenipaneele.<\/p>","protected":false},"excerpt":{"rendered":"<p>Asper Hematology Alfa talasseemia Beeta talasseemia Fanconi aneemia Koagulatsiooni h\u00e4ired Neutropeenia P\u00e4rilik sideroblastiline aneemia Trombots\u00fctopeenia Eksoomi sekveneerimine Asper Hematology testid aitavad parandada erinevate vereloomehaiguste diagnoosimise ja k\u00e4sitlemise v\u00f5imalusi. Valikus on testid hemoglobinopaatiate, aneemiate,\u00a0kasvajate\u00a0ja koagulatsiooni h\u00e4iretega seotud geenide anal\u00fc\u00fcsiks. Testimise v\u00f5imalused ei ole piiratud allpool oleva nimekirjaga. Vastavalt vajadusele kohandame olemasolevaid teste ja paneme kokku uusi [&hellip;]<\/p>\n","protected":false},"author":2,"featured_media":0,"parent":0,"menu_order":0,"comment_status":"closed","ping_status":"closed","template":"","meta":{"_monsterinsights_skip_tracking":false,"_monsterinsights_sitenote_active":false,"_monsterinsights_sitenote_note":"","_monsterinsights_sitenote_category":0,"footnotes":""},"class_list":["post-19217","page","type-page","status-publish","hentry"],"aioseo_notices":[],"_links":{"self":[{"href":"https:\/\/www.asperbio.com\/et\/wp-json\/wp\/v2\/pages\/19217","targetHints":{"allow":["GET"]}}],"collection":[{"href":"https:\/\/www.asperbio.com\/et\/wp-json\/wp\/v2\/pages"}],"about":[{"href":"https:\/\/www.asperbio.com\/et\/wp-json\/wp\/v2\/types\/page"}],"author":[{"embeddable":true,"href":"https:\/\/www.asperbio.com\/et\/wp-json\/wp\/v2\/users\/2"}],"replies":[{"embeddable":true,"href":"https:\/\/www.asperbio.com\/et\/wp-json\/wp\/v2\/comments?post=19217"}],"version-history":[{"count":3,"href":"https:\/\/www.asperbio.com\/et\/wp-json\/wp\/v2\/pages\/19217\/revisions"}],"predecessor-version":[{"id":29039,"href":"https:\/\/www.asperbio.com\/et\/wp-json\/wp\/v2\/pages\/19217\/revisions\/29039"}],"wp:attachment":[{"href":"https:\/\/www.asperbio.com\/et\/wp-json\/wp\/v2\/media?parent=19217"}],"curies":[{"name":"wp","href":"https:\/\/api.w.org\/{rel}","templated":true}]}}