{"id":19024,"date":"2017-02-28T13:38:13","date_gmt":"2017-02-28T13:38:13","guid":{"rendered":"http:\/\/www.asperbio.com\/?page_id=19024"},"modified":"2021-02-02T09:07:19","modified_gmt":"2021-02-02T07:07:19","slug":"ealine-maakuli-degeneratsioon-2","status":"publish","type":"page","link":"https:\/\/www.asperbio.com\/et\/asper-ophthalmics-testid\/ealine-maakuli-degeneratsioon-2\/","title":{"rendered":"Ealine maakuli degeneratsioon"},"content":{"rendered":"<h2 style=\"padding-left: 5px;\"><span style=\"color: #f6a703;\">Ealise maakuli degeneratsiooniga seotud geenide mutatsioonanal\u00fc\u00fcs<\/span><\/h2>\n<div class=\"sm_post_content\" style=\"background: url('https:\/\/www.asperbio.com\/wp-content\/uploads\/t-oranz.png') repeat-y; padding-left: 40px;\">\n<table class=\"table no-border no-margin\" border=\"0\" cellspacing=\"0\" cellpadding=\"0\">\n<tbody>\n<tr>\n<td width=\"110\"><strong>Geenid:<\/strong><\/td>\n<td><em>CFH<\/em>,\u00a0<em>ARMS2<\/em><\/td>\n<\/tr>\n<\/tbody>\n<\/table>\n<hr style=\"color: #f6a703; background-color: #f6a703; height: 2px; border: none; width: 100%;\" \/>\n<table class=\"table no-border no-margin\" border=\"0\" cellspacing=\"0\" cellpadding=\"0\">\n<tbody>\n<tr>\n<td width=\"110\"><strong>Markerid:<\/strong><\/td>\n<td>3<\/td>\n<\/tr>\n<\/tbody>\n<\/table>\n<hr style=\"color: #f6a703; background-color: #f6a703; height: 2px; border: none; width: 100%;\" \/>\n<table class=\"table no-border no-margin\" border=\"0\" cellspacing=\"0\" cellpadding=\"0\">\n<tbody>\n<tr>\n<td width=\"110\"><strong>Metoodika:<\/strong><\/td>\n<td>Sanger sekveneerimine<\/td>\n<\/tr>\n<\/tbody>\n<\/table>\n<hr style=\"color: #f6a703; background-color: #f6a703; height: 2px; border: none; width: 100%;\" \/>\n<table class=\"table no-border no-margin\" border=\"0\" cellspacing=\"0\" cellpadding=\"0\">\n<tbody>\n<tr>\n<td width=\"110\"><strong>Testi valmimisaeg:<\/strong><\/td>\n<td>2-4 n\u00e4dalat<\/td>\n<\/tr>\n<\/tbody>\n<\/table>\n<hr style=\"color: #f6a703; background-color: #f6a703; height: 2px; border: none; width: 100%;\" \/>\n<table class=\"table no-border no-margin\" border=\"0\" cellspacing=\"0\" cellpadding=\"0\">\n<tbody>\n<tr>\n<td width=\"110\"><strong>N\u00f5uded proovi-<br \/>\nmaterjalile:<\/strong><\/td>\n<td>2-4 ml t\u00e4isverd antikoagulandiga EDTA (lilla korgiga katsuti)<\/p>\n<p>500 ng DNA-d elueerituna TE, AE puhvris v\u00f5i steriilses vees, kontsentratsiooniga 100-250 ng\/\u00b5l<br \/>\nDNA saata toatemperatuuril v\u00f5i k\u00fclmutatuna. A260\/A280 suhe peaks olema 1.8-2.0. DNA peab agaroosgeelis olema detekteeritav \u00fche tervikliku b\u00e4ndina.<\/p>\n<p>2 ml s\u00fcljeproovi<\/p>\n<p>DNA proov suust p\u00f5se sisek\u00fcljelt<\/td>\n<\/tr>\n<\/tbody>\n<\/table>\n<hr style=\"color: #f6a703; background-color: #f6a703; height: 2px; border: none; width: 100%;\" \/>\n<table class=\"table no-border no-margin\" border=\"0\" cellspacing=\"0\" cellpadding=\"0\">\n<tbody>\n<tr>\n<td width=\"110\"><strong>Tellimine:<\/strong><\/td>\n<td>Proovimaterjal saata koos <span style=\"color: #f6a703;\"><strong><a style=\"color: #f6a703;\" href=\"https:\/\/www.asperbio.com\/wp-content\/uploads\/Asper-Ophthalmics-saatekiri.doc\">saatekirjaga<\/a><\/strong><\/span> Asper Biogene laborisse<\/td>\n<\/tr>\n<\/tbody>\n<\/table>\n<hr style=\"color: #f6a703; background-color: #f6a703; height: 2px; border: none; width: 100%;\" \/>\n<\/div>\n<p>N\u00e4idustused geenitesti tegemiseks:<\/p>\n<ol>\n<li>Haiguse progressiooni hindamine<\/li>\n<li>Haigusriski hindamine<\/li>\n<li>Geneetiline n\u00f5ustamine<\/li>\n<\/ol>\n<p>Ealine maakuli degeneratsioonon haigus, millele on iseloomulik krooniline ja progresseeruv reetina tsentraalse piirkonna (maakuli) degeneratsioon.<\/p>\n<p>Maakuli degeneratsioonil on kaks erinevat vormi. 80% juhtudel esineb \u201ekuiv\u201c maakuli degeneratsioon. \u201eKuiv\u201c vorm areneb ja kahjustab n\u00e4gemist aeglaselt, kuid see v\u00f5ib \u00fcle minna kiiremini progresseeruvaks \u201em\u00e4rjaks\u201c vormiks.<\/p>\n<p>20% juhtudel esineb eksudatiivne ehk \u201em\u00e4rg\u201c maakuli degeneratsiooni vorm. \u201eM\u00e4rja\u201c vormi korral v\u00f5ib haigus areneda kiiresti ning n\u00e4gemise oluline kahjustus v\u00f5ib tekkida juba m\u00f5ne kuuga.<\/p>\n<p>Ealise maakuli degeneratsiooni riski hindamist soovitatakse inimestele, kelle pereanamneesis esineb ealise maakuli degeneratsiooni juhtumeid ja k\u00f5rgenenud riskiga inimeste l\u00e4hisugulastele. K\u00f5rgenenud riski hindamine v\u00f5imaldab varem alustada patsiendi j\u00e4lgimist ja seega ka haiguse varasemat diagnoosimist.<\/p>\n<p>Varane diagnoosimine on oluline, et alustada ravi haiguse progresseerumise v\u00e4ltimiseks ja n\u00e4gemise s\u00e4ilitamiseks. Oma individuaalset riski teadvustades on inimesel v\u00f5imalik v\u00e4hendada toitumise ja k\u00e4itumisega seotud riskifaktoreid.<\/p>","protected":false},"excerpt":{"rendered":"<p>Ealise maakuli degeneratsiooniga seotud geenide mutatsioonanal\u00fc\u00fcs Geenid: CFH,\u00a0ARMS2 Markerid: 3 Metoodika: Sanger sekveneerimine Testi valmimisaeg: 2-4 n\u00e4dalat N\u00f5uded proovi- materjalile: 2-4 ml t\u00e4isverd antikoagulandiga EDTA (lilla korgiga katsuti) 500 ng DNA-d elueerituna TE, AE puhvris v\u00f5i steriilses vees, kontsentratsiooniga 100-250 ng\/\u00b5l DNA saata toatemperatuuril v\u00f5i k\u00fclmutatuna. A260\/A280 suhe peaks olema 1.8-2.0. DNA peab agaroosgeelis olema [&hellip;]<\/p>\n","protected":false},"author":2,"featured_media":0,"parent":11406,"menu_order":0,"comment_status":"closed","ping_status":"closed","template":"","meta":{"_monsterinsights_skip_tracking":false,"_monsterinsights_sitenote_active":false,"_monsterinsights_sitenote_note":"","_monsterinsights_sitenote_category":0,"footnotes":""},"class_list":["post-19024","page","type-page","status-publish","hentry"],"aioseo_notices":[],"_links":{"self":[{"href":"https:\/\/www.asperbio.com\/et\/wp-json\/wp\/v2\/pages\/19024","targetHints":{"allow":["GET"]}}],"collection":[{"href":"https:\/\/www.asperbio.com\/et\/wp-json\/wp\/v2\/pages"}],"about":[{"href":"https:\/\/www.asperbio.com\/et\/wp-json\/wp\/v2\/types\/page"}],"author":[{"embeddable":true,"href":"https:\/\/www.asperbio.com\/et\/wp-json\/wp\/v2\/users\/2"}],"replies":[{"embeddable":true,"href":"https:\/\/www.asperbio.com\/et\/wp-json\/wp\/v2\/comments?post=19024"}],"version-history":[{"count":3,"href":"https:\/\/www.asperbio.com\/et\/wp-json\/wp\/v2\/pages\/19024\/revisions"}],"predecessor-version":[{"id":27172,"href":"https:\/\/www.asperbio.com\/et\/wp-json\/wp\/v2\/pages\/19024\/revisions\/27172"}],"up":[{"embeddable":true,"href":"https:\/\/www.asperbio.com\/et\/wp-json\/wp\/v2\/pages\/11406"}],"wp:attachment":[{"href":"https:\/\/www.asperbio.com\/et\/wp-json\/wp\/v2\/media?parent=19024"}],"curies":[{"name":"wp","href":"https:\/\/api.w.org\/{rel}","templated":true}]}}