{"id":17754,"date":"2016-09-15T10:14:33","date_gmt":"2016-09-15T07:14:33","guid":{"rendered":"http:\/\/www.asperbio.com\/?page_id=17754"},"modified":"2023-01-09T12:42:02","modified_gmt":"2023-01-09T10:42:02","slug":"asper-biogene","status":"publish","type":"page","link":"https:\/\/www.asperbio.com\/et\/","title":{"rendered":"Asper Biogene"},"content":{"rendered":"<div style=\"margin-top: 7px;\">\t\t<div class=\"wpsisac-slick-carousal-wrp wpsisac-clearfix\">\r\t\t\t<div id=\"wpsisac-slick-carousal-1\"  class=\"wpsisac-slick-carousal design-7 simplecarousal\">\r\t\t\t\t\t<div class=\"slick-image-slide\">\r\t\t<div class=\"slide-wrap \">\r\t\t<div class=\"img-wrap\">\r\t\t\t\t\r\t\t\t\t<div class=\"slick-slider-img\" style='height:autopx;'><a href=\"https:\/\/www.asperbio.com\/et\/asper-biogene-iso-151892022-akrediteering\/\"><img decoding=\"async\" src=\"https:\/\/www.asperbio.com\/wp-content\/uploads\/ISO-151892022-Accreditation-1080-x-500-px-1.png\" alt=\"Asper Biogene ISO 15189:2022 Akrediteering\" \/><\/a>\t<\/div>\r\t\t\t\t\t<\/div>\r\t\t<div class=\"slider-content\">\r\t\t\t<div class=\"slider-short-content\">\r\t\t\t\t<p style=\"text-align: left;\">MT\u00dc Eesti Standardimis- ja Akrediteerimiskeskus kinnitab, et Asper Biogene O\u00dc vastab EVS-EN ISO 15189:2022 n\u00f5uetele kui meditsiinilabor geneetika valdkonnas. Akrediteeritud testide hulka lisandusid:<\/p>\n<ul>\n<li style=\"text-align: left;\">I t\u00fc\u00fcpi m\u00fcotoonilise d\u00fcstroofiaga (DM1) seotud DMPK geeni kordusj\u00e4rjestuste anal\u00fc\u00fcs,<\/li>\n<li style=\"text-align: left;\">II t\u00fc\u00fcpi m\u00fcotoonilise d\u00fcstroofiaga (DM2) seotud CNBP geeni kordusj\u00e4rjestuste anal\u00fc\u00fcs<\/li>\n<li style=\"text-align: left;\">X-liitelise pigmentretiniidiga (XL- RP) seotud RPGR geeni 15. eksoni (ORF15 regiooni) muutuste anal\u00fc\u00fcs.<\/li>\n<\/ul>\t\t\t\r\t\t\t<\/div>\r\t\t\t\t\t\t\t<div class=\"readmore\"><a href=\"https:\/\/www.asperbio.com\/et\/asper-biogene-iso-151892022-akrediteering\/\" class=\"slider-readmore\" target=\"_self\">\u00bb<\/a><\/div>\r\t\t\t\t\t<\/div>\r\t<\/div>\r<\/div><div class=\"slick-image-slide\">\r\t\t<div class=\"slide-wrap \">\r\t\t<div class=\"img-wrap\">\r\t\t\t\t\r\t\t\t\t<div class=\"slick-slider-img\" style='height:autopx;'><a href=\"https:\/\/www.asperbio.com\/et\/asper-metabolic-disorders-testid\/parilik-pankreatiit\/\"><img decoding=\"async\" src=\"https:\/\/www.asperbio.com\/wp-content\/uploads\/Asper-Metabolic-Disorders.png\" alt=\"P\u00e4riliku pankreatiidi lisandumine Asper Metabolics testide kausta\" \/><\/a>\t<\/div>\r\t\t\t\t\t<\/div>\r\t\t<div class=\"slider-content\">\r\t\t\t<div class=\"slider-short-content\">\r\t\t\t\t<p style=\"text-align: left;\">Asper Metabolic Disorders testide hulka on lisandunud p\u00e4riliku pankreatiidi test. Lisainfo on leitav <a href=\"https:\/\/www.asperbio.com\/et\/asper-metabolic-disorders-testid\/parilik-pankreatiit\/\">siit<\/a>.<\/p>\t\t\t\r\t\t\t<\/div>\r\t\t\t\t\t\t\t<div class=\"readmore\"><a href=\"https:\/\/www.asperbio.com\/et\/asper-metabolic-disorders-testid\/parilik-pankreatiit\/\" class=\"slider-readmore\" target=\"_self\">\u00bb<\/a><\/div>\r\t\t\t\t\t<\/div>\r\t<\/div>\r<\/div><div class=\"slick-image-slide\">\r\t\t<div class=\"slide-wrap \">\r\t\t<div class=\"img-wrap\">\r\t\t\t\t\r\t\t\t\t<div class=\"slick-slider-img\" style='height:autopx;'><a href=\"https:\/\/www.asperbio.com\/et\/asper-neurogenetics-testid\/wilsoni-tobi\/\"><img decoding=\"async\" src=\"https:\/\/www.asperbio.com\/wp-content\/uploads\/Asper-Neurogenetics-1.png\" alt=\"Neurogenetics uuendus 02.2025\" \/><\/a>\t<\/div>\r\t\t\t\t\t<\/div>\r\t\t<div class=\"slider-content\">\r\t\t\t<div class=\"slider-short-content\">\r\t\t\t\t<p>Neurogenetics testide valikus on uuendatud <a href=\"https:\/\/www.asperbio.com\/et\/asper-neurogenetics-testid\/wilsoni-tobi\/\">Wilsoni t\u00f5ve<\/a> paneeli.<\/p>\t\t\t\r\t\t\t<\/div>\r\t\t\t\t\t\t\t<div class=\"readmore\"><a href=\"https:\/\/www.asperbio.com\/et\/asper-neurogenetics-testid\/wilsoni-tobi\/\" class=\"slider-readmore\" target=\"_self\">\u00bb<\/a><\/div>\r\t\t\t\t\t<\/div>\r\t<\/div>\r<\/div><div class=\"slick-image-slide\">\r\t\t<div class=\"slide-wrap \">\r\t\t<div class=\"img-wrap\">\r\t\t\t\t\r\t\t\t\t<div class=\"slick-slider-img\" style='height:autopx;'><a href=\"https:\/\/www.asperbio.com\/et\/asper-metabolic-disorders-testid\/\"><img decoding=\"async\" src=\"https:\/\/www.asperbio.com\/wp-content\/uploads\/Asper-Metabolic-Disorders.png\" alt=\"Asper metabolics uuendus\" \/><\/a>\t<\/div>\r\t\t\t\t\t<\/div>\r\t\t<div class=\"slider-content\">\r\t\t\t<div class=\"slider-short-content\">\r\t\t\t\t<p style=\"text-align: left;\">Asper Metabolic Disorders testide hulka on lisandunud galaktoseemia, laktoositalumatuse ja ts\u00f6liaakia testid.<\/p>\t\t\t\r\t\t\t<\/div>\r\t\t\t\t\t\t\t<div class=\"readmore\"><a href=\"https:\/\/www.asperbio.com\/et\/asper-metabolic-disorders-testid\/\" class=\"slider-readmore\" target=\"_self\">\u00bb<\/a><\/div>\r\t\t\t\t\t<\/div>\r\t<\/div>\r<\/div><div class=\"slick-image-slide\">\r\t\t<div class=\"slide-wrap \">\r\t\t<div class=\"img-wrap\">\r\t\t\t\t\r\t\t\t\t<div class=\"slick-slider-img\" style='height:autopx;'><a href=\"https:\/\/www.asperbio.com\/et\/asper-cardiogenetics-testid\/\"><img decoding=\"async\" src=\"https:\/\/www.asperbio.com\/wp-content\/uploads\/Asper-Cardiogenetics-3.png\" alt=\"Uuendused Asper Cardiogenetics ning Metabolic Disorders testides\" \/><\/a>\t<\/div>\r\t\t\t\t\t<\/div>\r\t\t<div class=\"slider-content\">\r\t\t\t<div class=\"slider-short-content\">\r\t\t\t\t<p style=\"text-align: left;\">T\u00e4iendasime FTAAD geenipaneeli Ehlers-Danlosi s\u00fcndroomiga seonduvate geenidega.<u><\/u><u><\/u><\/p>\n<p style=\"text-align: left;\">Perekondliku h\u00fcperkolesteroleemia anal\u00fc\u00fcs h\u00f5lmab n\u00fc\u00fcd 8 geeni.<\/p>\n<p style=\"text-align: left;\">Muutused on leitavad <a href=\"https:\/\/www.asperbio.com\/et\/asper-cardiogenetics-testid\/\">Asper Cardiogenetics<\/a> ning <a href=\"https:\/\/www.asperbio.com\/et\/asper-metabolic-disorders-testid\/\">Metabolic Disorders<\/a> testide hulgast.<\/p>\t\t\t\r\t\t\t<\/div>\r\t\t\t\t\t\t\t<div class=\"readmore\"><a href=\"https:\/\/www.asperbio.com\/et\/asper-metabolic-disorders-testid\/\" class=\"slider-readmore\" target=\"_self\">\u00bb<\/a><\/div>\r\t\t\t\t\t<\/div>\r\t<\/div>\r<\/div><div class=\"slick-image-slide\">\r\t\t<div class=\"slide-wrap \">\r\t\t<div class=\"img-wrap\">\r\t\t\t\t\r\t\t\t\t<div class=\"slick-slider-img\" style='height:autopx;'><a href=\"https:\/\/www.asperbio.com\/et\/asper-oncogenetics-testid\/munasarjavahiga-seotud-geenide-sekveneerimine\/\"><img decoding=\"async\" src=\"https:\/\/www.asperbio.com\/wp-content\/uploads\/Asper-Neurogenetics-1.png\" alt=\"Neurogenetics uuendus\" \/><\/a>\t<\/div>\r\t\t\t\t\t<\/div>\r\t\t<div class=\"slider-content\">\r\t\t\t<div class=\"slider-short-content\">\r\t\t\t\t<p style=\"text-align: left;\">Neurogenetics testide valikus on n\u00fc\u00fcd <a href=\"https:\/\/www.asperbio.com\/et\/asper-neurogenetics-testid\/kaasasundinud-muotooniad\/\">kaasas\u00fcndinud m\u00fcotoonia<\/a> test ning on uuendatud <a href=\"https:\/\/www.asperbio.com\/et\/asper-neurogenetics-testid\/metaboolne-muopaatia-ja-rabdomuoluus\/\">metaboolse m\u00fcopaatia ja rabdom\u00fcol\u00fc\u00fcsi<\/a> paneel. Lisaks on saanud uuenduse <a href=\"https:\/\/www.asperbio.com\/et\/asper-hematology-testid\/neutropeeniaga-seotud-geenide-sekveneerimine\/\">neutropeenia<\/a> ning uue testina lisandus Oncogenetics portfooliosse <a href=\"https:\/\/www.asperbio.com\/et\/asper-oncogenetics-testid\/munasarjavahiga-seotud-geenide-sekveneerimine\/\">munasarjav\u00e4hi<\/a> test.<\/p>\t\t\t\r\t\t\t<\/div>\r\t\t\t\t\t\t\t<div class=\"readmore\"><a href=\"https:\/\/www.asperbio.com\/et\/asper-neurogenetics-testid\/kaasasundinud-muotooniad\/\" class=\"slider-readmore\" target=\"_self\">\u00bb<\/a><\/div>\r\t\t\t\t\t<\/div>\r\t<\/div>\r<\/div><div class=\"slick-image-slide\">\r\t\t<div class=\"slide-wrap \">\r\t\t<div class=\"img-wrap\">\r\t\t\t\t\r\t\t\t\t<div class=\"slick-slider-img\" style='height:autopx;'><a href=\"https:\/\/www.asperbio.com\/et\/asper-cardiogenetics-testid\/\"><img decoding=\"async\" src=\"https:\/\/www.asperbio.com\/wp-content\/uploads\/Asper-Cardiogenetics-2.png\" alt=\"Kardiogeneetika ning neurogeneetika paneelide uuendused\" \/><\/a>\t<\/div>\r\t\t\t\t\t<\/div>\r\t\t<div class=\"slider-content\">\r\t\t\t<div class=\"slider-short-content\">\r\t\t\t\t<p><a href=\"https:\/\/www.asperbio.com\/et\/asper-cardiogenetics-testid\/\">Asper Cardiogenetics<\/a> ning <a href=\"https:\/\/www.asperbio.com\/et\/asper-neurogenetics-testid\/\">Neurogenetics<\/a> testide hulgast leitate mitmeid uuendusi!<\/p>\n<p>&nbsp;<\/p>\t\t\t\r\t\t\t<\/div>\r\t\t\t\t\t\t\t<div class=\"readmore\"><a href=\"https:\/\/www.asperbio.com\/et\/asper-neurogenetics-testid\/\" class=\"slider-readmore\" target=\"_self\">\u00bb<\/a><\/div>\r\t\t\t\t\t<\/div>\r\t<\/div>\r<\/div><div class=\"slick-image-slide\">\r\t\t<div class=\"slide-wrap \">\r\t\t<div class=\"img-wrap\">\r\t\t\t\t\r\t\t\t\t<div class=\"slick-slider-img\" style='height:autopx;'><a href=\"https:\/\/www.asperbio.com\/et\/asper-immunogenetics-testid\/\"><img decoding=\"async\" src=\"https:\/\/www.asperbio.com\/wp-content\/uploads\/PATERNITY.png\" alt=\"Asper Immunogenetics uus portfell\" \/><\/a>\t<\/div>\r\t\t\t\t\t<\/div>\r\t\t<div class=\"slider-content\">\r\t\t\t<div class=\"slider-short-content\">\r\t\t\t\t<p>Meil on t\u00e4iesti uus testide portfell!<\/p>\t\t\t\r\t\t\t<\/div>\r\t\t\t\t\t\t\t<div class=\"readmore\"><a href=\"https:\/\/www.asperbio.com\/et\/asper-immunogenetics-testid\/\" class=\"slider-readmore\" target=\"_self\">\u00bb<\/a><\/div>\r\t\t\t\t\t<\/div>\r\t<\/div>\r<\/div><div class=\"slick-image-slide\">\r\t\t<div class=\"slide-wrap \">\r\t\t<div class=\"img-wrap\">\r\t\t\t\t\r\t\t\t\t<div class=\"slick-slider-img\" style='height:autopx;'><a href=\"https:\/\/www.asperbio.com\/et\/neurogeneetika-testide-uuendused\/\"><img decoding=\"async\" src=\"https:\/\/www.asperbio.com\/wp-content\/uploads\/Asper-Neurogenetics-1.png\" alt=\"Neurogenetics Portfoolio Uuendus\" \/><\/a>\t<\/div>\r\t\t\t\t\t<\/div>\r\t\t<div class=\"slider-content\">\r\t\t\t<div class=\"slider-short-content\">\r\t\t\t\t<p style=\"text-align: left;\">Valikusse on ilmunud uued testid:\u00a0<a class=\"c-link\" tabindex=\"-1\" href=\"https:\/\/www.asperbio.com\/et\/asper-neurogenetics-testid\/okulofarungeaalne-lihasdustroofia\" target=\"_blank\" rel=\"noopener noreferrer\" data-stringify-link=\"https:\/\/www.asperbio.com\/et\/asper-neurogenetics-testid\/okulofarungeaalne-lihasdustroofia\" data-sk=\"tooltip_parent\" data-remove-tab-index=\"true\">Okulofar\u00fcngeaalne lihasd\u00fcstroofia<\/a>;\u00a0<a class=\"c-link\" tabindex=\"-1\" href=\"https:\/\/www.asperbio.com\/et\/asper-neurogenetics-testid\/spinotserebellaarne-ataksia-12\" target=\"_blank\" rel=\"noopener noreferrer\" data-stringify-link=\"https:\/\/www.asperbio.com\/et\/asper-neurogenetics-testid\/spinotserebellaarne-ataksia-12\" data-sk=\"tooltip_parent\" data-remove-tab-index=\"true\">Spinotserebellaarse ataksia t\u00fc\u00fcp 12<\/a>\u00a0ja\u00a0<a class=\"c-link\" tabindex=\"-1\" href=\"https:\/\/www.asperbio.com\/et\/asper-neurogenetics-testid\/unverricht-lundborgi-tobi\" target=\"_blank\" rel=\"noopener noreferrer\" data-stringify-link=\"https:\/\/www.asperbio.com\/et\/asper-neurogenetics-testid\/unverricht-lundborgi-tobi\" data-sk=\"tooltip_parent\" data-remove-tab-index=\"true\">Unverricht-Lundborgi t\u00f5bi<\/a>. Lisaks on mitmed paneelid uuendatud.<\/p>\t\t\t\r\t\t\t<\/div>\r\t\t\t\t\t\t\t<div class=\"readmore\"><a href=\"https:\/\/www.asperbio.com\/et\/neurogeneetika-testide-uuendused\/\" class=\"slider-readmore\" target=\"_self\">\u00bb<\/a><\/div>\r\t\t\t\t\t<\/div>\r\t<\/div>\r<\/div><div class=\"slick-image-slide\">\r\t\t<div class=\"slide-wrap \">\r\t\t<div class=\"img-wrap\">\r\t\t\t\t\r\t\t\t\t<div class=\"slick-slider-img\" style='height:autopx;'><a href=\"https:\/\/www.asperbio.com\/et\/asper-dysmorphology-testid\/\"><img decoding=\"async\" src=\"https:\/\/www.asperbio.com\/wp-content\/uploads\/Asper-Metabolic-Disorders-next-generation-sequencing.jpg\" alt=\"Dysmorphology Uuendus\" \/><\/a>\t<\/div>\r\t\t\t\t\t<\/div>\r\t\t<div class=\"slider-content\">\r\t\t\t<div class=\"slider-short-content\">\r\t\t\t\t<p style=\"text-align: left;\">Asper Dysmorphology pakub n\u00fc\u00fcd paneele Jouberti, Ehler-Danlosi, Bardet-Biedli ja paljude teiste s\u00fcndroomide jaoks.<\/p>\t\t\t\r\t\t\t<\/div>\r\t\t\t\t\t\t\t<div class=\"readmore\"><a href=\"https:\/\/www.asperbio.com\/et\/asper-dysmorphology-testid\/\" class=\"slider-readmore\" target=\"_self\">\u00bb<\/a><\/div>\r\t\t\t\t\t<\/div>\r\t<\/div>\r<\/div><div class=\"slick-image-slide\">\r\t\t<div class=\"slide-wrap \">\r\t\t<div class=\"img-wrap\">\r\t\t\t\t\r\t\t\t\t<div class=\"slick-slider-img\" style='height:autopx;'><a href=\"https:\/\/www.asperbio.com\/et\/asper-metabolic-disorders-testid\/mitokondriaalsed-haigused\/\"><img decoding=\"async\" src=\"https:\/\/www.asperbio.com\/wp-content\/uploads\/Asper-Cardiogenetics-NGS-panels.jpg\" alt=\"Mitokondriaalse genoomi sekveneerimine\" \/><\/a>\t<\/div>\r\t\t\t\t\t<\/div>\r\t\t<div class=\"slider-content\">\r\t\t\t<div class=\"slider-short-content\">\r\t\t\t\t<p style=\"text-align: left;\"><a href=\"https:\/\/www.asperbio.com\/asper-cardiogenetics\/\">Kardiogeneetika<\/a>, <a href=\"https:\/\/www.asperbio.com\/asper-metabolic-disorders\/\">ainevahetush\u00e4irete<\/a> ja <a href=\"https:\/\/www.asperbio.com\/asper-otogenetics\/\">otogeneetika<\/a> paneelid pakuvad n\u00fc\u00fcdsest mitokondriaalse genoomi sekveneerimist.<\/p>\t\t\t\r\t\t\t<\/div>\r\t\t\t\t\t\t\t<div class=\"readmore\"><a href=\"https:\/\/www.asperbio.com\/et\/asper-metabolic-disorders-testid\/mitokondriaalsed-haigused\/\" class=\"slider-readmore\" target=\"_self\">\u00bb<\/a><\/div>\r\t\t\t\t\t<\/div>\r\t<\/div>\r<\/div><div class=\"slick-image-slide\">\r\t\t<div class=\"slide-wrap \">\r\t\t<div class=\"img-wrap\">\r\t\t\t\t\r\t\t\t\t<div class=\"slick-slider-img\" style='height:autopx;'><a href=\"https:\/\/www.tervelaps.ee\"><img decoding=\"async\" src=\"https:\/\/www.asperbio.com\/wp-content\/uploads\/Loote-kromosoomiuuringMaterniT-PLUS.jpg\" alt=\"Loote\u00a0kromosoomimuutuste m\u00e4\u00e4ramine ema vereproovist\" \/><\/a>\t<\/div>\r\t\t\t\t\t<\/div>\r\t\t<div class=\"slider-content\">\r\t\t\t<div class=\"slider-short-content\">\r\t\t\t\t<p>Loote\u00a0kromosoomimuutuste m\u00e4\u00e4ramine ema vereproovist. K\u00f5ige p\u00f5hjalikum s\u00fcnnieelne test &#8211; MaterniT21&#x2122; PLUS.<\/p>\t\t\t\r\t\t\t<\/div>\r\t\t\t\t\t\t\t<div class=\"readmore\"><a href=\"https:\/\/www.tervelaps.ee\" class=\"slider-readmore\" target=\"_self\">\u00bb<\/a><\/div>\r\t\t\t\t\t<\/div>\r\t<\/div>\r<\/div>\t\t\t<\/div>\r\t\t\t<div class=\"wpsisac-carousal-conf wpsisac-hide\" data-conf=\"{&quot;slidestoshow&quot;:&quot;2&quot;,&quot;slidestoscroll&quot;:&quot;1&quot;,&quot;dots&quot;:&quot;true&quot;,&quot;arrows&quot;:&quot;true&quot;,&quot;autoplay&quot;:&quot;false&quot;,&quot;autoplay_interval&quot;:&quot;3000&quot;,&quot;speed&quot;:&quot;300&quot;,&quot;rtl&quot;:&quot;false&quot;,&quot;centermode&quot;:&quot;false&quot;,&quot;variablewidth&quot;:&quot;false&quot;}\"><\/div>\r\t\t<\/div>\r\t\t<\/div>\n<p><!-- [easingslider id=\"18044\"] --><br \/>\n<!--\n<a class=\"fp-banner\" href=\"https:\/\/www.asperbio.com\/et\/kohandatud-geenitestid-sulle\/\" rel=\"attachment wp-att-14641\"><img loading=\"lazy\" decoding=\"async\" class=\"alignnone size-full wp-image-17750 img-responsive\" style=\"margin-top: 5px;\" src=\"https:\/\/www.asperbio.com\/wp-content\/uploads\/Asper-Biotech-geenitestid.jpg\" alt=\"Kohandatud geenitestid sulle\" width=\"645\" height=\"430\" \/><\/a>\n--><br \/>\n\n<div class=\"row\">\n<div class=\"col-sm-12\"><\/div>\n<\/div>","protected":false},"excerpt":{"rendered":"","protected":false},"author":3,"featured_media":0,"parent":0,"menu_order":0,"comment_status":"closed","ping_status":"closed","template":"","meta":{"_monsterinsights_skip_tracking":false,"_monsterinsights_sitenote_active":false,"_monsterinsights_sitenote_note":"","_monsterinsights_sitenote_category":0,"footnotes":""},"class_list":["post-17754","page","type-page","status-publish","hentry"],"aioseo_notices":[],"_links":{"self":[{"href":"https:\/\/www.asperbio.com\/et\/wp-json\/wp\/v2\/pages\/17754","targetHints":{"allow":["GET"]}}],"collection":[{"href":"https:\/\/www.asperbio.com\/et\/wp-json\/wp\/v2\/pages"}],"about":[{"href":"https:\/\/www.asperbio.com\/et\/wp-json\/wp\/v2\/types\/page"}],"author":[{"embeddable":true,"href":"https:\/\/www.asperbio.com\/et\/wp-json\/wp\/v2\/users\/3"}],"replies":[{"embeddable":true,"href":"https:\/\/www.asperbio.com\/et\/wp-json\/wp\/v2\/comments?post=17754"}],"version-history":[{"count":3,"href":"https:\/\/www.asperbio.com\/et\/wp-json\/wp\/v2\/pages\/17754\/revisions"}],"predecessor-version":[{"id":28656,"href":"https:\/\/www.asperbio.com\/et\/wp-json\/wp\/v2\/pages\/17754\/revisions\/28656"}],"wp:attachment":[{"href":"https:\/\/www.asperbio.com\/et\/wp-json\/wp\/v2\/media?parent=17754"}],"curies":[{"name":"wp","href":"https:\/\/api.w.org\/{rel}","templated":true}]}}