{"id":16918,"date":"2016-05-30T12:22:47","date_gmt":"2016-05-30T11:22:47","guid":{"rendered":"http:\/\/www.asperbio.com\/?page_id=16918"},"modified":"2024-03-24T18:05:46","modified_gmt":"2024-03-24T16:05:46","slug":"asper-oncogenetics-testid","status":"publish","type":"page","link":"https:\/\/www.asperbio.com\/et\/asper-oncogenetics-testid\/","title":{"rendered":"Asper Oncogenetics testid"},"content":{"rendered":"<h1 style=\"padding-left: 5px;\"><span style=\"color: #accd6c;\">Asper Oncogenetics\u00a0<\/span><\/h1>\n<div class=\"sm_post_content\" style=\"background: url('https:\/\/www.asperbio.com\/wp-content\/uploads\/t-roheline.png') repeat-y; padding-left: 40px;\">\n<h4><strong> <a title=\"Eesn\u00e4\u00e4rmev\u00e4hk\" href=\"https:\/\/www.asperbio.com\/et\/asper-oncogenetics-testid\/eesnaarme-vahiga-seotud-geenide-sekveneerimine\/\">Eesn\u00e4\u00e4rmev\u00e4hk<\/a> <\/strong><br \/>\n<strong> <a title=\"Fanconi aneemia\" href=\"https:\/\/www.asperbio.com\/et\/asper-oncogenetics-testid\/fanconi-aneemia\/\">Fanconi aneemia<\/a><\/strong><br \/>\n<strong> <a title=\"Kilpn\u00e4\u00e4rmev\u00e4hk\" href=\"https:\/\/www.asperbio.com\/et\/asper-oncogenetics-testid\/kilpnaarmevahk\/\">Kilpn\u00e4\u00e4rmev\u00e4hk<\/a><\/strong><br \/>\n<strong> <a title=\"Lynchi s\u00fcndroom\" href=\"https:\/\/www.asperbio.com\/et\/asper-oncogenetics-testid\/lynchi-sundroom\">Lynchi s\u00fcndroom<\/a><\/strong><br \/>\n<strong> <a title=\"Melanoom\" href=\"https:\/\/www.asperbio.com\/et\/asper-oncogenetics-testid\/melanoomiga-seotud-geenide-sekveneerimine\/\">Melanoom<\/a> <\/strong><br \/>\n<strong> <a title=\"Mikrosatelliitide ebastabiilsus\" href=\"https:\/\/www.asperbio.com\/et\/asper-oncogenetics-testid\/mikrosatelliitide-ebastabiilsus\">Mikrosatelliitide ebastabiilsus<\/a><\/strong><br \/>\n<strong><a href=\"https:\/\/www.asperbio.com\/et\/asper-oncogenetics-testid\/mitmikendokriinsete-neoplaasiate-sundroom-2\/\"> Mitmikendokriinsete neoplaasiate s\u00fcndroom<\/a> UUS<\/strong><br \/>\n<strong> <a title=\"MUTYH-seoseline pol\u00fcpoos\" href=\"https:\/\/www.asperbio.com\/et\/asper-oncogenetics-testid\/mutyh-seoseline-polupoos\">MUTYH-seoseline pol\u00fcpoos<\/a><\/strong><br \/>\n<strong> <a title=\"Neeruv\u00e4hk\" href=\"https:\/\/www.asperbio.com\/et\/asper-oncogenetics-testid\/neeruvahiga-seotud-geenide-sekveneerimine\/\">Neeruv\u00e4hk<\/a><\/strong><br \/>\n<strong> <a title=\"Neurofibromatoos\" href=\"https:\/\/www.asperbio.com\/et\/asper-oncogenetics-testid\/neurofibromatoosiga-seotud-geenide-sekveneerimine\/\">Neurofibromatoos<\/a><\/strong><br \/>\n<strong> <a title=\"Nijmegeni murru s\u00fcndroom\" href=\"https:\/\/www.asperbio.com\/et\/asper-oncogenetics-testid\/nijmegen-breakage-sundroom\">Nijmegeni\u00a0murru\u00a0s\u00fcndroom<br \/>\n<\/a><strong><a title=\"Perekondlik adenomatoosne pol\u00fcpoos\" href=\"https:\/\/www.asperbio.com\/et\/asper-oncogenetics-testid\/perekondlik-adenomatoosne-polupoos\">Perekondlik adenomatoosne pol\u00fcpoos<br \/>\n<\/a><strong><a title=\"Pol\u00fcpoosi s\u00fcndroomid\" href=\"https:\/\/www.asperbio.com\/et\/asper-oncogenetics-testid\/polupoosi-sundroomid2\">Pol\u00fcpoosi s\u00fcndroomid<\/a><\/strong> UUENDATUD<br \/>\n<strong> <a title=\"Rinna- ja munasarjav\u00e4hk\" href=\"https:\/\/www.asperbio.com\/et\/asper-oncogenetics-testid\/11966-2\">Rinna- ja munasarjav\u00e4hk<\/a><\/strong> UUENDATUD<br \/>\n<strong> <a title=\"Munasarjav\u00e4hk\" href=\"https:\/\/www.asperbio.com\/et\/asper-oncogenetics-testid\/munasarjavahiga-seotud-geenide-sekveneerimine\/\">Munasarjav\u00e4hk<\/a><\/strong><br \/>\n<strong> <a title=\"Tuberoosne skleroos\" href=\"https:\/\/www.asperbio.com\/et\/asper-oncogenetics-testid\/tuberoosne-skleroos\/\">Tuberoosne skleroos<\/a><\/strong><br \/>\n<strong> <a title=\"Von Hippel-Lindau s\u00fcndroom\" href=\"https:\/\/www.asperbio.com\/et\/asper-oncogenetics-testid\/von-hippel-lindau-sundroomiga-seotud-nbn-geeni-sekveneerimine\/\">Von Hippel-Lindau s\u00fcndroom<\/a><\/strong><br \/>\n<strong> <a title=\"V\u00e4hi eelsoodumuse m\u00e4\u00e4ramine\" href=\"https:\/\/www.asperbio.com\/et\/asper-oncogenetics-testid\/11991-2\">V\u00e4hi eelsoodumuse m\u00e4\u00e4ramine<\/a><\/strong> UUENDATUD<br \/>\n<strong> <a title=\"Eksoomi sekveneerimine\" href=\"https:\/\/www.asperbio.com\/et\/asper-oncogenetics-testid\/eksoomi-sekveneerimine\">Eksoomi sekveneerimine<\/a><\/strong><\/strong><\/strong><\/h4>\n<\/div>\n<p>Asper Oncogenetics portfell sisaldab erinevaid geeniteste, mida kasutatakse sagedasemate ja haruldaste p\u00e4rilike v\u00e4hkkasvajate, nagu kolorektaalv\u00e4hk, rinna- ja munasarjav\u00e4hk, kopsuv\u00e4hk,\u00a0glioblastoomid\u00a0ja\u00a0kasvajatega seotud s\u00fcndroomide\u00a0m\u00e4\u00e4ramiseks.<\/p>\n<p>Me pakume kiireid lahendusi v\u00e4hkkasvaja varaseks diagnoosimiseks ja haiguse riski hindamiseks. V\u00e4hkkasvaja varajane diagnoosimine on v\u00e4ga oluline parema ravitulemuse saamiseks ja v\u00e4hki suremuse v\u00e4hendamiseks.<\/p>\n<p>Geenitestide \u00a0tegemiseks\u00a0kasutame erinevaid molekulaargeneetilisi meetodeid nagu DNA sekveneerimine, sealhulgas\u00a0Sanger sekveneerimine ja\u00a0teise p\u00f5lvkonna sekveneerimine Illumina tehnoloogiaga (<em>Next Generation Sequencing<\/em>, NGS), Real-Time PCR, DNA l\u00f5ikude\u00a0deletsioonide\/duplikatsioonide anal\u00fc\u00fcs (MLPA meetod), DNA fragmentanal\u00fc\u00fcs ja DNA restriktsioonanal\u00fc\u00fcs (RFLP).<\/p>\n<p>NGS-tehnoloogia v\u00f5imaldab operatiivseid\u00a0ja personaalseid geenitestide erilahendusi vastavalt patsiendi spetsiifilistele vajadustele.<\/p>","protected":false},"excerpt":{"rendered":"<p>Asper Oncogenetics\u00a0 Eesn\u00e4\u00e4rmev\u00e4hk Fanconi aneemia Kilpn\u00e4\u00e4rmev\u00e4hk Lynchi s\u00fcndroom Melanoom Mikrosatelliitide ebastabiilsus Mitmikendokriinsete neoplaasiate s\u00fcndroom UUS MUTYH-seoseline pol\u00fcpoos Neeruv\u00e4hk Neurofibromatoos Nijmegeni\u00a0murru\u00a0s\u00fcndroom Perekondlik adenomatoosne pol\u00fcpoos Pol\u00fcpoosi s\u00fcndroomid UUENDATUD Rinna- ja munasarjav\u00e4hk UUENDATUD Munasarjav\u00e4hk Tuberoosne skleroos Von Hippel-Lindau s\u00fcndroom V\u00e4hi eelsoodumuse m\u00e4\u00e4ramine UUENDATUD Eksoomi sekveneerimine Asper Oncogenetics portfell sisaldab erinevaid geeniteste, mida kasutatakse sagedasemate ja haruldaste p\u00e4rilike v\u00e4hkkasvajate, [&hellip;]<\/p>\n","protected":false},"author":2,"featured_media":0,"parent":0,"menu_order":12,"comment_status":"closed","ping_status":"closed","template":"","meta":{"_monsterinsights_skip_tracking":false,"_monsterinsights_sitenote_active":false,"_monsterinsights_sitenote_note":"","_monsterinsights_sitenote_category":0,"footnotes":""},"class_list":["post-16918","page","type-page","status-publish","hentry"],"aioseo_notices":[],"_links":{"self":[{"href":"https:\/\/www.asperbio.com\/et\/wp-json\/wp\/v2\/pages\/16918","targetHints":{"allow":["GET"]}}],"collection":[{"href":"https:\/\/www.asperbio.com\/et\/wp-json\/wp\/v2\/pages"}],"about":[{"href":"https:\/\/www.asperbio.com\/et\/wp-json\/wp\/v2\/types\/page"}],"author":[{"embeddable":true,"href":"https:\/\/www.asperbio.com\/et\/wp-json\/wp\/v2\/users\/2"}],"replies":[{"embeddable":true,"href":"https:\/\/www.asperbio.com\/et\/wp-json\/wp\/v2\/comments?post=16918"}],"version-history":[{"count":3,"href":"https:\/\/www.asperbio.com\/et\/wp-json\/wp\/v2\/pages\/16918\/revisions"}],"predecessor-version":[{"id":29142,"href":"https:\/\/www.asperbio.com\/et\/wp-json\/wp\/v2\/pages\/16918\/revisions\/29142"}],"wp:attachment":[{"href":"https:\/\/www.asperbio.com\/et\/wp-json\/wp\/v2\/media?parent=16918"}],"curies":[{"name":"wp","href":"https:\/\/api.w.org\/{rel}","templated":true}]}}