{"id":16357,"date":"2016-04-29T12:51:01","date_gmt":"2016-04-29T11:51:01","guid":{"rendered":"http:\/\/www.asperbio.com\/?page_id=16357"},"modified":"2026-03-26T17:16:18","modified_gmt":"2026-03-26T15:16:18","slug":"arstile","status":"publish","type":"page","link":"https:\/\/www.asperbio.com\/et\/arstile\/","title":{"rendered":"Tellimisinfo arstile"},"content":{"rendered":"<h2 style=\"text-align: justify;\">Geenitestide tellimine<\/h2>\n<p>Asper Biogene geenitestid kuuluvad <strong>Eesti Tervisekassa poolt 100% tasustatavate teenuste nimekirja<\/strong>\u00a0eeldusel, et patsiendil on testi tegemine n\u00e4idustatud. Saatekirjad testide tellimiseks on k\u00e4ttesaadavad k\u00e4esolevalt kodulehelt vastava testi juurest ning parempoolsest men\u00fc\u00fcst.<\/p>\n<p>Valikus olevaid <strong>geenipaneele<\/strong> on v\u00f5imalik kohandada vastavalt testimisvajadustele. V\u00f5tke \u00fchendust <a href=\"mailto:info[at]asperbio.com\">info[at]asperbio.com<\/a> kui soovite olemasolevaid geenipaneele omavahel kombineerida v\u00f5i lisageene anal\u00fc\u00fcsida.<\/p>\n<p>Proovimaterjal on enamus testide puhul <strong>2-4 ml antikoagulandiga EDTA t\u00e4isveri <\/strong>(lilla korgiga katsuti). Vereproove v\u00f5ib s\u00e4ilitada 2-8 \u00baC juures, soovitavalt mitte kauem kui n\u00e4dal. Vereproovi k\u00fclmutamine\u00a0ei ole soovitatav. T\u00e4psem info proovimaterjalide kohta on iga testi juures eraldi kirjeldatud.<\/p>\n<p>Proovid saata\u00a0koos saatekirjaga <strong>Asper Biogene laborisse<\/strong> (avatud t\u00f6\u00f6p\u00e4eviti kella 9-16ni) aadressil: Asper Biogene, Vaksali 17a (III korrus), 50410 Tartu.<\/p>\n<p><strong>Geenitesti vastused<\/strong> saadetakse tellijale olenevalt testist 3-8 n\u00e4dala jooksul. Venoosse trombemboolia, ts\u00f6liaakia ja laktoositalumatuse p\u00e4riliku eelsoodumuse m\u00e4\u00e4ramise testi vastused saadetakse tellijale 1-2 n\u00e4dala jooksul.<\/p>\n<h2 style=\"text-align: justify;\"><\/h2>","protected":false},"excerpt":{"rendered":"<p>Geenitestide tellimine Asper Biogene geenitestid kuuluvad Eesti Tervisekassa poolt 100% tasustatavate teenuste nimekirja\u00a0eeldusel, et patsiendil on testi tegemine n\u00e4idustatud. Saatekirjad testide tellimiseks on k\u00e4ttesaadavad k\u00e4esolevalt kodulehelt vastava testi juurest ning parempoolsest men\u00fc\u00fcst. Valikus olevaid geenipaneele on v\u00f5imalik kohandada vastavalt testimisvajadustele. V\u00f5tke \u00fchendust info[at]asperbio.com kui soovite olemasolevaid geenipaneele omavahel kombineerida v\u00f5i lisageene anal\u00fc\u00fcsida. Proovimaterjal on enamus [&hellip;]<\/p>\n","protected":false},"author":2,"featured_media":0,"parent":0,"menu_order":3,"comment_status":"closed","ping_status":"closed","template":"","meta":{"_monsterinsights_skip_tracking":false,"_monsterinsights_sitenote_active":false,"_monsterinsights_sitenote_note":"","_monsterinsights_sitenote_category":0,"footnotes":""},"class_list":["post-16357","page","type-page","status-publish","hentry"],"aioseo_notices":[],"_links":{"self":[{"href":"https:\/\/www.asperbio.com\/et\/wp-json\/wp\/v2\/pages\/16357","targetHints":{"allow":["GET"]}}],"collection":[{"href":"https:\/\/www.asperbio.com\/et\/wp-json\/wp\/v2\/pages"}],"about":[{"href":"https:\/\/www.asperbio.com\/et\/wp-json\/wp\/v2\/types\/page"}],"author":[{"embeddable":true,"href":"https:\/\/www.asperbio.com\/et\/wp-json\/wp\/v2\/users\/2"}],"replies":[{"embeddable":true,"href":"https:\/\/www.asperbio.com\/et\/wp-json\/wp\/v2\/comments?post=16357"}],"version-history":[{"count":3,"href":"https:\/\/www.asperbio.com\/et\/wp-json\/wp\/v2\/pages\/16357\/revisions"}],"predecessor-version":[{"id":29527,"href":"https:\/\/www.asperbio.com\/et\/wp-json\/wp\/v2\/pages\/16357\/revisions\/29527"}],"wp:attachment":[{"href":"https:\/\/www.asperbio.com\/et\/wp-json\/wp\/v2\/media?parent=16357"}],"curies":[{"name":"wp","href":"https:\/\/api.w.org\/{rel}","templated":true}]}}