{"id":16354,"date":"2016-04-29T12:19:03","date_gmt":"2016-04-29T11:19:03","guid":{"rendered":"http:\/\/www.asperbio.com\/?page_id=16354"},"modified":"2019-01-09T13:47:16","modified_gmt":"2019-01-09T11:47:16","slug":"kontakt","status":"publish","type":"page","link":"https:\/\/www.asperbio.com\/et\/kontakt\/","title":{"rendered":"Kontakt"},"content":{"rendered":"<h2>Kontakt<\/h2>\n<table style=\"width: 100%;\" border=\"0\" cellspacing=\"0\" cellpadding=\"4\" align=\"left\">\n<tbody>\n<tr>\n<td valign=\"top\" width=\"47%\"><strong>Asper Biogene O\u00dc<\/strong><br \/>\nVaksali 17a, 50410<br \/>\nTartu, Eesti<br \/>\n<a href=\"mailto:info[at]asperbio.com\">info[at]asperbio.com<br \/>\n<\/a>www.asperbio.com<br \/>\nTel\u00a0 +372 7307 295<br \/>\nFax +372 7307 298<img loading=\"lazy\" decoding=\"async\" class=\"alignleft size-full wp-image-4507\" style=\"line-height: 19px; margin-left: -14px;\" title=\"Asper Biogene Customer Service\" src=\"https:\/\/www.asperbio.com\/wp-content\/uploads\/Asper-Biogene-Customer-Service.jpg\" alt=\"Asper Biogene Customer Service\" width=\"283\" height=\"185\" \/><\/td>\n<td valign=\"top\" width=\"53%\">\n<div class=\"wpcf7 no-js\" id=\"wpcf7-f16274-o1\" lang=\"en-US\" dir=\"ltr\" data-wpcf7-id=\"16274\">\n<div class=\"screen-reader-response\"><p role=\"status\" aria-live=\"polite\" aria-atomic=\"true\"><\/p> <ul><\/ul><\/div>\n<form action=\"\/et\/wp-json\/wp\/v2\/pages\/16354#wpcf7-f16274-o1\" method=\"post\" class=\"wpcf7-form init\" aria-label=\"Contact form\" novalidate=\"novalidate\" data-status=\"init\">\n<div style=\"display: none;\">\n<input type=\"hidden\" name=\"_wpcf7\" value=\"16274\" \/>\n<input type=\"hidden\" name=\"_wpcf7_version\" value=\"6.0.6\" \/>\n<input type=\"hidden\" name=\"_wpcf7_locale\" value=\"en_US\" \/>\n<input type=\"hidden\" name=\"_wpcf7_unit_tag\" value=\"wpcf7-f16274-o1\" \/>\n<input type=\"hidden\" name=\"_wpcf7_container_post\" value=\"0\" \/>\n<input type=\"hidden\" name=\"_wpcf7_posted_data_hash\" value=\"\" \/>\n<\/div>\n<p>Nimi\n<\/p>\n<p><span class=\"wpcf7-form-control-wrap\" data-name=\"your-name\"><input size=\"40\" maxlength=\"400\" class=\"wpcf7-form-control wpcf7-text wpcf7-validates-as-required joinus1\" aria-required=\"true\" aria-invalid=\"false\" value=\"\" type=\"text\" name=\"your-name\" \/><\/span>\n<\/p>\n<p>Email\n<\/p>\n<p><span class=\"wpcf7-form-control-wrap\" data-name=\"your-email\"><input size=\"40\" maxlength=\"400\" class=\"wpcf7-form-control wpcf7-email wpcf7-validates-as-required wpcf7-text wpcf7-validates-as-email joinus1\" aria-required=\"true\" aria-invalid=\"false\" value=\"\" type=\"email\" name=\"your-email\" \/><\/span>\n<\/p>\n<p>S\u00f5num\n<\/p>\n<p><span class=\"wpcf7-form-control-wrap\" data-name=\"your-message\"><textarea cols=\"40\" rows=\"10\" maxlength=\"2000\" class=\"wpcf7-form-control wpcf7-textarea wpcf7-validates-as-required joinus2\" aria-required=\"true\" aria-invalid=\"false\" name=\"your-message\"><\/textarea><\/span>\n<\/p>\n<p><span class=\"wpcf7-form-control-wrap\" data-name=\"checkbox-519\"><span class=\"wpcf7-form-control wpcf7-checkbox\"><span class=\"wpcf7-list-item first last\"><label><input type=\"checkbox\" name=\"checkbox-519[]\" value=\"N\u00f5ustun saama Asper Biogene uudiseid ja infot e-posti teel. Kontaktivormi t\u00e4ites annate n\u00f5usoleku oma andmete s\u00e4ilitamiseks ja t\u00f6\u00f6tlemiseks.\" \/><span class=\"wpcf7-list-item-label\">N\u00f5ustun saama Asper Biogene uudiseid ja infot e-posti teel. Kontaktivormi t\u00e4ites annate n\u00f5usoleku oma andmete s\u00e4ilitamiseks ja t\u00f6\u00f6tlemiseks.<\/span><\/label><\/span><\/span><\/span>\n<\/p>\n<p>[recaptcha]\n<\/p>\n<p style='margin-top:10px;'><div class=\"cf7-cf-turnstile\" style=\"margin-top: 0px; margin-bottom: -15px;\"> <div id=\"cf-turnstile-cf7-355522428\" class=\"cf-turnstile\" data-sitekey=\"0x4AAAAAABJGvLXas-hrwRM_\" data-theme=\"light\" data-language=\"auto\" data-size=\"normal\" data-retry=\"auto\" data-retry-interval=\"1000\" data-action=\"contact-form-7\" data-appearance=\"always\"><\/div> <script>document.addEventListener(\"DOMContentLoaded\", function() { setTimeout(function(){ var e=document.getElementById(\"cf-turnstile-cf7-355522428\"); e&&!e.innerHTML.trim()&&(turnstile.remove(\"#cf-turnstile-cf7-355522428\"), turnstile.render(\"#cf-turnstile-cf7-355522428\", {sitekey:\"0x4AAAAAABJGvLXas-hrwRM_\"})); }, 0); });<\/script> <br class=\"cf-turnstile-br cf-turnstile-br-cf7-355522428\"> <style>#cf-turnstile-cf7-355522428 { margin-left: -15px; }<\/style> <script>document.addEventListener(\"DOMContentLoaded\",function(){document.querySelectorAll('.wpcf7-form').forEach(function(e){e.addEventListener('submit',function(){if(document.getElementById('cf-turnstile-cf7-355522428')){setTimeout(function(){turnstile.reset('#cf-turnstile-cf7-355522428');},1000)}})})});<\/script> <\/div><br\/><input class=\"wpcf7-form-control wpcf7-submit has-spinner\" type=\"submit\" value=\"Saada\" \/>\n<\/p><div class=\"wpcf7-response-output\" aria-hidden=\"true\"><\/div>\n<\/form>\n<\/div>\n<\/td>\n<\/tr>\n<\/tbody>\n<\/table>","protected":false},"excerpt":{"rendered":"<p>Kontakt Asper Biogene O\u00dc Vaksali 17a, 50410 Tartu, Eesti info[at]asperbio.com www.asperbio.com Tel\u00a0 +372 7307 295 Fax +372 7307 298<\/p>\n","protected":false},"author":2,"featured_media":0,"parent":0,"menu_order":5,"comment_status":"closed","ping_status":"closed","template":"","meta":{"_monsterinsights_skip_tracking":false,"_monsterinsights_sitenote_active":false,"_monsterinsights_sitenote_note":"","_monsterinsights_sitenote_category":0,"footnotes":""},"class_list":["post-16354","page","type-page","status-publish","hentry"],"aioseo_notices":[],"_links":{"self":[{"href":"https:\/\/www.asperbio.com\/et\/wp-json\/wp\/v2\/pages\/16354","targetHints":{"allow":["GET"]}}],"collection":[{"href":"https:\/\/www.asperbio.com\/et\/wp-json\/wp\/v2\/pages"}],"about":[{"href":"https:\/\/www.asperbio.com\/et\/wp-json\/wp\/v2\/types\/page"}],"author":[{"embeddable":true,"href":"https:\/\/www.asperbio.com\/et\/wp-json\/wp\/v2\/users\/2"}],"replies":[{"embeddable":true,"href":"https:\/\/www.asperbio.com\/et\/wp-json\/wp\/v2\/comments?post=16354"}],"version-history":[{"count":3,"href":"https:\/\/www.asperbio.com\/et\/wp-json\/wp\/v2\/pages\/16354\/revisions"}],"predecessor-version":[{"id":23323,"href":"https:\/\/www.asperbio.com\/et\/wp-json\/wp\/v2\/pages\/16354\/revisions\/23323"}],"wp:attachment":[{"href":"https:\/\/www.asperbio.com\/et\/wp-json\/wp\/v2\/media?parent=16354"}],"curies":[{"name":"wp","href":"https:\/\/api.w.org\/{rel}","templated":true}]}}