{"id":16347,"date":"2016-04-29T11:34:51","date_gmt":"2016-04-29T10:34:51","guid":{"rendered":"http:\/\/www.asperbio.com\/?page_id=16347"},"modified":"2026-03-26T17:14:45","modified_gmt":"2026-03-26T15:14:45","slug":"patsiendile","status":"publish","type":"page","link":"https:\/\/www.asperbio.com\/et\/patsiendile\/","title":{"rendered":"Tellimisinfo patsiendile"},"content":{"rendered":"<h2 style=\"text-align: justify;\">Geenitesti tellimine<\/h2>\n<p><strong>Asper Biogene geenitestid<\/strong> kuuluvad Eesti Tervisekassa poolt 100% tasustatavate teenuste nimekirja eeldusel, et patsiendil on geenitesti tegemine n\u00e4idustatud. Geenitesti jaoks on vajalik meditsiinigeneetiku v\u00f5i eriarsti saatekiri.<\/p>\n<p>P\u00e4riliku haiguse kahtluse, n\u00e4iteks p\u00e4riliku v\u00e4hi korral, peaks esmalt p\u00f6\u00f6rduma perearsti poole, kes vajadusel suunab patsiendi edasi geneetiku konsultatsioonile. Geneetik otsustab geenianal\u00fc\u00fcsi vajaduse, m\u00e4\u00e4rab diagnoosi, selgitab haiguse kulgu, p\u00e4randumist ja kordusriski.<\/p>","protected":false},"excerpt":{"rendered":"<p>Geenitesti tellimine Asper Biogene geenitestid kuuluvad Eesti Tervisekassa poolt 100% tasustatavate teenuste nimekirja eeldusel, et patsiendil on geenitesti tegemine n\u00e4idustatud. Geenitesti jaoks on vajalik meditsiinigeneetiku v\u00f5i eriarsti saatekiri. P\u00e4riliku haiguse kahtluse, n\u00e4iteks p\u00e4riliku v\u00e4hi korral, peaks esmalt p\u00f6\u00f6rduma perearsti poole, kes vajadusel suunab patsiendi edasi geneetiku konsultatsioonile. Geneetik otsustab geenianal\u00fc\u00fcsi vajaduse, m\u00e4\u00e4rab diagnoosi, selgitab haiguse [&hellip;]<\/p>\n","protected":false},"author":2,"featured_media":0,"parent":0,"menu_order":4,"comment_status":"closed","ping_status":"closed","template":"","meta":{"_monsterinsights_skip_tracking":false,"_monsterinsights_sitenote_active":false,"_monsterinsights_sitenote_note":"","_monsterinsights_sitenote_category":0,"footnotes":""},"class_list":["post-16347","page","type-page","status-publish","hentry"],"aioseo_notices":[],"_links":{"self":[{"href":"https:\/\/www.asperbio.com\/et\/wp-json\/wp\/v2\/pages\/16347","targetHints":{"allow":["GET"]}}],"collection":[{"href":"https:\/\/www.asperbio.com\/et\/wp-json\/wp\/v2\/pages"}],"about":[{"href":"https:\/\/www.asperbio.com\/et\/wp-json\/wp\/v2\/types\/page"}],"author":[{"embeddable":true,"href":"https:\/\/www.asperbio.com\/et\/wp-json\/wp\/v2\/users\/2"}],"replies":[{"embeddable":true,"href":"https:\/\/www.asperbio.com\/et\/wp-json\/wp\/v2\/comments?post=16347"}],"version-history":[{"count":3,"href":"https:\/\/www.asperbio.com\/et\/wp-json\/wp\/v2\/pages\/16347\/revisions"}],"predecessor-version":[{"id":29525,"href":"https:\/\/www.asperbio.com\/et\/wp-json\/wp\/v2\/pages\/16347\/revisions\/29525"}],"wp:attachment":[{"href":"https:\/\/www.asperbio.com\/et\/wp-json\/wp\/v2\/media?parent=16347"}],"curies":[{"name":"wp","href":"https:\/\/api.w.org\/{rel}","templated":true}]}}