{"id":15257,"date":"2016-03-29T14:13:22","date_gmt":"2016-03-29T13:13:22","guid":{"rendered":"http:\/\/www.asperbio.com\/?page_id=15257"},"modified":"2016-06-16T13:15:04","modified_gmt":"2016-06-16T12:15:04","slug":"proovimaterjal-sunnieelseks-testimiseks","status":"publish","type":"page","link":"https:\/\/www.asperbio.com\/et\/asper-ophthalmics-testid\/proovimaterjal-sunnieelseks-testimiseks\/","title":{"rendered":"Proovimaterjal s\u00fcnnieelseks testimiseks"},"content":{"rendered":"<h2>Proovimaterjal s\u00fcnnieelseks testimiseks<strong><br \/>\n<\/strong><\/h2>\n<ul>\n<li>Proovimaterjal s\u00fcnnieelseks testimiseks on loote koorioni- v\u00f5i amnionirakkudest eraldatud DNA.<\/li>\n<li>Testi teostamiseks vajalik DNA kogus on 100 ng.<\/li>\n<li>Soovituslik DNA kontsentratsioon on 100-250 ng\/\u00b5l.<\/li>\n<li>Vajalik\u00a0on lisauuring v\u00e4listamaks\u00a0loote rakkude kontaminatsiooni\u00a0ema materjaliga. Proovimaterjaliks on emalt v\u00f5etud 2-4 ml t\u00e4isverd antikoagulandiaga EDTA v\u00f5i 30-50 ng DNA-d.<\/li>\n<\/ul>","protected":false},"excerpt":{"rendered":"<p>Proovimaterjal s\u00fcnnieelseks testimiseks Proovimaterjal s\u00fcnnieelseks testimiseks on loote koorioni- v\u00f5i amnionirakkudest eraldatud DNA. Testi teostamiseks vajalik DNA kogus on 100 ng. Soovituslik DNA kontsentratsioon on 100-250 ng\/\u00b5l. Vajalik\u00a0on lisauuring v\u00e4listamaks\u00a0loote rakkude kontaminatsiooni\u00a0ema materjaliga. Proovimaterjaliks on emalt v\u00f5etud 2-4 ml t\u00e4isverd antikoagulandiaga EDTA v\u00f5i 30-50 ng DNA-d.<\/p>\n","protected":false},"author":2,"featured_media":0,"parent":11406,"menu_order":0,"comment_status":"closed","ping_status":"closed","template":"","meta":{"_monsterinsights_skip_tracking":false,"_monsterinsights_sitenote_active":false,"_monsterinsights_sitenote_note":"","_monsterinsights_sitenote_category":0,"footnotes":""},"class_list":["post-15257","page","type-page","status-publish","hentry"],"aioseo_notices":[],"_links":{"self":[{"href":"https:\/\/www.asperbio.com\/et\/wp-json\/wp\/v2\/pages\/15257","targetHints":{"allow":["GET"]}}],"collection":[{"href":"https:\/\/www.asperbio.com\/et\/wp-json\/wp\/v2\/pages"}],"about":[{"href":"https:\/\/www.asperbio.com\/et\/wp-json\/wp\/v2\/types\/page"}],"author":[{"embeddable":true,"href":"https:\/\/www.asperbio.com\/et\/wp-json\/wp\/v2\/users\/2"}],"replies":[{"embeddable":true,"href":"https:\/\/www.asperbio.com\/et\/wp-json\/wp\/v2\/comments?post=15257"}],"version-history":[{"count":3,"href":"https:\/\/www.asperbio.com\/et\/wp-json\/wp\/v2\/pages\/15257\/revisions"}],"predecessor-version":[{"id":17517,"href":"https:\/\/www.asperbio.com\/et\/wp-json\/wp\/v2\/pages\/15257\/revisions\/17517"}],"up":[{"embeddable":true,"href":"https:\/\/www.asperbio.com\/et\/wp-json\/wp\/v2\/pages\/11406"}],"wp:attachment":[{"href":"https:\/\/www.asperbio.com\/et\/wp-json\/wp\/v2\/media?parent=15257"}],"curies":[{"name":"wp","href":"https:\/\/api.w.org\/{rel}","templated":true}]}}