{"id":14761,"date":"2016-03-08T14:24:34","date_gmt":"2016-03-08T14:24:34","guid":{"rendered":"http:\/\/www.asperbio.com\/?page_id=14761"},"modified":"2026-03-26T17:04:31","modified_gmt":"2026-03-26T15:04:31","slug":"asper-neurogenetics-testid","status":"publish","type":"page","link":"https:\/\/www.asperbio.com\/et\/asper-neurogenetics-testid\/","title":{"rendered":"Asper Neurogenetics testid"},"content":{"rendered":"<h1 style=\"padding-left: 5px;\"><span style=\"color: #dcc900;\">Asper Neurogenetics\u00a0<\/span><\/h1>\n<div class=\"sm_post_content\" style=\"background: url('https:\/\/www.asperbio.com\/wp-content\/uploads\/Neuro-01.png') repeat-y; padding-left: 40px;\">\n<h4><strong><a title=\"Ajukoe raualadestusega seotud neurodegeneratsioon\" href=\"https:\/\/www.asperbio.com\/et\/asper-neurogenetics-testid\/ajukoe-raualadestusega-seotud-neurodegeneratsioon\/\">Ajukoe raualadestusega seotud neurodegeneratsioon<\/a><\/strong><br \/>\n<strong><a title=\"Am\u00fcotroofiline lateraalskleroos\" href=\"https:\/\/www.asperbio.com\/et\/asper-neurogenetics-testid\/amuotroofiline-lateraalskleroos\/\">Am\u00fcotroofiline lateraalskleroos<\/a><\/strong><br \/>\n<strong><a title=\"Autismi spektri h\u00e4ired\" href=\"https:\/\/www.asperbio.com\/et\/asper-neurogenetics-testid\/autismi-spektri-hairetega-seotud-geenide-sekveneerimine\/\">Autismi spektri h\u00e4ired<\/a><\/strong><br \/>\n<strong><a title=\"Brunneri s\u00fcndroom\" href=\"https:\/\/www.asperbio.com\/et\/asper-neurogenetics-testid\/brunneri-sundroomiga-seotud-maoa-geeni-sekveneerimine\/\">Brunneri s\u00fcndroom<\/a><\/strong><br \/>\n<strong><a title=\"Charcot-Marie-Toothi haigus\" href=\"https:\/\/www.asperbio.com\/et\/asper-neurogenetics-testid\/charcot-marie-toothi-haigus\/\">Charcot-Marie-Toothi haigus<\/a><\/strong><br \/>\n<strong> <a title=\"D\u00fcstoonia\" href=\"https:\/\/www.asperbio.com\/et\/asper-neurogenetics-testid\/dustoonia\/\">D\u00fcstoonia<\/a><\/strong><br \/>\n<strong> <a title=\"Epilepsia\" href=\"https:\/\/www.asperbio.com\/et\/asper-neurogenetics-testid\/epilepsia\/\">Epilepsia<\/a><\/strong><br \/>\n<strong> <a title=\"Fragiilse X-i s\u00fcndroom\" href=\"https:\/\/www.asperbio.com\/et\/asper-neurogenetics-testid\/fragiilse-x-i-sundroom\/\">Fragiilse X-i s\u00fcndroom<\/a>\u00a0<\/strong><br \/>\n<strong> <a title=\"Frontotemporaalne dementsus\" href=\"https:\/\/www.asperbio.com\/et\/asper-neurogenetics-testid\/frontotemporaalne-dementsus\/\">Frontotemporaalne dementsus<\/a><\/strong><br \/>\n<strong> <a title=\"J\u00e4semev\u00f6\u00f6tme lihasd\u00fcstroofia\" href=\"https:\/\/www.asperbio.com\/et\/asper-neurogenetics-testid\/jasemevootme-lihasdustroofia\/\">J\u00e4semev\u00f6\u00f6tme lihasd\u00fcstroofia<\/a><\/strong><br \/>\n<strong> <a title=\"Kaasas\u00fcndinud lihasd\u00fcstroofia\" href=\"https:\/\/www.asperbio.com\/et\/asper-neurogenetics-testid\/kaasasundinud-lihasdustroofiaga-seotud-geenide-sekveneerimine\/\">Kaasas\u00fcndinud lihasd\u00fcstroofia<\/a>\u00a0 <\/strong><br \/>\n<strong> <a title=\"Kaasas\u00fcndinud m\u00fcasteeniline s\u00fcndroom\" href=\"https:\/\/www.asperbio.com\/et\/asper-neurogenetics-testid\/kaasasundinud-muasteenilise-sundroomiga-seotud-geenide-sekveneerimine\/\">Kaasas\u00fcndinud m\u00fcasteeniline s\u00fcndroom<\/a><\/strong><br \/>\n<strong> <a title=\"Kaasas\u00fcndinud m\u00fcopaatia ja distaalne m\u00fcopaatia\" href=\"https:\/\/www.asperbio.com\/et\/asper-neurogenetics-testid\/kaasasundinud-muopaatia-ja-distaalne-muopaatia\/\">Kaasas\u00fcndinud m\u00fcopaatia ja distaalne m\u00fcopaatia<\/a><\/strong><br \/>\n<strong> <a title=\"Kaasas\u00fcndinud m\u00fcotooniad\" href=\"https:\/\/www.asperbio.com\/et\/asper-neurogenetics-testid\/kaasasundinud-muotooniad\/\">Kaasas\u00fcndinud m\u00fcotooniad<\/a><\/strong><br \/>\n<strong> <a title=\"Leukod\u00fcstroofia ja leukoentsefalopaatia\" href=\"https:\/\/www.asperbio.com\/et\/asper-neurogenetics-testid\/leukodustroofia-ja-leukoentsefalopaatia\/\">Leukod\u00fcstroofia ja leukoentsefalopaatia<\/a>\u00a0<\/strong><br \/>\n<strong> <a title=\"Menkese haigus\" href=\"https:\/\/www.asperbio.com\/et\/asper-neurogenetics-testid\/menkesi-haigus\/\">Menkese haigus<\/a><\/strong><br \/>\n<strong> <a title=\"Metaboolne m\u00fcopaatia ja rabdom\u00fcoloos\" href=\"https:\/\/www.asperbio.com\/et\/asper-neurogenetics-testid\/metaboolne-muopaatia-ja-rabdomuoluus\/\">Metaboolne m\u00fcopaatia ja rabdom\u00fcoloos<\/a>\u00a0<\/strong><br \/>\n<strong> <a title=\"Mitokondriaalsed haigused\" href=\"https:\/\/www.asperbio.com\/et\/asper-neurogenetics-testid\/mitokondriaalsed-haigused\/\">Mitokondriaalsed haigused<\/a>\u00a0 <\/strong><br \/>\n<strong> <a title=\"M\u00fcotooniline lihasd\u00fcstroofia, t\u00fc\u00fcp I (DM1)\" href=\"https:\/\/www.asperbio.com\/et\/asper-neurogenetics-testid\/muotooniline-lihasdustroofia-tuup-i\/\">M\u00fcotooniline lihasd\u00fcstroofia, t\u00fc\u00fcp I\u00a0<\/a>\u00a0<\/strong><br \/>\n<strong> <a title=\"M\u00fcotooniline lihasd\u00fcstroofia, t\u00fc\u00fcp II (DM2)\" href=\"https:\/\/www.asperbio.com\/et\/asper-neurogenetics-testid\/muotooniline-lihasdustroofia-tuup-ii\/\">M\u00fcotooniline lihasd\u00fcstroofia, t\u00fc\u00fcp II\u00a0<\/a>\u00a0<\/strong><br \/>\n<strong> <a title=\"Neurofibromatoos\" href=\"https:\/\/www.asperbio.com\/et\/asper-neurogenetics-testid\/neurofibromatoosiga-seotud-geenide-sekveneerimine\/\">Neurofibromatoos<\/a>\u00a0 <\/strong><br \/>\n<strong> <a title=\"Okulofar\u00fcngeaalne lihasd\u00fcstroofia\" href=\"https:\/\/www.asperbio.com\/et\/asper-neurogenetics-testid\/okulofarungeaalne-lihasdustroofia\">Okulofar\u00fcngeaalne lihasd\u00fcstroofia<\/a> \u00a0<\/strong><br \/>\n<strong> <a title=\"Pahaloomuline h\u00fcpertermia\" href=\"https:\/\/www.asperbio.com\/et\/asper-neurogenetics-testid\/pahaloomulise-hupertermiaga-seotud-geenide-sekveneerimine\/\">Pahaloomuline h\u00fcpertermia<\/a><\/strong><br \/>\n<strong> <a title=\"Parkinsoni t\u00f5bi\" href=\"https:\/\/www.asperbio.com\/et\/asper-neurogenetics-testid\/parkinsoni-tobi\/\">Parkinsoni t\u00f5bi<\/a><\/strong><br \/>\n<strong> <a title=\"Paroks\u00fcsmaalne d\u00fcskineesia\" href=\"https:\/\/www.asperbio.com\/et\/asper-neurogenetics-testid\/paroksusmaalse-duskineesiaga-seotud-geenide-sekveneerimine\/\">Paroks\u00fcsmaalne d\u00fcskineesia<\/a><\/strong><br \/>\n<strong> <a title=\"Perekondlik hemipleegiline migreen\" href=\"https:\/\/www.asperbio.com\/et\/asper-neurogenetics-testid\/perekondliku-hemipleegilise-migreeniga-seotud-geenide-sekveneerimine\/\">Perekondlik hemipleegiline migreen<\/a><\/strong><br \/>\n<strong> <a title=\"P\u00e4rilik ataksia\" href=\"https:\/\/www.asperbio.com\/et\/asper-neurogenetics-testid\/parilik-ataksia-2\/\">P\u00e4rilik ataksia<\/a><\/strong><br \/>\n<strong> <a title=\"P\u00e4rilik\u00a0spastiline parapleegia\" href=\"https:\/\/www.asperbio.com\/et\/asper-neurogenetics-testid\/spastiline-parapleegia\/\">P\u00e4rilik\u00a0spastiline parapleegia<\/a>\u00a0<\/strong><br \/>\n<strong> <a title=\"Smith-Lemli-Opitz s\u00fcndroom\" href=\"https:\/\/www.asperbio.com\/et\/asper-neurogenetics-testid\/smith-lemli-opitz-sundroom\/\">Smith-Lemli-Opitz s\u00fcndroom<\/a><\/strong><br \/>\n<strong> <a title=\"Spinotserebellaarse ataksia t\u00fc\u00fcp 12\" href=\"https:\/\/www.asperbio.com\/et\/asper-neurogenetics-testid\/spinotserebellaarne-ataksia-12\/\">Spinotserebellaarse ataksia t\u00fc\u00fcp 12<\/a>\u00a0<\/strong><br \/>\n<strong> <a title=\"Tuberoosne skleroos\" href=\"https:\/\/www.asperbio.com\/et\/asper-neurogenetics-testid\/tuberoosne-skleroos\/\">Tuberoosne skleroos<\/a><\/strong><br \/>\n<strong> <a title=\"Unverricht-Lundborgi t\u00f5bi\" href=\"https:\/\/www.asperbio.com\/et\/asper-neurogenetics-testid\/unverricht-lundborgi-tobi\">Unverricht-Lundborgi t\u00f5bi<\/a>\u00a0<\/strong><br \/>\n<strong> <a title=\"Wilsoni\u00a0t\u00f5bi\" href=\"https:\/\/www.asperbio.com\/et\/asper-neurogenetics-testid\/wilsoni-tobi\/\">Wilsoni\u00a0t\u00f5bi<\/a><\/strong><br \/>\n<strong> <a title=\"Eksoomi sekveneerimine\" href=\"https:\/\/www.asperbio.com\/et\/asper-oncogenetics-testid\/eksoomi-sekveneerimine-2\"> Eksoomi sekveneerimine<\/a><\/strong><\/h4>\n<\/div>\n<p>Asper Neurogenetics portfell sisaldab erinevaid geeniteste p\u00e4rilike neuroloogiliste ja metaboolsete haiguste diagnostikaks. Siia gruppi kuuluvate\u00a0p\u00e4rilike neuropaatiate ja mitokondriaalsete haiguste\u00a0geneetiline ja\u00a0kliiniline\u00a0profiil on v\u00e4ga heterogeenne ning samas v\u00f5ivad erinevate\u00a0haiguste kliinilised s\u00fcmptomid osaliselt kattuda.<\/p>\n<p>Me pakume kattuvate kliiniliste fenot\u00fc\u00fcpidega\u00a0haiguste diagnostikaks\u00a0kompleksset\u00a0lahendust, mis sisaldab erinevaid geeniteste ja testimise strateegiaid.<\/p>\n<p>Geenitestide \u00a0tegemiseks kasutame erinevaid molekulaargeneetilisi meetodeid nagu DNA sekveneerimine, sealhulgas Sanger sekveneerimine ja teise p\u00f5lvkonna sekveneerimine (<em>Next Generation Sequencing<\/em>, NGS), DNA fragmentanal\u00fc\u00fcs ja DNA restriktsioonanal\u00fc\u00fcs (RFLP).<\/p>\n<p>NGS-tehnoloogia v\u00f5imaldab operatiivseid\u00a0ja personaalseid geenitestide erilahendusi vastavalt patsiendi spetsiifilistele vajadustele.<\/p>","protected":false},"excerpt":{"rendered":"<p>Asper Neurogenetics\u00a0 Ajukoe raualadestusega seotud neurodegeneratsioon Am\u00fcotroofiline lateraalskleroos Autismi spektri h\u00e4ired Brunneri s\u00fcndroom Charcot-Marie-Toothi haigus D\u00fcstoonia Epilepsia Fragiilse X-i s\u00fcndroom\u00a0 Frontotemporaalne dementsus J\u00e4semev\u00f6\u00f6tme lihasd\u00fcstroofia Kaasas\u00fcndinud lihasd\u00fcstroofia\u00a0 Kaasas\u00fcndinud m\u00fcasteeniline s\u00fcndroom Kaasas\u00fcndinud m\u00fcopaatia ja distaalne m\u00fcopaatia Kaasas\u00fcndinud m\u00fcotooniad Leukod\u00fcstroofia ja leukoentsefalopaatia\u00a0 Menkese haigus Metaboolne m\u00fcopaatia ja rabdom\u00fcoloos\u00a0 Mitokondriaalsed haigused\u00a0 M\u00fcotooniline lihasd\u00fcstroofia, t\u00fc\u00fcp I\u00a0\u00a0 M\u00fcotooniline lihasd\u00fcstroofia, t\u00fc\u00fcp II\u00a0\u00a0 [&hellip;]<\/p>\n","protected":false},"author":2,"featured_media":0,"parent":0,"menu_order":11,"comment_status":"closed","ping_status":"closed","template":"","meta":{"_monsterinsights_skip_tracking":false,"_monsterinsights_sitenote_active":false,"_monsterinsights_sitenote_note":"","_monsterinsights_sitenote_category":0,"footnotes":""},"class_list":["post-14761","page","type-page","status-publish","hentry"],"aioseo_notices":[],"_links":{"self":[{"href":"https:\/\/www.asperbio.com\/et\/wp-json\/wp\/v2\/pages\/14761","targetHints":{"allow":["GET"]}}],"collection":[{"href":"https:\/\/www.asperbio.com\/et\/wp-json\/wp\/v2\/pages"}],"about":[{"href":"https:\/\/www.asperbio.com\/et\/wp-json\/wp\/v2\/types\/page"}],"author":[{"embeddable":true,"href":"https:\/\/www.asperbio.com\/et\/wp-json\/wp\/v2\/users\/2"}],"replies":[{"embeddable":true,"href":"https:\/\/www.asperbio.com\/et\/wp-json\/wp\/v2\/comments?post=14761"}],"version-history":[{"count":3,"href":"https:\/\/www.asperbio.com\/et\/wp-json\/wp\/v2\/pages\/14761\/revisions"}],"predecessor-version":[{"id":29520,"href":"https:\/\/www.asperbio.com\/et\/wp-json\/wp\/v2\/pages\/14761\/revisions\/29520"}],"wp:attachment":[{"href":"https:\/\/www.asperbio.com\/et\/wp-json\/wp\/v2\/media?parent=14761"}],"curies":[{"name":"wp","href":"https:\/\/api.w.org\/{rel}","templated":true}]}}