{"id":14672,"date":"2016-02-22T09:21:59","date_gmt":"2016-02-22T09:21:59","guid":{"rendered":"http:\/\/www.asperbio.com\/?page_id=14672"},"modified":"2024-11-06T14:15:32","modified_gmt":"2024-11-06T12:15:32","slug":"perekondlik-huperkolesteroleemia","status":"publish","type":"page","link":"https:\/\/www.asperbio.com\/et\/asper-cardiogenetics-testid\/perekondlik-huperkolesteroleemia\/","title":{"rendered":"Perekondlik h\u00fcperkolesteroleemia"},"content":{"rendered":"<h2 style=\"padding-left: 5px;\"><span style=\"color: #a34c95;\">Perekondliku h\u00fcperkolesteroleemiaga seotud geenide sekveneerimine<\/span><\/h2>\n<div class=\"sm_post_content\" style=\"background: url('https:\/\/www.asperbio.com\/wp-content\/uploads\/Cardio-01.png') repeat-y; padding-left: 40px;\">\n<table class=\"table no-border no-margin\" border=\"0\" cellspacing=\"0\" cellpadding=\"0\">\n<tbody>\n<tr>\n<td width=\"110\"><strong>Genes:<\/strong><\/td>\n<td>ABCG5, ABCG8, APOB, APOE, LIPA, LDLR, LDLRAP1, PCSK9<\/td>\n<\/tr>\n<\/tbody>\n<\/table>\n<hr style=\"color: #a34c95; background-color: #a34c95; height: 2px; border: none; width: 100%;\" \/>\n<table class=\"table no-border no-margin\" border=\"0\" cellspacing=\"0\" cellpadding=\"0\">\n<tbody>\n<tr>\n<td width=\"110\"><strong>Metoodika:<\/strong><\/td>\n<td>Kodeeriva piirkonna sekveneerimine (NGS).<br \/>\nKoopiaarvu muutuste bioinformaatiline anal\u00fc\u00fcs (CNV). CNV leidude kinnitamine teise meetodiga toimub lisaanal\u00fc\u00fcsina, vastavalt hinnakirjale.<\/td>\n<\/tr>\n<\/tbody>\n<\/table>\n<hr style=\"color: #a34c95; background-color: #a34c95; height: 2px; border: none; width: 100%;\" \/>\n<table class=\"table no-border no-margin\" border=\"0\" cellspacing=\"0\" cellpadding=\"0\">\n<tbody>\n<tr>\n<td width=\"110\"><strong>Testi valmimisaeg:<\/strong><\/td>\n<td>6-9 n\u00e4dalat<\/td>\n<\/tr>\n<\/tbody>\n<\/table>\n<hr style=\"color: #a34c95; background-color: #a34c95; height: 2px; border: none; width: 100%;\" \/>\n<table class=\"table no-border no-margin\" border=\"0\" cellspacing=\"0\" cellpadding=\"0\">\n<tbody>\n<tr>\n<td width=\"110\"><strong>N\u00f5uded proovi-materjalile:<\/strong><\/td>\n<td>2-4 ml t\u00e4isverd antikoagulandiga EDTA (lilla korgiga katsuti)<\/p>\n<p>1 \u00b5g DNA-d elueerituna TE, AE puhvris v\u00f5i steriilses vees, kontsentratsiooniga 100-250 ng\/\u00b5l<br \/>\nDNA saata toatemperatuuril v\u00f5i k\u00fclmutatuna. A260\/A280 suhe peaks olema 1.8-2.0. DNA peab agaroosgeelis pikkusmarkeri juuresolekul olema detekteeritav \u00fche tervikliku b\u00e4ndina.<\/td>\n<\/tr>\n<\/tbody>\n<\/table>\n<hr style=\"color: #a34c95; background-color: #a34c95; height: 2px; border: none; width: 100%;\" \/>\n<table class=\"table no-border no-margin\" border=\"0\" cellspacing=\"0\" cellpadding=\"0\">\n<tbody>\n<tr>\n<td width=\"110\"><strong>Tellimine:<\/strong><\/td>\n<td>Proovimaterjal saata koos <span style=\"color: #a34c95;\"><strong><a style=\"color: #a34c95;\" href=\"https:\/\/www.asperbio.com\/wp-content\/uploads\/Asper-Cardiogenetics-saatekiri.doc\">saatekirjaga<\/a><\/strong><\/span> Asper Biogene laborisse<\/td>\n<\/tr>\n<\/tbody>\n<\/table>\n<hr style=\"color: #a34c95; background-color: #a34c95; height: 2px; border: none; width: 100%;\" \/>\n<\/div>\n<h2 style=\"padding-left: 5px;\"><span style=\"color: #a34c95;\">Deletsioonide\/duplikatsioonide anal\u00fc\u00fcs<\/span><\/h2>\n<div class=\"sm_post_content\" style=\"background: url('https:\/\/www.asperbio.com\/wp-content\/uploads\/Cardio-01.png') repeat-y; padding-left: 40px;\">\n<table class=\"table no-border no-margin\" border=\"0\" cellspacing=\"0\" cellpadding=\"0\">\n<tbody>\n<tr>\n<td width=\"110\"><strong>Genes:<\/strong><\/td>\n<td><em>LDLR<\/em><\/td>\n<\/tr>\n<\/tbody>\n<\/table>\n<hr style=\"color: #a34c95; background-color: #a34c95; height: 2px; border: none; width: 100%;\" \/>\n<table class=\"table no-border no-margin\" border=\"0\" cellspacing=\"0\" cellpadding=\"0\">\n<tbody>\n<tr>\n<td width=\"110\"><strong>Metoodika:<\/strong><\/td>\n<td>MLPA<\/td>\n<\/tr>\n<\/tbody>\n<\/table>\n<hr style=\"color: #a34c95; background-color: #a34c95; height: 2px; border: none; width: 100%;\" \/>\n<table class=\"table no-border no-margin\" border=\"0\" cellspacing=\"0\" cellpadding=\"0\">\n<tbody>\n<tr>\n<td width=\"110\"><strong>Testi valmimisaeg:<\/strong><\/td>\n<td>4-6 n\u00e4dalat<\/td>\n<\/tr>\n<\/tbody>\n<\/table>\n<hr style=\"color: #a34c95; background-color: #a34c95; height: 2px; border: none; width: 100%;\" \/>\n<table class=\"table no-border no-margin\" border=\"0\" cellspacing=\"0\" cellpadding=\"0\">\n<tbody>\n<tr>\n<td width=\"110\"><strong>N\u00f5uded proovi-materjalile:<\/strong><\/td>\n<td>2-4 ml t\u00e4isverd antikoagulandiga EDTA (lilla korgiga katsuti)<\/p>\n<p>1 \u00b5g DNA-d elueerituna TE, AE puhvris v\u00f5i steriilses vees, kontsentratsiooniga 100-250 ng\/\u00b5l<br \/>\nDNA saata toatemperatuuril v\u00f5i k\u00fclmutatuna. A260\/A280 suhe peaks olema 1.8-2.0. DNA peab agaroosgeelis pikkusmarkeri juuresolekul olema detekteeritav \u00fche tervikliku b\u00e4ndina.<\/td>\n<\/tr>\n<\/tbody>\n<\/table>\n<hr style=\"color: #a34c95; background-color: #a34c95; height: 2px; border: none; width: 100%;\" \/>\n<table class=\"table no-border no-margin\" border=\"0\" cellspacing=\"0\" cellpadding=\"0\">\n<tbody>\n<tr>\n<td width=\"110\"><strong>Tellimine:<\/strong><\/td>\n<td>Proovimaterjal saata koos <span style=\"color: #a34c95;\"><strong><a style=\"color: #a34c95;\" href=\"https:\/\/www.asperbio.com\/wp-content\/uploads\/Asper-Cardiogenetics-saatekiri.doc\">saatekirjaga<\/a><\/strong><\/span> Asper Biogene laborisse<\/td>\n<\/tr>\n<\/tbody>\n<\/table>\n<hr style=\"color: #a34c95; background-color: #a34c95; height: 2px; border: none; width: 100%;\" \/>\n<\/div>\n<p><strong>N\u00e4idustused geenitesti tegemiseks:<\/strong><\/p>\n<ol>\n<li>Kliinilise diagnoosi kinnitamine<\/li>\n<li>Kandluse m\u00e4\u00e4ramine\u00a0teadaoleva mutatsiooni suhtes<\/li>\n<li>Geneetiline n\u00f5ustamine<\/li>\n<\/ol>\n<p class=\"p1\"><strong>Perekondlikule h\u00fcperkolesteroleemiale\u00a0<\/strong>on omane k\u00f5rge LDL-kolesterooli tase,<strong>\u00a0<\/strong>mis p\u00f5hjustab aterosklerootiliste naastude\u00a0ladestumist\u00a0koronaararterites. Viimane omakorda suurendab\u00a0varajaste s\u00fcdame-veresoonkonna haiguste ja insuldi t\u00f5en\u00e4osust.\u00a0Kolesterool v\u00f5ib ladestuda nii k\u00e4te ja jalgade\u00a0k\u00f5\u00f5lustes, k\u00fc\u00fcnarnuki ja p\u00f5lvede juures\u00a0kui silmade \u00fcmbruses.<\/p>\n<p class=\"p1\"><span class=\"s1\">Heteros\u00fcgootset perekondlikku h\u00fcperkolesteroleemiat\u00a0seostatakse <\/span>heteros\u00fcgootsete haigusseoseliste muutustega <span class=\"s1\"><em>LDLR<\/em>, <em>APOB<\/em> ja <em>PCSK9<\/em> geenides, haiguse esinemissagedus on ca<\/span>\u00a01 : 500.<\/p>\n<p class=\"p1\">Homos\u00fcgootne\u00a0perekondlik h\u00fcperkolesteroleemia\u00a0on oma esinemissageduselt palju haruldasem. Seda on\u00a0t\u00e4heldatud sagedusega<span class=\"s2\">\u00a01 : 1 000 000 \u00fcldpopulatsioonist. <\/span>Homos\u00fcgootset perekondlikku h\u00fcperkolesteroleemiat seostatakse kahealleelsete muutustega\u00a0<em>LDLR<\/em>, <em>LDLRAP1<\/em>, <em>APOB<\/em> ja <em>PCSK9<\/em> geenides.<\/p>","protected":false},"excerpt":{"rendered":"<p>Perekondliku h\u00fcperkolesteroleemiaga seotud geenide sekveneerimine Genes: ABCG5, ABCG8, APOB, APOE, LIPA, LDLR, LDLRAP1, PCSK9 Metoodika: Kodeeriva piirkonna sekveneerimine (NGS). Koopiaarvu muutuste bioinformaatiline anal\u00fc\u00fcs (CNV). CNV leidude kinnitamine teise meetodiga toimub lisaanal\u00fc\u00fcsina, vastavalt hinnakirjale. Testi valmimisaeg: 6-9 n\u00e4dalat N\u00f5uded proovi-materjalile: 2-4 ml t\u00e4isverd antikoagulandiga EDTA (lilla korgiga katsuti) 1 \u00b5g DNA-d elueerituna TE, AE puhvris v\u00f5i [&hellip;]<\/p>\n","protected":false},"author":2,"featured_media":0,"parent":14537,"menu_order":0,"comment_status":"closed","ping_status":"closed","template":"","meta":{"_monsterinsights_skip_tracking":false,"_monsterinsights_sitenote_active":false,"_monsterinsights_sitenote_note":"","_monsterinsights_sitenote_category":0,"footnotes":""},"class_list":["post-14672","page","type-page","status-publish","hentry"],"aioseo_notices":[],"_links":{"self":[{"href":"https:\/\/www.asperbio.com\/et\/wp-json\/wp\/v2\/pages\/14672","targetHints":{"allow":["GET"]}}],"collection":[{"href":"https:\/\/www.asperbio.com\/et\/wp-json\/wp\/v2\/pages"}],"about":[{"href":"https:\/\/www.asperbio.com\/et\/wp-json\/wp\/v2\/types\/page"}],"author":[{"embeddable":true,"href":"https:\/\/www.asperbio.com\/et\/wp-json\/wp\/v2\/users\/2"}],"replies":[{"embeddable":true,"href":"https:\/\/www.asperbio.com\/et\/wp-json\/wp\/v2\/comments?post=14672"}],"version-history":[{"count":3,"href":"https:\/\/www.asperbio.com\/et\/wp-json\/wp\/v2\/pages\/14672\/revisions"}],"predecessor-version":[{"id":29309,"href":"https:\/\/www.asperbio.com\/et\/wp-json\/wp\/v2\/pages\/14672\/revisions\/29309"}],"up":[{"embeddable":true,"href":"https:\/\/www.asperbio.com\/et\/wp-json\/wp\/v2\/pages\/14537"}],"wp:attachment":[{"href":"https:\/\/www.asperbio.com\/et\/wp-json\/wp\/v2\/media?parent=14672"}],"curies":[{"name":"wp","href":"https:\/\/api.w.org\/{rel}","templated":true}]}}