{"id":14540,"date":"2016-02-04T14:39:51","date_gmt":"2016-02-04T14:39:51","guid":{"rendered":"http:\/\/www.asperbio.com\/?page_id=14540"},"modified":"2021-04-29T15:15:31","modified_gmt":"2021-04-29T12:15:31","slug":"pika-qt-sundroom","status":"publish","type":"page","link":"https:\/\/www.asperbio.com\/et\/asper-cardiogenetics-testid\/pika-qt-sundroom\/","title":{"rendered":"Pika QT s\u00fcndroom"},"content":{"rendered":"<h2 style=\"padding-left: 5px;\"><span style=\"color: #a34c95;\">Pika QT s\u00fcndroomiga seotud geenide sekveneerimine<\/span><\/h2>\n<div class=\"sm_post_content\" style=\"background: url('https:\/\/www.asperbio.com\/wp-content\/uploads\/Cardio-01.png') repeat-y; padding-left: 40px;\">\n<table class=\"table no-border no-margin\" border=\"0\" cellspacing=\"0\" cellpadding=\"0\">\n<tbody>\n<tr>\n<td width=\"110\"><strong>Genes:<\/strong><\/td>\n<td><em>AKAP9, ANK2, CACNA1C, CALM1, CAV3, KCNE1, KCNE2, KCNH2, KCNJ2, KCNJ5, KCNQ1, SCN5A, SCN4B, SNTA1<\/em><\/td>\n<\/tr>\n<\/tbody>\n<\/table>\n<hr style=\"color: #a34c95; background-color: #a34c95; height: 2px; border: none; width: 100%;\" \/>\n<table class=\"table no-border no-margin\" border=\"0\" cellspacing=\"0\" cellpadding=\"0\">\n<tbody>\n<tr>\n<td width=\"110\"><strong>Metoodika:<\/strong><\/td>\n<td>Kodeeriva piirkonna sekveneerimine (NGS).<br \/>\nKoopiaarvu muutuste bioinformaatiline anal\u00fc\u00fcs (CNV). CNV leidude kinnitamine teise meetodiga toimub lisaanal\u00fc\u00fcsina, vastavalt hinnakirjale.<\/td>\n<\/tr>\n<\/tbody>\n<\/table>\n<hr style=\"color: #a34c95; background-color: #a34c95; height: 2px; border: none; width: 100%;\" \/>\n<table class=\"table no-border no-margin\" border=\"0\" cellspacing=\"0\" cellpadding=\"0\">\n<tbody>\n<tr>\n<td width=\"110\"><strong>Testi valmimisaeg:<\/strong><\/td>\n<td>6-9 n\u00e4dalat<\/td>\n<\/tr>\n<\/tbody>\n<\/table>\n<hr style=\"color: #a34c95; background-color: #a34c95; height: 2px; border: none; width: 100%;\" \/>\n<table class=\"table no-border no-margin\" border=\"0\" cellspacing=\"0\" cellpadding=\"0\">\n<tbody>\n<tr>\n<td width=\"110\"><strong>N\u00f5uded proovi-materjalile:<\/strong><\/td>\n<td>2-4 ml t\u00e4isverd antikoagulandiga EDTA (lilla korgiga katsuti)<\/p>\n<p>1 \u00b5g DNA-d elueerituna TE, AE puhvris v\u00f5i steriilses vees, kontsentratsiooniga 100-250 ng\/\u00b5l<br \/>\nDNA saata toatemperatuuril v\u00f5i k\u00fclmutatuna. A260\/A280 soovitav suhe on 1.8-2.0. DNA peab agaroosgeelis pikkusmarkeri juuresolekul olema detekteeritav \u00fche tervikliku b\u00e4ndina.<\/td>\n<\/tr>\n<\/tbody>\n<\/table>\n<hr style=\"color: #a34c95; background-color: #a34c95; height: 2px; border: none; width: 100%;\" \/>\n<table class=\"table no-border no-margin\" border=\"0\" cellspacing=\"0\" cellpadding=\"0\">\n<tbody>\n<tr>\n<td width=\"110\"><strong>Tellimine:<\/strong><\/td>\n<td>Proovimaterjal saata koos <span style=\"color: #a34c95;\"><strong><a style=\"color: #a34c95;\" href=\"https:\/\/www.asperbio.com\/wp-content\/uploads\/Asper-Cardiogenetics-saatekiri.doc\">saatekirjaga<\/a><\/strong><\/span> Asper Biogene laborisse<\/td>\n<\/tr>\n<\/tbody>\n<\/table>\n<hr style=\"color: #a34c95; background-color: #a34c95; height: 2px; border: none; width: 100%;\" \/>\n<\/div>\n<h2 style=\"padding-left: 5px;\"><span style=\"color: #a34c95;\">Deletsioonide\/duplikatsioonide anal\u00fc\u00fcs<\/span><\/h2>\n<div class=\"sm_post_content\" style=\"background: url('https:\/\/www.asperbio.com\/wp-content\/uploads\/Cardio-01.png') repeat-y; padding-left: 40px;\">\n<table class=\"table no-border no-margin\" border=\"0\" cellspacing=\"0\" cellpadding=\"0\">\n<tbody>\n<tr>\n<td width=\"110\"><strong>Genes:<\/strong><\/td>\n<td><em>KCNE1, KCNE2, KCNH2, KCNJ2, KCNQ1<\/em><\/td>\n<\/tr>\n<\/tbody>\n<\/table>\n<hr style=\"color: #a34c95; background-color: #a34c95; height: 2px; border: none; width: 100%;\" \/>\n<table class=\"table no-border no-margin\" border=\"0\" cellspacing=\"0\" cellpadding=\"0\">\n<tbody>\n<tr>\n<td width=\"110\"><strong>Metoodika:<\/strong><\/td>\n<td>MLPA<\/td>\n<\/tr>\n<\/tbody>\n<\/table>\n<hr style=\"color: #a34c95; background-color: #a34c95; height: 2px; border: none; width: 100%;\" \/>\n<table class=\"table no-border no-margin\" border=\"0\" cellspacing=\"0\" cellpadding=\"0\">\n<tbody>\n<tr>\n<td width=\"110\"><strong>Testi valmimisaeg:<\/strong><\/td>\n<td>4-6 n\u00e4dalat<\/td>\n<\/tr>\n<\/tbody>\n<\/table>\n<hr style=\"color: #a34c95; background-color: #a34c95; height: 2px; border: none; width: 100%;\" \/>\n<table class=\"table no-border no-margin\" border=\"0\" cellspacing=\"0\" cellpadding=\"0\">\n<tbody>\n<tr>\n<td width=\"110\"><strong>N\u00f5uded proovi-materjalile:<\/strong><\/td>\n<td>2-4 ml t\u00e4isverd antikoagulandiga EDTA (lilla korgiga katsuti)<\/p>\n<p>1 \u00b5g DNA-d elueerituna TE, AE puhvris v\u00f5i steriilses vees, kontsentratsiooniga 100-250 ng\/\u00b5l<br \/>\nDNA saata toatemperatuuril v\u00f5i k\u00fclmutatuna. A260\/A280 soovitav suhe on 1.8-2.0. DNA peab agaroosgeelis pikkusmarkeri juuresolekul olema detekteeritav \u00fche tervikliku b\u00e4ndina.<\/td>\n<\/tr>\n<\/tbody>\n<\/table>\n<hr style=\"color: #a34c95; background-color: #a34c95; height: 2px; border: none; width: 100%;\" \/>\n<table class=\"table no-border no-margin\" border=\"0\" cellspacing=\"0\" cellpadding=\"0\">\n<tbody>\n<tr>\n<td width=\"110\"><strong>Tellimine:<\/strong><\/td>\n<td>Proovimaterjal saata koos <span style=\"color: #a34c95;\"><strong><a style=\"color: #a34c95;\" href=\"https:\/\/www.asperbio.com\/wp-content\/uploads\/Asper-Cardiogenetics-saatekiri.doc\">saatekirjaga<\/a><\/strong><\/span> Asper Biogene laborisse<\/td>\n<\/tr>\n<\/tbody>\n<\/table>\n<hr style=\"color: #a34c95; background-color: #a34c95; height: 2px; border: none; width: 100%;\" \/>\n<\/div>\n<p><strong>N\u00e4idustused geenitesti tegemiseks:<\/strong><\/p>\n<ol>\n<li>Kliinilise diagnoosi kinnitamine<\/li>\n<li>Eristamaks erinevaid LQTS vorme t\u00e4psema ravi otstarbel<\/li>\n<li>Patsiendi pereliikmete testimine<\/li>\n<li>Kandluse m\u00e4\u00e4ramine teadaoleva mutatsiooni suhtes<\/li>\n<li>Geneetiline n\u00f5ustamine<\/li>\n<\/ol>\n<p><strong>P\u00e4rilik pika QT s\u00fcndroom<\/strong> (LQTS) on s\u00fcdameh\u00e4ire, mida iseloomustab QT-aja pikenemine patsiendi EKGs, T-saki anomaaliad ning ventrikulaarne tahh\u00fckardia koos minestamishoogudega. Ventrikulaarne tahh\u00fckardia v\u00f5ib \u00fcle minna vatsakeste fibrillatsiooniks ja seet\u00f5ttu on s\u00fcndroom seotud \u00e4kksurma riskiga. Eluohtliku s\u00fcdame ar\u00fctmia vallandab p\u00e4riliku pika QT s\u00fcndroomiga patsientidel tihti f\u00fc\u00fcsiline koormus v\u00f5i emotsionaalne stress. Esmane haigushoog tekib \u00fcldjuhul 10-30 aasta vanuses, kuid see v\u00f5ib vallanduda ka imikueas.<\/p>\n<p>P\u00e4riliku pika QT s\u00fcndroomi esinemissageduseks on hinnatud 1 : 2000. LQTS diagnoosimise aluseks v\u00f5etakse patsiendi anamnees, EKG leiud ning perekonna anamnees. Samas v\u00f5ib s\u00fcndroomi diagnoosimine olla raskendatud kuna QT-aja pikenemist on t\u00e4heldatud ka v\u00e4hesel hulgal tervel indiviididel ning samal ajal v\u00f5ib osadel p\u00e4riliku pika QT s\u00fcndroomiga patsientidel EKG leid puududa. Seet\u00f5ttu on geneetiline testimine oluliseks LQTS diagnoosimise ning ka haiguse alavormi m\u00e4\u00e4ramise osaks.<\/p>\n<p>Praeguseks on leitud \u00fcle 600 erineva LQTS seotud mutatsiooni v\u00e4hemalt 15 eri geenis. Kliiniliselt v\u00e4ljendunud p\u00e4riliku pika QT ajaga patsientidel leitakse geenimuutus ligikaudu 75% juhtudest. Umbes 95% leitakse mutatsioonid <em>KCNQ1<\/em> (LQT1), <em>KCNH2<\/em> (LQT2) ja <em>SCN5A <\/em>(LQT3) geenides, kuid esineb ka haruldasemaid haiguse alavorme ning lisaks on kirjeldatud mitmeid at\u00fc\u00fcpilisi vorme nt Ankyrin B s\u00fcndroom (endine LQT4), Andersen-Tawil s\u00fcndroom (ATS, endine LQT7) ja Timothy s\u00fcndroom (TS, endine LQT8). Enamasti on LQTS autosoom-dominantse p\u00e4randumismustriga, haruldasem on autosoom-retsessiivne p\u00e4randumisviis (nt Jervell ja Lange-Nielsen s\u00fcndroom).<\/p>\n<p>LQTS alavormi m\u00e4\u00e4ramine p\u00e4riliku pika QT s\u00fcndroomiga patsientidel on v\u00e4ga oluline, kuna sellest s\u00f5ltuvad edasised ravisoovitused ja haiguse prognoos ning ka vajalikud elustiili muutused.<\/p>","protected":false},"excerpt":{"rendered":"<p>Pika QT s\u00fcndroomiga seotud geenide sekveneerimine Genes: AKAP9, ANK2, CACNA1C, CALM1, CAV3, KCNE1, KCNE2, KCNH2, KCNJ2, KCNJ5, KCNQ1, SCN5A, SCN4B, SNTA1 Metoodika: Kodeeriva piirkonna sekveneerimine (NGS). Koopiaarvu muutuste bioinformaatiline anal\u00fc\u00fcs (CNV). CNV leidude kinnitamine teise meetodiga toimub lisaanal\u00fc\u00fcsina, vastavalt hinnakirjale. Testi valmimisaeg: 6-9 n\u00e4dalat N\u00f5uded proovi-materjalile: 2-4 ml t\u00e4isverd antikoagulandiga EDTA (lilla korgiga katsuti) 1 [&hellip;]<\/p>\n","protected":false},"author":2,"featured_media":0,"parent":14537,"menu_order":0,"comment_status":"closed","ping_status":"closed","template":"","meta":{"_monsterinsights_skip_tracking":false,"_monsterinsights_sitenote_active":false,"_monsterinsights_sitenote_note":"","_monsterinsights_sitenote_category":0,"footnotes":""},"class_list":["post-14540","page","type-page","status-publish","hentry"],"aioseo_notices":[],"_links":{"self":[{"href":"https:\/\/www.asperbio.com\/et\/wp-json\/wp\/v2\/pages\/14540","targetHints":{"allow":["GET"]}}],"collection":[{"href":"https:\/\/www.asperbio.com\/et\/wp-json\/wp\/v2\/pages"}],"about":[{"href":"https:\/\/www.asperbio.com\/et\/wp-json\/wp\/v2\/types\/page"}],"author":[{"embeddable":true,"href":"https:\/\/www.asperbio.com\/et\/wp-json\/wp\/v2\/users\/2"}],"replies":[{"embeddable":true,"href":"https:\/\/www.asperbio.com\/et\/wp-json\/wp\/v2\/comments?post=14540"}],"version-history":[{"count":3,"href":"https:\/\/www.asperbio.com\/et\/wp-json\/wp\/v2\/pages\/14540\/revisions"}],"predecessor-version":[{"id":27416,"href":"https:\/\/www.asperbio.com\/et\/wp-json\/wp\/v2\/pages\/14540\/revisions\/27416"}],"up":[{"embeddable":true,"href":"https:\/\/www.asperbio.com\/et\/wp-json\/wp\/v2\/pages\/14537"}],"wp:attachment":[{"href":"https:\/\/www.asperbio.com\/et\/wp-json\/wp\/v2\/media?parent=14540"}],"curies":[{"name":"wp","href":"https:\/\/api.w.org\/{rel}","templated":true}]}}