{"id":14537,"date":"2016-02-04T14:36:08","date_gmt":"2016-02-04T14:36:08","guid":{"rendered":"http:\/\/www.asperbio.com\/?page_id=14537"},"modified":"2024-06-06T19:10:40","modified_gmt":"2024-06-06T16:10:40","slug":"asper-cardiogenetics-testid","status":"publish","type":"page","link":"https:\/\/www.asperbio.com\/et\/asper-cardiogenetics-testid\/","title":{"rendered":"Asper Cardiogenetics testid"},"content":{"rendered":"<h1 style=\"padding-left: 5px;\"><span style=\"color: #a34c95;\">Asper Cardiogenetics<\/span><\/h1>\n<div class=\"sm_post_content\" style=\"background: url('https:\/\/www.asperbio.com\/wp-content\/uploads\/Cardio-01.png') repeat-y; padding-left: 40px;\">\n<h4><strong><a title=\"Apolipoproteiin C2 puudulikkus\" href=\"https:\/\/www.asperbio.com\/et\/asper-cardiogenetics-testid\/apolipoproteiin-c2-puudulikkus\/\">Apolipoproteiin C2 puudulikkus<\/a><\/strong><br \/>\n<strong><a title=\"Ar\u00fctmia\" href=\"https:\/\/www.asperbio.com\/et\/asper-cardiogenetics-testid\/arutmia\/\">Ar\u00fctmia<\/a>\u00a0<\/strong><br \/>\n<strong><a title=\"Ar\u00fctmogeenne parema vatsakese d\u00fcsplaasia\/kardiom\u00fcopaatia\" href=\"https:\/\/www.asperbio.com\/et\/asper-cardiogenetics-testid\/arutmogeenne-parema-vatsakese-dusplaasiakardiomuopaatia\/\">Ar\u00fctmogeenne parema vatsakese d\u00fcsplaasia\/kardiom\u00fcopaatia <\/a><\/strong><br \/>\n<strong><a title=\"Brugada s\u00fcndroom\" href=\"https:\/\/www.asperbio.com\/et\/asper-cardiogenetics-testid\/brugada-sundroom\">Brugada s\u00fcndroom<\/a> <span style=\"color: #a34c95;\">UUENDATUD<\/span><\/strong><br \/>\n<strong><a title=\"Dilateeruv kardiom\u00fcopaatia\" href=\"https:\/\/www.asperbio.com\/et\/asper-cardiogenetics-testid\/dilateeruv-kardiomuopaatia\/\">Dilateeruv kardiom\u00fcopaatia<\/a>\u00a0<\/strong><br \/>\n<strong><a title=\"Ehlers-Danlos s\u00fcndroom\" href=\"https:\/\/www.asperbio.com\/et\/asper-cardiogenetics-testid\/ehlers-danlos-sundroomiga-seotud-geenide-sekveneerimine\/\">Ehlers-Danlos s\u00fcndroom<\/a> <\/strong><br \/>\n<strong><a title=\"H\u00fcperlipoproteineemia, t\u00fc\u00fcp III\" href=\"https:\/\/www.asperbio.com\/et\/asper-cardiogenetics-testid\/huperlipoproteineemia-tuup-iii\/\">H\u00fcperlipoproteineemia, t\u00fc\u00fcp III<\/a><\/strong><br \/>\n<strong><a title=\"H\u00fcperlipoproteineemia, t\u00fc\u00fcp V\" href=\"https:\/\/www.asperbio.com\/et\/asper-cardiogenetics-testid\/huperlipoproteineemia-tuup-v\/\">H\u00fcperlipoproteineemia, t\u00fc\u00fcp V<\/a><\/strong><br \/>\n<strong><a title=\"H\u00fcpertrigl\u00fctserideemia\" href=\"https:\/\/www.asperbio.com\/et\/asper-cardiogenetics-testid\/hupertriglutserideemia\/\">H\u00fcpertrigl\u00fctserideemia<\/a><\/strong><br \/>\n<strong><a title=\"H\u00fcpertroofiline kardiom\u00fcopaatia\" href=\"https:\/\/www.asperbio.com\/et\/asper-cardiogenetics-testid\/hupertroofiline-kardiomuopaatia\/\">H\u00fcpertroofiline kardiom\u00fcopaatia<\/a><\/strong><br \/>\n<strong><a title=\"Katehhoolaminergiline pol\u00fcmorfne ventrikulaarne tahh\u00fckardia\" href=\"https:\/\/www.asperbio.com\/et\/asper-cardiogenetics-testid\/katehhoolaminergiline-polumorfne-ventrikulaarne-tahhukardia\/\">Katehhoolaminergiline pol\u00fcmorfne ventrikulaarne tahh\u00fckardia<\/a><\/strong><br \/>\n<strong><a title=\"Letsitiin-kolesterool-ats\u00fc\u00fcltransferaasi vaegus\" href=\"https:\/\/www.asperbio.com\/et\/asper-cardiogenetics-testid\/letsitiin-kolesterool-atsuultransferaasi-vaegus\/\">Letsitiin-kolesterool-ats\u00fc\u00fcltransferaasi vaegus<\/a><\/strong><br \/>\n<strong><a title=\"L\u00fchikese QT s\u00fcndroom\" href=\"https:\/\/www.asperbio.com\/et\/asper-cardiogenetics-testid\/luhikese-qt-sundroom\/\">L\u00fchikese QT s\u00fcndroom<\/a><\/strong><br \/>\n<strong><a title=\"Mitokondriaalsed haigused\" href=\"https:\/\/www.asperbio.com\/et\/asper-cardiogenetics-testid\/mitokondriaalsed-haigused\/\">Mitokondriaalsed haigused<\/a><\/strong><br \/>\n<strong><a title=\"Noonani spektri haigused\/Rasopaatiad\" href=\"https:\/\/www.asperbio.com\/et\/asper-cardiogenetics-testid\/noonani-sundroom\">Noonani spektri haigused\/Rasopaatiad<\/a> <\/strong><span style=\"color: #a34c95;\">UUENDATUD<\/span><br \/>\n<strong><a title=\"Perekondlik aordi aneur\u00fcsm, dissektsioon ja seonduvad s\u00fcndroomid\" href=\"https:\/\/www.asperbio.com\/et\/asper-cardiogenetics-testid\/perekondlik-aordi-aneurusm-dissektsioon-ja-seonduvad-sundroomid\">Perekondlik aordi aneur\u00fcsm, dissektsioon ja seonduvad s\u00fcndroomid<\/a> UUENDATUD<\/strong><br \/>\n<strong><a title=\"Perekondlik h\u00fcperkolesteroleemia\" href=\"https:\/\/www.asperbio.com\/et\/asper-cardiogenetics-testid\/perekondlik-huperkolesteroleemia\">Perekondlik h\u00fcperkolesteroleemia<\/a><\/strong><br \/>\n<strong><a title=\"Perekondlik lipoproteiini lipaasi vaegus\" href=\"https:\/\/www.asperbio.com\/et\/asper-cardiogenetics-testid\/perekondlik-lipoproteiini-lipaasi-vaegus\/\">Perekondlik lipoproteiini lipaasi vaegus<\/a><\/strong><br \/>\n<strong><a title=\"Pika QT s\u00fcndroom\" href=\"https:\/\/www.asperbio.com\/et\/asper-cardiogenetics-testid\/pika-qt-sundroom\">Pika QT s\u00fcndroom<\/a><\/strong><br \/>\n<strong><a title=\"P\u00e4rilik hemorraagiline teleangiektaasia\" href=\"https:\/\/www.asperbio.com\/et\/asper-cardiogenetics-testid\/pariliku-hemorraagilise-teleangiektaasiaga-seotud-geenide-sekveneerimine\/\">P\u00e4rilik hemorraagiline teleangiektaasia<\/a><\/strong><br \/>\n<strong><a title=\"Pulmonaalh\u00fcpertensioon\" href=\"https:\/\/www.asperbio.com\/et\/asper-cardiogenetics-testid\/pulmonaalhupertensioon\/\">Pulmonaalh\u00fcpertensioon<\/a><\/strong><br \/>\n<strong><a title=\"Statiin-seoseline m\u00fcopaatia\" href=\"https:\/\/www.asperbio.com\/et\/asper-cardiogenetics-testid\/statiinist-tingitud-muopaatia\">Statiin-seoseline m\u00fcopaatia<\/a><\/strong><br \/>\n<strong><a title=\"Tangieri haigus\" href=\"https:\/\/www.asperbio.com\/et\/asper-cardiogenetics-testid\/tangieri-haigus\/\">Tangieri haigus<\/a><\/strong><br \/>\n<strong><a title=\"Trombofiilia\" href=\"https:\/\/www.asperbio.com\/et\/asper-cardiogenetics-testid\/venoosne-trombemboolia\">Trombofiilia<\/a><\/strong><br \/>\n<strong><a title=\"Vasaku vatsakese mitte-kompaktne kardiom\u00fcopaatia\" href=\"https:\/\/www.asperbio.com\/et\/asper-cardiogenetics-testid\/vasaku-vatsakese-mitte-kompaktse-kardiomuopaatiaga-seotud-geenide-sekveneerimine\/\">Vasaku vatsakese mitte-kompaktne kardiom\u00fcopaatia<\/a><\/strong><br \/>\n<strong><a title=\"Eksoomi sekveneerimine\" href=\"https:\/\/www.asperbio.com\/et\/asper-cardiogenetics-testid\/eksoomi-sekveneerimine\">Eksoomi sekveneerimine<\/a><\/strong><\/h4>\n<\/div>\n<p>Asper Cardiogenetics portfell sisaldab erinevaid geeniteste kardiovaskulaarsete haiguste nagu pika QT s\u00fcndroomi, Marfani s\u00fcndroomi, Noonani s\u00fcndroomi m\u00e4\u00e4ramiseks ja teatud ravimite\u00a0k\u00f5rvaltoimete\u00a0ennustamiseks.<\/p>\n<p>P\u00e4rilike s\u00fcdamehaiguste geneetiliste p\u00f5hjuste tuvastamine on v\u00e4ga oluline kliinilise diagnoosi kinnitamiseks, sarnaste haiguste diferentsiaaldiagnostikaks ja perekonnaliikmete haigusriski hindamiseks. Lisaks pakume prenataalset uuringut rasedatele, kui eelnevates uuringutes on tuvastatud\u00a0perekondlik haigusseoseline mutatsioon.<\/p>\n<p>Geenitestide \u00a0tegemiseks\u00a0kasutame erinevaid molekulaargeneetilisi meetodeid nagu DNA sekveneerimine, sealhulgas\u00a0Sanger sekveneerimine ja\u00a0teise p\u00f5lvkonna sekveneerimine Illumina tehnoloogiaga (<em>Next Generation Sequencing<\/em>, NGS) ja DNA restriktsioonanal\u00fc\u00fcs (RFLP).\u00a0NGS-tehnoloogia v\u00f5imaldab operatiivseid\u00a0ja personaalseid geenitestide erilahendusi vastavalt patsiendi spetsiifilistele vajadustele.<\/p>","protected":false},"excerpt":{"rendered":"<p>Asper Cardiogenetics Apolipoproteiin C2 puudulikkus Ar\u00fctmia\u00a0 Ar\u00fctmogeenne parema vatsakese d\u00fcsplaasia\/kardiom\u00fcopaatia Brugada s\u00fcndroom UUENDATUD Dilateeruv kardiom\u00fcopaatia\u00a0 Ehlers-Danlos s\u00fcndroom H\u00fcperlipoproteineemia, t\u00fc\u00fcp III H\u00fcperlipoproteineemia, t\u00fc\u00fcp V H\u00fcpertrigl\u00fctserideemia H\u00fcpertroofiline kardiom\u00fcopaatia Katehhoolaminergiline pol\u00fcmorfne ventrikulaarne tahh\u00fckardia Letsitiin-kolesterool-ats\u00fc\u00fcltransferaasi vaegus L\u00fchikese QT s\u00fcndroom Mitokondriaalsed haigused Noonani spektri haigused\/Rasopaatiad UUENDATUD Perekondlik aordi aneur\u00fcsm, dissektsioon ja seonduvad s\u00fcndroomid UUENDATUD Perekondlik h\u00fcperkolesteroleemia Perekondlik lipoproteiini lipaasi vaegus [&hellip;]<\/p>\n","protected":false},"author":2,"featured_media":0,"parent":0,"menu_order":10,"comment_status":"closed","ping_status":"closed","template":"","meta":{"_monsterinsights_skip_tracking":false,"_monsterinsights_sitenote_active":false,"_monsterinsights_sitenote_note":"","_monsterinsights_sitenote_category":0,"footnotes":""},"class_list":["post-14537","page","type-page","status-publish","hentry"],"aioseo_notices":[],"_links":{"self":[{"href":"https:\/\/www.asperbio.com\/et\/wp-json\/wp\/v2\/pages\/14537","targetHints":{"allow":["GET"]}}],"collection":[{"href":"https:\/\/www.asperbio.com\/et\/wp-json\/wp\/v2\/pages"}],"about":[{"href":"https:\/\/www.asperbio.com\/et\/wp-json\/wp\/v2\/types\/page"}],"author":[{"embeddable":true,"href":"https:\/\/www.asperbio.com\/et\/wp-json\/wp\/v2\/users\/2"}],"replies":[{"embeddable":true,"href":"https:\/\/www.asperbio.com\/et\/wp-json\/wp\/v2\/comments?post=14537"}],"version-history":[{"count":3,"href":"https:\/\/www.asperbio.com\/et\/wp-json\/wp\/v2\/pages\/14537\/revisions"}],"predecessor-version":[{"id":29244,"href":"https:\/\/www.asperbio.com\/et\/wp-json\/wp\/v2\/pages\/14537\/revisions\/29244"}],"wp:attachment":[{"href":"https:\/\/www.asperbio.com\/et\/wp-json\/wp\/v2\/media?parent=14537"}],"curies":[{"name":"wp","href":"https:\/\/api.w.org\/{rel}","templated":true}]}}