{"id":14237,"date":"2016-01-27T12:31:28","date_gmt":"2016-01-27T12:31:28","guid":{"rendered":"http:\/\/www.asperbio.com\/?page_id=14237"},"modified":"2020-10-01T11:30:27","modified_gmt":"2020-10-01T08:30:27","slug":"aminoglukosiididest-tingitud-kurtus","status":"publish","type":"page","link":"https:\/\/www.asperbio.com\/et\/asper-otogenetics-testid\/aminoglukosiididest-tingitud-kurtus\/","title":{"rendered":"Aminogl\u00fckosiididest tingitud kurtus"},"content":{"rendered":"<h2 style=\"padding-left: 5px;\"><span style=\"color: #d26566;\">Aminogl\u00fckosiididest tingitud kurtuse mutatsioonanal\u00fc\u00fcs<\/span><span style=\"color: #d26566;\">\u00a0<\/span><\/h2>\n<div class=\"sm_post_content\" style=\"background: url('https:\/\/www.asperbio.com\/wp-content\/uploads\/Oto-01.png') repeat-y; padding-left: 40px;\">\n<table class=\"table no-border no-margin\" border=\"0\" cellspacing=\"0\" cellpadding=\"0\">\n<tbody>\n<tr>\n<td width=\"110\"><strong>Geen:<\/strong><\/td>\n<td><em>MT-RNR1<\/em><\/td>\n<\/tr>\n<\/tbody>\n<\/table>\n<hr style=\"color: #d26566; background-color: #d26566; height: 2px; border: none; width: 100%;\" \/>\n<table class=\"table no-border no-margin\" border=\"0\" cellspacing=\"0\" cellpadding=\"0\">\n<tbody>\n<tr>\n<td width=\"110\"><strong>Marker:<\/strong><\/td>\n<td>m.1555A&gt;G<\/td>\n<\/tr>\n<\/tbody>\n<\/table>\n<hr style=\"color: #d26566; background-color: #d26566; height: 2px; border: none; width: 100%;\" \/>\n<table class=\"table no-border no-margin\" border=\"0\" cellspacing=\"0\" cellpadding=\"0\">\n<tbody>\n<tr>\n<td width=\"110\"><strong>Metoodika:<\/strong><\/td>\n<td>Sanger sekveneerimine<\/td>\n<\/tr>\n<\/tbody>\n<\/table>\n<hr style=\"color: #d26566; background-color: #d26566; height: 2px; border: none; width: 100%;\" \/>\n<table class=\"table no-border no-margin\" border=\"0\" cellspacing=\"0\" cellpadding=\"0\">\n<tbody>\n<tr>\n<td width=\"110\"><strong>Testi valmimisaeg:<\/strong><\/td>\n<td>2-4 n\u00e4dalat<\/td>\n<\/tr>\n<\/tbody>\n<\/table>\n<hr style=\"color: #d26566; background-color: #d26566; height: 2px; border: none; width: 100%;\" \/>\n<table class=\"table no-border no-margin\" border=\"0\" cellspacing=\"0\" cellpadding=\"0\">\n<tbody>\n<tr>\n<td width=\"110\"><strong>N\u00f5uded proovi-materjalile:<\/strong><\/td>\n<td>2-4 ml t\u00e4isverd antikoagulandiga EDTA (lilla korgiga katsuti)<\/p>\n<p>200 ng\u00a0DNA-d elueerituna TE, AE puhvris v\u00f5i steriilses vees, kontsentratsiooniga 100-250 ng\/\u00b5l<br \/>\nDNA saata toatemperatuuril v\u00f5i k\u00fclmutatuna. A260\/A280 suhe peaks olema 1.8-2.0. DNA peab agaroosgeelis olema detekteeritav \u00fche tervikliku b\u00e4ndina.<\/td>\n<\/tr>\n<\/tbody>\n<\/table>\n<hr style=\"color: #d26566; background-color: #d26566; height: 2px; border: none; width: 100%;\" \/>\n<table class=\"table no-border no-margin\" border=\"0\" cellspacing=\"0\" cellpadding=\"0\">\n<tbody>\n<tr>\n<td width=\"110\"><strong>Tellimine:<\/strong><\/td>\n<td>Proovimaterjal saata koos <a href=\"https:\/\/www.asperbio.com\/wp-content\/uploads\/Asper-Otogenetics-saatekiri.doc\"><span style=\"color: #d26566;\"><strong>saatekirjaga<\/strong><\/span><\/a> Asper Biogene laborisse<\/td>\n<\/tr>\n<\/tbody>\n<\/table>\n<hr style=\"color: #d26566; background-color: #d26566; height: 2px; border: none; width: 100%;\" \/>\n<\/div>\n<p><strong>N\u00e4idustused geenitesti tegemiseks:<\/strong><\/p>\n<ol>\n<li>Mittes\u00fcndroomse sensorineuraalse kuulmislangus m\u00e4\u00e4ramine molekulaargeneetilisel tasemel<\/li>\n<li>Defineerimaks\u00a0kuulmislanguse etioloogiat peale\u00a0aminogl\u00fckosiidide ravi<\/li>\n<li>Kandluse m\u00e4\u00e4ramine inimestele, kelle emaliinis on teada kuulmislanguse juhtumeid nii aminogl\u00fckosiidide ravi taustal kui vastava ravi puudumisel<\/li>\n<li>Kandluse m\u00e4\u00e4ramine kui on teada mutatsiooni esinemine perekonnas<\/li>\n<li>Geneetiline n\u00f5ustamine<\/li>\n<\/ol>\n<p><strong>Aminogl\u00fckosiidid<\/strong>\u00a0on\u00a0grupp farmakoloogilisi toimeaineid, mille puhul on t\u00e4heldatud toksilist m\u00f5ju\u00a0kohlea vestibulaarsele s\u00fcsteemile.<\/p>\n<p>Kohlea m\u00fcrgitus v\u00f5ib p\u00e4\u00e4dida sensorineuraalse kuulmislanguse ja d\u00fcsekviliibriumiga. Kuulmislangus on bilateraalne ja \u00a0varieerub raskest s\u00fcgavani,\u00a0ilmnedes m\u00f5nest p\u00e4evast kuni n\u00e4dalani peale aminogl\u00fckosiidide manustamist. Antibiootikumidena m\u00f5juvad aminogl\u00fckosiidid on gentam\u00fctsiin, tobram\u00fctsiin, amikatsiin, kanam\u00fctsiin\u00a0ja\u00a0streptom\u00fctsiin.<\/p>\n<p>Eelsoodumust\u00a0<strong>aminogl\u00fckosiidide<\/strong> poolt p\u00f5hjustatud m\u00fcrgituse saamiseks seostatakse patogeense variandiga\u00a0<strong>MT-RNR1 geenis<\/strong>. Mittes\u00fcndroomne mitokondriaalne kuulmislangus ja kurtus\u00a0on emaliinis p\u00e4ritavad.<\/p>","protected":false},"excerpt":{"rendered":"<p>Aminogl\u00fckosiididest tingitud kurtuse mutatsioonanal\u00fc\u00fcs\u00a0 Geen: MT-RNR1 Marker: m.1555A&gt;G Metoodika: Sanger sekveneerimine Testi valmimisaeg: 2-4 n\u00e4dalat N\u00f5uded proovi-materjalile: 2-4 ml t\u00e4isverd antikoagulandiga EDTA (lilla korgiga katsuti) 200 ng\u00a0DNA-d elueerituna TE, AE puhvris v\u00f5i steriilses vees, kontsentratsiooniga 100-250 ng\/\u00b5l DNA saata toatemperatuuril v\u00f5i k\u00fclmutatuna. A260\/A280 suhe peaks olema 1.8-2.0. DNA peab agaroosgeelis olema detekteeritav \u00fche tervikliku b\u00e4ndina. [&hellip;]<\/p>\n","protected":false},"author":2,"featured_media":0,"parent":14181,"menu_order":0,"comment_status":"closed","ping_status":"closed","template":"","meta":{"_monsterinsights_skip_tracking":false,"_monsterinsights_sitenote_active":false,"_monsterinsights_sitenote_note":"","_monsterinsights_sitenote_category":0,"footnotes":""},"class_list":["post-14237","page","type-page","status-publish","hentry"],"aioseo_notices":[],"_links":{"self":[{"href":"https:\/\/www.asperbio.com\/et\/wp-json\/wp\/v2\/pages\/14237","targetHints":{"allow":["GET"]}}],"collection":[{"href":"https:\/\/www.asperbio.com\/et\/wp-json\/wp\/v2\/pages"}],"about":[{"href":"https:\/\/www.asperbio.com\/et\/wp-json\/wp\/v2\/types\/page"}],"author":[{"embeddable":true,"href":"https:\/\/www.asperbio.com\/et\/wp-json\/wp\/v2\/users\/2"}],"replies":[{"embeddable":true,"href":"https:\/\/www.asperbio.com\/et\/wp-json\/wp\/v2\/comments?post=14237"}],"version-history":[{"count":3,"href":"https:\/\/www.asperbio.com\/et\/wp-json\/wp\/v2\/pages\/14237\/revisions"}],"predecessor-version":[{"id":26129,"href":"https:\/\/www.asperbio.com\/et\/wp-json\/wp\/v2\/pages\/14237\/revisions\/26129"}],"up":[{"embeddable":true,"href":"https:\/\/www.asperbio.com\/et\/wp-json\/wp\/v2\/pages\/14181"}],"wp:attachment":[{"href":"https:\/\/www.asperbio.com\/et\/wp-json\/wp\/v2\/media?parent=14237"}],"curies":[{"name":"wp","href":"https:\/\/api.w.org\/{rel}","templated":true}]}}