{"id":14222,"date":"2016-01-27T10:15:37","date_gmt":"2016-01-27T10:15:37","guid":{"rendered":"http:\/\/www.asperbio.com\/?page_id=14222"},"modified":"2021-06-08T11:24:05","modified_gmt":"2021-06-08T08:24:05","slug":"alporti-sundroom","status":"publish","type":"page","link":"https:\/\/www.asperbio.com\/et\/asper-otogenetics-testid\/alporti-sundroom\/","title":{"rendered":"Alporti s\u00fcndroom"},"content":{"rendered":"<h2 style=\"padding-left: 5px;\"><span style=\"color: #d26566;\">Alporti s\u00fcndroomiga seotud geenide sekveneerimine<\/span><\/h2>\n<div class=\"sm_post_content\" style=\"background: url('https:\/\/www.asperbio.com\/wp-content\/uploads\/Oto-01.png') repeat-y; padding-left: 40px;\">\n<table class=\"table no-border no-margin\" border=\"0\" cellspacing=\"0\" cellpadding=\"0\">\n<tbody>\n<tr>\n<td width=\"110\"><strong>Geenid:<\/strong><\/td>\n<td><em>COL4A3, COL4A4, COL4A5<\/em><\/td>\n<\/tr>\n<\/tbody>\n<\/table>\n<hr style=\"color: #d26566; background-color: #d26566; height: 2px; border: none; width: 100%;\" \/>\n<table class=\"table no-border no-margin\" border=\"0\" cellspacing=\"0\" cellpadding=\"0\">\n<tbody>\n<tr>\n<td width=\"110\"><strong>Metoodika:<\/strong><\/td>\n<td>Kodeeriva piirkonna sekveneerimine (NGS).<br \/>\nKoopiaarvu muutuste bioinformaatiline anal\u00fc\u00fcs (CNV). CNV leidude kinnitamine teise meetodiga toimub lisaanal\u00fc\u00fcsina, vastavalt hinnakirjale.<\/td>\n<\/tr>\n<\/tbody>\n<\/table>\n<hr style=\"color: #d26566; background-color: #d26566; height: 2px; border: none; width: 100%;\" \/>\n<table class=\"table no-border no-margin\" border=\"0\" cellspacing=\"0\" cellpadding=\"0\">\n<tbody>\n<tr>\n<td width=\"110\"><strong>Testi valmimisaeg:<\/strong><\/td>\n<td>6-9 n\u00e4dalat<\/td>\n<\/tr>\n<\/tbody>\n<\/table>\n<hr style=\"color: #d26566; background-color: #d26566; height: 2px; border: none; width: 100%;\" \/>\n<table class=\"table no-border no-margin\" border=\"0\" cellspacing=\"0\" cellpadding=\"0\">\n<tbody>\n<tr>\n<td width=\"110\"><strong>N\u00f5uded proovi-materjalile:<\/strong><\/td>\n<td>2-4 ml t\u00e4isverd antikoagulandiga EDTA (lilla korgiga katsuti)<\/p>\n<p>1\u00a0\u00b5g\u00a0DNA-d elueerituna TE, AE puhvris v\u00f5i steriilses vees, kontsentratsiooniga 100-250 ng\/\u00b5l<br \/>\nDNA saata toatemperatuuril v\u00f5i k\u00fclmutatuna. A260\/A280 suhe peaks olema 1.8-2.0. DNA peab agaroosgeelis olema detekteeritav \u00fche tervikliku b\u00e4ndina.<\/td>\n<\/tr>\n<\/tbody>\n<\/table>\n<hr style=\"color: #d26566; background-color: #d26566; height: 2px; border: none; width: 100%;\" \/>\n<table class=\"table no-border no-margin\" border=\"0\" cellspacing=\"0\" cellpadding=\"0\">\n<tbody>\n<tr>\n<td width=\"110\"><strong>Tellimine:<\/strong><\/td>\n<td>Proovimaterjal saata koos <a href=\"https:\/\/www.asperbio.com\/wp-content\/uploads\/Asper-Otogenetics-saatekiri.doc\"><span style=\"color: #d26566;\"><strong>saatekirjaga<\/strong><\/span><\/a> Asper Biogene laborisse<\/td>\n<\/tr>\n<\/tbody>\n<\/table>\n<hr style=\"color: #d26566; background-color: #d26566; height: 2px; border: none; width: 100%;\" \/>\n<\/div>\n<h2 style=\"padding-left: 5px;\"><span style=\"color: #d26566;\">Deletsioonide\/duplikatsioonide anal\u00fc\u00fcs<\/span><\/h2>\n<div class=\"sm_post_content\" style=\"background: url('https:\/\/www.asperbio.com\/wp-content\/uploads\/Oto-01.png') repeat-y; padding-left: 40px;\">\n<table class=\"table no-border no-margin\" border=\"0\" cellspacing=\"0\" cellpadding=\"0\">\n<tbody>\n<tr>\n<td width=\"110\"><strong>Geenid:<\/strong><\/td>\n<td><em>COL4A5, COL4A6<\/em><\/td>\n<\/tr>\n<\/tbody>\n<\/table>\n<hr style=\"color: #d26566; background-color: #d26566; height: 2px; border: none; width: 100%;\" \/>\n<table class=\"table no-border no-margin\" border=\"0\" cellspacing=\"0\" cellpadding=\"0\">\n<tbody>\n<tr>\n<td width=\"110\"><strong>Metoodika:<\/strong><\/td>\n<td>MLPA<\/td>\n<\/tr>\n<\/tbody>\n<\/table>\n<hr style=\"color: #d26566; background-color: #d26566; height: 2px; border: none; width: 100%;\" \/>\n<table class=\"table no-border no-margin\" border=\"0\" cellspacing=\"0\" cellpadding=\"0\">\n<tbody>\n<tr>\n<td width=\"110\"><strong>Testi valmimisaeg:<\/strong><\/td>\n<td>4-6 n\u00e4dalat<\/td>\n<\/tr>\n<\/tbody>\n<\/table>\n<hr style=\"color: #d26566; background-color: #d26566; height: 2px; border: none; width: 100%;\" \/>\n<table class=\"table no-border no-margin\" border=\"0\" cellspacing=\"0\" cellpadding=\"0\">\n<tbody>\n<tr>\n<td width=\"110\"><strong>N\u00f5uded proovi-materjalile:<\/strong><\/td>\n<td>2-4 ml t\u00e4isverd antikoagulandiga EDTA (lilla korgiga katsuti)<\/p>\n<p>1\u00a0\u00b5g\u00a0DNA-d elueerituna TE, AE puhvris v\u00f5i steriilses vees, kontsentratsiooniga 100-250 ng\/\u00b5l<br \/>\nDNA saata toatemperatuuril v\u00f5i k\u00fclmutatuna. A260\/A280 suhe peaks olema 1.8-2.0. DNA peab agaroosgeelis olema detekteeritav \u00fche tervikliku b\u00e4ndina.<\/td>\n<\/tr>\n<\/tbody>\n<\/table>\n<hr style=\"color: #d26566; background-color: #d26566; height: 2px; border: none; width: 100%;\" \/>\n<table class=\"table no-border no-margin\" border=\"0\" cellspacing=\"0\" cellpadding=\"0\">\n<tbody>\n<tr>\n<td width=\"110\"><strong>Tellimine:<\/strong><\/td>\n<td>Proovimaterjal saata koos <a href=\"https:\/\/www.asperbio.com\/wp-content\/uploads\/Asper-Otogenetics-saatekiri.doc\"><span style=\"color: #d26566;\"><strong>saatekirjaga<\/strong><\/span><\/a> Asper Biogene laborisse<\/td>\n<\/tr>\n<\/tbody>\n<\/table>\n<hr style=\"color: #d26566; background-color: #d26566; height: 2px; border: none; width: 100%;\" \/>\n<\/div>\n<p><strong>N\u00e4idustused geenitesti tegemiseks:<\/strong><\/p>\n<ol>\n<li>Kliinilise diagnoosi kinnitamine<\/li>\n<li><span style=\"line-height: 1.5;\">Perekondliku kandluse m\u00e4\u00e4ramine<\/span><\/li>\n<li>Geneetiline n\u00f5ustamine<\/li>\n<li>S\u00fcnnieelne diagnostika, kui haigusseoseline mutatsioon on teada<\/li>\n<\/ol>\n<p><strong>Alporti s\u00fcndroom<\/strong>\u00a0on s\u00fcndroomne p\u00e4rilik kuulmislangus, mis m\u00f5jutab peale kuulmise veel ka neere ja n\u00e4gemist.\u00a0Haigusele on iseloomulik\u00a0glomerulaarne nefropaatia\u00a0hematuuriaga, mis progresseerub\u00a0l\u00f5ppstaadiumis neerupuudulikkusega. Silma h\u00e4lbed h\u00f5lmavad endas\u00a0<em>anterior lenticonus<\/em>, makulopaatiat, kornea endoteeli haavandeid\u00a0ja sarvkesta korduvat erosiooni. Kuulmislangus areneb j\u00e4rk-j\u00e4rgult ning on m\u00e4rgatav kas vanemas kooliastmes v\u00f5i varases t\u00e4iskasvanueas. S\u00fcndroomi esinemissagedus on hinnanguliselt 1:50 000.<\/p>\n<p>Alporti s\u00fcndroomi p\u00f5hjustavad\u00a0mutatsioonid COL4A3, COL4A4 ja COL4A5 geenides. Haigus p\u00e4randub kas\u00a0<strong>X-liiteliselt<\/strong>, <strong>autosoom retsessiivselt<\/strong>\u00a0v\u00f5i<strong>\u00a0autosoom dominantselt.<\/strong><\/p>","protected":false},"excerpt":{"rendered":"<p>Alporti s\u00fcndroomiga seotud geenide sekveneerimine Geenid: COL4A3, COL4A4, COL4A5 Metoodika: Kodeeriva piirkonna sekveneerimine (NGS). Koopiaarvu muutuste bioinformaatiline anal\u00fc\u00fcs (CNV). CNV leidude kinnitamine teise meetodiga toimub lisaanal\u00fc\u00fcsina, vastavalt hinnakirjale. Testi valmimisaeg: 6-9 n\u00e4dalat N\u00f5uded proovi-materjalile: 2-4 ml t\u00e4isverd antikoagulandiga EDTA (lilla korgiga katsuti) 1\u00a0\u00b5g\u00a0DNA-d elueerituna TE, AE puhvris v\u00f5i steriilses vees, kontsentratsiooniga 100-250 ng\/\u00b5l DNA saata [&hellip;]<\/p>\n","protected":false},"author":2,"featured_media":0,"parent":14181,"menu_order":0,"comment_status":"closed","ping_status":"closed","template":"","meta":{"_monsterinsights_skip_tracking":false,"_monsterinsights_sitenote_active":false,"_monsterinsights_sitenote_note":"","_monsterinsights_sitenote_category":0,"footnotes":""},"class_list":["post-14222","page","type-page","status-publish","hentry"],"aioseo_notices":[],"_links":{"self":[{"href":"https:\/\/www.asperbio.com\/et\/wp-json\/wp\/v2\/pages\/14222","targetHints":{"allow":["GET"]}}],"collection":[{"href":"https:\/\/www.asperbio.com\/et\/wp-json\/wp\/v2\/pages"}],"about":[{"href":"https:\/\/www.asperbio.com\/et\/wp-json\/wp\/v2\/types\/page"}],"author":[{"embeddable":true,"href":"https:\/\/www.asperbio.com\/et\/wp-json\/wp\/v2\/users\/2"}],"replies":[{"embeddable":true,"href":"https:\/\/www.asperbio.com\/et\/wp-json\/wp\/v2\/comments?post=14222"}],"version-history":[{"count":3,"href":"https:\/\/www.asperbio.com\/et\/wp-json\/wp\/v2\/pages\/14222\/revisions"}],"predecessor-version":[{"id":27562,"href":"https:\/\/www.asperbio.com\/et\/wp-json\/wp\/v2\/pages\/14222\/revisions\/27562"}],"up":[{"embeddable":true,"href":"https:\/\/www.asperbio.com\/et\/wp-json\/wp\/v2\/pages\/14181"}],"wp:attachment":[{"href":"https:\/\/www.asperbio.com\/et\/wp-json\/wp\/v2\/media?parent=14222"}],"curies":[{"name":"wp","href":"https:\/\/api.w.org\/{rel}","templated":true}]}}