{"id":14181,"date":"2016-01-25T12:34:17","date_gmt":"2016-01-25T12:34:17","guid":{"rendered":"http:\/\/www.asperbio.com\/?page_id=14181"},"modified":"2023-08-31T12:43:42","modified_gmt":"2023-08-31T09:43:42","slug":"asper-otogenetics-testid","status":"publish","type":"page","link":"https:\/\/www.asperbio.com\/et\/asper-otogenetics-testid\/","title":{"rendered":"Asper Otogenetics testid"},"content":{"rendered":"<h1 style=\"padding-left: 5px;\"><span style=\"color: #d26566;\">Asper Otogenetics\u00a0<\/span><\/h1>\n<div class=\"sm_post_content\" style=\"background: url('https:\/\/www.asperbio.com\/wp-content\/uploads\/Oto-01.png') repeat-y; padding-left: 40px;\">\n<h4><strong><a title=\"Alporti s\u00fcndroom\" href=\"https:\/\/www.asperbio.com\/et\/asper-otogenetics-testid\/alporti-sundroom\">Alporti s\u00fcndroom<\/a><\/strong><br \/>\n<strong> <a title=\"Aminogl\u00fckosiididest tingitud kurtus\" href=\"https:\/\/www.asperbio.com\/et\/asper-otogenetics-testid\/aminoglukosiididest-tingitud-kurtus\">Aminogl\u00fckosiididest tingitud kurtus<\/a><\/strong><br \/>\n<strong> <a title=\"Branchio-oto-renaalne s\u00fcndroom\" href=\"https:\/\/www.asperbio.com\/et\/asper-otogenetics-testid\/branchio-oto-renaalne-sundroom\">Branchio-oto-renaalne s\u00fcndroom<\/a><\/strong><br \/>\n<strong> <a title=\"Jervelli ja Lange-Nielsoni s\u00fcndroom\" href=\"https:\/\/www.asperbio.com\/et\/asper-otogenetics-testid\/jervelli-ja-lange-nielsoni-sundroom\">Jervelli ja Lange-Nielsoni s\u00fcndroom<\/a><\/strong><br \/>\n<strong> <a title=\"Mitokondriaalsed haigused\" href=\"https:\/\/www.asperbio.com\/et\/asper-otogenetics-testid\/mitokondriaalsed-haigused\/\">Mitokondriaalsed haigused<\/a><\/strong><br \/>\n<strong> <a title=\"Pendredi s\u00fcndroom\" href=\"https:\/\/www.asperbio.com\/et\/asper-otogenetics-testid\/pendredi-sundroom\">Pendredi s\u00fcndroom<\/a><\/strong><br \/>\n<strong> <a title=\"Refsumi t\u00f5bi ja Zellwegeri s\u00fcndroom\" href=\"https:\/\/www.asperbio.com\/et\/asper-otogenetics-testid\/refsumi-tobi-ja-zellwegeri-sundroom\">Refsumi t\u00f5bi ja Zellwegeri s\u00fcndroom<\/a><\/strong><br \/>\n<strong> <a title=\"Sensorineuraalne kuulmislangus\" href=\"https:\/\/www.asperbio.com\/et\/asper-otogenetics-testid\/sensorineuraalne-kuulmislangus\">Sensorineuraalne kuulmislangus<\/a> <\/strong><br \/>\n<strong> <a title=\"Stickleri s\u00fcndroom\" href=\"https:\/\/www.asperbio.com\/et\/asper-otogenetics-testid\/stickleri-sundroom\">Stickleri s\u00fcndroom<\/a><\/strong><br \/>\n<strong> <a title=\"Treacher-Collinsi s\u00fcndroom\" href=\"https:\/\/www.asperbio.com\/et\/asper-otogenetics-testid\/treacher-collinsi-sundroom\">Treacher-Collinsi s\u00fcndroom<\/a><\/strong><br \/>\n<strong> <a title=\"Usheri s\u00fcndroom\" href=\"https:\/\/www.asperbio.com\/et\/asper-otogenetics-testid\/usheri-sundroom\">Usheri s\u00fcndroom<\/a><\/strong><br \/>\n<strong> <a title=\"Waardenburgi s\u00fcndroom\" href=\"https:\/\/www.asperbio.com\/et\/asper-otogenetics-testid\/waardenburgi-sundroom\">Waardenburgi s\u00fcndroom<\/a><\/strong><br \/>\n<a title=\"Eksoomi sekveneerimine\" href=\"https:\/\/www.asperbio.com\/et\/asper-otogenetics-testid\/eksoomi-sekveneerimine-oto\"><strong> Eksoomi sekveneerimine<\/strong><\/a><\/h4>\n<\/div>\n<p>Asper Otogenetics portfell sisaldab erinevaid geeniteste nii s\u00fcndroomsete kui mitte-s\u00fcndroomsete kuulmislanguse ja kurtuse p\u00e4rilike vormide\u00a0m\u00e4\u00e4ramiseks.<\/p>\n<p>Kuna selle\u00a0haigustegrupi puhul on diagnoosi\u00a0kinnitamine keeruline suure geneetilise varieeruvuse ja fenot\u00fc\u00fcpide kattumise t\u00f5ttu, oleme v\u00e4ljat\u00f6\u00f6tanud multigeensed uuringupaneelid kuulmislanguse geneetiliste p\u00f5hjuste tuvastamiseks.<\/p>\n<p>Pakume ka \u00fche-geeni uuringuid <em>GJB2<\/em> geeni-seoseliste haiguste, Pendred s\u00fcndroomi ja teiste s\u00fcndroomsete kuulmislanguse vormide\u00a0m\u00e4\u00e4ramiseks.<\/p>\n<p>P\u00e4riliku kuulmislanguse ja kurtuse vormide\u00a0diferentsiaaldiagnostika\u00a0v\u00f5imaldab pakkuda t\u00e4pset geneetilist n\u00f5ustamist ja kordusriskide m\u00e4\u00e4ramist, tagades\u00a0personaalse l\u00e4henemise nii patsientidele kui\u00a0nende pereliikmetele.<\/p>\n<p>Geenitestide \u00a0tegemiseks\u00a0kasutame erinevaid molekulaargeneetilisi meetodeid nagu DNA sekveneerimine, sealhulgas\u00a0Sanger sekveneerimine ja\u00a0teise p\u00f5lvkonna sekveneerimine Illumina tehnoloogiaga (<em>Next Generation Sequencing<\/em>, NGS), Real-Time PCR, DNA l\u00f5ikude\u00a0deletsioonide\/duplikatsioonide anal\u00fc\u00fcsi (MLPA meetod), DNA fragmentanal\u00fc\u00fcs ja DNA restriktsioonanal\u00fc\u00fcs (RFLP).<\/p>\n<p>NGS-tehnoloogia v\u00f5imaldab operatiivseid\u00a0ja personaalseid geenitestide erilahendusi vastavalt patsiendi spetsiifilistele vajadustele.<\/p>","protected":false},"excerpt":{"rendered":"<p>Asper Otogenetics\u00a0 Alporti s\u00fcndroom Aminogl\u00fckosiididest tingitud kurtus Branchio-oto-renaalne s\u00fcndroom Jervelli ja Lange-Nielsoni s\u00fcndroom Mitokondriaalsed haigused Pendredi s\u00fcndroom Refsumi t\u00f5bi ja Zellwegeri s\u00fcndroom Sensorineuraalne kuulmislangus Stickleri s\u00fcndroom Treacher-Collinsi s\u00fcndroom Usheri s\u00fcndroom Waardenburgi s\u00fcndroom Eksoomi sekveneerimine Asper Otogenetics portfell sisaldab erinevaid geeniteste nii s\u00fcndroomsete kui mitte-s\u00fcndroomsete kuulmislanguse ja kurtuse p\u00e4rilike vormide\u00a0m\u00e4\u00e4ramiseks. Kuna selle\u00a0haigustegrupi puhul on diagnoosi\u00a0kinnitamine keeruline [&hellip;]<\/p>\n","protected":false},"author":2,"featured_media":0,"parent":0,"menu_order":14,"comment_status":"closed","ping_status":"closed","template":"","meta":{"_monsterinsights_skip_tracking":false,"_monsterinsights_sitenote_active":false,"_monsterinsights_sitenote_note":"","_monsterinsights_sitenote_category":0,"footnotes":""},"class_list":["post-14181","page","type-page","status-publish","hentry"],"aioseo_notices":[],"_links":{"self":[{"href":"https:\/\/www.asperbio.com\/et\/wp-json\/wp\/v2\/pages\/14181","targetHints":{"allow":["GET"]}}],"collection":[{"href":"https:\/\/www.asperbio.com\/et\/wp-json\/wp\/v2\/pages"}],"about":[{"href":"https:\/\/www.asperbio.com\/et\/wp-json\/wp\/v2\/types\/page"}],"author":[{"embeddable":true,"href":"https:\/\/www.asperbio.com\/et\/wp-json\/wp\/v2\/users\/2"}],"replies":[{"embeddable":true,"href":"https:\/\/www.asperbio.com\/et\/wp-json\/wp\/v2\/comments?post=14181"}],"version-history":[{"count":3,"href":"https:\/\/www.asperbio.com\/et\/wp-json\/wp\/v2\/pages\/14181\/revisions"}],"predecessor-version":[{"id":29027,"href":"https:\/\/www.asperbio.com\/et\/wp-json\/wp\/v2\/pages\/14181\/revisions\/29027"}],"wp:attachment":[{"href":"https:\/\/www.asperbio.com\/et\/wp-json\/wp\/v2\/media?parent=14181"}],"curies":[{"name":"wp","href":"https:\/\/api.w.org\/{rel}","templated":true}]}}