{"id":13684,"date":"2016-01-07T14:50:41","date_gmt":"2016-01-07T14:50:41","guid":{"rendered":"http:\/\/www.asperbio.com\/?page_id=13684"},"modified":"2018-03-26T14:26:21","modified_gmt":"2018-03-26T11:26:21","slug":"maternit21-plus-ja-visibilit-sunnieelsete-testide-tellimine","status":"publish","type":"page","link":"https:\/\/www.asperbio.com\/et\/asper-reprogenetics-testid-2\/mitteinvasiivne-sunnieelne-testimine\/maternit21-plus-ja-visibilit-sunnieelsete-testide-tellimine\/","title":{"rendered":"MaterniT21 PLUS ja VisibiliT s\u00fcnnieelsete testide tellimine"},"content":{"rendered":"<h2 style=\"padding-left: 5px;\"><span style=\"color: #e63458;\">MaterniT21 PLUS ja VisibiliT s\u00fcnnieelsete testide tellimine<\/span><\/h2>\n<div class=\"sm_post_content\" style=\"background: url('https:\/\/www.asperbio.com\/wp-content\/uploads\/t-roosa.png') repeat-y; padding-left: 40px;\">\n<p class=\"p1\"><b>MaterniT21&#x2122; PLUS<\/b>\u00a0ja\u00a0<b>VisibiliT&#x2122; <\/b>testide tellimiseks on vajalik registreeruda geneetiku vastuv\u00f5tule v\u00f5i p\u00f6\u00f6rduda kliinikutesse <span style=\"color: #0000ff;\"><span class=\"s1\" style=\"color: #0000ff;\"><a style=\"color: #0000ff;\" href=\"http:\/\/www.fertilitas.ee\/\" target=\"_blank\" rel=\"noopener\">Fertilitas<\/a>,\u00a0<\/span><\/span><span style=\"color: #0000ff;\"><span class=\"s1\" style=\"color: #0000ff;\"><a style=\"color: #0000ff;\" href=\"http:\/\/www.novavita.ee\/\" target=\"_blank\" rel=\"noopener\">Nova Vita<\/a><\/span><\/span> v\u00f5i <a href=\"http:\/\/www.medita.ee\">Medita<\/a>.<\/p>\n<table style=\"height: 30px;\" width=\"278\" cellspacing=\"0\" cellpadding=\"8\">\n<tbody>\n<tr>\n<td style=\"text-align: left;\"><strong>MaterniT21&#x2122; PLUS<\/strong> hind<\/td>\n<td style=\"text-align: right;\">793 EUR<\/td>\n<\/tr>\n<tr>\n<td style=\"text-align: left;\"><strong>VisibiliT&#x2122;<\/strong> hind<\/td>\n<td style=\"text-align: right;\">542 EUR<\/td>\n<\/tr>\n<\/tbody>\n<\/table>\n<p>&nbsp;<\/p>\n<p>Testi eest saab tasuda panga\u00fclekandega\u00a0AS Asper Biotech pangakontole\u00a0EE342200221011023392.<br \/>\nSelgitusse m\u00e4rkida patsiendi nimi, testi nimetus.<\/p>\n<p class=\"p3\">K\u00fcsimuste tekkimisel v\u00f5tke \u00fchendust telefonil 7307295 v\u00f5i e-maili teel <span style=\"color: #0000ff;\"><a style=\"color: #0000ff;\" href=\"mailto:info[at]asperbio.com\">info[at]asperbio.com<\/a><\/span><\/p>\n<\/div>","protected":false},"excerpt":{"rendered":"<p>MaterniT21 PLUS ja VisibiliT s\u00fcnnieelsete testide tellimine MaterniT21&#x2122; PLUS\u00a0ja\u00a0VisibiliT&#x2122; testide tellimiseks on vajalik registreeruda geneetiku vastuv\u00f5tule v\u00f5i p\u00f6\u00f6rduda kliinikutesse Fertilitas,\u00a0Nova Vita v\u00f5i Medita. MaterniT21&#x2122; PLUS hind 793 EUR VisibiliT&#x2122; hind 542 EUR &nbsp; Testi eest saab tasuda panga\u00fclekandega\u00a0AS Asper Biotech pangakontole\u00a0EE342200221011023392. Selgitusse m\u00e4rkida patsiendi nimi, testi nimetus. K\u00fcsimuste tekkimisel v\u00f5tke \u00fchendust telefonil 7307295 v\u00f5i e-maili [&hellip;]<\/p>\n","protected":false},"author":2,"featured_media":0,"parent":13674,"menu_order":0,"comment_status":"closed","ping_status":"closed","template":"","meta":{"_monsterinsights_skip_tracking":false,"_monsterinsights_sitenote_active":false,"_monsterinsights_sitenote_note":"","_monsterinsights_sitenote_category":0,"footnotes":""},"class_list":["post-13684","page","type-page","status-publish","hentry"],"aioseo_notices":[],"_links":{"self":[{"href":"https:\/\/www.asperbio.com\/et\/wp-json\/wp\/v2\/pages\/13684","targetHints":{"allow":["GET"]}}],"collection":[{"href":"https:\/\/www.asperbio.com\/et\/wp-json\/wp\/v2\/pages"}],"about":[{"href":"https:\/\/www.asperbio.com\/et\/wp-json\/wp\/v2\/types\/page"}],"author":[{"embeddable":true,"href":"https:\/\/www.asperbio.com\/et\/wp-json\/wp\/v2\/users\/2"}],"replies":[{"embeddable":true,"href":"https:\/\/www.asperbio.com\/et\/wp-json\/wp\/v2\/comments?post=13684"}],"version-history":[{"count":3,"href":"https:\/\/www.asperbio.com\/et\/wp-json\/wp\/v2\/pages\/13684\/revisions"}],"predecessor-version":[{"id":21844,"href":"https:\/\/www.asperbio.com\/et\/wp-json\/wp\/v2\/pages\/13684\/revisions\/21844"}],"up":[{"embeddable":true,"href":"https:\/\/www.asperbio.com\/et\/wp-json\/wp\/v2\/pages\/13674"}],"wp:attachment":[{"href":"https:\/\/www.asperbio.com\/et\/wp-json\/wp\/v2\/media?parent=13684"}],"curies":[{"name":"wp","href":"https:\/\/api.w.org\/{rel}","templated":true}]}}