{"id":13630,"date":"2016-01-07T10:41:23","date_gmt":"2016-01-07T10:41:23","guid":{"rendered":"http:\/\/www.asperbio.com\/?page_id=13630"},"modified":"2016-12-29T11:21:51","modified_gmt":"2016-12-29T11:21:51","slug":"fgfr2-geeni-mutatsioonid","status":"publish","type":"page","link":"https:\/\/www.asperbio.com\/et\/asper-reprogenetics-testid-2\/fgfr2-geeni-mutatsioonid\/","title":{"rendered":"FGFR2 geeni mutatsioonid"},"content":{"rendered":"<h2 style=\"padding-left: 5px;\"><span style=\"color: #e63458;\"><em>FGFR2<\/em> geeni mutatsioonid<\/span><\/h2>\n<div class=\"sm_post_content\" style=\"background: url('https:\/\/www.asperbio.com\/wp-content\/uploads\/t-roosa.png') repeat-y; padding-left: 40px;\">\n<p><strong><em>FGFR2<\/em> geeni mutatsioone\u00a0<\/strong>seostatakse haigustega nagu Crouzoni s\u00fcndroom, Pfeifferi s\u00fcndroom, kranios\u00fcnostoos, Jackson-Weissi s\u00fcndroom, Beare-Stevensoni s\u00fcndroom, Aperti s\u00fcndroom v\u00f5i Saethre-Chotzeni s\u00fcndroom.<\/p>\n<p>Fibroblasti kasvufaktorid (FGF) on seotud erinevate protsesside, muuhulgas angiogeneesi, rakkude kasvu ja jagunemise ning loote arengu reguleerimisega. FGF-id seonduvad fibroblasti kasvufaktorite retseptoritega (FGFR) raku pinnal, mis viib erinevate signaalradade aktiveerimiseni. Mitmeid muutusi <em>FGFR<\/em> geenides on seostatud erinevate\u00a0 luuliste haigustega.<\/p>\n<p>Retseptorit FGFR2 on samuti seostatud erinevate protsesside reguleerimisega ning muutused seda kodeerivas geenis p\u00f5hjustavad erinevaid v\u00e4\u00e4rarenguid ja haigusi.<\/p>\n<p>&nbsp;<\/p>\n<p><strong>N\u00e4idustused geenitesti tegemiseks:<\/strong><\/p>\n<ol>\n<li>Kliinilise diagnoosi kinnitamine<\/li>\n<li>Geneetiline n\u00f5ustamine<\/li>\n<li>S\u00fcnnieelne diagnostika<\/li>\n<li>Esimese trimestri suurenenud kuklavoldi (NT) ja\/v\u00f5i skeleti anomaaliate puhul esimesel v\u00f5i teisel trimestril<\/li>\n<\/ol>\n<p>&nbsp;<\/p>\n<hr style=\"color: #e63458; background-color: #e63458; height: 2px; border: none; width: 100%;\" \/>\n<h3><span style=\"color: #e63458;\"><a style=\"color: #e63458;\" title=\"FGFR2 geeni sekveneerimise tellimisinfo\" href=\"https:\/\/www.asperbio.com\/et\/asper-reprogenetics-testid-2\/fgfr2-geeni-mutatsioonid\/fgfr2-geeni-sekveneerimine\">&gt; <em>FGFR2<\/em> geeni sekveneerimise tellimisinfo<\/a><\/span><\/h3>\n<hr style=\"color: #e63458; background-color: #e63458; height: 2px; border: none; width: 100%;\" \/>\n<\/div>","protected":false},"excerpt":{"rendered":"<p>FGFR2 geeni mutatsioonid FGFR2 geeni mutatsioone\u00a0seostatakse haigustega nagu Crouzoni s\u00fcndroom, Pfeifferi s\u00fcndroom, kranios\u00fcnostoos, Jackson-Weissi s\u00fcndroom, Beare-Stevensoni s\u00fcndroom, Aperti s\u00fcndroom v\u00f5i Saethre-Chotzeni s\u00fcndroom. Fibroblasti kasvufaktorid (FGF) on seotud erinevate protsesside, muuhulgas angiogeneesi, rakkude kasvu ja jagunemise ning loote arengu reguleerimisega. FGF-id seonduvad fibroblasti kasvufaktorite retseptoritega (FGFR) raku pinnal, mis viib erinevate signaalradade aktiveerimiseni. Mitmeid muutusi FGFR [&hellip;]<\/p>\n","protected":false},"author":2,"featured_media":0,"parent":11436,"menu_order":0,"comment_status":"closed","ping_status":"closed","template":"","meta":{"_monsterinsights_skip_tracking":false,"_monsterinsights_sitenote_active":false,"_monsterinsights_sitenote_note":"","_monsterinsights_sitenote_category":0,"footnotes":""},"class_list":["post-13630","page","type-page","status-publish","hentry"],"aioseo_notices":[],"_links":{"self":[{"href":"https:\/\/www.asperbio.com\/et\/wp-json\/wp\/v2\/pages\/13630","targetHints":{"allow":["GET"]}}],"collection":[{"href":"https:\/\/www.asperbio.com\/et\/wp-json\/wp\/v2\/pages"}],"about":[{"href":"https:\/\/www.asperbio.com\/et\/wp-json\/wp\/v2\/types\/page"}],"author":[{"embeddable":true,"href":"https:\/\/www.asperbio.com\/et\/wp-json\/wp\/v2\/users\/2"}],"replies":[{"embeddable":true,"href":"https:\/\/www.asperbio.com\/et\/wp-json\/wp\/v2\/comments?post=13630"}],"version-history":[{"count":3,"href":"https:\/\/www.asperbio.com\/et\/wp-json\/wp\/v2\/pages\/13630\/revisions"}],"predecessor-version":[{"id":18206,"href":"https:\/\/www.asperbio.com\/et\/wp-json\/wp\/v2\/pages\/13630\/revisions\/18206"}],"up":[{"embeddable":true,"href":"https:\/\/www.asperbio.com\/et\/wp-json\/wp\/v2\/pages\/11436"}],"wp:attachment":[{"href":"https:\/\/www.asperbio.com\/et\/wp-json\/wp\/v2\/media?parent=13630"}],"curies":[{"name":"wp","href":"https:\/\/api.w.org\/{rel}","templated":true}]}}